{"id":20940,"date":"2022-12-09T15:57:25","date_gmt":"2022-12-09T13:57:25","guid":{"rendered":"https:\/\/vinilozona.lt\/?post_type=product&#038;p=20940"},"modified":"2025-06-08T12:53:22","modified_gmt":"2025-06-08T09:53:22","slug":"green-day-bbc-sessions","status":"publish","type":"product","link":"https:\/\/vinilozona.lt\/en\/parduotuve\/naujos-lp\/green-day-bbc-sessions\/","title":{"rendered":"Green Day \u2013 BBC Sessions"},"content":{"rendered":"<p>June 8, 1994<br \/>\nA1\t\tShe\t2:12<br \/>\nA2\t\tWhen I Come Around\t2:53<br \/>\nA3\t\tBasket Case\t2:57<br \/>\nA4\t\t2000 Light Years Away 2:36<br \/>\nNovember 3, 1996<br \/>\nB1\t\tGeek Stink Breath\t2:06<br \/>\nB2\t\tBrain Stew\/Jaded\t4:33<br \/>\nB3\t\tWalking Contradiction\t2:34<br \/>\nB4\t\tStuck With Me\t2:17<br \/>\nFebruary 2, 1998<br \/>\nC1\t\tHitchin&#8217; A Ride\t2:50<br \/>\nC2\t\tNice Guys Finish Last\t2:56<br \/>\nC3\t\tProsthetic Head\t3:21<br \/>\nC4\t\tRedundant\t3:17<br \/>\nAugust 28, 2001<br \/>\nD1\t\tCastaway\t3:49<br \/>\nD2\t\tChurch On Sunday\t3:14<br \/>\nD3\t\tMinority\t3:17<br \/>\nD4\t\tWaiting\t3:19<\/p>","protected":false},"excerpt":{"rendered":"<p>Reprise Records \u2013 093624881278<br \/>\nFormat:<br \/>\n2 x Vinyl, LP, Album, Gatefold<br \/>\nCountry:\tEU<br \/>\nReleased:\tDec 10, 2021<\/p>","protected":false},"featured_media":20941,"template":"","meta":[],"product_cat":[23],"product_tag":[74],"yoast_head":"<!-- This site is optimized with the Yoast SEO plugin v23.5 - https:\/\/yoast.com\/wordpress\/plugins\/seo\/ -->\n<title>Green Day \u2013 BBC Sessions Vinilin\u0117 Plok\u0161tel\u0117 | Vinilozona.lt<\/title>\n<meta name=\"robots\" content=\"index, follow, max-snippet:-1, max-image-preview:large, max-video-preview:-1\" \/>\n<link rel=\"canonical\" href=\"https:\/\/vinilozona.lt\/en\/parduotuve\/naujos-lp\/green-day-bbc-sessions\/\" \/>\n<meta property=\"og:locale\" content=\"en_GB\" \/>\n<meta property=\"og:type\" content=\"article\" \/>\n<meta property=\"og:title\" content=\"Green Day \u2013 BBC Sessions Vinilin\u0117 Plok\u0161tel\u0117 | Vinilozona.lt\" \/>\n<meta property=\"og:description\" content=\"Reprise Records \u2013 093624881278 Format:  2 x Vinyl, LP, Album, Gatefold Country: EU Released: Dec 10, 2021\" \/>\n<meta property=\"og:url\" content=\"https:\/\/vinilozona.lt\/en\/parduotuve\/naujos-lp\/green-day-bbc-sessions\/\" \/>\n<meta property=\"og:site_name\" content=\"Vinilo Zona\" \/>\n<meta property=\"article:modified_time\" content=\"2025-06-08T09:53:22+00:00\" \/>\n<meta property=\"og:image\" content=\"https:\/\/vinilozona.lt\/wp-content\/uploads\/2022\/12\/R-21507820-1644096579-4871.jpg\" \/>\n\t<meta property=\"og:image:width\" content=\"600\" \/>\n\t<meta property=\"og:image:height\" content=\"590\" \/>\n\t<meta property=\"og:image:type\" content=\"image\/jpeg\" \/>\n<meta name=\"twitter:card\" content=\"summary_large_image\" \/>\n<script type=\"application\/ld+json\" class=\"yoast-schema-graph\">{\"@context\":\"https:\/\/schema.org\",\"@graph\":[{\"@type\":\"WebPage\",\"@id\":\"https:\/\/vinilozona.lt\/parduotuve\/naujos-lp\/green-day-bbc-sessions\/\",\"url\":\"https:\/\/vinilozona.lt\/parduotuve\/naujos-lp\/green-day-bbc-sessions\/\",\"name\":\"Green Day \u2013 BBC Sessions Vinilin\u0117 Plok\u0161tel\u0117 | Vinilozona.lt\",\"isPartOf\":{\"@id\":\"https:\/\/vinilozona.lt\/#website\"},\"primaryImageOfPage\":{\"@id\":\"https:\/\/vinilozona.lt\/parduotuve\/naujos-lp\/green-day-bbc-sessions\/#primaryimage\"},\"image\":{\"@id\":\"https:\/\/vinilozona.lt\/parduotuve\/naujos-lp\/green-day-bbc-sessions\/#primaryimage\"},\"thumbnailUrl\":\"https:\/\/vinilozona.lt\/wp-content\/uploads\/2022\/12\/R-21507820-1644096579-4871.jpg\",\"datePublished\":\"2022-12-09T13:57:25+00:00\",\"dateModified\":\"2025-06-08T09:53:22+00:00\",\"breadcrumb\":{\"@id\":\"https:\/\/vinilozona.lt\/parduotuve\/naujos-lp\/green-day-bbc-sessions\/#breadcrumb\"},\"inLanguage\":\"en-GB\",\"potentialAction\":[{\"@type\":\"ReadAction\",\"target\":[\"https:\/\/vinilozona.lt\/parduotuve\/naujos-lp\/green-day-bbc-sessions\/\"]}]},{\"@type\":\"ImageObject\",\"inLanguage\":\"en-GB\",\"@id\":\"https:\/\/vinilozona.lt\/parduotuve\/naujos-lp\/green-day-bbc-sessions\/#primaryimage\",\"url\":\"https:\/\/vinilozona.lt\/wp-content\/uploads\/2022\/12\/R-21507820-1644096579-4871.jpg\",\"contentUrl\":\"https:\/\/vinilozona.lt\/wp-content\/uploads\/2022\/12\/R-21507820-1644096579-4871.jpg\",\"width\":600,\"height\":590},{\"@type\":\"BreadcrumbList\",\"@id\":\"https:\/\/vinilozona.lt\/parduotuve\/naujos-lp\/green-day-bbc-sessions\/#breadcrumb\",\"itemListElement\":[{\"@type\":\"ListItem\",\"position\":1,\"name\":\"Home\",\"item\":\"https:\/\/vinilozona.lt\/\"},{\"@type\":\"ListItem\",\"position\":2,\"name\":\"Parduotuv\u0117\",\"item\":\"https:\/\/vinilozona.lt\/parduotuve\/\"},{\"@type\":\"ListItem\",\"position\":3,\"name\":\"Green Day \u2013 BBC Sessions\"}]},{\"@type\":\"WebSite\",\"@id\":\"https:\/\/vinilozona.lt\/#website\",\"url\":\"https:\/\/vinilozona.lt\/\",\"name\":\"Vinilo Zona\",\"description\":\"Nup\u016bsk dulkes ir klausyk LP\",\"potentialAction\":[{\"@type\":\"SearchAction\",\"target\":{\"@type\":\"EntryPoint\",\"urlTemplate\":\"https:\/\/vinilozona.lt\/?s={search_term_string}\"},\"query-input\":{\"@type\":\"PropertyValueSpecification\",\"valueRequired\":true,\"valueName\":\"search_term_string\"}}],\"inLanguage\":\"en-GB\"}]}<\/script>\n<!-- \/ Yoast SEO plugin. -->","yoast_head_json":{"title":"Green Day \u2013 BBC Sessions Vinilin\u0117 Plok\u0161tel\u0117 | Vinilozona.lt","robots":{"index":"index","follow":"follow","max-snippet":"max-snippet:-1","max-image-preview":"max-image-preview:large","max-video-preview":"max-video-preview:-1"},"canonical":"https:\/\/vinilozona.lt\/en\/parduotuve\/naujos-lp\/green-day-bbc-sessions\/","og_locale":"en_GB","og_type":"article","og_title":"Green Day \u2013 BBC Sessions Vinilin\u0117 Plok\u0161tel\u0117 | Vinilozona.lt","og_description":"Reprise Records \u2013 093624881278 Format:  2 x Vinyl, LP, Album, Gatefold Country: EU Released: Dec 10, 2021","og_url":"https:\/\/vinilozona.lt\/en\/parduotuve\/naujos-lp\/green-day-bbc-sessions\/","og_site_name":"Vinilo Zona","article_modified_time":"2025-06-08T09:53:22+00:00","og_image":[{"width":600,"height":590,"url":"https:\/\/vinilozona.lt\/wp-content\/uploads\/2022\/12\/R-21507820-1644096579-4871.jpg","type":"image\/jpeg"}],"twitter_card":"summary_large_image","schema":{"@context":"https:\/\/schema.org","@graph":[{"@type":"WebPage","@id":"https:\/\/vinilozona.lt\/parduotuve\/naujos-lp\/green-day-bbc-sessions\/","url":"https:\/\/vinilozona.lt\/parduotuve\/naujos-lp\/green-day-bbc-sessions\/","name":"Green Day \u2013 BBC Sessions Vinilin\u0117 Plok\u0161tel\u0117 | Vinilozona.lt","isPartOf":{"@id":"https:\/\/vinilozona.lt\/#website"},"primaryImageOfPage":{"@id":"https:\/\/vinilozona.lt\/parduotuve\/naujos-lp\/green-day-bbc-sessions\/#primaryimage"},"image":{"@id":"https:\/\/vinilozona.lt\/parduotuve\/naujos-lp\/green-day-bbc-sessions\/#primaryimage"},"thumbnailUrl":"https:\/\/vinilozona.lt\/wp-content\/uploads\/2022\/12\/R-21507820-1644096579-4871.jpg","datePublished":"2022-12-09T13:57:25+00:00","dateModified":"2025-06-08T09:53:22+00:00","breadcrumb":{"@id":"https:\/\/vinilozona.lt\/parduotuve\/naujos-lp\/green-day-bbc-sessions\/#breadcrumb"},"inLanguage":"en-GB","potentialAction":[{"@type":"ReadAction","target":["https:\/\/vinilozona.lt\/parduotuve\/naujos-lp\/green-day-bbc-sessions\/"]}]},{"@type":"ImageObject","inLanguage":"en-GB","@id":"https:\/\/vinilozona.lt\/parduotuve\/naujos-lp\/green-day-bbc-sessions\/#primaryimage","url":"https:\/\/vinilozona.lt\/wp-content\/uploads\/2022\/12\/R-21507820-1644096579-4871.jpg","contentUrl":"https:\/\/vinilozona.lt\/wp-content\/uploads\/2022\/12\/R-21507820-1644096579-4871.jpg","width":600,"height":590},{"@type":"BreadcrumbList","@id":"https:\/\/vinilozona.lt\/parduotuve\/naujos-lp\/green-day-bbc-sessions\/#breadcrumb","itemListElement":[{"@type":"ListItem","position":1,"name":"Home","item":"https:\/\/vinilozona.lt\/"},{"@type":"ListItem","position":2,"name":"Parduotuv\u0117","item":"https:\/\/vinilozona.lt\/parduotuve\/"},{"@type":"ListItem","position":3,"name":"Green Day \u2013 BBC Sessions"}]},{"@type":"WebSite","@id":"https:\/\/vinilozona.lt\/#website","url":"https:\/\/vinilozona.lt\/","name":"Vinilo Zona","description":"Nup\u016bsk dulkes ir klausyk LP","potentialAction":[{"@type":"SearchAction","target":{"@type":"EntryPoint","urlTemplate":"https:\/\/vinilozona.lt\/?s={search_term_string}"},"query-input":{"@type":"PropertyValueSpecification","valueRequired":true,"valueName":"search_term_string"}}],"inLanguage":"en-GB"}]}},"_links":{"self":[{"href":"https:\/\/vinilozona.lt\/en\/wp-json\/wp\/v2\/product\/20940"}],"collection":[{"href":"https:\/\/vinilozona.lt\/en\/wp-json\/wp\/v2\/product"}],"about":[{"href":"https:\/\/vinilozona.lt\/en\/wp-json\/wp\/v2\/types\/product"}],"wp:featuredmedia":[{"embeddable":true,"href":"https:\/\/vinilozona.lt\/en\/wp-json\/wp\/v2\/media\/20941"}],"wp:attachment":[{"href":"https:\/\/vinilozona.lt\/en\/wp-json\/wp\/v2\/media?parent=20940"}],"wp:term":[{"taxonomy":"product_cat","embeddable":true,"href":"https:\/\/vinilozona.lt\/en\/wp-json\/wp\/v2\/product_cat?post=20940"},{"taxonomy":"product_tag","embeddable":true,"href":"https:\/\/vinilozona.lt\/en\/wp-json\/wp\/v2\/product_tag?post=20940"}],"curies":[{"name":"wp","href":"https:\/\/api.w.org\/{rel}","templated":true}]}}