{"id":20914,"date":"2022-12-05T17:06:51","date_gmt":"2022-12-05T15:06:51","guid":{"rendered":"https:\/\/vinilozona.lt\/?post_type=product&#038;p=20914"},"modified":"2024-07-05T13:41:29","modified_gmt":"2024-07-05T10:41:29","slug":"joe-cocker-the-ultimate-collection-1968-2003-2cd","status":"publish","type":"product","link":"https:\/\/vinilozona.lt\/en\/parduotuve\/cd\/naudoti-cd\/joe-cocker-the-ultimate-collection-1968-2003-2cd\/","title":{"rendered":"Joe Cocker \u2013 The Ultimate Collection 1968-2003   2CD"},"content":{"rendered":"<p>1-1\t\tUnchain My Heart<br \/>\n1-2\t\tFeelin&#8217; Alright<br \/>\n1-3\t\tSummer In The City<br \/>\n1-4\t\tYou Can Leave Your Hat On<br \/>\n1-5\t\tUp Where We Belong<br \/>\n1-6\t\tYou Are So Beautiful<br \/>\n1-7\t\tWith A Little Help From My Friends<br \/>\n1-8\t\tCry Me A River (Live)<br \/>\n1-9\t\tThe Letter (Live)<br \/>\n1-10\t\tDelta Lady<br \/>\n1-11\t\tMany Rivers To Cross<br \/>\n1-12\t\tWhen The Night Comes<br \/>\n1-13\t\tNight Calls<br \/>\n1-14\t\tDon&#8217;t You Love Me Anymore<br \/>\n1-15\t\tShe Came In Through The Bathroom Window<br \/>\n2-1\t\tCould You Be Loved<br \/>\n2-2\t\tCivilized Man<br \/>\n2-3\t\tFirst We Take Manhattan<br \/>\n2-4\t\tThe Simple Things<br \/>\n2-5\t\tN&#8217;oubliez Jamais<br \/>\n2-6\t\tThat&#8217;s All I Need To Know\/Difendero (Live)<br \/>\n2-7\t\tHave A Little Faith In Me<br \/>\n2-8\t\tDon&#8217;t Let The Sun Go Down On Me<br \/>\n2-9\t\tNow That The Magic Has Gone<br \/>\n2-10\t\tSweet Lil&#8217; Woman<br \/>\n2-11\t\t(All I Know) Feels Like Forever<br \/>\n2-12\t\tMy Father&#8217;s Son<br \/>\n2-13\t\tSorry Seems To Be The Hardest Word<br \/>\n2-14\t\tNever Tear Us Apart<br \/>\n2-15\t\tRuby Lee<\/p>","protected":false},"excerpt":{"rendered":"<p>Capitol Records \u2013 7243 5 96775 2 1, Comp Music \u2013 7243 5 96775 2 1<br \/>\nFormat:<br \/>\n2 x CD, Compilation, Copy Protected<br \/>\n2003<\/p>","protected":false},"featured_media":20915,"template":"","meta":[],"product_cat":[24,946],"product_tag":[44],"yoast_head":"<!-- This site is optimized with the Yoast SEO plugin v23.5 - https:\/\/yoast.com\/wordpress\/plugins\/seo\/ -->\n<title>Joe Cocker \u2013 The Ultimate Collection 1968-2003  2CD Vinilin\u0117 Plok\u0161tel\u0117 | Vinilozona.lt<\/title>\n<meta name=\"robots\" content=\"index, follow, max-snippet:-1, max-image-preview:large, max-video-preview:-1\" \/>\n<link rel=\"canonical\" href=\"https:\/\/vinilozona.lt\/en\/parduotuve\/cd\/naudoti-cd\/joe-cocker-the-ultimate-collection-1968-2003-2cd\/\" \/>\n<meta property=\"og:locale\" content=\"en_GB\" \/>\n<meta property=\"og:type\" content=\"article\" \/>\n<meta property=\"og:title\" content=\"Joe Cocker \u2013 The Ultimate Collection 1968-2003  2CD Vinilin\u0117 Plok\u0161tel\u0117 | Vinilozona.lt\" \/>\n<meta property=\"og:description\" content=\"Capitol Records \u2013 7243 5 96775 2 1, Comp Music \u2013 7243 5 96775 2 1 Format:  2 x CD, Compilation, Copy Protected 2003\" \/>\n<meta property=\"og:url\" content=\"https:\/\/vinilozona.lt\/en\/parduotuve\/cd\/naudoti-cd\/joe-cocker-the-ultimate-collection-1968-2003-2cd\/\" \/>\n<meta property=\"og:site_name\" content=\"Vinilo Zona\" \/>\n<meta property=\"article:modified_time\" content=\"2024-07-05T10:41:29+00:00\" \/>\n<meta property=\"og:image\" content=\"https:\/\/vinilozona.lt\/wp-content\/uploads\/2022\/12\/R-7281319-1437925350-2196.jpg\" \/>\n\t<meta property=\"og:image:width\" content=\"593\" \/>\n\t<meta property=\"og:image:height\" content=\"600\" \/>\n\t<meta property=\"og:image:type\" content=\"image\/jpeg\" \/>\n<meta name=\"twitter:card\" content=\"summary_large_image\" \/>\n<meta name=\"twitter:label1\" content=\"Estimated reading time\" \/>\n\t<meta name=\"twitter:data1\" content=\"1 minute\" \/>\n<script type=\"application\/ld+json\" class=\"yoast-schema-graph\">{\"@context\":\"https:\/\/schema.org\",\"@graph\":[{\"@type\":\"WebPage\",\"@id\":\"https:\/\/vinilozona.lt\/parduotuve\/cd\/naudoti-cd\/joe-cocker-the-ultimate-collection-1968-2003-2cd\/\",\"url\":\"https:\/\/vinilozona.lt\/parduotuve\/cd\/naudoti-cd\/joe-cocker-the-ultimate-collection-1968-2003-2cd\/\",\"name\":\"Joe Cocker \u2013 The Ultimate Collection 1968-2003 2CD Vinilin\u0117 Plok\u0161tel\u0117 | Vinilozona.lt\",\"isPartOf\":{\"@id\":\"https:\/\/vinilozona.lt\/#website\"},\"primaryImageOfPage\":{\"@id\":\"https:\/\/vinilozona.lt\/parduotuve\/cd\/naudoti-cd\/joe-cocker-the-ultimate-collection-1968-2003-2cd\/#primaryimage\"},\"image\":{\"@id\":\"https:\/\/vinilozona.lt\/parduotuve\/cd\/naudoti-cd\/joe-cocker-the-ultimate-collection-1968-2003-2cd\/#primaryimage\"},\"thumbnailUrl\":\"https:\/\/vinilozona.lt\/wp-content\/uploads\/2022\/12\/R-7281319-1437925350-2196.jpg\",\"datePublished\":\"2022-12-05T15:06:51+00:00\",\"dateModified\":\"2024-07-05T10:41:29+00:00\",\"breadcrumb\":{\"@id\":\"https:\/\/vinilozona.lt\/parduotuve\/cd\/naudoti-cd\/joe-cocker-the-ultimate-collection-1968-2003-2cd\/#breadcrumb\"},\"inLanguage\":\"en-GB\",\"potentialAction\":[{\"@type\":\"ReadAction\",\"target\":[\"https:\/\/vinilozona.lt\/parduotuve\/cd\/naudoti-cd\/joe-cocker-the-ultimate-collection-1968-2003-2cd\/\"]}]},{\"@type\":\"ImageObject\",\"inLanguage\":\"en-GB\",\"@id\":\"https:\/\/vinilozona.lt\/parduotuve\/cd\/naudoti-cd\/joe-cocker-the-ultimate-collection-1968-2003-2cd\/#primaryimage\",\"url\":\"https:\/\/vinilozona.lt\/wp-content\/uploads\/2022\/12\/R-7281319-1437925350-2196.jpg\",\"contentUrl\":\"https:\/\/vinilozona.lt\/wp-content\/uploads\/2022\/12\/R-7281319-1437925350-2196.jpg\",\"width\":593,\"height\":600},{\"@type\":\"BreadcrumbList\",\"@id\":\"https:\/\/vinilozona.lt\/parduotuve\/cd\/naudoti-cd\/joe-cocker-the-ultimate-collection-1968-2003-2cd\/#breadcrumb\",\"itemListElement\":[{\"@type\":\"ListItem\",\"position\":1,\"name\":\"Home\",\"item\":\"https:\/\/vinilozona.lt\/\"},{\"@type\":\"ListItem\",\"position\":2,\"name\":\"Parduotuv\u0117\",\"item\":\"https:\/\/vinilozona.lt\/parduotuve\/\"},{\"@type\":\"ListItem\",\"position\":3,\"name\":\"Joe Cocker \u2013 The Ultimate Collection 1968-2003 2CD\"}]},{\"@type\":\"WebSite\",\"@id\":\"https:\/\/vinilozona.lt\/#website\",\"url\":\"https:\/\/vinilozona.lt\/\",\"name\":\"Vinilo Zona\",\"description\":\"Nup\u016bsk dulkes ir klausyk LP\",\"potentialAction\":[{\"@type\":\"SearchAction\",\"target\":{\"@type\":\"EntryPoint\",\"urlTemplate\":\"https:\/\/vinilozona.lt\/?s={search_term_string}\"},\"query-input\":{\"@type\":\"PropertyValueSpecification\",\"valueRequired\":true,\"valueName\":\"search_term_string\"}}],\"inLanguage\":\"en-GB\"}]}<\/script>\n<!-- \/ Yoast SEO plugin. -->","yoast_head_json":{"title":"Joe Cocker \u2013 The Ultimate Collection 1968-2003  2CD Vinilin\u0117 Plok\u0161tel\u0117 | Vinilozona.lt","robots":{"index":"index","follow":"follow","max-snippet":"max-snippet:-1","max-image-preview":"max-image-preview:large","max-video-preview":"max-video-preview:-1"},"canonical":"https:\/\/vinilozona.lt\/en\/parduotuve\/cd\/naudoti-cd\/joe-cocker-the-ultimate-collection-1968-2003-2cd\/","og_locale":"en_GB","og_type":"article","og_title":"Joe Cocker \u2013 The Ultimate Collection 1968-2003  2CD Vinilin\u0117 Plok\u0161tel\u0117 | Vinilozona.lt","og_description":"Capitol Records \u2013 7243 5 96775 2 1, Comp Music \u2013 7243 5 96775 2 1 Format:  2 x CD, Compilation, Copy Protected 2003","og_url":"https:\/\/vinilozona.lt\/en\/parduotuve\/cd\/naudoti-cd\/joe-cocker-the-ultimate-collection-1968-2003-2cd\/","og_site_name":"Vinilo Zona","article_modified_time":"2024-07-05T10:41:29+00:00","og_image":[{"width":593,"height":600,"url":"https:\/\/vinilozona.lt\/wp-content\/uploads\/2022\/12\/R-7281319-1437925350-2196.jpg","type":"image\/jpeg"}],"twitter_card":"summary_large_image","twitter_misc":{"Estimated reading time":"1 minute"},"schema":{"@context":"https:\/\/schema.org","@graph":[{"@type":"WebPage","@id":"https:\/\/vinilozona.lt\/parduotuve\/cd\/naudoti-cd\/joe-cocker-the-ultimate-collection-1968-2003-2cd\/","url":"https:\/\/vinilozona.lt\/parduotuve\/cd\/naudoti-cd\/joe-cocker-the-ultimate-collection-1968-2003-2cd\/","name":"Joe Cocker \u2013 The Ultimate Collection 1968-2003 2CD Vinilin\u0117 Plok\u0161tel\u0117 | Vinilozona.lt","isPartOf":{"@id":"https:\/\/vinilozona.lt\/#website"},"primaryImageOfPage":{"@id":"https:\/\/vinilozona.lt\/parduotuve\/cd\/naudoti-cd\/joe-cocker-the-ultimate-collection-1968-2003-2cd\/#primaryimage"},"image":{"@id":"https:\/\/vinilozona.lt\/parduotuve\/cd\/naudoti-cd\/joe-cocker-the-ultimate-collection-1968-2003-2cd\/#primaryimage"},"thumbnailUrl":"https:\/\/vinilozona.lt\/wp-content\/uploads\/2022\/12\/R-7281319-1437925350-2196.jpg","datePublished":"2022-12-05T15:06:51+00:00","dateModified":"2024-07-05T10:41:29+00:00","breadcrumb":{"@id":"https:\/\/vinilozona.lt\/parduotuve\/cd\/naudoti-cd\/joe-cocker-the-ultimate-collection-1968-2003-2cd\/#breadcrumb"},"inLanguage":"en-GB","potentialAction":[{"@type":"ReadAction","target":["https:\/\/vinilozona.lt\/parduotuve\/cd\/naudoti-cd\/joe-cocker-the-ultimate-collection-1968-2003-2cd\/"]}]},{"@type":"ImageObject","inLanguage":"en-GB","@id":"https:\/\/vinilozona.lt\/parduotuve\/cd\/naudoti-cd\/joe-cocker-the-ultimate-collection-1968-2003-2cd\/#primaryimage","url":"https:\/\/vinilozona.lt\/wp-content\/uploads\/2022\/12\/R-7281319-1437925350-2196.jpg","contentUrl":"https:\/\/vinilozona.lt\/wp-content\/uploads\/2022\/12\/R-7281319-1437925350-2196.jpg","width":593,"height":600},{"@type":"BreadcrumbList","@id":"https:\/\/vinilozona.lt\/parduotuve\/cd\/naudoti-cd\/joe-cocker-the-ultimate-collection-1968-2003-2cd\/#breadcrumb","itemListElement":[{"@type":"ListItem","position":1,"name":"Home","item":"https:\/\/vinilozona.lt\/"},{"@type":"ListItem","position":2,"name":"Parduotuv\u0117","item":"https:\/\/vinilozona.lt\/parduotuve\/"},{"@type":"ListItem","position":3,"name":"Joe Cocker \u2013 The Ultimate Collection 1968-2003 2CD"}]},{"@type":"WebSite","@id":"https:\/\/vinilozona.lt\/#website","url":"https:\/\/vinilozona.lt\/","name":"Vinilo Zona","description":"Nup\u016bsk dulkes ir klausyk LP","potentialAction":[{"@type":"SearchAction","target":{"@type":"EntryPoint","urlTemplate":"https:\/\/vinilozona.lt\/?s={search_term_string}"},"query-input":{"@type":"PropertyValueSpecification","valueRequired":true,"valueName":"search_term_string"}}],"inLanguage":"en-GB"}]}},"_links":{"self":[{"href":"https:\/\/vinilozona.lt\/en\/wp-json\/wp\/v2\/product\/20914"}],"collection":[{"href":"https:\/\/vinilozona.lt\/en\/wp-json\/wp\/v2\/product"}],"about":[{"href":"https:\/\/vinilozona.lt\/en\/wp-json\/wp\/v2\/types\/product"}],"wp:featuredmedia":[{"embeddable":true,"href":"https:\/\/vinilozona.lt\/en\/wp-json\/wp\/v2\/media\/20915"}],"wp:attachment":[{"href":"https:\/\/vinilozona.lt\/en\/wp-json\/wp\/v2\/media?parent=20914"}],"wp:term":[{"taxonomy":"product_cat","embeddable":true,"href":"https:\/\/vinilozona.lt\/en\/wp-json\/wp\/v2\/product_cat?post=20914"},{"taxonomy":"product_tag","embeddable":true,"href":"https:\/\/vinilozona.lt\/en\/wp-json\/wp\/v2\/product_tag?post=20914"}],"curies":[{"name":"wp","href":"https:\/\/api.w.org\/{rel}","templated":true}]}}