{"id":2091,"date":"2023-06-01T05:14:34","date_gmt":"2023-06-01T02:14:34","guid":{"rendered":"https:\/\/vinylhome.lt\/?post_type=product&#038;p=2091"},"modified":"2023-06-04T10:47:29","modified_gmt":"2023-06-04T07:47:29","slug":"eruption-%e2%80%8e-fight-fight-fight","status":"publish","type":"product","link":"https:\/\/vinilozona.lt\/en\/parduotuve\/rock-pop\/eruption-%e2%80%8e-fight-fight-fight\/","title":{"rendered":"Eruption \u200e\u2013 The Best Of Eruption"},"content":{"rendered":"<p>A1\t\tI Can&#8217;t Stand The Rain\t3:07<br \/>\nA2\t\tGo Johnnie Go (Keep On Walking, John B.)\t3:28<br \/>\nA3\t\tLeave A Light (I&#8217;ll Keep My Light In My Window)\t4:15<br \/>\nA4\t\tMovin&#8217;\t4:22<br \/>\nA5\t\tParty, Party\t3:35<br \/>\nA6\t\tComputer Love\t4:35<br \/>\nA7\t\tValley Of The Dolls\t4:36<br \/>\nB1\t\tOne Way Ticket\t3:18<br \/>\nB2\t\tRunaway\t4:26<br \/>\nB3\t\tHey There Lonely Girl\t3:20<br \/>\nB4\t\tLeft Me In The Rain\t3:54<br \/>\nB5\t\tThe Way We Were\t4:20<br \/>\nB6\t\tWayward Love\t3:50<br \/>\nB7\t\tYou\t3:35<\/p>","protected":false},"excerpt":{"rendered":"<p>Hansa International \u2013 32 063 0, Bertelsmann Club \u2013 32 063 0<br \/>\nFormat:<br \/>\nVinyl, LP, Compilation, Club Edition<br \/>\nCountry:\tGermany<br \/>\nReleased:\t1981<\/p>","protected":false},"featured_media":22281,"template":"","meta":[],"product_cat":[15],"product_tag":[44],"yoast_head":"<!-- This site is optimized with the Yoast SEO plugin v23.5 - https:\/\/yoast.com\/wordpress\/plugins\/seo\/ -->\n<title>Eruption \u200e\u2013 The Best Of Eruption Vinilin\u0117 Plok\u0161tel\u0117 | Vinilozona.lt<\/title>\n<meta name=\"robots\" content=\"index, follow, max-snippet:-1, max-image-preview:large, max-video-preview:-1\" \/>\n<link rel=\"canonical\" href=\"https:\/\/vinilozona.lt\/en\/parduotuve\/rock-pop\/eruption-\u200e-fight-fight-fight\/\" \/>\n<meta property=\"og:locale\" content=\"en_GB\" \/>\n<meta property=\"og:type\" content=\"article\" \/>\n<meta property=\"og:title\" content=\"Eruption \u200e\u2013 The Best Of Eruption Vinilin\u0117 Plok\u0161tel\u0117 | Vinilozona.lt\" \/>\n<meta property=\"og:description\" content=\"Hansa International \u2013 32 063 0, Bertelsmann Club \u2013 32 063 0 Format:  Vinyl, LP, Compilation, Club Edition Country: Germany Released: 1981\" \/>\n<meta property=\"og:url\" content=\"https:\/\/vinilozona.lt\/en\/parduotuve\/rock-pop\/eruption-\u200e-fight-fight-fight\/\" \/>\n<meta property=\"og:site_name\" content=\"Vinilo Zona\" \/>\n<meta property=\"article:modified_time\" content=\"2023-06-04T07:47:29+00:00\" \/>\n<meta property=\"og:image\" content=\"https:\/\/vinilozona.lt\/wp-content\/uploads\/2020\/01\/R-3297076-1538319278-7422.jpg\" \/>\n\t<meta property=\"og:image:width\" content=\"600\" \/>\n\t<meta property=\"og:image:height\" content=\"600\" \/>\n\t<meta property=\"og:image:type\" content=\"image\/jpeg\" \/>\n<meta name=\"twitter:card\" content=\"summary_large_image\" \/>\n<script type=\"application\/ld+json\" class=\"yoast-schema-graph\">{\"@context\":\"https:\/\/schema.org\",\"@graph\":[{\"@type\":\"WebPage\",\"@id\":\"https:\/\/vinilozona.lt\/parduotuve\/rock-pop\/eruption-%e2%80%8e-fight-fight-fight\/\",\"url\":\"https:\/\/vinilozona.lt\/parduotuve\/rock-pop\/eruption-%e2%80%8e-fight-fight-fight\/\",\"name\":\"Eruption \u200e\u2013 The Best Of Eruption Vinilin\u0117 Plok\u0161tel\u0117 | Vinilozona.lt\",\"isPartOf\":{\"@id\":\"https:\/\/vinilozona.lt\/#website\"},\"primaryImageOfPage\":{\"@id\":\"https:\/\/vinilozona.lt\/parduotuve\/rock-pop\/eruption-%e2%80%8e-fight-fight-fight\/#primaryimage\"},\"image\":{\"@id\":\"https:\/\/vinilozona.lt\/parduotuve\/rock-pop\/eruption-%e2%80%8e-fight-fight-fight\/#primaryimage\"},\"thumbnailUrl\":\"https:\/\/vinilozona.lt\/wp-content\/uploads\/2020\/01\/R-3297076-1538319278-7422.jpg\",\"datePublished\":\"2023-06-01T02:14:34+00:00\",\"dateModified\":\"2023-06-04T07:47:29+00:00\",\"breadcrumb\":{\"@id\":\"https:\/\/vinilozona.lt\/parduotuve\/rock-pop\/eruption-%e2%80%8e-fight-fight-fight\/#breadcrumb\"},\"inLanguage\":\"en-GB\",\"potentialAction\":[{\"@type\":\"ReadAction\",\"target\":[\"https:\/\/vinilozona.lt\/parduotuve\/rock-pop\/eruption-%e2%80%8e-fight-fight-fight\/\"]}]},{\"@type\":\"ImageObject\",\"inLanguage\":\"en-GB\",\"@id\":\"https:\/\/vinilozona.lt\/parduotuve\/rock-pop\/eruption-%e2%80%8e-fight-fight-fight\/#primaryimage\",\"url\":\"https:\/\/vinilozona.lt\/wp-content\/uploads\/2020\/01\/R-3297076-1538319278-7422.jpg\",\"contentUrl\":\"https:\/\/vinilozona.lt\/wp-content\/uploads\/2020\/01\/R-3297076-1538319278-7422.jpg\",\"width\":600,\"height\":600},{\"@type\":\"BreadcrumbList\",\"@id\":\"https:\/\/vinilozona.lt\/parduotuve\/rock-pop\/eruption-%e2%80%8e-fight-fight-fight\/#breadcrumb\",\"itemListElement\":[{\"@type\":\"ListItem\",\"position\":1,\"name\":\"Home\",\"item\":\"https:\/\/vinilozona.lt\/\"},{\"@type\":\"ListItem\",\"position\":2,\"name\":\"Parduotuv\u0117\",\"item\":\"https:\/\/vinilozona.lt\/parduotuve\/\"},{\"@type\":\"ListItem\",\"position\":3,\"name\":\"Eruption \u200e\u2013 The Best Of Eruption\"}]},{\"@type\":\"WebSite\",\"@id\":\"https:\/\/vinilozona.lt\/#website\",\"url\":\"https:\/\/vinilozona.lt\/\",\"name\":\"Vinilo Zona\",\"description\":\"Nup\u016bsk dulkes ir klausyk LP\",\"potentialAction\":[{\"@type\":\"SearchAction\",\"target\":{\"@type\":\"EntryPoint\",\"urlTemplate\":\"https:\/\/vinilozona.lt\/?s={search_term_string}\"},\"query-input\":{\"@type\":\"PropertyValueSpecification\",\"valueRequired\":true,\"valueName\":\"search_term_string\"}}],\"inLanguage\":\"en-GB\"}]}<\/script>\n<!-- \/ Yoast SEO plugin. -->","yoast_head_json":{"title":"Eruption \u200e\u2013 The Best Of Eruption Vinilin\u0117 Plok\u0161tel\u0117 | Vinilozona.lt","robots":{"index":"index","follow":"follow","max-snippet":"max-snippet:-1","max-image-preview":"max-image-preview:large","max-video-preview":"max-video-preview:-1"},"canonical":"https:\/\/vinilozona.lt\/en\/parduotuve\/rock-pop\/eruption-\u200e-fight-fight-fight\/","og_locale":"en_GB","og_type":"article","og_title":"Eruption \u200e\u2013 The Best Of Eruption Vinilin\u0117 Plok\u0161tel\u0117 | Vinilozona.lt","og_description":"Hansa International \u2013 32 063 0, Bertelsmann Club \u2013 32 063 0 Format:  Vinyl, LP, Compilation, Club Edition Country: Germany Released: 1981","og_url":"https:\/\/vinilozona.lt\/en\/parduotuve\/rock-pop\/eruption-\u200e-fight-fight-fight\/","og_site_name":"Vinilo Zona","article_modified_time":"2023-06-04T07:47:29+00:00","og_image":[{"width":600,"height":600,"url":"https:\/\/vinilozona.lt\/wp-content\/uploads\/2020\/01\/R-3297076-1538319278-7422.jpg","type":"image\/jpeg"}],"twitter_card":"summary_large_image","schema":{"@context":"https:\/\/schema.org","@graph":[{"@type":"WebPage","@id":"https:\/\/vinilozona.lt\/parduotuve\/rock-pop\/eruption-%e2%80%8e-fight-fight-fight\/","url":"https:\/\/vinilozona.lt\/parduotuve\/rock-pop\/eruption-%e2%80%8e-fight-fight-fight\/","name":"Eruption \u200e\u2013 The Best Of Eruption Vinilin\u0117 Plok\u0161tel\u0117 | Vinilozona.lt","isPartOf":{"@id":"https:\/\/vinilozona.lt\/#website"},"primaryImageOfPage":{"@id":"https:\/\/vinilozona.lt\/parduotuve\/rock-pop\/eruption-%e2%80%8e-fight-fight-fight\/#primaryimage"},"image":{"@id":"https:\/\/vinilozona.lt\/parduotuve\/rock-pop\/eruption-%e2%80%8e-fight-fight-fight\/#primaryimage"},"thumbnailUrl":"https:\/\/vinilozona.lt\/wp-content\/uploads\/2020\/01\/R-3297076-1538319278-7422.jpg","datePublished":"2023-06-01T02:14:34+00:00","dateModified":"2023-06-04T07:47:29+00:00","breadcrumb":{"@id":"https:\/\/vinilozona.lt\/parduotuve\/rock-pop\/eruption-%e2%80%8e-fight-fight-fight\/#breadcrumb"},"inLanguage":"en-GB","potentialAction":[{"@type":"ReadAction","target":["https:\/\/vinilozona.lt\/parduotuve\/rock-pop\/eruption-%e2%80%8e-fight-fight-fight\/"]}]},{"@type":"ImageObject","inLanguage":"en-GB","@id":"https:\/\/vinilozona.lt\/parduotuve\/rock-pop\/eruption-%e2%80%8e-fight-fight-fight\/#primaryimage","url":"https:\/\/vinilozona.lt\/wp-content\/uploads\/2020\/01\/R-3297076-1538319278-7422.jpg","contentUrl":"https:\/\/vinilozona.lt\/wp-content\/uploads\/2020\/01\/R-3297076-1538319278-7422.jpg","width":600,"height":600},{"@type":"BreadcrumbList","@id":"https:\/\/vinilozona.lt\/parduotuve\/rock-pop\/eruption-%e2%80%8e-fight-fight-fight\/#breadcrumb","itemListElement":[{"@type":"ListItem","position":1,"name":"Home","item":"https:\/\/vinilozona.lt\/"},{"@type":"ListItem","position":2,"name":"Parduotuv\u0117","item":"https:\/\/vinilozona.lt\/parduotuve\/"},{"@type":"ListItem","position":3,"name":"Eruption \u200e\u2013 The Best Of Eruption"}]},{"@type":"WebSite","@id":"https:\/\/vinilozona.lt\/#website","url":"https:\/\/vinilozona.lt\/","name":"Vinilo Zona","description":"Nup\u016bsk dulkes ir klausyk LP","potentialAction":[{"@type":"SearchAction","target":{"@type":"EntryPoint","urlTemplate":"https:\/\/vinilozona.lt\/?s={search_term_string}"},"query-input":{"@type":"PropertyValueSpecification","valueRequired":true,"valueName":"search_term_string"}}],"inLanguage":"en-GB"}]}},"_links":{"self":[{"href":"https:\/\/vinilozona.lt\/en\/wp-json\/wp\/v2\/product\/2091"}],"collection":[{"href":"https:\/\/vinilozona.lt\/en\/wp-json\/wp\/v2\/product"}],"about":[{"href":"https:\/\/vinilozona.lt\/en\/wp-json\/wp\/v2\/types\/product"}],"wp:featuredmedia":[{"embeddable":true,"href":"https:\/\/vinilozona.lt\/en\/wp-json\/wp\/v2\/media\/22281"}],"wp:attachment":[{"href":"https:\/\/vinilozona.lt\/en\/wp-json\/wp\/v2\/media?parent=2091"}],"wp:term":[{"taxonomy":"product_cat","embeddable":true,"href":"https:\/\/vinilozona.lt\/en\/wp-json\/wp\/v2\/product_cat?post=2091"},{"taxonomy":"product_tag","embeddable":true,"href":"https:\/\/vinilozona.lt\/en\/wp-json\/wp\/v2\/product_tag?post=2091"}],"curies":[{"name":"wp","href":"https:\/\/api.w.org\/{rel}","templated":true}]}}