{"id":20906,"date":"2022-12-05T09:14:27","date_gmt":"2022-12-05T07:14:27","guid":{"rendered":"https:\/\/vinilozona.lt\/?post_type=product&#038;p=20906"},"modified":"2025-11-22T07:20:58","modified_gmt":"2025-11-22T05:20:58","slug":"norah-jones-come-away-with-me","status":"publish","type":"product","link":"https:\/\/vinilozona.lt\/en\/parduotuve\/cd\/naudoti-cd\/norah-jones-come-away-with-me\/","title":{"rendered":"Norah Jones \u2013 Come Away With Me"},"content":{"rendered":"<p>Don&#8217;t Know Why\t3:05<br \/>\nSeven Years\t2:24<br \/>\nCold Cold Heart\t3:38<br \/>\nFeelin&#8217; The Same Way\t2:55<br \/>\nCome Away With Me\t3:18<br \/>\nShoot The Moon\t3:57<br \/>\nTurn Me On\t2:33<br \/>\nLonestar\t3:05<br \/>\nI&#8217;ve Got To See You Again\t4:13<br \/>\nPainter Song\t2:41<br \/>\nOne Flight Down\t3:03<br \/>\nNightingale\t4:11<br \/>\nThe Long Day Is Over\t2:44<br \/>\nThe Nearness Of You\t3:09<\/p>","protected":false},"excerpt":{"rendered":"<p>Parlophone \u2013 7243 5 38609 2 9, Parlophone \u2013 7243 538609 2 9<br \/>\nFormat:<br \/>\nCD, Album<br \/>\nCountry:\tEurope<br \/>\n2002<\/p>","protected":false},"featured_media":20907,"template":"","meta":[],"product_cat":[24,946],"product_tag":[44],"yoast_head":"<!-- This site is optimized with the Yoast SEO plugin v23.5 - https:\/\/yoast.com\/wordpress\/plugins\/seo\/ -->\n<title>Norah Jones \u2013 Come Away With Me Vinilin\u0117 Plok\u0161tel\u0117 | Vinilozona.lt<\/title>\n<meta name=\"robots\" content=\"index, follow, max-snippet:-1, max-image-preview:large, max-video-preview:-1\" \/>\n<link rel=\"canonical\" href=\"https:\/\/vinilozona.lt\/en\/parduotuve\/cd\/naudoti-cd\/norah-jones-come-away-with-me\/\" \/>\n<meta property=\"og:locale\" content=\"en_GB\" \/>\n<meta property=\"og:type\" content=\"article\" \/>\n<meta property=\"og:title\" content=\"Norah Jones \u2013 Come Away With Me Vinilin\u0117 Plok\u0161tel\u0117 | Vinilozona.lt\" \/>\n<meta property=\"og:description\" content=\"Parlophone \u2013 7243 5 38609 2 9, Parlophone \u2013 7243 538609 2 9 Format:  CD, Album Country: Europe 2002\" \/>\n<meta property=\"og:url\" content=\"https:\/\/vinilozona.lt\/en\/parduotuve\/cd\/naudoti-cd\/norah-jones-come-away-with-me\/\" \/>\n<meta property=\"og:site_name\" content=\"Vinilo Zona\" \/>\n<meta property=\"article:modified_time\" content=\"2025-11-22T05:20:58+00:00\" \/>\n<meta property=\"og:image\" content=\"https:\/\/vinilozona.lt\/wp-content\/uploads\/2022\/12\/R-18221065-1617978422-8415.jpg\" \/>\n\t<meta property=\"og:image:width\" content=\"584\" \/>\n\t<meta property=\"og:image:height\" content=\"599\" \/>\n\t<meta property=\"og:image:type\" content=\"image\/jpeg\" \/>\n<meta name=\"twitter:card\" content=\"summary_large_image\" \/>\n<script type=\"application\/ld+json\" class=\"yoast-schema-graph\">{\"@context\":\"https:\/\/schema.org\",\"@graph\":[{\"@type\":\"WebPage\",\"@id\":\"https:\/\/vinilozona.lt\/parduotuve\/cd\/naudoti-cd\/norah-jones-come-away-with-me\/\",\"url\":\"https:\/\/vinilozona.lt\/parduotuve\/cd\/naudoti-cd\/norah-jones-come-away-with-me\/\",\"name\":\"Norah Jones \u2013 Come Away With Me Vinilin\u0117 Plok\u0161tel\u0117 | Vinilozona.lt\",\"isPartOf\":{\"@id\":\"https:\/\/vinilozona.lt\/#website\"},\"primaryImageOfPage\":{\"@id\":\"https:\/\/vinilozona.lt\/parduotuve\/cd\/naudoti-cd\/norah-jones-come-away-with-me\/#primaryimage\"},\"image\":{\"@id\":\"https:\/\/vinilozona.lt\/parduotuve\/cd\/naudoti-cd\/norah-jones-come-away-with-me\/#primaryimage\"},\"thumbnailUrl\":\"https:\/\/vinilozona.lt\/wp-content\/uploads\/2022\/12\/R-18221065-1617978422-8415.jpg\",\"datePublished\":\"2022-12-05T07:14:27+00:00\",\"dateModified\":\"2025-11-22T05:20:58+00:00\",\"breadcrumb\":{\"@id\":\"https:\/\/vinilozona.lt\/parduotuve\/cd\/naudoti-cd\/norah-jones-come-away-with-me\/#breadcrumb\"},\"inLanguage\":\"en-GB\",\"potentialAction\":[{\"@type\":\"ReadAction\",\"target\":[\"https:\/\/vinilozona.lt\/parduotuve\/cd\/naudoti-cd\/norah-jones-come-away-with-me\/\"]}]},{\"@type\":\"ImageObject\",\"inLanguage\":\"en-GB\",\"@id\":\"https:\/\/vinilozona.lt\/parduotuve\/cd\/naudoti-cd\/norah-jones-come-away-with-me\/#primaryimage\",\"url\":\"https:\/\/vinilozona.lt\/wp-content\/uploads\/2022\/12\/R-18221065-1617978422-8415.jpg\",\"contentUrl\":\"https:\/\/vinilozona.lt\/wp-content\/uploads\/2022\/12\/R-18221065-1617978422-8415.jpg\",\"width\":584,\"height\":599},{\"@type\":\"BreadcrumbList\",\"@id\":\"https:\/\/vinilozona.lt\/parduotuve\/cd\/naudoti-cd\/norah-jones-come-away-with-me\/#breadcrumb\",\"itemListElement\":[{\"@type\":\"ListItem\",\"position\":1,\"name\":\"Home\",\"item\":\"https:\/\/vinilozona.lt\/\"},{\"@type\":\"ListItem\",\"position\":2,\"name\":\"Parduotuv\u0117\",\"item\":\"https:\/\/vinilozona.lt\/parduotuve\/\"},{\"@type\":\"ListItem\",\"position\":3,\"name\":\"Norah Jones \u2013 Come Away With Me\"}]},{\"@type\":\"WebSite\",\"@id\":\"https:\/\/vinilozona.lt\/#website\",\"url\":\"https:\/\/vinilozona.lt\/\",\"name\":\"Vinilo Zona\",\"description\":\"Nup\u016bsk dulkes ir klausyk LP\",\"potentialAction\":[{\"@type\":\"SearchAction\",\"target\":{\"@type\":\"EntryPoint\",\"urlTemplate\":\"https:\/\/vinilozona.lt\/?s={search_term_string}\"},\"query-input\":{\"@type\":\"PropertyValueSpecification\",\"valueRequired\":true,\"valueName\":\"search_term_string\"}}],\"inLanguage\":\"en-GB\"}]}<\/script>\n<!-- \/ Yoast SEO plugin. -->","yoast_head_json":{"title":"Norah Jones \u2013 Come Away With Me Vinilin\u0117 Plok\u0161tel\u0117 | Vinilozona.lt","robots":{"index":"index","follow":"follow","max-snippet":"max-snippet:-1","max-image-preview":"max-image-preview:large","max-video-preview":"max-video-preview:-1"},"canonical":"https:\/\/vinilozona.lt\/en\/parduotuve\/cd\/naudoti-cd\/norah-jones-come-away-with-me\/","og_locale":"en_GB","og_type":"article","og_title":"Norah Jones \u2013 Come Away With Me Vinilin\u0117 Plok\u0161tel\u0117 | Vinilozona.lt","og_description":"Parlophone \u2013 7243 5 38609 2 9, Parlophone \u2013 7243 538609 2 9 Format:  CD, Album Country: Europe 2002","og_url":"https:\/\/vinilozona.lt\/en\/parduotuve\/cd\/naudoti-cd\/norah-jones-come-away-with-me\/","og_site_name":"Vinilo Zona","article_modified_time":"2025-11-22T05:20:58+00:00","og_image":[{"width":584,"height":599,"url":"https:\/\/vinilozona.lt\/wp-content\/uploads\/2022\/12\/R-18221065-1617978422-8415.jpg","type":"image\/jpeg"}],"twitter_card":"summary_large_image","schema":{"@context":"https:\/\/schema.org","@graph":[{"@type":"WebPage","@id":"https:\/\/vinilozona.lt\/parduotuve\/cd\/naudoti-cd\/norah-jones-come-away-with-me\/","url":"https:\/\/vinilozona.lt\/parduotuve\/cd\/naudoti-cd\/norah-jones-come-away-with-me\/","name":"Norah Jones \u2013 Come Away With Me Vinilin\u0117 Plok\u0161tel\u0117 | Vinilozona.lt","isPartOf":{"@id":"https:\/\/vinilozona.lt\/#website"},"primaryImageOfPage":{"@id":"https:\/\/vinilozona.lt\/parduotuve\/cd\/naudoti-cd\/norah-jones-come-away-with-me\/#primaryimage"},"image":{"@id":"https:\/\/vinilozona.lt\/parduotuve\/cd\/naudoti-cd\/norah-jones-come-away-with-me\/#primaryimage"},"thumbnailUrl":"https:\/\/vinilozona.lt\/wp-content\/uploads\/2022\/12\/R-18221065-1617978422-8415.jpg","datePublished":"2022-12-05T07:14:27+00:00","dateModified":"2025-11-22T05:20:58+00:00","breadcrumb":{"@id":"https:\/\/vinilozona.lt\/parduotuve\/cd\/naudoti-cd\/norah-jones-come-away-with-me\/#breadcrumb"},"inLanguage":"en-GB","potentialAction":[{"@type":"ReadAction","target":["https:\/\/vinilozona.lt\/parduotuve\/cd\/naudoti-cd\/norah-jones-come-away-with-me\/"]}]},{"@type":"ImageObject","inLanguage":"en-GB","@id":"https:\/\/vinilozona.lt\/parduotuve\/cd\/naudoti-cd\/norah-jones-come-away-with-me\/#primaryimage","url":"https:\/\/vinilozona.lt\/wp-content\/uploads\/2022\/12\/R-18221065-1617978422-8415.jpg","contentUrl":"https:\/\/vinilozona.lt\/wp-content\/uploads\/2022\/12\/R-18221065-1617978422-8415.jpg","width":584,"height":599},{"@type":"BreadcrumbList","@id":"https:\/\/vinilozona.lt\/parduotuve\/cd\/naudoti-cd\/norah-jones-come-away-with-me\/#breadcrumb","itemListElement":[{"@type":"ListItem","position":1,"name":"Home","item":"https:\/\/vinilozona.lt\/"},{"@type":"ListItem","position":2,"name":"Parduotuv\u0117","item":"https:\/\/vinilozona.lt\/parduotuve\/"},{"@type":"ListItem","position":3,"name":"Norah Jones \u2013 Come Away With Me"}]},{"@type":"WebSite","@id":"https:\/\/vinilozona.lt\/#website","url":"https:\/\/vinilozona.lt\/","name":"Vinilo Zona","description":"Nup\u016bsk dulkes ir klausyk LP","potentialAction":[{"@type":"SearchAction","target":{"@type":"EntryPoint","urlTemplate":"https:\/\/vinilozona.lt\/?s={search_term_string}"},"query-input":{"@type":"PropertyValueSpecification","valueRequired":true,"valueName":"search_term_string"}}],"inLanguage":"en-GB"}]}},"_links":{"self":[{"href":"https:\/\/vinilozona.lt\/en\/wp-json\/wp\/v2\/product\/20906"}],"collection":[{"href":"https:\/\/vinilozona.lt\/en\/wp-json\/wp\/v2\/product"}],"about":[{"href":"https:\/\/vinilozona.lt\/en\/wp-json\/wp\/v2\/types\/product"}],"wp:featuredmedia":[{"embeddable":true,"href":"https:\/\/vinilozona.lt\/en\/wp-json\/wp\/v2\/media\/20907"}],"wp:attachment":[{"href":"https:\/\/vinilozona.lt\/en\/wp-json\/wp\/v2\/media?parent=20906"}],"wp:term":[{"taxonomy":"product_cat","embeddable":true,"href":"https:\/\/vinilozona.lt\/en\/wp-json\/wp\/v2\/product_cat?post=20906"},{"taxonomy":"product_tag","embeddable":true,"href":"https:\/\/vinilozona.lt\/en\/wp-json\/wp\/v2\/product_tag?post=20906"}],"curies":[{"name":"wp","href":"https:\/\/api.w.org\/{rel}","templated":true}]}}