{"id":20893,"date":"2022-12-02T17:59:03","date_gmt":"2022-12-02T15:59:03","guid":{"rendered":"https:\/\/vinilozona.lt\/?post_type=product&#038;p=20893"},"modified":"2022-12-15T08:26:37","modified_gmt":"2022-12-15T06:26:37","slug":"lorchestra-cinematique-game-of-thrones-ii","status":"publish","type":"product","link":"https:\/\/vinilozona.lt\/en\/parduotuve\/naujos-lp\/lorchestra-cinematique-game-of-thrones-ii\/","title":{"rendered":"L&#8217;Orchestra Cinematique \u2013 Game Of Thrones II"},"content":{"rendered":"<p>\tSeason 5<br \/>\nA1\t\tHeroes<br \/>\nA2\t\tMain Title: Game Of Thrones<br \/>\nA3\t\tBlood Of The Dragon<br \/>\nA4\t\tDance Of Dragons<br \/>\nA5\t\tSon Of The Happy<br \/>\nA6\t\tThrone For The Game<br \/>\nA7\t\tEnd Credits (from Episode 5 &#8222;Kill The Boy&#8221;)<br \/>\nSeason 6<br \/>\nB1\t\tWicked Game<br \/>\nB2\t\tBlood Of My Blood<br \/>\nB3\t\tMy Watch Has Ended<br \/>\nB4\t\tLight Of The Seven<br \/>\nB5\t\tKhaleesi<br \/>\nSeason 7<br \/>\nC1\t\tReign<br \/>\nC2\t\tWinter Has Come<br \/>\nC3\t\tHear Me Roar<br \/>\nC4\t\tThe Winds Of Winter<br \/>\nC5\t\tThe Tower<br \/>\nC6\t\tMusic From The Season 7 Trailer<br \/>\nComposed By \u2013 Ramin Djawadi<br \/>\nC7\t\tHands Of Gold<br \/>\nC8\t\tDragonstone<br \/>\nSeason 8<br \/>\nD1\t\tSpoils Of War Pt.1<br \/>\nD2\t\tTruth<br \/>\nD3\t\tThe Army Of The Dead<br \/>\nD4\t\tWinter Is Here<br \/>\nD5\t\tThe Rains Of Castamere<br \/>\nD6\t\tThe Night King<\/p>","protected":false},"excerpt":{"rendered":"<p>Musicbank \u2013 KXLP 62\/2<br \/>\nFormat:<br \/>\n2 x Vinyl, LP, Compilation, Picture Disc, Stereo, Gatefold<br \/>\nCountry:\tUK<br \/>\nReleased:\t2019<\/p>","protected":false},"featured_media":20894,"template":"","meta":[],"product_cat":[23],"product_tag":[44],"yoast_head":"<!-- This site is optimized with the Yoast SEO plugin v23.5 - https:\/\/yoast.com\/wordpress\/plugins\/seo\/ -->\n<title>L&#039;Orchestra Cinematique \u2013 Game Of Thrones II Vinilin\u0117 Plok\u0161tel\u0117 | Vinilozona.lt<\/title>\n<meta name=\"robots\" content=\"index, follow, max-snippet:-1, max-image-preview:large, max-video-preview:-1\" \/>\n<link rel=\"canonical\" href=\"https:\/\/vinilozona.lt\/en\/parduotuve\/naujos-lp\/lorchestra-cinematique-game-of-thrones-ii\/\" \/>\n<meta property=\"og:locale\" content=\"en_GB\" \/>\n<meta property=\"og:type\" content=\"article\" \/>\n<meta property=\"og:title\" content=\"L&#039;Orchestra Cinematique \u2013 Game Of Thrones II Vinilin\u0117 Plok\u0161tel\u0117 | Vinilozona.lt\" \/>\n<meta property=\"og:description\" content=\"Musicbank \u2013 KXLP 62\/2 Format:  2 x Vinyl, LP, Compilation, Picture Disc, Stereo, Gatefold Country: UK Released: 2019\" \/>\n<meta property=\"og:url\" content=\"https:\/\/vinilozona.lt\/en\/parduotuve\/naujos-lp\/lorchestra-cinematique-game-of-thrones-ii\/\" \/>\n<meta property=\"og:site_name\" content=\"Vinilo Zona\" \/>\n<meta property=\"article:modified_time\" content=\"2022-12-15T06:26:37+00:00\" \/>\n<meta property=\"og:image\" content=\"https:\/\/vinilozona.lt\/wp-content\/uploads\/2022\/12\/R-14842333-1649354708-2459.jpg\" \/>\n\t<meta property=\"og:image:width\" content=\"600\" \/>\n\t<meta property=\"og:image:height\" content=\"600\" \/>\n\t<meta property=\"og:image:type\" content=\"image\/jpeg\" \/>\n<meta name=\"twitter:card\" content=\"summary_large_image\" \/>\n<meta name=\"twitter:label1\" content=\"Estimated reading time\" \/>\n\t<meta name=\"twitter:data1\" content=\"1 minute\" \/>\n<script type=\"application\/ld+json\" class=\"yoast-schema-graph\">{\"@context\":\"https:\/\/schema.org\",\"@graph\":[{\"@type\":\"WebPage\",\"@id\":\"https:\/\/vinilozona.lt\/parduotuve\/naujos-lp\/lorchestra-cinematique-game-of-thrones-ii\/\",\"url\":\"https:\/\/vinilozona.lt\/parduotuve\/naujos-lp\/lorchestra-cinematique-game-of-thrones-ii\/\",\"name\":\"L'Orchestra Cinematique \u2013 Game Of Thrones II Vinilin\u0117 Plok\u0161tel\u0117 | Vinilozona.lt\",\"isPartOf\":{\"@id\":\"https:\/\/vinilozona.lt\/#website\"},\"primaryImageOfPage\":{\"@id\":\"https:\/\/vinilozona.lt\/parduotuve\/naujos-lp\/lorchestra-cinematique-game-of-thrones-ii\/#primaryimage\"},\"image\":{\"@id\":\"https:\/\/vinilozona.lt\/parduotuve\/naujos-lp\/lorchestra-cinematique-game-of-thrones-ii\/#primaryimage\"},\"thumbnailUrl\":\"https:\/\/vinilozona.lt\/wp-content\/uploads\/2022\/12\/R-14842333-1649354708-2459.jpg\",\"datePublished\":\"2022-12-02T15:59:03+00:00\",\"dateModified\":\"2022-12-15T06:26:37+00:00\",\"breadcrumb\":{\"@id\":\"https:\/\/vinilozona.lt\/parduotuve\/naujos-lp\/lorchestra-cinematique-game-of-thrones-ii\/#breadcrumb\"},\"inLanguage\":\"en-GB\",\"potentialAction\":[{\"@type\":\"ReadAction\",\"target\":[\"https:\/\/vinilozona.lt\/parduotuve\/naujos-lp\/lorchestra-cinematique-game-of-thrones-ii\/\"]}]},{\"@type\":\"ImageObject\",\"inLanguage\":\"en-GB\",\"@id\":\"https:\/\/vinilozona.lt\/parduotuve\/naujos-lp\/lorchestra-cinematique-game-of-thrones-ii\/#primaryimage\",\"url\":\"https:\/\/vinilozona.lt\/wp-content\/uploads\/2022\/12\/R-14842333-1649354708-2459.jpg\",\"contentUrl\":\"https:\/\/vinilozona.lt\/wp-content\/uploads\/2022\/12\/R-14842333-1649354708-2459.jpg\",\"width\":600,\"height\":600},{\"@type\":\"BreadcrumbList\",\"@id\":\"https:\/\/vinilozona.lt\/parduotuve\/naujos-lp\/lorchestra-cinematique-game-of-thrones-ii\/#breadcrumb\",\"itemListElement\":[{\"@type\":\"ListItem\",\"position\":1,\"name\":\"Home\",\"item\":\"https:\/\/vinilozona.lt\/\"},{\"@type\":\"ListItem\",\"position\":2,\"name\":\"Parduotuv\u0117\",\"item\":\"https:\/\/vinilozona.lt\/parduotuve\/\"},{\"@type\":\"ListItem\",\"position\":3,\"name\":\"L&#8217;Orchestra Cinematique \u2013 Game Of Thrones II\"}]},{\"@type\":\"WebSite\",\"@id\":\"https:\/\/vinilozona.lt\/#website\",\"url\":\"https:\/\/vinilozona.lt\/\",\"name\":\"Vinilo Zona\",\"description\":\"Nup\u016bsk dulkes ir klausyk LP\",\"potentialAction\":[{\"@type\":\"SearchAction\",\"target\":{\"@type\":\"EntryPoint\",\"urlTemplate\":\"https:\/\/vinilozona.lt\/?s={search_term_string}\"},\"query-input\":{\"@type\":\"PropertyValueSpecification\",\"valueRequired\":true,\"valueName\":\"search_term_string\"}}],\"inLanguage\":\"en-GB\"}]}<\/script>\n<!-- \/ Yoast SEO plugin. -->","yoast_head_json":{"title":"L'Orchestra Cinematique \u2013 Game Of Thrones II Vinilin\u0117 Plok\u0161tel\u0117 | Vinilozona.lt","robots":{"index":"index","follow":"follow","max-snippet":"max-snippet:-1","max-image-preview":"max-image-preview:large","max-video-preview":"max-video-preview:-1"},"canonical":"https:\/\/vinilozona.lt\/en\/parduotuve\/naujos-lp\/lorchestra-cinematique-game-of-thrones-ii\/","og_locale":"en_GB","og_type":"article","og_title":"L'Orchestra Cinematique \u2013 Game Of Thrones II Vinilin\u0117 Plok\u0161tel\u0117 | Vinilozona.lt","og_description":"Musicbank \u2013 KXLP 62\/2 Format:  2 x Vinyl, LP, Compilation, Picture Disc, Stereo, Gatefold Country: UK Released: 2019","og_url":"https:\/\/vinilozona.lt\/en\/parduotuve\/naujos-lp\/lorchestra-cinematique-game-of-thrones-ii\/","og_site_name":"Vinilo Zona","article_modified_time":"2022-12-15T06:26:37+00:00","og_image":[{"width":600,"height":600,"url":"https:\/\/vinilozona.lt\/wp-content\/uploads\/2022\/12\/R-14842333-1649354708-2459.jpg","type":"image\/jpeg"}],"twitter_card":"summary_large_image","twitter_misc":{"Estimated reading time":"1 minute"},"schema":{"@context":"https:\/\/schema.org","@graph":[{"@type":"WebPage","@id":"https:\/\/vinilozona.lt\/parduotuve\/naujos-lp\/lorchestra-cinematique-game-of-thrones-ii\/","url":"https:\/\/vinilozona.lt\/parduotuve\/naujos-lp\/lorchestra-cinematique-game-of-thrones-ii\/","name":"L'Orchestra Cinematique \u2013 Game Of Thrones II Vinilin\u0117 Plok\u0161tel\u0117 | Vinilozona.lt","isPartOf":{"@id":"https:\/\/vinilozona.lt\/#website"},"primaryImageOfPage":{"@id":"https:\/\/vinilozona.lt\/parduotuve\/naujos-lp\/lorchestra-cinematique-game-of-thrones-ii\/#primaryimage"},"image":{"@id":"https:\/\/vinilozona.lt\/parduotuve\/naujos-lp\/lorchestra-cinematique-game-of-thrones-ii\/#primaryimage"},"thumbnailUrl":"https:\/\/vinilozona.lt\/wp-content\/uploads\/2022\/12\/R-14842333-1649354708-2459.jpg","datePublished":"2022-12-02T15:59:03+00:00","dateModified":"2022-12-15T06:26:37+00:00","breadcrumb":{"@id":"https:\/\/vinilozona.lt\/parduotuve\/naujos-lp\/lorchestra-cinematique-game-of-thrones-ii\/#breadcrumb"},"inLanguage":"en-GB","potentialAction":[{"@type":"ReadAction","target":["https:\/\/vinilozona.lt\/parduotuve\/naujos-lp\/lorchestra-cinematique-game-of-thrones-ii\/"]}]},{"@type":"ImageObject","inLanguage":"en-GB","@id":"https:\/\/vinilozona.lt\/parduotuve\/naujos-lp\/lorchestra-cinematique-game-of-thrones-ii\/#primaryimage","url":"https:\/\/vinilozona.lt\/wp-content\/uploads\/2022\/12\/R-14842333-1649354708-2459.jpg","contentUrl":"https:\/\/vinilozona.lt\/wp-content\/uploads\/2022\/12\/R-14842333-1649354708-2459.jpg","width":600,"height":600},{"@type":"BreadcrumbList","@id":"https:\/\/vinilozona.lt\/parduotuve\/naujos-lp\/lorchestra-cinematique-game-of-thrones-ii\/#breadcrumb","itemListElement":[{"@type":"ListItem","position":1,"name":"Home","item":"https:\/\/vinilozona.lt\/"},{"@type":"ListItem","position":2,"name":"Parduotuv\u0117","item":"https:\/\/vinilozona.lt\/parduotuve\/"},{"@type":"ListItem","position":3,"name":"L&#8217;Orchestra Cinematique \u2013 Game Of Thrones II"}]},{"@type":"WebSite","@id":"https:\/\/vinilozona.lt\/#website","url":"https:\/\/vinilozona.lt\/","name":"Vinilo Zona","description":"Nup\u016bsk dulkes ir klausyk LP","potentialAction":[{"@type":"SearchAction","target":{"@type":"EntryPoint","urlTemplate":"https:\/\/vinilozona.lt\/?s={search_term_string}"},"query-input":{"@type":"PropertyValueSpecification","valueRequired":true,"valueName":"search_term_string"}}],"inLanguage":"en-GB"}]}},"_links":{"self":[{"href":"https:\/\/vinilozona.lt\/en\/wp-json\/wp\/v2\/product\/20893"}],"collection":[{"href":"https:\/\/vinilozona.lt\/en\/wp-json\/wp\/v2\/product"}],"about":[{"href":"https:\/\/vinilozona.lt\/en\/wp-json\/wp\/v2\/types\/product"}],"wp:featuredmedia":[{"embeddable":true,"href":"https:\/\/vinilozona.lt\/en\/wp-json\/wp\/v2\/media\/20894"}],"wp:attachment":[{"href":"https:\/\/vinilozona.lt\/en\/wp-json\/wp\/v2\/media?parent=20893"}],"wp:term":[{"taxonomy":"product_cat","embeddable":true,"href":"https:\/\/vinilozona.lt\/en\/wp-json\/wp\/v2\/product_cat?post=20893"},{"taxonomy":"product_tag","embeddable":true,"href":"https:\/\/vinilozona.lt\/en\/wp-json\/wp\/v2\/product_tag?post=20893"}],"curies":[{"name":"wp","href":"https:\/\/api.w.org\/{rel}","templated":true}]}}