{"id":20859,"date":"2024-11-23T18:00:08","date_gmt":"2024-11-23T16:00:08","guid":{"rendered":"https:\/\/vinilozona.lt\/?post_type=product&#038;p=20859"},"modified":"2024-11-21T17:09:07","modified_gmt":"2024-11-21T15:09:07","slug":"pearl-jam-rearviewmirror-greatest-hits-1991-2003-volume-1-2lp","status":"publish","type":"product","link":"https:\/\/vinilozona.lt\/en\/parduotuve\/naujos-lp\/pearl-jam-rearviewmirror-greatest-hits-1991-2003-volume-1-2lp\/","title":{"rendered":"Pearl Jam \u2013 Rearviewmirror (Greatest Hits 1991-2003: Volume 1)  2LP"},"content":{"rendered":"<p>A1\t\tOnce (2004 Mix)<br \/>\nA2\t\tAlive (2004 Mix)<br \/>\nA3\t\tEven Flow<br \/>\nA4\t\tJeremy<br \/>\nB1\t\tState Of Love And Trust<br \/>\nB2\t\tAnimal<br \/>\nB3\t\tGo<br \/>\nB4\t\tDissident<br \/>\nC1\t\tRearviewmirror<br \/>\nC2\t\tSpin The Black Circle<br \/>\nC3\t\tCorduroy<br \/>\nC4\t\tNot For You<br \/>\nD1\t\tI Got Id<br \/>\nD2\t\tHail, Hail<br \/>\nD3\t\tDo The Evolution<br \/>\nD4\t\tSave You<\/p>","protected":false},"excerpt":{"rendered":"<p>Label:\tEpic \u2013 19439895051, Legacy \u2013 19439895051, Sony Music \u2013 19439895051<br \/>\nFormat:\t2 x Vinyl, LP, Compilation, Reissue, Gatefold Sleeve<br \/>\nCountry:\tEurope<br \/>\nReleased:\tMar 18, 2022<\/p>","protected":false},"featured_media":20861,"template":"","meta":[],"product_cat":[23],"product_tag":[55],"yoast_head":"<!-- This site is optimized with the Yoast SEO plugin v23.5 - https:\/\/yoast.com\/wordpress\/plugins\/seo\/ -->\n<title>Pearl Jam \u2013 Rearviewmirror (Greatest Hits 1991-2003: Volume 1) 2LP Vinilin\u0117 Plok\u0161tel\u0117 | Vinilozona.lt<\/title>\n<meta name=\"robots\" content=\"index, follow, max-snippet:-1, max-image-preview:large, max-video-preview:-1\" \/>\n<link rel=\"canonical\" href=\"https:\/\/vinilozona.lt\/en\/parduotuve\/naujos-lp\/pearl-jam-rearviewmirror-greatest-hits-1991-2003-volume-1-2lp\/\" \/>\n<meta property=\"og:locale\" content=\"en_GB\" \/>\n<meta property=\"og:type\" content=\"article\" \/>\n<meta property=\"og:title\" content=\"Pearl Jam \u2013 Rearviewmirror (Greatest Hits 1991-2003: Volume 1) 2LP Vinilin\u0117 Plok\u0161tel\u0117 | Vinilozona.lt\" \/>\n<meta property=\"og:description\" content=\"Label: Epic \u2013 19439895051, Legacy \u2013 19439895051, Sony Music \u2013 19439895051 Format: 2 x Vinyl, LP, Compilation, Reissue, Gatefold Sleeve Country: Europe Released: Mar 18, 2022\" \/>\n<meta property=\"og:url\" content=\"https:\/\/vinilozona.lt\/en\/parduotuve\/naujos-lp\/pearl-jam-rearviewmirror-greatest-hits-1991-2003-volume-1-2lp\/\" \/>\n<meta property=\"og:site_name\" content=\"Vinilo Zona\" \/>\n<meta property=\"article:modified_time\" content=\"2024-11-21T15:09:07+00:00\" \/>\n<meta property=\"og:image\" content=\"https:\/\/vinilozona.lt\/wp-content\/uploads\/2022\/12\/R-22421005-1647691301-3944.jpg\" \/>\n\t<meta property=\"og:image:width\" content=\"600\" \/>\n\t<meta property=\"og:image:height\" content=\"591\" \/>\n\t<meta property=\"og:image:type\" content=\"image\/jpeg\" \/>\n<meta name=\"twitter:card\" content=\"summary_large_image\" \/>\n<script type=\"application\/ld+json\" class=\"yoast-schema-graph\">{\"@context\":\"https:\/\/schema.org\",\"@graph\":[{\"@type\":\"WebPage\",\"@id\":\"https:\/\/vinilozona.lt\/parduotuve\/naujos-lp\/pearl-jam-rearviewmirror-greatest-hits-1991-2003-volume-1-2lp\/\",\"url\":\"https:\/\/vinilozona.lt\/parduotuve\/naujos-lp\/pearl-jam-rearviewmirror-greatest-hits-1991-2003-volume-1-2lp\/\",\"name\":\"Pearl Jam \u2013 Rearviewmirror (Greatest Hits 1991-2003: Volume 1) 2LP Vinilin\u0117 Plok\u0161tel\u0117 | Vinilozona.lt\",\"isPartOf\":{\"@id\":\"https:\/\/vinilozona.lt\/#website\"},\"primaryImageOfPage\":{\"@id\":\"https:\/\/vinilozona.lt\/parduotuve\/naujos-lp\/pearl-jam-rearviewmirror-greatest-hits-1991-2003-volume-1-2lp\/#primaryimage\"},\"image\":{\"@id\":\"https:\/\/vinilozona.lt\/parduotuve\/naujos-lp\/pearl-jam-rearviewmirror-greatest-hits-1991-2003-volume-1-2lp\/#primaryimage\"},\"thumbnailUrl\":\"https:\/\/vinilozona.lt\/wp-content\/uploads\/2022\/12\/R-22421005-1647691301-3944.jpg\",\"datePublished\":\"2024-11-23T16:00:08+00:00\",\"dateModified\":\"2024-11-21T15:09:07+00:00\",\"breadcrumb\":{\"@id\":\"https:\/\/vinilozona.lt\/parduotuve\/naujos-lp\/pearl-jam-rearviewmirror-greatest-hits-1991-2003-volume-1-2lp\/#breadcrumb\"},\"inLanguage\":\"en-GB\",\"potentialAction\":[{\"@type\":\"ReadAction\",\"target\":[\"https:\/\/vinilozona.lt\/parduotuve\/naujos-lp\/pearl-jam-rearviewmirror-greatest-hits-1991-2003-volume-1-2lp\/\"]}]},{\"@type\":\"ImageObject\",\"inLanguage\":\"en-GB\",\"@id\":\"https:\/\/vinilozona.lt\/parduotuve\/naujos-lp\/pearl-jam-rearviewmirror-greatest-hits-1991-2003-volume-1-2lp\/#primaryimage\",\"url\":\"https:\/\/vinilozona.lt\/wp-content\/uploads\/2022\/12\/R-22421005-1647691301-3944.jpg\",\"contentUrl\":\"https:\/\/vinilozona.lt\/wp-content\/uploads\/2022\/12\/R-22421005-1647691301-3944.jpg\",\"width\":600,\"height\":591},{\"@type\":\"BreadcrumbList\",\"@id\":\"https:\/\/vinilozona.lt\/parduotuve\/naujos-lp\/pearl-jam-rearviewmirror-greatest-hits-1991-2003-volume-1-2lp\/#breadcrumb\",\"itemListElement\":[{\"@type\":\"ListItem\",\"position\":1,\"name\":\"Home\",\"item\":\"https:\/\/vinilozona.lt\/\"},{\"@type\":\"ListItem\",\"position\":2,\"name\":\"Parduotuv\u0117\",\"item\":\"https:\/\/vinilozona.lt\/parduotuve\/\"},{\"@type\":\"ListItem\",\"position\":3,\"name\":\"Pearl Jam \u2013 Rearviewmirror (Greatest Hits 1991-2003: Volume 1) 2LP\"}]},{\"@type\":\"WebSite\",\"@id\":\"https:\/\/vinilozona.lt\/#website\",\"url\":\"https:\/\/vinilozona.lt\/\",\"name\":\"Vinilo Zona\",\"description\":\"Nup\u016bsk dulkes ir klausyk LP\",\"potentialAction\":[{\"@type\":\"SearchAction\",\"target\":{\"@type\":\"EntryPoint\",\"urlTemplate\":\"https:\/\/vinilozona.lt\/?s={search_term_string}\"},\"query-input\":{\"@type\":\"PropertyValueSpecification\",\"valueRequired\":true,\"valueName\":\"search_term_string\"}}],\"inLanguage\":\"en-GB\"}]}<\/script>\n<!-- \/ Yoast SEO plugin. -->","yoast_head_json":{"title":"Pearl Jam \u2013 Rearviewmirror (Greatest Hits 1991-2003: Volume 1) 2LP Vinilin\u0117 Plok\u0161tel\u0117 | Vinilozona.lt","robots":{"index":"index","follow":"follow","max-snippet":"max-snippet:-1","max-image-preview":"max-image-preview:large","max-video-preview":"max-video-preview:-1"},"canonical":"https:\/\/vinilozona.lt\/en\/parduotuve\/naujos-lp\/pearl-jam-rearviewmirror-greatest-hits-1991-2003-volume-1-2lp\/","og_locale":"en_GB","og_type":"article","og_title":"Pearl Jam \u2013 Rearviewmirror (Greatest Hits 1991-2003: Volume 1) 2LP Vinilin\u0117 Plok\u0161tel\u0117 | Vinilozona.lt","og_description":"Label: Epic \u2013 19439895051, Legacy \u2013 19439895051, Sony Music \u2013 19439895051 Format: 2 x Vinyl, LP, Compilation, Reissue, Gatefold Sleeve Country: Europe Released: Mar 18, 2022","og_url":"https:\/\/vinilozona.lt\/en\/parduotuve\/naujos-lp\/pearl-jam-rearviewmirror-greatest-hits-1991-2003-volume-1-2lp\/","og_site_name":"Vinilo Zona","article_modified_time":"2024-11-21T15:09:07+00:00","og_image":[{"width":600,"height":591,"url":"https:\/\/vinilozona.lt\/wp-content\/uploads\/2022\/12\/R-22421005-1647691301-3944.jpg","type":"image\/jpeg"}],"twitter_card":"summary_large_image","schema":{"@context":"https:\/\/schema.org","@graph":[{"@type":"WebPage","@id":"https:\/\/vinilozona.lt\/parduotuve\/naujos-lp\/pearl-jam-rearviewmirror-greatest-hits-1991-2003-volume-1-2lp\/","url":"https:\/\/vinilozona.lt\/parduotuve\/naujos-lp\/pearl-jam-rearviewmirror-greatest-hits-1991-2003-volume-1-2lp\/","name":"Pearl Jam \u2013 Rearviewmirror (Greatest Hits 1991-2003: Volume 1) 2LP Vinilin\u0117 Plok\u0161tel\u0117 | Vinilozona.lt","isPartOf":{"@id":"https:\/\/vinilozona.lt\/#website"},"primaryImageOfPage":{"@id":"https:\/\/vinilozona.lt\/parduotuve\/naujos-lp\/pearl-jam-rearviewmirror-greatest-hits-1991-2003-volume-1-2lp\/#primaryimage"},"image":{"@id":"https:\/\/vinilozona.lt\/parduotuve\/naujos-lp\/pearl-jam-rearviewmirror-greatest-hits-1991-2003-volume-1-2lp\/#primaryimage"},"thumbnailUrl":"https:\/\/vinilozona.lt\/wp-content\/uploads\/2022\/12\/R-22421005-1647691301-3944.jpg","datePublished":"2024-11-23T16:00:08+00:00","dateModified":"2024-11-21T15:09:07+00:00","breadcrumb":{"@id":"https:\/\/vinilozona.lt\/parduotuve\/naujos-lp\/pearl-jam-rearviewmirror-greatest-hits-1991-2003-volume-1-2lp\/#breadcrumb"},"inLanguage":"en-GB","potentialAction":[{"@type":"ReadAction","target":["https:\/\/vinilozona.lt\/parduotuve\/naujos-lp\/pearl-jam-rearviewmirror-greatest-hits-1991-2003-volume-1-2lp\/"]}]},{"@type":"ImageObject","inLanguage":"en-GB","@id":"https:\/\/vinilozona.lt\/parduotuve\/naujos-lp\/pearl-jam-rearviewmirror-greatest-hits-1991-2003-volume-1-2lp\/#primaryimage","url":"https:\/\/vinilozona.lt\/wp-content\/uploads\/2022\/12\/R-22421005-1647691301-3944.jpg","contentUrl":"https:\/\/vinilozona.lt\/wp-content\/uploads\/2022\/12\/R-22421005-1647691301-3944.jpg","width":600,"height":591},{"@type":"BreadcrumbList","@id":"https:\/\/vinilozona.lt\/parduotuve\/naujos-lp\/pearl-jam-rearviewmirror-greatest-hits-1991-2003-volume-1-2lp\/#breadcrumb","itemListElement":[{"@type":"ListItem","position":1,"name":"Home","item":"https:\/\/vinilozona.lt\/"},{"@type":"ListItem","position":2,"name":"Parduotuv\u0117","item":"https:\/\/vinilozona.lt\/parduotuve\/"},{"@type":"ListItem","position":3,"name":"Pearl Jam \u2013 Rearviewmirror (Greatest Hits 1991-2003: Volume 1) 2LP"}]},{"@type":"WebSite","@id":"https:\/\/vinilozona.lt\/#website","url":"https:\/\/vinilozona.lt\/","name":"Vinilo Zona","description":"Nup\u016bsk dulkes ir klausyk LP","potentialAction":[{"@type":"SearchAction","target":{"@type":"EntryPoint","urlTemplate":"https:\/\/vinilozona.lt\/?s={search_term_string}"},"query-input":{"@type":"PropertyValueSpecification","valueRequired":true,"valueName":"search_term_string"}}],"inLanguage":"en-GB"}]}},"_links":{"self":[{"href":"https:\/\/vinilozona.lt\/en\/wp-json\/wp\/v2\/product\/20859"}],"collection":[{"href":"https:\/\/vinilozona.lt\/en\/wp-json\/wp\/v2\/product"}],"about":[{"href":"https:\/\/vinilozona.lt\/en\/wp-json\/wp\/v2\/types\/product"}],"wp:featuredmedia":[{"embeddable":true,"href":"https:\/\/vinilozona.lt\/en\/wp-json\/wp\/v2\/media\/20861"}],"wp:attachment":[{"href":"https:\/\/vinilozona.lt\/en\/wp-json\/wp\/v2\/media?parent=20859"}],"wp:term":[{"taxonomy":"product_cat","embeddable":true,"href":"https:\/\/vinilozona.lt\/en\/wp-json\/wp\/v2\/product_cat?post=20859"},{"taxonomy":"product_tag","embeddable":true,"href":"https:\/\/vinilozona.lt\/en\/wp-json\/wp\/v2\/product_tag?post=20859"}],"curies":[{"name":"wp","href":"https:\/\/api.w.org\/{rel}","templated":true}]}}