{"id":20857,"date":"2024-11-23T18:00:28","date_gmt":"2024-11-23T16:00:28","guid":{"rendered":"https:\/\/vinilozona.lt\/?post_type=product&#038;p=20857"},"modified":"2024-11-24T07:44:55","modified_gmt":"2024-11-24T05:44:55","slug":"pearl-jam-rearviewmirror-greatest-hits-1991-2003-volume-2-2lp","status":"publish","type":"product","link":"https:\/\/vinilozona.lt\/en\/parduotuve\/naujos-lp\/pearl-jam-rearviewmirror-greatest-hits-1991-2003-volume-2-2lp\/","title":{"rendered":"Pearl Jam \u2013 Rearviewmirror (Greatest Hits 1991-2003: Volume 2)  2LP"},"content":{"rendered":"<p>A1\t\tBlack (2004 Mix)<br \/>\nA2\t\tBreath<br \/>\nA3\t\tDaughter<br \/>\nA4\t\tElderly Woman Behind The Counter In A Small Town<br \/>\nB1\t\tImmortality<br \/>\nB2\t\tBetter Man<br \/>\nB3\t\tNothingman<br \/>\nB4\t\tWho You Are<br \/>\nC1\t\tOff He Goes<br \/>\nC2\t\tGiven To Fly<br \/>\nC3\t\tWishlist<br \/>\nC4\t\tLast Kiss<br \/>\nC5\t\tNothing As It Seems<br \/>\nD1\t\tLight Years<br \/>\nD2\t\tI Am Mine<br \/>\nD3\t\tMan Of The Hour<br \/>\nD4\t\tYellow Ledbetter<\/p>","protected":false},"excerpt":{"rendered":"<p>Label:\tEpic \u2013 19439895061, Legacy \u2013 19439895061, Sony Music \u2013 19439895061<br \/>\nFormat:\t2 x Vinyl, LP, Compilation, Reissue, Gatefold Sleeve<br \/>\nCountry:\tEurope<br \/>\nReleased:\tMar 18, 2022<\/p>","protected":false},"featured_media":20858,"template":"","meta":[],"product_cat":[23],"product_tag":[55],"yoast_head":"<!-- This site is optimized with the Yoast SEO plugin v23.5 - https:\/\/yoast.com\/wordpress\/plugins\/seo\/ -->\n<title>Pearl Jam \u2013 Rearviewmirror (Greatest Hits 1991-2003: Volume 2) 2LP Vinilin\u0117 Plok\u0161tel\u0117 | Vinilozona.lt<\/title>\n<meta name=\"robots\" content=\"index, follow, max-snippet:-1, max-image-preview:large, max-video-preview:-1\" \/>\n<link rel=\"canonical\" href=\"https:\/\/vinilozona.lt\/en\/parduotuve\/naujos-lp\/pearl-jam-rearviewmirror-greatest-hits-1991-2003-volume-2-2lp\/\" \/>\n<meta property=\"og:locale\" content=\"en_GB\" \/>\n<meta property=\"og:type\" content=\"article\" \/>\n<meta property=\"og:title\" content=\"Pearl Jam \u2013 Rearviewmirror (Greatest Hits 1991-2003: Volume 2) 2LP Vinilin\u0117 Plok\u0161tel\u0117 | Vinilozona.lt\" \/>\n<meta property=\"og:description\" content=\"Label: Epic \u2013 19439895061, Legacy \u2013 19439895061, Sony Music \u2013 19439895061 Format: 2 x Vinyl, LP, Compilation, Reissue, Gatefold Sleeve Country: Europe Released: Mar 18, 2022\" \/>\n<meta property=\"og:url\" content=\"https:\/\/vinilozona.lt\/en\/parduotuve\/naujos-lp\/pearl-jam-rearviewmirror-greatest-hits-1991-2003-volume-2-2lp\/\" \/>\n<meta property=\"og:site_name\" content=\"Vinilo Zona\" \/>\n<meta property=\"article:modified_time\" content=\"2024-11-24T05:44:55+00:00\" \/>\n<meta property=\"og:image\" content=\"https:\/\/vinilozona.lt\/wp-content\/uploads\/2022\/12\/R-22421110-1647775320-2181.jpg\" \/>\n\t<meta property=\"og:image:width\" content=\"600\" \/>\n\t<meta property=\"og:image:height\" content=\"600\" \/>\n\t<meta property=\"og:image:type\" content=\"image\/jpeg\" \/>\n<meta name=\"twitter:card\" content=\"summary_large_image\" \/>\n<script type=\"application\/ld+json\" class=\"yoast-schema-graph\">{\"@context\":\"https:\/\/schema.org\",\"@graph\":[{\"@type\":\"WebPage\",\"@id\":\"https:\/\/vinilozona.lt\/parduotuve\/naujos-lp\/pearl-jam-rearviewmirror-greatest-hits-1991-2003-volume-2-2lp\/\",\"url\":\"https:\/\/vinilozona.lt\/parduotuve\/naujos-lp\/pearl-jam-rearviewmirror-greatest-hits-1991-2003-volume-2-2lp\/\",\"name\":\"Pearl Jam \u2013 Rearviewmirror (Greatest Hits 1991-2003: Volume 2) 2LP Vinilin\u0117 Plok\u0161tel\u0117 | Vinilozona.lt\",\"isPartOf\":{\"@id\":\"https:\/\/vinilozona.lt\/#website\"},\"primaryImageOfPage\":{\"@id\":\"https:\/\/vinilozona.lt\/parduotuve\/naujos-lp\/pearl-jam-rearviewmirror-greatest-hits-1991-2003-volume-2-2lp\/#primaryimage\"},\"image\":{\"@id\":\"https:\/\/vinilozona.lt\/parduotuve\/naujos-lp\/pearl-jam-rearviewmirror-greatest-hits-1991-2003-volume-2-2lp\/#primaryimage\"},\"thumbnailUrl\":\"https:\/\/vinilozona.lt\/wp-content\/uploads\/2022\/12\/R-22421110-1647775320-2181.jpg\",\"datePublished\":\"2024-11-23T16:00:28+00:00\",\"dateModified\":\"2024-11-24T05:44:55+00:00\",\"breadcrumb\":{\"@id\":\"https:\/\/vinilozona.lt\/parduotuve\/naujos-lp\/pearl-jam-rearviewmirror-greatest-hits-1991-2003-volume-2-2lp\/#breadcrumb\"},\"inLanguage\":\"en-GB\",\"potentialAction\":[{\"@type\":\"ReadAction\",\"target\":[\"https:\/\/vinilozona.lt\/parduotuve\/naujos-lp\/pearl-jam-rearviewmirror-greatest-hits-1991-2003-volume-2-2lp\/\"]}]},{\"@type\":\"ImageObject\",\"inLanguage\":\"en-GB\",\"@id\":\"https:\/\/vinilozona.lt\/parduotuve\/naujos-lp\/pearl-jam-rearviewmirror-greatest-hits-1991-2003-volume-2-2lp\/#primaryimage\",\"url\":\"https:\/\/vinilozona.lt\/wp-content\/uploads\/2022\/12\/R-22421110-1647775320-2181.jpg\",\"contentUrl\":\"https:\/\/vinilozona.lt\/wp-content\/uploads\/2022\/12\/R-22421110-1647775320-2181.jpg\",\"width\":600,\"height\":600},{\"@type\":\"BreadcrumbList\",\"@id\":\"https:\/\/vinilozona.lt\/parduotuve\/naujos-lp\/pearl-jam-rearviewmirror-greatest-hits-1991-2003-volume-2-2lp\/#breadcrumb\",\"itemListElement\":[{\"@type\":\"ListItem\",\"position\":1,\"name\":\"Home\",\"item\":\"https:\/\/vinilozona.lt\/\"},{\"@type\":\"ListItem\",\"position\":2,\"name\":\"Parduotuv\u0117\",\"item\":\"https:\/\/vinilozona.lt\/parduotuve\/\"},{\"@type\":\"ListItem\",\"position\":3,\"name\":\"Pearl Jam \u2013 Rearviewmirror (Greatest Hits 1991-2003: Volume 2) 2LP\"}]},{\"@type\":\"WebSite\",\"@id\":\"https:\/\/vinilozona.lt\/#website\",\"url\":\"https:\/\/vinilozona.lt\/\",\"name\":\"Vinilo Zona\",\"description\":\"Nup\u016bsk dulkes ir klausyk LP\",\"potentialAction\":[{\"@type\":\"SearchAction\",\"target\":{\"@type\":\"EntryPoint\",\"urlTemplate\":\"https:\/\/vinilozona.lt\/?s={search_term_string}\"},\"query-input\":{\"@type\":\"PropertyValueSpecification\",\"valueRequired\":true,\"valueName\":\"search_term_string\"}}],\"inLanguage\":\"en-GB\"}]}<\/script>\n<!-- \/ Yoast SEO plugin. -->","yoast_head_json":{"title":"Pearl Jam \u2013 Rearviewmirror (Greatest Hits 1991-2003: Volume 2) 2LP Vinilin\u0117 Plok\u0161tel\u0117 | Vinilozona.lt","robots":{"index":"index","follow":"follow","max-snippet":"max-snippet:-1","max-image-preview":"max-image-preview:large","max-video-preview":"max-video-preview:-1"},"canonical":"https:\/\/vinilozona.lt\/en\/parduotuve\/naujos-lp\/pearl-jam-rearviewmirror-greatest-hits-1991-2003-volume-2-2lp\/","og_locale":"en_GB","og_type":"article","og_title":"Pearl Jam \u2013 Rearviewmirror (Greatest Hits 1991-2003: Volume 2) 2LP Vinilin\u0117 Plok\u0161tel\u0117 | Vinilozona.lt","og_description":"Label: Epic \u2013 19439895061, Legacy \u2013 19439895061, Sony Music \u2013 19439895061 Format: 2 x Vinyl, LP, Compilation, Reissue, Gatefold Sleeve Country: Europe Released: Mar 18, 2022","og_url":"https:\/\/vinilozona.lt\/en\/parduotuve\/naujos-lp\/pearl-jam-rearviewmirror-greatest-hits-1991-2003-volume-2-2lp\/","og_site_name":"Vinilo Zona","article_modified_time":"2024-11-24T05:44:55+00:00","og_image":[{"width":600,"height":600,"url":"https:\/\/vinilozona.lt\/wp-content\/uploads\/2022\/12\/R-22421110-1647775320-2181.jpg","type":"image\/jpeg"}],"twitter_card":"summary_large_image","schema":{"@context":"https:\/\/schema.org","@graph":[{"@type":"WebPage","@id":"https:\/\/vinilozona.lt\/parduotuve\/naujos-lp\/pearl-jam-rearviewmirror-greatest-hits-1991-2003-volume-2-2lp\/","url":"https:\/\/vinilozona.lt\/parduotuve\/naujos-lp\/pearl-jam-rearviewmirror-greatest-hits-1991-2003-volume-2-2lp\/","name":"Pearl Jam \u2013 Rearviewmirror (Greatest Hits 1991-2003: Volume 2) 2LP Vinilin\u0117 Plok\u0161tel\u0117 | Vinilozona.lt","isPartOf":{"@id":"https:\/\/vinilozona.lt\/#website"},"primaryImageOfPage":{"@id":"https:\/\/vinilozona.lt\/parduotuve\/naujos-lp\/pearl-jam-rearviewmirror-greatest-hits-1991-2003-volume-2-2lp\/#primaryimage"},"image":{"@id":"https:\/\/vinilozona.lt\/parduotuve\/naujos-lp\/pearl-jam-rearviewmirror-greatest-hits-1991-2003-volume-2-2lp\/#primaryimage"},"thumbnailUrl":"https:\/\/vinilozona.lt\/wp-content\/uploads\/2022\/12\/R-22421110-1647775320-2181.jpg","datePublished":"2024-11-23T16:00:28+00:00","dateModified":"2024-11-24T05:44:55+00:00","breadcrumb":{"@id":"https:\/\/vinilozona.lt\/parduotuve\/naujos-lp\/pearl-jam-rearviewmirror-greatest-hits-1991-2003-volume-2-2lp\/#breadcrumb"},"inLanguage":"en-GB","potentialAction":[{"@type":"ReadAction","target":["https:\/\/vinilozona.lt\/parduotuve\/naujos-lp\/pearl-jam-rearviewmirror-greatest-hits-1991-2003-volume-2-2lp\/"]}]},{"@type":"ImageObject","inLanguage":"en-GB","@id":"https:\/\/vinilozona.lt\/parduotuve\/naujos-lp\/pearl-jam-rearviewmirror-greatest-hits-1991-2003-volume-2-2lp\/#primaryimage","url":"https:\/\/vinilozona.lt\/wp-content\/uploads\/2022\/12\/R-22421110-1647775320-2181.jpg","contentUrl":"https:\/\/vinilozona.lt\/wp-content\/uploads\/2022\/12\/R-22421110-1647775320-2181.jpg","width":600,"height":600},{"@type":"BreadcrumbList","@id":"https:\/\/vinilozona.lt\/parduotuve\/naujos-lp\/pearl-jam-rearviewmirror-greatest-hits-1991-2003-volume-2-2lp\/#breadcrumb","itemListElement":[{"@type":"ListItem","position":1,"name":"Home","item":"https:\/\/vinilozona.lt\/"},{"@type":"ListItem","position":2,"name":"Parduotuv\u0117","item":"https:\/\/vinilozona.lt\/parduotuve\/"},{"@type":"ListItem","position":3,"name":"Pearl Jam \u2013 Rearviewmirror (Greatest Hits 1991-2003: Volume 2) 2LP"}]},{"@type":"WebSite","@id":"https:\/\/vinilozona.lt\/#website","url":"https:\/\/vinilozona.lt\/","name":"Vinilo Zona","description":"Nup\u016bsk dulkes ir klausyk LP","potentialAction":[{"@type":"SearchAction","target":{"@type":"EntryPoint","urlTemplate":"https:\/\/vinilozona.lt\/?s={search_term_string}"},"query-input":{"@type":"PropertyValueSpecification","valueRequired":true,"valueName":"search_term_string"}}],"inLanguage":"en-GB"}]}},"_links":{"self":[{"href":"https:\/\/vinilozona.lt\/en\/wp-json\/wp\/v2\/product\/20857"}],"collection":[{"href":"https:\/\/vinilozona.lt\/en\/wp-json\/wp\/v2\/product"}],"about":[{"href":"https:\/\/vinilozona.lt\/en\/wp-json\/wp\/v2\/types\/product"}],"wp:featuredmedia":[{"embeddable":true,"href":"https:\/\/vinilozona.lt\/en\/wp-json\/wp\/v2\/media\/20858"}],"wp:attachment":[{"href":"https:\/\/vinilozona.lt\/en\/wp-json\/wp\/v2\/media?parent=20857"}],"wp:term":[{"taxonomy":"product_cat","embeddable":true,"href":"https:\/\/vinilozona.lt\/en\/wp-json\/wp\/v2\/product_cat?post=20857"},{"taxonomy":"product_tag","embeddable":true,"href":"https:\/\/vinilozona.lt\/en\/wp-json\/wp\/v2\/product_tag?post=20857"}],"curies":[{"name":"wp","href":"https:\/\/api.w.org\/{rel}","templated":true}]}}