{"id":20750,"date":"2023-09-12T05:06:48","date_gmt":"2023-09-12T02:06:48","guid":{"rendered":"https:\/\/vinilozona.lt\/?post_type=product&#038;p=20750"},"modified":"2023-09-09T10:59:49","modified_gmt":"2023-09-09T07:59:49","slug":"stevie-wonder-looking-back-3lp","status":"publish","type":"product","link":"https:\/\/vinilozona.lt\/en\/parduotuve\/rock-pop\/stevie-wonder-looking-back-3lp\/","title":{"rendered":"Stevie Wonder \u2013 Love Songs"},"content":{"rendered":"<p>A1\t\tMy Cherie Amour<br \/>\nA2\t\tYester-Me, Yester-You, Yesterday<br \/>\nA3\t\tNever Had A Dream Come True<br \/>\nA4\t\tIf You Really Love Me<br \/>\nA5\t\tHeaven Help Us All<br \/>\nA6\t\tNever Dreamed You&#8217;d Leave In Summer<br \/>\nA7\t\tA Place In The Sun<br \/>\nA8\t\tAlfie<br \/>\nB1\t\tFor Once In My Life<br \/>\nB2\t\tWe Can Work It Out<br \/>\nB3\t\tI Was Made To Love Her<br \/>\nB4\t\tDon&#8217;t Know Why I Love You<br \/>\nB5\t\tBlowin&#8217; In The Wind<br \/>\nB6\t\tShoo-Be-Doo-Be-Doo-Da-Day<br \/>\nB7\t\tI&#8217;m Wondering<br \/>\nB8\t\tSigned, Sealed, Delivered I&#8217;m Yours<\/p>","protected":false},"excerpt":{"rendered":"<p>Telstar \u2013 STAR 2251<br \/>\nFormat:<br \/>\nVinyl, LP, Compilation<br \/>\nCountry:\tUK<br \/>\nReleased:\t1984<\/p>","protected":false},"featured_media":22890,"template":"","meta":[],"product_cat":[15],"product_tag":[44],"yoast_head":"<!-- This site is optimized with the Yoast SEO plugin v23.5 - https:\/\/yoast.com\/wordpress\/plugins\/seo\/ -->\n<title>Stevie Wonder \u2013 Love Songs Vinilin\u0117 Plok\u0161tel\u0117 | Vinilozona.lt<\/title>\n<meta name=\"robots\" content=\"index, follow, max-snippet:-1, max-image-preview:large, max-video-preview:-1\" \/>\n<link rel=\"canonical\" href=\"https:\/\/vinilozona.lt\/en\/parduotuve\/rock-pop\/stevie-wonder-looking-back-3lp\/\" \/>\n<meta property=\"og:locale\" content=\"en_GB\" \/>\n<meta property=\"og:type\" content=\"article\" \/>\n<meta property=\"og:title\" content=\"Stevie Wonder \u2013 Love Songs Vinilin\u0117 Plok\u0161tel\u0117 | Vinilozona.lt\" \/>\n<meta property=\"og:description\" content=\"Telstar \u2013 STAR 2251 Format:  Vinyl, LP, Compilation Country: UK Released: 1984\" \/>\n<meta property=\"og:url\" content=\"https:\/\/vinilozona.lt\/en\/parduotuve\/rock-pop\/stevie-wonder-looking-back-3lp\/\" \/>\n<meta property=\"og:site_name\" content=\"Vinilo Zona\" \/>\n<meta property=\"article:modified_time\" content=\"2023-09-09T07:59:49+00:00\" \/>\n<meta property=\"og:image\" content=\"https:\/\/vinilozona.lt\/wp-content\/uploads\/2022\/11\/R-795120-1518195665-2530.jpg\" \/>\n\t<meta property=\"og:image:width\" content=\"599\" \/>\n\t<meta property=\"og:image:height\" content=\"598\" \/>\n\t<meta property=\"og:image:type\" content=\"image\/jpeg\" \/>\n<meta name=\"twitter:card\" content=\"summary_large_image\" \/>\n<script type=\"application\/ld+json\" class=\"yoast-schema-graph\">{\"@context\":\"https:\/\/schema.org\",\"@graph\":[{\"@type\":\"WebPage\",\"@id\":\"https:\/\/vinilozona.lt\/parduotuve\/rock-pop\/stevie-wonder-looking-back-3lp\/\",\"url\":\"https:\/\/vinilozona.lt\/parduotuve\/rock-pop\/stevie-wonder-looking-back-3lp\/\",\"name\":\"Stevie Wonder \u2013 Love Songs Vinilin\u0117 Plok\u0161tel\u0117 | Vinilozona.lt\",\"isPartOf\":{\"@id\":\"https:\/\/vinilozona.lt\/#website\"},\"primaryImageOfPage\":{\"@id\":\"https:\/\/vinilozona.lt\/parduotuve\/rock-pop\/stevie-wonder-looking-back-3lp\/#primaryimage\"},\"image\":{\"@id\":\"https:\/\/vinilozona.lt\/parduotuve\/rock-pop\/stevie-wonder-looking-back-3lp\/#primaryimage\"},\"thumbnailUrl\":\"https:\/\/vinilozona.lt\/wp-content\/uploads\/2022\/11\/R-795120-1518195665-2530.jpg\",\"datePublished\":\"2023-09-12T02:06:48+00:00\",\"dateModified\":\"2023-09-09T07:59:49+00:00\",\"breadcrumb\":{\"@id\":\"https:\/\/vinilozona.lt\/parduotuve\/rock-pop\/stevie-wonder-looking-back-3lp\/#breadcrumb\"},\"inLanguage\":\"en-GB\",\"potentialAction\":[{\"@type\":\"ReadAction\",\"target\":[\"https:\/\/vinilozona.lt\/parduotuve\/rock-pop\/stevie-wonder-looking-back-3lp\/\"]}]},{\"@type\":\"ImageObject\",\"inLanguage\":\"en-GB\",\"@id\":\"https:\/\/vinilozona.lt\/parduotuve\/rock-pop\/stevie-wonder-looking-back-3lp\/#primaryimage\",\"url\":\"https:\/\/vinilozona.lt\/wp-content\/uploads\/2022\/11\/R-795120-1518195665-2530.jpg\",\"contentUrl\":\"https:\/\/vinilozona.lt\/wp-content\/uploads\/2022\/11\/R-795120-1518195665-2530.jpg\",\"width\":599,\"height\":598},{\"@type\":\"BreadcrumbList\",\"@id\":\"https:\/\/vinilozona.lt\/parduotuve\/rock-pop\/stevie-wonder-looking-back-3lp\/#breadcrumb\",\"itemListElement\":[{\"@type\":\"ListItem\",\"position\":1,\"name\":\"Home\",\"item\":\"https:\/\/vinilozona.lt\/\"},{\"@type\":\"ListItem\",\"position\":2,\"name\":\"Parduotuv\u0117\",\"item\":\"https:\/\/vinilozona.lt\/parduotuve\/\"},{\"@type\":\"ListItem\",\"position\":3,\"name\":\"Stevie Wonder \u2013 Love Songs\"}]},{\"@type\":\"WebSite\",\"@id\":\"https:\/\/vinilozona.lt\/#website\",\"url\":\"https:\/\/vinilozona.lt\/\",\"name\":\"Vinilo Zona\",\"description\":\"Nup\u016bsk dulkes ir klausyk LP\",\"potentialAction\":[{\"@type\":\"SearchAction\",\"target\":{\"@type\":\"EntryPoint\",\"urlTemplate\":\"https:\/\/vinilozona.lt\/?s={search_term_string}\"},\"query-input\":{\"@type\":\"PropertyValueSpecification\",\"valueRequired\":true,\"valueName\":\"search_term_string\"}}],\"inLanguage\":\"en-GB\"}]}<\/script>\n<!-- \/ Yoast SEO plugin. -->","yoast_head_json":{"title":"Stevie Wonder \u2013 Love Songs Vinilin\u0117 Plok\u0161tel\u0117 | Vinilozona.lt","robots":{"index":"index","follow":"follow","max-snippet":"max-snippet:-1","max-image-preview":"max-image-preview:large","max-video-preview":"max-video-preview:-1"},"canonical":"https:\/\/vinilozona.lt\/en\/parduotuve\/rock-pop\/stevie-wonder-looking-back-3lp\/","og_locale":"en_GB","og_type":"article","og_title":"Stevie Wonder \u2013 Love Songs Vinilin\u0117 Plok\u0161tel\u0117 | Vinilozona.lt","og_description":"Telstar \u2013 STAR 2251 Format:  Vinyl, LP, Compilation Country: UK Released: 1984","og_url":"https:\/\/vinilozona.lt\/en\/parduotuve\/rock-pop\/stevie-wonder-looking-back-3lp\/","og_site_name":"Vinilo Zona","article_modified_time":"2023-09-09T07:59:49+00:00","og_image":[{"width":599,"height":598,"url":"https:\/\/vinilozona.lt\/wp-content\/uploads\/2022\/11\/R-795120-1518195665-2530.jpg","type":"image\/jpeg"}],"twitter_card":"summary_large_image","schema":{"@context":"https:\/\/schema.org","@graph":[{"@type":"WebPage","@id":"https:\/\/vinilozona.lt\/parduotuve\/rock-pop\/stevie-wonder-looking-back-3lp\/","url":"https:\/\/vinilozona.lt\/parduotuve\/rock-pop\/stevie-wonder-looking-back-3lp\/","name":"Stevie Wonder \u2013 Love Songs Vinilin\u0117 Plok\u0161tel\u0117 | Vinilozona.lt","isPartOf":{"@id":"https:\/\/vinilozona.lt\/#website"},"primaryImageOfPage":{"@id":"https:\/\/vinilozona.lt\/parduotuve\/rock-pop\/stevie-wonder-looking-back-3lp\/#primaryimage"},"image":{"@id":"https:\/\/vinilozona.lt\/parduotuve\/rock-pop\/stevie-wonder-looking-back-3lp\/#primaryimage"},"thumbnailUrl":"https:\/\/vinilozona.lt\/wp-content\/uploads\/2022\/11\/R-795120-1518195665-2530.jpg","datePublished":"2023-09-12T02:06:48+00:00","dateModified":"2023-09-09T07:59:49+00:00","breadcrumb":{"@id":"https:\/\/vinilozona.lt\/parduotuve\/rock-pop\/stevie-wonder-looking-back-3lp\/#breadcrumb"},"inLanguage":"en-GB","potentialAction":[{"@type":"ReadAction","target":["https:\/\/vinilozona.lt\/parduotuve\/rock-pop\/stevie-wonder-looking-back-3lp\/"]}]},{"@type":"ImageObject","inLanguage":"en-GB","@id":"https:\/\/vinilozona.lt\/parduotuve\/rock-pop\/stevie-wonder-looking-back-3lp\/#primaryimage","url":"https:\/\/vinilozona.lt\/wp-content\/uploads\/2022\/11\/R-795120-1518195665-2530.jpg","contentUrl":"https:\/\/vinilozona.lt\/wp-content\/uploads\/2022\/11\/R-795120-1518195665-2530.jpg","width":599,"height":598},{"@type":"BreadcrumbList","@id":"https:\/\/vinilozona.lt\/parduotuve\/rock-pop\/stevie-wonder-looking-back-3lp\/#breadcrumb","itemListElement":[{"@type":"ListItem","position":1,"name":"Home","item":"https:\/\/vinilozona.lt\/"},{"@type":"ListItem","position":2,"name":"Parduotuv\u0117","item":"https:\/\/vinilozona.lt\/parduotuve\/"},{"@type":"ListItem","position":3,"name":"Stevie Wonder \u2013 Love Songs"}]},{"@type":"WebSite","@id":"https:\/\/vinilozona.lt\/#website","url":"https:\/\/vinilozona.lt\/","name":"Vinilo Zona","description":"Nup\u016bsk dulkes ir klausyk LP","potentialAction":[{"@type":"SearchAction","target":{"@type":"EntryPoint","urlTemplate":"https:\/\/vinilozona.lt\/?s={search_term_string}"},"query-input":{"@type":"PropertyValueSpecification","valueRequired":true,"valueName":"search_term_string"}}],"inLanguage":"en-GB"}]}},"_links":{"self":[{"href":"https:\/\/vinilozona.lt\/en\/wp-json\/wp\/v2\/product\/20750"}],"collection":[{"href":"https:\/\/vinilozona.lt\/en\/wp-json\/wp\/v2\/product"}],"about":[{"href":"https:\/\/vinilozona.lt\/en\/wp-json\/wp\/v2\/types\/product"}],"wp:featuredmedia":[{"embeddable":true,"href":"https:\/\/vinilozona.lt\/en\/wp-json\/wp\/v2\/media\/22890"}],"wp:attachment":[{"href":"https:\/\/vinilozona.lt\/en\/wp-json\/wp\/v2\/media?parent=20750"}],"wp:term":[{"taxonomy":"product_cat","embeddable":true,"href":"https:\/\/vinilozona.lt\/en\/wp-json\/wp\/v2\/product_cat?post=20750"},{"taxonomy":"product_tag","embeddable":true,"href":"https:\/\/vinilozona.lt\/en\/wp-json\/wp\/v2\/product_tag?post=20750"}],"curies":[{"name":"wp","href":"https:\/\/api.w.org\/{rel}","templated":true}]}}