{"id":2073,"date":"2025-05-31T18:55:08","date_gmt":"2025-05-31T15:55:08","guid":{"rendered":"https:\/\/vinylhome.lt\/?post_type=product&#038;p=2073"},"modified":"2025-05-31T19:13:02","modified_gmt":"2025-05-31T16:13:02","slug":"emerson-lake-palmer-%e2%80%8e-love-beach","status":"publish","type":"product","link":"https:\/\/vinilozona.lt\/en\/parduotuve\/rock-pop\/emerson-lake-palmer-%e2%80%8e-love-beach\/","title":{"rendered":"Emerson, Lake &#038; Palmer \u200e\u2013 Love Beach"},"content":{"rendered":"<p>A1\t\tAll I Want Is You 2:33<br \/>\nA2\t\tLove Beach 2:44<br \/>\nA3\t\tTaste Of My Love 3:31<br \/>\nA4\t\tThe Gambler 3:19<br \/>\nA5\t\tFor You 4:25<br \/>\nA6\t\tCanario (From Fantasia Para Un Gentilhombre) 3:57<\/p>\n<p>Memoirs Of An Officer And A Gentleman<br \/>\nB1.a\t\tPrologue \/ The Education Of A Gentleman 5:33<br \/>\nB1.b\t\tLove At First Sight 5:37<br \/>\nB1.c\t\tLetters From The Front 5:18<br \/>\nB1.d\t\tHonourable Company (A March) 3:45<\/p>","protected":false},"excerpt":{"rendered":"<p>Label: Atlantic \u2013 KSD 19211<br \/>\nFormat: Vinyl, LP, Album, Stereo<br \/>\nCountry: Canada<br \/>\nReleased: Nov 1978<\/p>","protected":false},"featured_media":2074,"template":"","meta":[],"product_cat":[15],"product_tag":[55],"yoast_head":"<!-- This site is optimized with the Yoast SEO plugin v23.5 - https:\/\/yoast.com\/wordpress\/plugins\/seo\/ -->\n<title>Emerson, Lake &amp; Palmer \u200e\u2013 Love Beach Vinilin\u0117 Plok\u0161tel\u0117 | Vinilozona.lt<\/title>\n<meta name=\"robots\" content=\"index, follow, max-snippet:-1, max-image-preview:large, max-video-preview:-1\" \/>\n<link rel=\"canonical\" href=\"https:\/\/vinilozona.lt\/en\/parduotuve\/rock-pop\/emerson-lake-palmer-\u200e-love-beach\/\" \/>\n<meta property=\"og:locale\" content=\"en_GB\" \/>\n<meta property=\"og:type\" content=\"article\" \/>\n<meta property=\"og:title\" content=\"Emerson, Lake &amp; Palmer \u200e\u2013 Love Beach Vinilin\u0117 Plok\u0161tel\u0117 | Vinilozona.lt\" \/>\n<meta property=\"og:description\" content=\"Label: Atlantic \u2013 KSD 19211 Format: Vinyl, LP, Album, Stereo Country: Canada Released: Nov 1978\" \/>\n<meta property=\"og:url\" content=\"https:\/\/vinilozona.lt\/en\/parduotuve\/rock-pop\/emerson-lake-palmer-\u200e-love-beach\/\" \/>\n<meta property=\"og:site_name\" content=\"Vinilo Zona\" \/>\n<meta property=\"article:modified_time\" content=\"2025-05-31T16:13:02+00:00\" \/>\n<meta property=\"og:image\" content=\"https:\/\/vinilozona.lt\/wp-content\/uploads\/2020\/01\/emerson-lake-palmer-love-beach-2-1.jpg\" \/>\n\t<meta property=\"og:image:width\" content=\"800\" \/>\n\t<meta property=\"og:image:height\" content=\"600\" \/>\n\t<meta property=\"og:image:type\" content=\"image\/jpeg\" \/>\n<meta name=\"twitter:card\" content=\"summary_large_image\" \/>\n<meta name=\"twitter:label1\" content=\"Estimated reading time\" \/>\n\t<meta name=\"twitter:data1\" content=\"1 minute\" \/>\n<script type=\"application\/ld+json\" class=\"yoast-schema-graph\">{\"@context\":\"https:\/\/schema.org\",\"@graph\":[{\"@type\":\"WebPage\",\"@id\":\"https:\/\/vinilozona.lt\/parduotuve\/rock-pop\/emerson-lake-palmer-%e2%80%8e-love-beach\/\",\"url\":\"https:\/\/vinilozona.lt\/parduotuve\/rock-pop\/emerson-lake-palmer-%e2%80%8e-love-beach\/\",\"name\":\"Emerson, Lake & Palmer \u200e\u2013 Love Beach Vinilin\u0117 Plok\u0161tel\u0117 | Vinilozona.lt\",\"isPartOf\":{\"@id\":\"https:\/\/vinilozona.lt\/#website\"},\"primaryImageOfPage\":{\"@id\":\"https:\/\/vinilozona.lt\/parduotuve\/rock-pop\/emerson-lake-palmer-%e2%80%8e-love-beach\/#primaryimage\"},\"image\":{\"@id\":\"https:\/\/vinilozona.lt\/parduotuve\/rock-pop\/emerson-lake-palmer-%e2%80%8e-love-beach\/#primaryimage\"},\"thumbnailUrl\":\"https:\/\/vinilozona.lt\/wp-content\/uploads\/2020\/01\/emerson-lake-palmer-love-beach-2-1.jpg\",\"datePublished\":\"2025-05-31T15:55:08+00:00\",\"dateModified\":\"2025-05-31T16:13:02+00:00\",\"breadcrumb\":{\"@id\":\"https:\/\/vinilozona.lt\/parduotuve\/rock-pop\/emerson-lake-palmer-%e2%80%8e-love-beach\/#breadcrumb\"},\"inLanguage\":\"en-GB\",\"potentialAction\":[{\"@type\":\"ReadAction\",\"target\":[\"https:\/\/vinilozona.lt\/parduotuve\/rock-pop\/emerson-lake-palmer-%e2%80%8e-love-beach\/\"]}]},{\"@type\":\"ImageObject\",\"inLanguage\":\"en-GB\",\"@id\":\"https:\/\/vinilozona.lt\/parduotuve\/rock-pop\/emerson-lake-palmer-%e2%80%8e-love-beach\/#primaryimage\",\"url\":\"https:\/\/vinilozona.lt\/wp-content\/uploads\/2020\/01\/emerson-lake-palmer-love-beach-2-1.jpg\",\"contentUrl\":\"https:\/\/vinilozona.lt\/wp-content\/uploads\/2020\/01\/emerson-lake-palmer-love-beach-2-1.jpg\",\"width\":800,\"height\":600},{\"@type\":\"BreadcrumbList\",\"@id\":\"https:\/\/vinilozona.lt\/parduotuve\/rock-pop\/emerson-lake-palmer-%e2%80%8e-love-beach\/#breadcrumb\",\"itemListElement\":[{\"@type\":\"ListItem\",\"position\":1,\"name\":\"Home\",\"item\":\"https:\/\/vinilozona.lt\/\"},{\"@type\":\"ListItem\",\"position\":2,\"name\":\"Parduotuv\u0117\",\"item\":\"https:\/\/vinilozona.lt\/parduotuve\/\"},{\"@type\":\"ListItem\",\"position\":3,\"name\":\"Emerson, Lake &#038; Palmer \u200e\u2013 Love Beach\"}]},{\"@type\":\"WebSite\",\"@id\":\"https:\/\/vinilozona.lt\/#website\",\"url\":\"https:\/\/vinilozona.lt\/\",\"name\":\"Vinilo Zona\",\"description\":\"Nup\u016bsk dulkes ir klausyk LP\",\"potentialAction\":[{\"@type\":\"SearchAction\",\"target\":{\"@type\":\"EntryPoint\",\"urlTemplate\":\"https:\/\/vinilozona.lt\/?s={search_term_string}\"},\"query-input\":{\"@type\":\"PropertyValueSpecification\",\"valueRequired\":true,\"valueName\":\"search_term_string\"}}],\"inLanguage\":\"en-GB\"}]}<\/script>\n<!-- \/ Yoast SEO plugin. -->","yoast_head_json":{"title":"Emerson, Lake & Palmer \u200e\u2013 Love Beach Vinilin\u0117 Plok\u0161tel\u0117 | Vinilozona.lt","robots":{"index":"index","follow":"follow","max-snippet":"max-snippet:-1","max-image-preview":"max-image-preview:large","max-video-preview":"max-video-preview:-1"},"canonical":"https:\/\/vinilozona.lt\/en\/parduotuve\/rock-pop\/emerson-lake-palmer-\u200e-love-beach\/","og_locale":"en_GB","og_type":"article","og_title":"Emerson, Lake & Palmer \u200e\u2013 Love Beach Vinilin\u0117 Plok\u0161tel\u0117 | Vinilozona.lt","og_description":"Label: Atlantic \u2013 KSD 19211 Format: Vinyl, LP, Album, Stereo Country: Canada Released: Nov 1978","og_url":"https:\/\/vinilozona.lt\/en\/parduotuve\/rock-pop\/emerson-lake-palmer-\u200e-love-beach\/","og_site_name":"Vinilo Zona","article_modified_time":"2025-05-31T16:13:02+00:00","og_image":[{"width":800,"height":600,"url":"https:\/\/vinilozona.lt\/wp-content\/uploads\/2020\/01\/emerson-lake-palmer-love-beach-2-1.jpg","type":"image\/jpeg"}],"twitter_card":"summary_large_image","twitter_misc":{"Estimated reading time":"1 minute"},"schema":{"@context":"https:\/\/schema.org","@graph":[{"@type":"WebPage","@id":"https:\/\/vinilozona.lt\/parduotuve\/rock-pop\/emerson-lake-palmer-%e2%80%8e-love-beach\/","url":"https:\/\/vinilozona.lt\/parduotuve\/rock-pop\/emerson-lake-palmer-%e2%80%8e-love-beach\/","name":"Emerson, Lake & Palmer \u200e\u2013 Love Beach Vinilin\u0117 Plok\u0161tel\u0117 | Vinilozona.lt","isPartOf":{"@id":"https:\/\/vinilozona.lt\/#website"},"primaryImageOfPage":{"@id":"https:\/\/vinilozona.lt\/parduotuve\/rock-pop\/emerson-lake-palmer-%e2%80%8e-love-beach\/#primaryimage"},"image":{"@id":"https:\/\/vinilozona.lt\/parduotuve\/rock-pop\/emerson-lake-palmer-%e2%80%8e-love-beach\/#primaryimage"},"thumbnailUrl":"https:\/\/vinilozona.lt\/wp-content\/uploads\/2020\/01\/emerson-lake-palmer-love-beach-2-1.jpg","datePublished":"2025-05-31T15:55:08+00:00","dateModified":"2025-05-31T16:13:02+00:00","breadcrumb":{"@id":"https:\/\/vinilozona.lt\/parduotuve\/rock-pop\/emerson-lake-palmer-%e2%80%8e-love-beach\/#breadcrumb"},"inLanguage":"en-GB","potentialAction":[{"@type":"ReadAction","target":["https:\/\/vinilozona.lt\/parduotuve\/rock-pop\/emerson-lake-palmer-%e2%80%8e-love-beach\/"]}]},{"@type":"ImageObject","inLanguage":"en-GB","@id":"https:\/\/vinilozona.lt\/parduotuve\/rock-pop\/emerson-lake-palmer-%e2%80%8e-love-beach\/#primaryimage","url":"https:\/\/vinilozona.lt\/wp-content\/uploads\/2020\/01\/emerson-lake-palmer-love-beach-2-1.jpg","contentUrl":"https:\/\/vinilozona.lt\/wp-content\/uploads\/2020\/01\/emerson-lake-palmer-love-beach-2-1.jpg","width":800,"height":600},{"@type":"BreadcrumbList","@id":"https:\/\/vinilozona.lt\/parduotuve\/rock-pop\/emerson-lake-palmer-%e2%80%8e-love-beach\/#breadcrumb","itemListElement":[{"@type":"ListItem","position":1,"name":"Home","item":"https:\/\/vinilozona.lt\/"},{"@type":"ListItem","position":2,"name":"Parduotuv\u0117","item":"https:\/\/vinilozona.lt\/parduotuve\/"},{"@type":"ListItem","position":3,"name":"Emerson, Lake &#038; Palmer \u200e\u2013 Love Beach"}]},{"@type":"WebSite","@id":"https:\/\/vinilozona.lt\/#website","url":"https:\/\/vinilozona.lt\/","name":"Vinilo Zona","description":"Nup\u016bsk dulkes ir klausyk LP","potentialAction":[{"@type":"SearchAction","target":{"@type":"EntryPoint","urlTemplate":"https:\/\/vinilozona.lt\/?s={search_term_string}"},"query-input":{"@type":"PropertyValueSpecification","valueRequired":true,"valueName":"search_term_string"}}],"inLanguage":"en-GB"}]}},"_links":{"self":[{"href":"https:\/\/vinilozona.lt\/en\/wp-json\/wp\/v2\/product\/2073"}],"collection":[{"href":"https:\/\/vinilozona.lt\/en\/wp-json\/wp\/v2\/product"}],"about":[{"href":"https:\/\/vinilozona.lt\/en\/wp-json\/wp\/v2\/types\/product"}],"wp:featuredmedia":[{"embeddable":true,"href":"https:\/\/vinilozona.lt\/en\/wp-json\/wp\/v2\/media\/2074"}],"wp:attachment":[{"href":"https:\/\/vinilozona.lt\/en\/wp-json\/wp\/v2\/media?parent=2073"}],"wp:term":[{"taxonomy":"product_cat","embeddable":true,"href":"https:\/\/vinilozona.lt\/en\/wp-json\/wp\/v2\/product_cat?post=2073"},{"taxonomy":"product_tag","embeddable":true,"href":"https:\/\/vinilozona.lt\/en\/wp-json\/wp\/v2\/product_tag?post=2073"}],"curies":[{"name":"wp","href":"https:\/\/api.w.org\/{rel}","templated":true}]}}