{"id":20702,"date":"2023-06-20T05:00:48","date_gmt":"2023-06-20T02:00:48","guid":{"rendered":"https:\/\/vinilozona.lt\/?post_type=product&#038;p=20702"},"modified":"2023-10-24T16:37:33","modified_gmt":"2023-10-24T13:37:33","slug":"joe-cocker-no-ordinary-world-cd","status":"publish","type":"product","link":"https:\/\/vinilozona.lt\/en\/parduotuve\/cd\/naudoti-cd\/joe-cocker-no-ordinary-world-cd\/","title":{"rendered":"Queen \u2013  Absolute Greatest CD"},"content":{"rendered":"<p>1\tQueen\u2013\tWe Will Rock You  2:02<br \/>\n2\tQueen\u2013\tWe Are The Champions  3:01<br \/>\n3\tQueen\u2013\tRadio Ga Ga 5:48<br \/>\n4\tQueen\u2013\tAnother One Bites The Dust  3:35<br \/>\n5\tQueen\u2013\tI Want It All  4:01<br \/>\n6\tQueen\u2013\tCrazy Little Thing Called Love  2:44<br \/>\n7\tQueen\u2013\tA Kind Of Magic  4:25<br \/>\n8\tQueen And David Bowie\u2013\tUnder Pressure  4:03<br \/>\n9\tQueen\u2013\tOne Vision  4:04<br \/>\n10\tQueen\u2013\tYou&#8217;re My Best Friend   2:51<br \/>\n11\tQueen\u2013\tDon&#8217;t Stop Me Now  3:30<br \/>\n12\tQueen\u2013\tKiller Queen  3:00<br \/>\n13\tQueen\u2013\tThese Are The Days Of Our Lives  4:13<br \/>\n14\tQueen\u2013\tWho Wants To Live Forever  4:55<br \/>\n15\tQueen\u2013\tSeven Seas Of Rhye 2:46<br \/>\n16\tQueen\u2013\tHeaven For Everyone  4:43<br \/>\n17\tQueen\u2013\tSomebody To Love  4:55<br \/>\n18\tQueen\u2013\tI Want To Break Free  4:19<br \/>\n19\tQueen\u2013\tThe Show Must Go On  4:32<br \/>\n20\tQueen\u2013\tBohemian Rhapsody  5:56<\/p>","protected":false},"excerpt":{"rendered":"<p>Parlophone \u2013 50999 6 86642 2 0, Parlophone \u2013 5099968664220<br \/>\nFormat:<br \/>\nCD, Compilation, Remastered<br \/>\nCountry:\tUK &#038; Europe<br \/>\nReleased:\tNov 16, 2009<\/p>","protected":false},"featured_media":22400,"template":"","meta":[],"product_cat":[24,946],"product_tag":[44],"yoast_head":"<!-- This site is optimized with the Yoast SEO plugin v23.5 - https:\/\/yoast.com\/wordpress\/plugins\/seo\/ -->\n<title>Queen \u2013 Absolute Greatest CD Vinilin\u0117 Plok\u0161tel\u0117 | Vinilozona.lt<\/title>\n<meta name=\"robots\" content=\"index, follow, max-snippet:-1, max-image-preview:large, max-video-preview:-1\" \/>\n<link rel=\"canonical\" href=\"https:\/\/vinilozona.lt\/en\/parduotuve\/cd\/naudoti-cd\/joe-cocker-no-ordinary-world-cd\/\" \/>\n<meta property=\"og:locale\" content=\"en_GB\" \/>\n<meta property=\"og:type\" content=\"article\" \/>\n<meta property=\"og:title\" content=\"Queen \u2013 Absolute Greatest CD Vinilin\u0117 Plok\u0161tel\u0117 | Vinilozona.lt\" \/>\n<meta property=\"og:description\" content=\"Parlophone \u2013 50999 6 86642 2 0, Parlophone \u2013 5099968664220 Format:  CD, Compilation, Remastered Country: UK &amp; Europe Released: Nov 16, 2009\" \/>\n<meta property=\"og:url\" content=\"https:\/\/vinilozona.lt\/en\/parduotuve\/cd\/naudoti-cd\/joe-cocker-no-ordinary-world-cd\/\" \/>\n<meta property=\"og:site_name\" content=\"Vinilo Zona\" \/>\n<meta property=\"article:modified_time\" content=\"2023-10-24T13:37:33+00:00\" \/>\n<meta property=\"og:image\" content=\"https:\/\/vinilozona.lt\/wp-content\/uploads\/2023\/06\/R-2037433-1427221073-9795.jpg\" \/>\n\t<meta property=\"og:image:width\" content=\"600\" \/>\n\t<meta property=\"og:image:height\" content=\"600\" \/>\n\t<meta property=\"og:image:type\" content=\"image\/jpeg\" \/>\n<meta name=\"twitter:card\" content=\"summary_large_image\" \/>\n<meta name=\"twitter:label1\" content=\"Estimated reading time\" \/>\n\t<meta name=\"twitter:data1\" content=\"1 minute\" \/>\n<script type=\"application\/ld+json\" class=\"yoast-schema-graph\">{\"@context\":\"https:\/\/schema.org\",\"@graph\":[{\"@type\":\"WebPage\",\"@id\":\"https:\/\/vinilozona.lt\/parduotuve\/cd\/naudoti-cd\/joe-cocker-no-ordinary-world-cd\/\",\"url\":\"https:\/\/vinilozona.lt\/parduotuve\/cd\/naudoti-cd\/joe-cocker-no-ordinary-world-cd\/\",\"name\":\"Queen \u2013 Absolute Greatest CD Vinilin\u0117 Plok\u0161tel\u0117 | Vinilozona.lt\",\"isPartOf\":{\"@id\":\"https:\/\/vinilozona.lt\/#website\"},\"primaryImageOfPage\":{\"@id\":\"https:\/\/vinilozona.lt\/parduotuve\/cd\/naudoti-cd\/joe-cocker-no-ordinary-world-cd\/#primaryimage\"},\"image\":{\"@id\":\"https:\/\/vinilozona.lt\/parduotuve\/cd\/naudoti-cd\/joe-cocker-no-ordinary-world-cd\/#primaryimage\"},\"thumbnailUrl\":\"https:\/\/vinilozona.lt\/wp-content\/uploads\/2023\/06\/R-2037433-1427221073-9795.jpg\",\"datePublished\":\"2023-06-20T02:00:48+00:00\",\"dateModified\":\"2023-10-24T13:37:33+00:00\",\"breadcrumb\":{\"@id\":\"https:\/\/vinilozona.lt\/parduotuve\/cd\/naudoti-cd\/joe-cocker-no-ordinary-world-cd\/#breadcrumb\"},\"inLanguage\":\"en-GB\",\"potentialAction\":[{\"@type\":\"ReadAction\",\"target\":[\"https:\/\/vinilozona.lt\/parduotuve\/cd\/naudoti-cd\/joe-cocker-no-ordinary-world-cd\/\"]}]},{\"@type\":\"ImageObject\",\"inLanguage\":\"en-GB\",\"@id\":\"https:\/\/vinilozona.lt\/parduotuve\/cd\/naudoti-cd\/joe-cocker-no-ordinary-world-cd\/#primaryimage\",\"url\":\"https:\/\/vinilozona.lt\/wp-content\/uploads\/2023\/06\/R-2037433-1427221073-9795.jpg\",\"contentUrl\":\"https:\/\/vinilozona.lt\/wp-content\/uploads\/2023\/06\/R-2037433-1427221073-9795.jpg\",\"width\":600,\"height\":600},{\"@type\":\"BreadcrumbList\",\"@id\":\"https:\/\/vinilozona.lt\/parduotuve\/cd\/naudoti-cd\/joe-cocker-no-ordinary-world-cd\/#breadcrumb\",\"itemListElement\":[{\"@type\":\"ListItem\",\"position\":1,\"name\":\"Home\",\"item\":\"https:\/\/vinilozona.lt\/\"},{\"@type\":\"ListItem\",\"position\":2,\"name\":\"Parduotuv\u0117\",\"item\":\"https:\/\/vinilozona.lt\/parduotuve\/\"},{\"@type\":\"ListItem\",\"position\":3,\"name\":\"Queen \u2013 Absolute Greatest CD\"}]},{\"@type\":\"WebSite\",\"@id\":\"https:\/\/vinilozona.lt\/#website\",\"url\":\"https:\/\/vinilozona.lt\/\",\"name\":\"Vinilo Zona\",\"description\":\"Nup\u016bsk dulkes ir klausyk LP\",\"potentialAction\":[{\"@type\":\"SearchAction\",\"target\":{\"@type\":\"EntryPoint\",\"urlTemplate\":\"https:\/\/vinilozona.lt\/?s={search_term_string}\"},\"query-input\":{\"@type\":\"PropertyValueSpecification\",\"valueRequired\":true,\"valueName\":\"search_term_string\"}}],\"inLanguage\":\"en-GB\"}]}<\/script>\n<!-- \/ Yoast SEO plugin. -->","yoast_head_json":{"title":"Queen \u2013 Absolute Greatest CD Vinilin\u0117 Plok\u0161tel\u0117 | Vinilozona.lt","robots":{"index":"index","follow":"follow","max-snippet":"max-snippet:-1","max-image-preview":"max-image-preview:large","max-video-preview":"max-video-preview:-1"},"canonical":"https:\/\/vinilozona.lt\/en\/parduotuve\/cd\/naudoti-cd\/joe-cocker-no-ordinary-world-cd\/","og_locale":"en_GB","og_type":"article","og_title":"Queen \u2013 Absolute Greatest CD Vinilin\u0117 Plok\u0161tel\u0117 | Vinilozona.lt","og_description":"Parlophone \u2013 50999 6 86642 2 0, Parlophone \u2013 5099968664220 Format:  CD, Compilation, Remastered Country: UK & Europe Released: Nov 16, 2009","og_url":"https:\/\/vinilozona.lt\/en\/parduotuve\/cd\/naudoti-cd\/joe-cocker-no-ordinary-world-cd\/","og_site_name":"Vinilo Zona","article_modified_time":"2023-10-24T13:37:33+00:00","og_image":[{"width":600,"height":600,"url":"https:\/\/vinilozona.lt\/wp-content\/uploads\/2023\/06\/R-2037433-1427221073-9795.jpg","type":"image\/jpeg"}],"twitter_card":"summary_large_image","twitter_misc":{"Estimated reading time":"1 minute"},"schema":{"@context":"https:\/\/schema.org","@graph":[{"@type":"WebPage","@id":"https:\/\/vinilozona.lt\/parduotuve\/cd\/naudoti-cd\/joe-cocker-no-ordinary-world-cd\/","url":"https:\/\/vinilozona.lt\/parduotuve\/cd\/naudoti-cd\/joe-cocker-no-ordinary-world-cd\/","name":"Queen \u2013 Absolute Greatest CD Vinilin\u0117 Plok\u0161tel\u0117 | Vinilozona.lt","isPartOf":{"@id":"https:\/\/vinilozona.lt\/#website"},"primaryImageOfPage":{"@id":"https:\/\/vinilozona.lt\/parduotuve\/cd\/naudoti-cd\/joe-cocker-no-ordinary-world-cd\/#primaryimage"},"image":{"@id":"https:\/\/vinilozona.lt\/parduotuve\/cd\/naudoti-cd\/joe-cocker-no-ordinary-world-cd\/#primaryimage"},"thumbnailUrl":"https:\/\/vinilozona.lt\/wp-content\/uploads\/2023\/06\/R-2037433-1427221073-9795.jpg","datePublished":"2023-06-20T02:00:48+00:00","dateModified":"2023-10-24T13:37:33+00:00","breadcrumb":{"@id":"https:\/\/vinilozona.lt\/parduotuve\/cd\/naudoti-cd\/joe-cocker-no-ordinary-world-cd\/#breadcrumb"},"inLanguage":"en-GB","potentialAction":[{"@type":"ReadAction","target":["https:\/\/vinilozona.lt\/parduotuve\/cd\/naudoti-cd\/joe-cocker-no-ordinary-world-cd\/"]}]},{"@type":"ImageObject","inLanguage":"en-GB","@id":"https:\/\/vinilozona.lt\/parduotuve\/cd\/naudoti-cd\/joe-cocker-no-ordinary-world-cd\/#primaryimage","url":"https:\/\/vinilozona.lt\/wp-content\/uploads\/2023\/06\/R-2037433-1427221073-9795.jpg","contentUrl":"https:\/\/vinilozona.lt\/wp-content\/uploads\/2023\/06\/R-2037433-1427221073-9795.jpg","width":600,"height":600},{"@type":"BreadcrumbList","@id":"https:\/\/vinilozona.lt\/parduotuve\/cd\/naudoti-cd\/joe-cocker-no-ordinary-world-cd\/#breadcrumb","itemListElement":[{"@type":"ListItem","position":1,"name":"Home","item":"https:\/\/vinilozona.lt\/"},{"@type":"ListItem","position":2,"name":"Parduotuv\u0117","item":"https:\/\/vinilozona.lt\/parduotuve\/"},{"@type":"ListItem","position":3,"name":"Queen \u2013 Absolute Greatest CD"}]},{"@type":"WebSite","@id":"https:\/\/vinilozona.lt\/#website","url":"https:\/\/vinilozona.lt\/","name":"Vinilo Zona","description":"Nup\u016bsk dulkes ir klausyk LP","potentialAction":[{"@type":"SearchAction","target":{"@type":"EntryPoint","urlTemplate":"https:\/\/vinilozona.lt\/?s={search_term_string}"},"query-input":{"@type":"PropertyValueSpecification","valueRequired":true,"valueName":"search_term_string"}}],"inLanguage":"en-GB"}]}},"_links":{"self":[{"href":"https:\/\/vinilozona.lt\/en\/wp-json\/wp\/v2\/product\/20702"}],"collection":[{"href":"https:\/\/vinilozona.lt\/en\/wp-json\/wp\/v2\/product"}],"about":[{"href":"https:\/\/vinilozona.lt\/en\/wp-json\/wp\/v2\/types\/product"}],"wp:featuredmedia":[{"embeddable":true,"href":"https:\/\/vinilozona.lt\/en\/wp-json\/wp\/v2\/media\/22400"}],"wp:attachment":[{"href":"https:\/\/vinilozona.lt\/en\/wp-json\/wp\/v2\/media?parent=20702"}],"wp:term":[{"taxonomy":"product_cat","embeddable":true,"href":"https:\/\/vinilozona.lt\/en\/wp-json\/wp\/v2\/product_cat?post=20702"},{"taxonomy":"product_tag","embeddable":true,"href":"https:\/\/vinilozona.lt\/en\/wp-json\/wp\/v2\/product_tag?post=20702"}],"curies":[{"name":"wp","href":"https:\/\/api.w.org\/{rel}","templated":true}]}}