{"id":20684,"date":"2023-05-20T07:00:49","date_gmt":"2023-05-20T04:00:49","guid":{"rendered":"https:\/\/vinilozona.lt\/?post_type=product&#038;p=20684"},"modified":"2025-02-28T14:07:09","modified_gmt":"2025-02-28T12:07:09","slug":"gregorian-masters-of-chant-chapter-ii-cd","status":"publish","type":"product","link":"https:\/\/vinilozona.lt\/en\/parduotuve\/cd\/naudoti-cd\/gregorian-masters-of-chant-chapter-ii-cd\/","title":{"rendered":"Traveling Wilburys \u2013 The Traveling Wilburys CD"},"content":{"rendered":"<p>\t\tTraveling Wilburys Volume 1 Disc 1<br \/>\nCD1-1\t\tHandle With Care  3:20<br \/>\nCD1-2\t\tDirty World\t3:30<br \/>\nCD1-3\t\tRattled\t3:00<br \/>\nCD1-4\t\tLast Night\t3:48<br \/>\nCD1-5\t\tNot Alone Any More\t3:24<br \/>\nCD1-6\t\tCongratulations\t3:30<br \/>\nCD1-7\t\tHeading For The Light\t3:37<br \/>\nCD1-8\t\tMargarita\t3:16<br \/>\nCD1-9\t\tTweeter And The Monkey Man\t5:30<br \/>\nCD1-10\t\tEnd Of The Line\t3:30<br \/>\nBonus Tracks<br \/>\nCD1-11\t\tMaxine  2:49<br \/>\nCD1-12\t\tLike A Ship  3:31<br \/>\nTraveling Wilburys DVD Disc 2<br \/>\nThe True History Of The Traveling Wilburys  (24:53)<br \/>\nDVD-1.1\t\tLos Angeles Spring 1988\t5:00<br \/>\nDVD-1.2\t\tLast Night\t1:10<br \/>\nDVD-1.3\t\tTweeter And The Monkey Man\t2:08<br \/>\nDVD-1.4\t\tRattled\t1:18<br \/>\nDVD-1.5\t\tDirty World\t3:41<br \/>\nDVD-1.6\t\tNot Alone Any More\t3:08<br \/>\nDVD-1.7\t\tCongratulations\t2:54<br \/>\nDVD-1.8\t\tEnd Of The Line\t5:34<br \/>\nMusic Videos:<br \/>\nDVD-2\t\tHandle With Care  3:18<br \/>\nDVD-3\t\tEnd Of The Line  3:27<br \/>\nDVD-4\t\tShe&#8217;s My Baby  3:12<br \/>\nDVD-5\t\tInside Out 3:33<br \/>\nDVD-6\t\tWilbury Twist  2:56<br \/>\nTraveling Wilburys Volume 3 Disc 3<br \/>\nCD2-1\t\tShe&#8217;s My Baby  3:15<br \/>\nCD2-2\t\tInside Out\t3:35<br \/>\nCD2-3\t\tIf You Belonged To Me\t3:13<br \/>\nCD2-4\t\tThe Devil&#8217;s Been Busy\t3:18<br \/>\nCD2-5\t\t7 Deadly Sins\t3:17<br \/>\nCD2-6\t\tPoor House\t3:16<br \/>\nCD2-7\t\tWhere Were You Last Night\t3:03<br \/>\nCD2-8\t\tCool Dry Place\t3:37<br \/>\nCD2-9\t\tNew Blue Moon\t3:20<br \/>\nCD2-10\t\tYou Took My Breath Away\t3:18<br \/>\nCD2-11\t\tWilbury Twist\t2:58<br \/>\nBonus Tracks<br \/>\nCD2-12\t\tNobody&#8217;s Child  3:28<br \/>\nCD2-13\t\tRunaway  2:30<\/p>","protected":false},"excerpt":{"rendered":"<p>Rhino Records \u2013 8122-79982-4, Wilbury Records \u2013 8122-79982-4<br \/>\nFormat:<br \/>\n2 x CD, Album, Remastered<br \/>\nDVD, DVD-Video, NTSC<br \/>\nAll Media, Compilation<br \/>\nCountry:\tEurope<br \/>\nReleased:\tJun 2007<\/p>","protected":false},"featured_media":22237,"template":"","meta":[],"product_cat":[24,946],"product_tag":[44],"yoast_head":"<!-- This site is optimized with the Yoast SEO plugin v23.5 - https:\/\/yoast.com\/wordpress\/plugins\/seo\/ -->\n<title>Traveling Wilburys \u2013 The Traveling Wilburys CD Vinilin\u0117 Plok\u0161tel\u0117 | Vinilozona.lt<\/title>\n<meta name=\"robots\" content=\"index, follow, max-snippet:-1, max-image-preview:large, max-video-preview:-1\" \/>\n<link rel=\"canonical\" href=\"https:\/\/vinilozona.lt\/en\/parduotuve\/cd\/naudoti-cd\/gregorian-masters-of-chant-chapter-ii-cd\/\" \/>\n<meta property=\"og:locale\" content=\"en_GB\" \/>\n<meta property=\"og:type\" content=\"article\" \/>\n<meta property=\"og:title\" content=\"Traveling Wilburys \u2013 The Traveling Wilburys CD Vinilin\u0117 Plok\u0161tel\u0117 | Vinilozona.lt\" \/>\n<meta property=\"og:description\" content=\"Rhino Records \u2013 8122-79982-4, Wilbury Records \u2013 8122-79982-4 Format:  2 x CD, Album, Remastered DVD, DVD-Video, NTSC All Media, Compilation Country: Europe Released: Jun 2007\" \/>\n<meta property=\"og:url\" content=\"https:\/\/vinilozona.lt\/en\/parduotuve\/cd\/naudoti-cd\/gregorian-masters-of-chant-chapter-ii-cd\/\" \/>\n<meta property=\"og:site_name\" content=\"Vinilo Zona\" \/>\n<meta property=\"article:modified_time\" content=\"2025-02-28T12:07:09+00:00\" \/>\n<meta property=\"og:image\" content=\"https:\/\/vinilozona.lt\/wp-content\/uploads\/2022\/11\/R-1148123-1519139414-7195.jpg\" \/>\n\t<meta property=\"og:image:width\" content=\"599\" \/>\n\t<meta property=\"og:image:height\" content=\"536\" \/>\n\t<meta property=\"og:image:type\" content=\"image\/jpeg\" \/>\n<meta name=\"twitter:card\" content=\"summary_large_image\" \/>\n<meta name=\"twitter:label1\" content=\"Estimated reading time\" \/>\n\t<meta name=\"twitter:data1\" content=\"1 minute\" \/>\n<script type=\"application\/ld+json\" class=\"yoast-schema-graph\">{\"@context\":\"https:\/\/schema.org\",\"@graph\":[{\"@type\":\"WebPage\",\"@id\":\"https:\/\/vinilozona.lt\/parduotuve\/cd\/naudoti-cd\/gregorian-masters-of-chant-chapter-ii-cd\/\",\"url\":\"https:\/\/vinilozona.lt\/parduotuve\/cd\/naudoti-cd\/gregorian-masters-of-chant-chapter-ii-cd\/\",\"name\":\"Traveling Wilburys \u2013 The Traveling Wilburys CD Vinilin\u0117 Plok\u0161tel\u0117 | Vinilozona.lt\",\"isPartOf\":{\"@id\":\"https:\/\/vinilozona.lt\/#website\"},\"primaryImageOfPage\":{\"@id\":\"https:\/\/vinilozona.lt\/parduotuve\/cd\/naudoti-cd\/gregorian-masters-of-chant-chapter-ii-cd\/#primaryimage\"},\"image\":{\"@id\":\"https:\/\/vinilozona.lt\/parduotuve\/cd\/naudoti-cd\/gregorian-masters-of-chant-chapter-ii-cd\/#primaryimage\"},\"thumbnailUrl\":\"https:\/\/vinilozona.lt\/wp-content\/uploads\/2022\/11\/R-1148123-1519139414-7195.jpg\",\"datePublished\":\"2023-05-20T04:00:49+00:00\",\"dateModified\":\"2025-02-28T12:07:09+00:00\",\"breadcrumb\":{\"@id\":\"https:\/\/vinilozona.lt\/parduotuve\/cd\/naudoti-cd\/gregorian-masters-of-chant-chapter-ii-cd\/#breadcrumb\"},\"inLanguage\":\"en-GB\",\"potentialAction\":[{\"@type\":\"ReadAction\",\"target\":[\"https:\/\/vinilozona.lt\/parduotuve\/cd\/naudoti-cd\/gregorian-masters-of-chant-chapter-ii-cd\/\"]}]},{\"@type\":\"ImageObject\",\"inLanguage\":\"en-GB\",\"@id\":\"https:\/\/vinilozona.lt\/parduotuve\/cd\/naudoti-cd\/gregorian-masters-of-chant-chapter-ii-cd\/#primaryimage\",\"url\":\"https:\/\/vinilozona.lt\/wp-content\/uploads\/2022\/11\/R-1148123-1519139414-7195.jpg\",\"contentUrl\":\"https:\/\/vinilozona.lt\/wp-content\/uploads\/2022\/11\/R-1148123-1519139414-7195.jpg\",\"width\":599,\"height\":536},{\"@type\":\"BreadcrumbList\",\"@id\":\"https:\/\/vinilozona.lt\/parduotuve\/cd\/naudoti-cd\/gregorian-masters-of-chant-chapter-ii-cd\/#breadcrumb\",\"itemListElement\":[{\"@type\":\"ListItem\",\"position\":1,\"name\":\"Home\",\"item\":\"https:\/\/vinilozona.lt\/\"},{\"@type\":\"ListItem\",\"position\":2,\"name\":\"Parduotuv\u0117\",\"item\":\"https:\/\/vinilozona.lt\/parduotuve\/\"},{\"@type\":\"ListItem\",\"position\":3,\"name\":\"Traveling Wilburys \u2013 The Traveling Wilburys CD\"}]},{\"@type\":\"WebSite\",\"@id\":\"https:\/\/vinilozona.lt\/#website\",\"url\":\"https:\/\/vinilozona.lt\/\",\"name\":\"Vinilo Zona\",\"description\":\"Nup\u016bsk dulkes ir klausyk LP\",\"potentialAction\":[{\"@type\":\"SearchAction\",\"target\":{\"@type\":\"EntryPoint\",\"urlTemplate\":\"https:\/\/vinilozona.lt\/?s={search_term_string}\"},\"query-input\":{\"@type\":\"PropertyValueSpecification\",\"valueRequired\":true,\"valueName\":\"search_term_string\"}}],\"inLanguage\":\"en-GB\"}]}<\/script>\n<!-- \/ Yoast SEO plugin. -->","yoast_head_json":{"title":"Traveling Wilburys \u2013 The Traveling Wilburys CD Vinilin\u0117 Plok\u0161tel\u0117 | Vinilozona.lt","robots":{"index":"index","follow":"follow","max-snippet":"max-snippet:-1","max-image-preview":"max-image-preview:large","max-video-preview":"max-video-preview:-1"},"canonical":"https:\/\/vinilozona.lt\/en\/parduotuve\/cd\/naudoti-cd\/gregorian-masters-of-chant-chapter-ii-cd\/","og_locale":"en_GB","og_type":"article","og_title":"Traveling Wilburys \u2013 The Traveling Wilburys CD Vinilin\u0117 Plok\u0161tel\u0117 | Vinilozona.lt","og_description":"Rhino Records \u2013 8122-79982-4, Wilbury Records \u2013 8122-79982-4 Format:  2 x CD, Album, Remastered DVD, DVD-Video, NTSC All Media, Compilation Country: Europe Released: Jun 2007","og_url":"https:\/\/vinilozona.lt\/en\/parduotuve\/cd\/naudoti-cd\/gregorian-masters-of-chant-chapter-ii-cd\/","og_site_name":"Vinilo Zona","article_modified_time":"2025-02-28T12:07:09+00:00","og_image":[{"width":599,"height":536,"url":"https:\/\/vinilozona.lt\/wp-content\/uploads\/2022\/11\/R-1148123-1519139414-7195.jpg","type":"image\/jpeg"}],"twitter_card":"summary_large_image","twitter_misc":{"Estimated reading time":"1 minute"},"schema":{"@context":"https:\/\/schema.org","@graph":[{"@type":"WebPage","@id":"https:\/\/vinilozona.lt\/parduotuve\/cd\/naudoti-cd\/gregorian-masters-of-chant-chapter-ii-cd\/","url":"https:\/\/vinilozona.lt\/parduotuve\/cd\/naudoti-cd\/gregorian-masters-of-chant-chapter-ii-cd\/","name":"Traveling Wilburys \u2013 The Traveling Wilburys CD Vinilin\u0117 Plok\u0161tel\u0117 | Vinilozona.lt","isPartOf":{"@id":"https:\/\/vinilozona.lt\/#website"},"primaryImageOfPage":{"@id":"https:\/\/vinilozona.lt\/parduotuve\/cd\/naudoti-cd\/gregorian-masters-of-chant-chapter-ii-cd\/#primaryimage"},"image":{"@id":"https:\/\/vinilozona.lt\/parduotuve\/cd\/naudoti-cd\/gregorian-masters-of-chant-chapter-ii-cd\/#primaryimage"},"thumbnailUrl":"https:\/\/vinilozona.lt\/wp-content\/uploads\/2022\/11\/R-1148123-1519139414-7195.jpg","datePublished":"2023-05-20T04:00:49+00:00","dateModified":"2025-02-28T12:07:09+00:00","breadcrumb":{"@id":"https:\/\/vinilozona.lt\/parduotuve\/cd\/naudoti-cd\/gregorian-masters-of-chant-chapter-ii-cd\/#breadcrumb"},"inLanguage":"en-GB","potentialAction":[{"@type":"ReadAction","target":["https:\/\/vinilozona.lt\/parduotuve\/cd\/naudoti-cd\/gregorian-masters-of-chant-chapter-ii-cd\/"]}]},{"@type":"ImageObject","inLanguage":"en-GB","@id":"https:\/\/vinilozona.lt\/parduotuve\/cd\/naudoti-cd\/gregorian-masters-of-chant-chapter-ii-cd\/#primaryimage","url":"https:\/\/vinilozona.lt\/wp-content\/uploads\/2022\/11\/R-1148123-1519139414-7195.jpg","contentUrl":"https:\/\/vinilozona.lt\/wp-content\/uploads\/2022\/11\/R-1148123-1519139414-7195.jpg","width":599,"height":536},{"@type":"BreadcrumbList","@id":"https:\/\/vinilozona.lt\/parduotuve\/cd\/naudoti-cd\/gregorian-masters-of-chant-chapter-ii-cd\/#breadcrumb","itemListElement":[{"@type":"ListItem","position":1,"name":"Home","item":"https:\/\/vinilozona.lt\/"},{"@type":"ListItem","position":2,"name":"Parduotuv\u0117","item":"https:\/\/vinilozona.lt\/parduotuve\/"},{"@type":"ListItem","position":3,"name":"Traveling Wilburys \u2013 The Traveling Wilburys CD"}]},{"@type":"WebSite","@id":"https:\/\/vinilozona.lt\/#website","url":"https:\/\/vinilozona.lt\/","name":"Vinilo Zona","description":"Nup\u016bsk dulkes ir klausyk LP","potentialAction":[{"@type":"SearchAction","target":{"@type":"EntryPoint","urlTemplate":"https:\/\/vinilozona.lt\/?s={search_term_string}"},"query-input":{"@type":"PropertyValueSpecification","valueRequired":true,"valueName":"search_term_string"}}],"inLanguage":"en-GB"}]}},"_links":{"self":[{"href":"https:\/\/vinilozona.lt\/en\/wp-json\/wp\/v2\/product\/20684"}],"collection":[{"href":"https:\/\/vinilozona.lt\/en\/wp-json\/wp\/v2\/product"}],"about":[{"href":"https:\/\/vinilozona.lt\/en\/wp-json\/wp\/v2\/types\/product"}],"wp:featuredmedia":[{"embeddable":true,"href":"https:\/\/vinilozona.lt\/en\/wp-json\/wp\/v2\/media\/22237"}],"wp:attachment":[{"href":"https:\/\/vinilozona.lt\/en\/wp-json\/wp\/v2\/media?parent=20684"}],"wp:term":[{"taxonomy":"product_cat","embeddable":true,"href":"https:\/\/vinilozona.lt\/en\/wp-json\/wp\/v2\/product_cat?post=20684"},{"taxonomy":"product_tag","embeddable":true,"href":"https:\/\/vinilozona.lt\/en\/wp-json\/wp\/v2\/product_tag?post=20684"}],"curies":[{"name":"wp","href":"https:\/\/api.w.org\/{rel}","templated":true}]}}