{"id":20637,"date":"2025-12-18T05:00:12","date_gmt":"2025-12-18T03:00:12","guid":{"rendered":"https:\/\/vinilozona.lt\/?post_type=product&#038;p=20637"},"modified":"2025-12-17T17:54:25","modified_gmt":"2025-12-17T15:54:25","slug":"smokie-the-hits-collection-cd","status":"publish","type":"product","link":"https:\/\/vinilozona.lt\/en\/parduotuve\/cd\/naudoti-cd\/smokie-the-hits-collection-cd\/","title":{"rendered":"Smokie \u2013 The Original Smokie Gold  2CD"},"content":{"rendered":"<p>1-01\t\tLiving Next Door To Alice\t3:27<br \/>\n1-02\t\tSomething&#8217;s Been Making Me Blue\t2:59<br \/>\n1-03\t\tDont&#8217; Play Your Rock&#8217;n&#8217;Roll To Me\t3:19<br \/>\n1-04\t\tI Cant&#8217;t Stay Here Tonight\t4:05<br \/>\n1-05\t\tPoor Lady (Midnight Baby)\t4:41<br \/>\n1-06\t\tIt&#8217;s Your Life\t3:33<br \/>\n1-07\t\tChanging All The Time\t3:24<br \/>\n1-08\t\tMexican Girl\t3:57<br \/>\n1-09\t\tLay Back In The Arms Of Someone\t4:08<br \/>\n1-10\t\tStranger\t4:40<br \/>\n1-11\t\tTalking Her Round\t2:38<br \/>\n1-12\t\tFor A Few Dollars More\t3:33<br \/>\n1-13\t\tThe Dancer\t3:50<br \/>\n1-14\t\tNow You Think You Know\t3:27<br \/>\n1-15\t\tWe&#8217;re Flyin&#8217; High\t3:55<br \/>\n1-16\t\tNeedles And Pins\t2:43<br \/>\n2-01\t\tStumblin&#8217; In  3:57<br \/>\n2-02\t\tIn The Heat Of The Night\t4:45<br \/>\n2-03\t\tBaby It&#8217;s You\t3:49<br \/>\n2-04\t\tOh Carol\t3:39<br \/>\n2-05\t\tBack To Bradford\t2:43<br \/>\n2-06\t\tThe Coldest Night\t4:14<br \/>\n2-07\t\tPower Of Love\t1:56<br \/>\n2-08\t\tI&#8217;ll Meet You At Midnight\t3:14<br \/>\n2-09\t\tIf You Think You Know How To Love Me\t3:27<br \/>\n2-10\t\tWild Wild Angels\t3:55<br \/>\n2-11\t\tLiverpool Docks\t2:56<br \/>\n2-12\t\tPetesey&#8217;s Song\t2:50<br \/>\n2-13\t\tWhen My Back Was Against The Wall\t3:34<br \/>\n2-14\t\tGoin&#8217; Tomorrow\t3:42<br \/>\n2-15\t\tThe Girl Can&#8217;t Help It\t3:44<br \/>\n2-16\t\tI Do Declare\t3:43<\/p>","protected":false},"excerpt":{"rendered":"<p>BMG Ariola A\/S \u2013 74321236762<br \/>\nFormat:<br \/>\n2 x CD, Compilation<br \/>\nCountry:<br \/>\nSweden<br \/>\nReleased:<br \/>\n1994<\/p>","protected":false},"featured_media":25839,"template":"","meta":[],"product_cat":[24,946],"product_tag":[44],"yoast_head":"<!-- This site is optimized with the Yoast SEO plugin v23.5 - https:\/\/yoast.com\/wordpress\/plugins\/seo\/ -->\n<title>Smokie \u2013 The Original Smokie Gold 2CD Vinilin\u0117 Plok\u0161tel\u0117 | Vinilozona.lt<\/title>\n<meta name=\"robots\" content=\"index, follow, max-snippet:-1, max-image-preview:large, max-video-preview:-1\" \/>\n<link rel=\"canonical\" href=\"https:\/\/vinilozona.lt\/en\/parduotuve\/cd\/naudoti-cd\/smokie-the-hits-collection-cd\/\" \/>\n<meta property=\"og:locale\" content=\"en_GB\" \/>\n<meta property=\"og:type\" content=\"article\" \/>\n<meta property=\"og:title\" content=\"Smokie \u2013 The Original Smokie Gold 2CD Vinilin\u0117 Plok\u0161tel\u0117 | Vinilozona.lt\" \/>\n<meta property=\"og:description\" content=\"BMG Ariola A\/S \u2013 74321236762 Format: 2 x CD, Compilation Country: Sweden Released: 1994\" \/>\n<meta property=\"og:url\" content=\"https:\/\/vinilozona.lt\/en\/parduotuve\/cd\/naudoti-cd\/smokie-the-hits-collection-cd\/\" \/>\n<meta property=\"og:site_name\" content=\"Vinilo Zona\" \/>\n<meta property=\"article:modified_time\" content=\"2025-12-17T15:54:25+00:00\" \/>\n<meta property=\"og:image\" content=\"https:\/\/vinilozona.lt\/wp-content\/uploads\/2022\/11\/R-10858084-1509969968-3499.jpg\" \/>\n\t<meta property=\"og:image:width\" content=\"597\" \/>\n\t<meta property=\"og:image:height\" content=\"600\" \/>\n\t<meta property=\"og:image:type\" content=\"image\/jpeg\" \/>\n<meta name=\"twitter:card\" content=\"summary_large_image\" \/>\n<meta name=\"twitter:label1\" content=\"Estimated reading time\" \/>\n\t<meta name=\"twitter:data1\" content=\"2 minutes\" \/>\n<script type=\"application\/ld+json\" class=\"yoast-schema-graph\">{\"@context\":\"https:\/\/schema.org\",\"@graph\":[{\"@type\":\"WebPage\",\"@id\":\"https:\/\/vinilozona.lt\/parduotuve\/cd\/naudoti-cd\/smokie-the-hits-collection-cd\/\",\"url\":\"https:\/\/vinilozona.lt\/parduotuve\/cd\/naudoti-cd\/smokie-the-hits-collection-cd\/\",\"name\":\"Smokie \u2013 The Original Smokie Gold 2CD Vinilin\u0117 Plok\u0161tel\u0117 | Vinilozona.lt\",\"isPartOf\":{\"@id\":\"https:\/\/vinilozona.lt\/#website\"},\"primaryImageOfPage\":{\"@id\":\"https:\/\/vinilozona.lt\/parduotuve\/cd\/naudoti-cd\/smokie-the-hits-collection-cd\/#primaryimage\"},\"image\":{\"@id\":\"https:\/\/vinilozona.lt\/parduotuve\/cd\/naudoti-cd\/smokie-the-hits-collection-cd\/#primaryimage\"},\"thumbnailUrl\":\"https:\/\/vinilozona.lt\/wp-content\/uploads\/2022\/11\/R-10858084-1509969968-3499.jpg\",\"datePublished\":\"2025-12-18T03:00:12+00:00\",\"dateModified\":\"2025-12-17T15:54:25+00:00\",\"breadcrumb\":{\"@id\":\"https:\/\/vinilozona.lt\/parduotuve\/cd\/naudoti-cd\/smokie-the-hits-collection-cd\/#breadcrumb\"},\"inLanguage\":\"en-GB\",\"potentialAction\":[{\"@type\":\"ReadAction\",\"target\":[\"https:\/\/vinilozona.lt\/parduotuve\/cd\/naudoti-cd\/smokie-the-hits-collection-cd\/\"]}]},{\"@type\":\"ImageObject\",\"inLanguage\":\"en-GB\",\"@id\":\"https:\/\/vinilozona.lt\/parduotuve\/cd\/naudoti-cd\/smokie-the-hits-collection-cd\/#primaryimage\",\"url\":\"https:\/\/vinilozona.lt\/wp-content\/uploads\/2022\/11\/R-10858084-1509969968-3499.jpg\",\"contentUrl\":\"https:\/\/vinilozona.lt\/wp-content\/uploads\/2022\/11\/R-10858084-1509969968-3499.jpg\",\"width\":597,\"height\":600},{\"@type\":\"BreadcrumbList\",\"@id\":\"https:\/\/vinilozona.lt\/parduotuve\/cd\/naudoti-cd\/smokie-the-hits-collection-cd\/#breadcrumb\",\"itemListElement\":[{\"@type\":\"ListItem\",\"position\":1,\"name\":\"Home\",\"item\":\"https:\/\/vinilozona.lt\/\"},{\"@type\":\"ListItem\",\"position\":2,\"name\":\"Parduotuv\u0117\",\"item\":\"https:\/\/vinilozona.lt\/parduotuve\/\"},{\"@type\":\"ListItem\",\"position\":3,\"name\":\"Smokie \u2013 The Original Smokie Gold 2CD\"}]},{\"@type\":\"WebSite\",\"@id\":\"https:\/\/vinilozona.lt\/#website\",\"url\":\"https:\/\/vinilozona.lt\/\",\"name\":\"Vinilo Zona\",\"description\":\"Nup\u016bsk dulkes ir klausyk LP\",\"potentialAction\":[{\"@type\":\"SearchAction\",\"target\":{\"@type\":\"EntryPoint\",\"urlTemplate\":\"https:\/\/vinilozona.lt\/?s={search_term_string}\"},\"query-input\":{\"@type\":\"PropertyValueSpecification\",\"valueRequired\":true,\"valueName\":\"search_term_string\"}}],\"inLanguage\":\"en-GB\"}]}<\/script>\n<!-- \/ Yoast SEO plugin. -->","yoast_head_json":{"title":"Smokie \u2013 The Original Smokie Gold 2CD Vinilin\u0117 Plok\u0161tel\u0117 | Vinilozona.lt","robots":{"index":"index","follow":"follow","max-snippet":"max-snippet:-1","max-image-preview":"max-image-preview:large","max-video-preview":"max-video-preview:-1"},"canonical":"https:\/\/vinilozona.lt\/en\/parduotuve\/cd\/naudoti-cd\/smokie-the-hits-collection-cd\/","og_locale":"en_GB","og_type":"article","og_title":"Smokie \u2013 The Original Smokie Gold 2CD Vinilin\u0117 Plok\u0161tel\u0117 | Vinilozona.lt","og_description":"BMG Ariola A\/S \u2013 74321236762 Format: 2 x CD, Compilation Country: Sweden Released: 1994","og_url":"https:\/\/vinilozona.lt\/en\/parduotuve\/cd\/naudoti-cd\/smokie-the-hits-collection-cd\/","og_site_name":"Vinilo Zona","article_modified_time":"2025-12-17T15:54:25+00:00","og_image":[{"width":597,"height":600,"url":"https:\/\/vinilozona.lt\/wp-content\/uploads\/2022\/11\/R-10858084-1509969968-3499.jpg","type":"image\/jpeg"}],"twitter_card":"summary_large_image","twitter_misc":{"Estimated reading time":"2 minutes"},"schema":{"@context":"https:\/\/schema.org","@graph":[{"@type":"WebPage","@id":"https:\/\/vinilozona.lt\/parduotuve\/cd\/naudoti-cd\/smokie-the-hits-collection-cd\/","url":"https:\/\/vinilozona.lt\/parduotuve\/cd\/naudoti-cd\/smokie-the-hits-collection-cd\/","name":"Smokie \u2013 The Original Smokie Gold 2CD Vinilin\u0117 Plok\u0161tel\u0117 | Vinilozona.lt","isPartOf":{"@id":"https:\/\/vinilozona.lt\/#website"},"primaryImageOfPage":{"@id":"https:\/\/vinilozona.lt\/parduotuve\/cd\/naudoti-cd\/smokie-the-hits-collection-cd\/#primaryimage"},"image":{"@id":"https:\/\/vinilozona.lt\/parduotuve\/cd\/naudoti-cd\/smokie-the-hits-collection-cd\/#primaryimage"},"thumbnailUrl":"https:\/\/vinilozona.lt\/wp-content\/uploads\/2022\/11\/R-10858084-1509969968-3499.jpg","datePublished":"2025-12-18T03:00:12+00:00","dateModified":"2025-12-17T15:54:25+00:00","breadcrumb":{"@id":"https:\/\/vinilozona.lt\/parduotuve\/cd\/naudoti-cd\/smokie-the-hits-collection-cd\/#breadcrumb"},"inLanguage":"en-GB","potentialAction":[{"@type":"ReadAction","target":["https:\/\/vinilozona.lt\/parduotuve\/cd\/naudoti-cd\/smokie-the-hits-collection-cd\/"]}]},{"@type":"ImageObject","inLanguage":"en-GB","@id":"https:\/\/vinilozona.lt\/parduotuve\/cd\/naudoti-cd\/smokie-the-hits-collection-cd\/#primaryimage","url":"https:\/\/vinilozona.lt\/wp-content\/uploads\/2022\/11\/R-10858084-1509969968-3499.jpg","contentUrl":"https:\/\/vinilozona.lt\/wp-content\/uploads\/2022\/11\/R-10858084-1509969968-3499.jpg","width":597,"height":600},{"@type":"BreadcrumbList","@id":"https:\/\/vinilozona.lt\/parduotuve\/cd\/naudoti-cd\/smokie-the-hits-collection-cd\/#breadcrumb","itemListElement":[{"@type":"ListItem","position":1,"name":"Home","item":"https:\/\/vinilozona.lt\/"},{"@type":"ListItem","position":2,"name":"Parduotuv\u0117","item":"https:\/\/vinilozona.lt\/parduotuve\/"},{"@type":"ListItem","position":3,"name":"Smokie \u2013 The Original Smokie Gold 2CD"}]},{"@type":"WebSite","@id":"https:\/\/vinilozona.lt\/#website","url":"https:\/\/vinilozona.lt\/","name":"Vinilo Zona","description":"Nup\u016bsk dulkes ir klausyk LP","potentialAction":[{"@type":"SearchAction","target":{"@type":"EntryPoint","urlTemplate":"https:\/\/vinilozona.lt\/?s={search_term_string}"},"query-input":{"@type":"PropertyValueSpecification","valueRequired":true,"valueName":"search_term_string"}}],"inLanguage":"en-GB"}]}},"_links":{"self":[{"href":"https:\/\/vinilozona.lt\/en\/wp-json\/wp\/v2\/product\/20637"}],"collection":[{"href":"https:\/\/vinilozona.lt\/en\/wp-json\/wp\/v2\/product"}],"about":[{"href":"https:\/\/vinilozona.lt\/en\/wp-json\/wp\/v2\/types\/product"}],"wp:featuredmedia":[{"embeddable":true,"href":"https:\/\/vinilozona.lt\/en\/wp-json\/wp\/v2\/media\/25839"}],"wp:attachment":[{"href":"https:\/\/vinilozona.lt\/en\/wp-json\/wp\/v2\/media?parent=20637"}],"wp:term":[{"taxonomy":"product_cat","embeddable":true,"href":"https:\/\/vinilozona.lt\/en\/wp-json\/wp\/v2\/product_cat?post=20637"},{"taxonomy":"product_tag","embeddable":true,"href":"https:\/\/vinilozona.lt\/en\/wp-json\/wp\/v2\/product_tag?post=20637"}],"curies":[{"name":"wp","href":"https:\/\/api.w.org\/{rel}","templated":true}]}}