{"id":20635,"date":"2023-08-10T05:50:43","date_gmt":"2023-08-10T02:50:43","guid":{"rendered":"https:\/\/vinilozona.lt\/?post_type=product&#038;p=20635"},"modified":"2023-08-10T09:44:10","modified_gmt":"2023-08-10T06:44:10","slug":"queen-greatest-hits-ii-cd","status":"publish","type":"product","link":"https:\/\/vinilozona.lt\/en\/parduotuve\/cd\/naudoti-cd\/queen-greatest-hits-ii-cd\/","title":{"rendered":"Culture Club \u2013 Greatest Moments  2CD"},"content":{"rendered":"<p>\t\tGreatest Moments<br \/>\n1-1\t\tDo You Really Want To Hurt Me\t4:29<br \/>\n1-2\t\tTime (Clock Of The Heart)\t3:44<br \/>\n1-3\t\tChurch Of The Poison Mind\t3:31<br \/>\n1-4\t\tKarma Chameleon\t4:01<br \/>\n1-5\t\tVictims\t4:55<br \/>\n1-6\t\tI&#8217;ll Tumble 4 Ya\t2:35<br \/>\n1-7\t\tIt&#8217;s A Miracle\t3:24<br \/>\n1-8\t\tMiss Me Blind\t4:30<br \/>\n1-9\t\tMove Away  4:09<br \/>\n1-10\t\tLove Is Love\t3:51<br \/>\n1-11\t\tEverything I Own\t3:56<br \/>\n1-12\t\tThe Crying Game  3:22<br \/>\n1-13\t\tI Just Wanna Be Loved  4:37<br \/>\n1-14\t\tGenerations Of Love (The TimeWriter Bootleg Mix)  8:48<br \/>\nVH1\u00ae Live Storytellers\u2122<br \/>\n2-1\t\tChurch Of The Poison Mind\t4:26<br \/>\n2-2\t\tMiss Me Blind\t5:38<br \/>\n2-3\t\tMove Away\t4:09<br \/>\n2-4\t\tI&#8217;ll Tumble 4 Ya\t2:51<br \/>\n2-5\t\tIt&#8217;s A Miracle\t4:08<br \/>\n2-6\t\tThat&#8217;s The Way (I&#8217;m Only Trying To Help You)\t4:07<br \/>\n2-7\t\tStrange Voodoo\t5:36<br \/>\n2-8\t\tI Just Wanna Be Loved\t4:32<br \/>\n2-9\t\tWhat Do You Want\t5:27<br \/>\n2-10\t\tThe Crying Game  3:50<br \/>\n2-11\t\tVictims\t5:37<br \/>\n2-12\t\tDo You Really Want To Hurt Me\t5:32<br \/>\n2-13\t\tTime (Clock Of The Heart)\t5:15<br \/>\n2-14\t\tKarma Chameleon\t4:57<\/p>","protected":false},"excerpt":{"rendered":"<p>Virgin \u2013 CDVX 2865, Virgin \u2013 7243 8 46267 2 3<br \/>\nFormat:<br \/>\n2 x CD, Compilation, EMI Swindon Pressing<br \/>\nCountry:\tEurope<br \/>\nReleased:\t1998<\/p>","protected":false},"featured_media":22726,"template":"","meta":[],"product_cat":[24,946],"product_tag":[44],"yoast_head":"<!-- This site is optimized with the Yoast SEO plugin v23.5 - https:\/\/yoast.com\/wordpress\/plugins\/seo\/ -->\n<title>Culture Club \u2013 Greatest Moments 2CD Vinilin\u0117 Plok\u0161tel\u0117 | Vinilozona.lt<\/title>\n<meta name=\"robots\" content=\"index, follow, max-snippet:-1, max-image-preview:large, max-video-preview:-1\" \/>\n<link rel=\"canonical\" href=\"https:\/\/vinilozona.lt\/en\/parduotuve\/cd\/naudoti-cd\/queen-greatest-hits-ii-cd\/\" \/>\n<meta property=\"og:locale\" content=\"en_GB\" \/>\n<meta property=\"og:type\" content=\"article\" \/>\n<meta property=\"og:title\" content=\"Culture Club \u2013 Greatest Moments 2CD Vinilin\u0117 Plok\u0161tel\u0117 | Vinilozona.lt\" \/>\n<meta property=\"og:description\" content=\"Virgin \u2013 CDVX 2865, Virgin \u2013 7243 8 46267 2 3 Format:  2 x CD, Compilation, EMI Swindon Pressing Country: Europe Released: 1998\" \/>\n<meta property=\"og:url\" content=\"https:\/\/vinilozona.lt\/en\/parduotuve\/cd\/naudoti-cd\/queen-greatest-hits-ii-cd\/\" \/>\n<meta property=\"og:site_name\" content=\"Vinilo Zona\" \/>\n<meta property=\"article:modified_time\" content=\"2023-08-10T06:44:10+00:00\" \/>\n<meta property=\"og:image\" content=\"https:\/\/vinilozona.lt\/wp-content\/uploads\/2023\/04\/R-9528593-1482158926-8542.jpg\" \/>\n\t<meta property=\"og:image:width\" content=\"600\" \/>\n\t<meta property=\"og:image:height\" content=\"586\" \/>\n\t<meta property=\"og:image:type\" content=\"image\/jpeg\" \/>\n<meta name=\"twitter:card\" content=\"summary_large_image\" \/>\n<meta name=\"twitter:label1\" content=\"Estimated reading time\" \/>\n\t<meta name=\"twitter:data1\" content=\"1 minute\" \/>\n<script type=\"application\/ld+json\" class=\"yoast-schema-graph\">{\"@context\":\"https:\/\/schema.org\",\"@graph\":[{\"@type\":\"WebPage\",\"@id\":\"https:\/\/vinilozona.lt\/parduotuve\/cd\/naudoti-cd\/queen-greatest-hits-ii-cd\/\",\"url\":\"https:\/\/vinilozona.lt\/parduotuve\/cd\/naudoti-cd\/queen-greatest-hits-ii-cd\/\",\"name\":\"Culture Club \u2013 Greatest Moments 2CD Vinilin\u0117 Plok\u0161tel\u0117 | Vinilozona.lt\",\"isPartOf\":{\"@id\":\"https:\/\/vinilozona.lt\/#website\"},\"primaryImageOfPage\":{\"@id\":\"https:\/\/vinilozona.lt\/parduotuve\/cd\/naudoti-cd\/queen-greatest-hits-ii-cd\/#primaryimage\"},\"image\":{\"@id\":\"https:\/\/vinilozona.lt\/parduotuve\/cd\/naudoti-cd\/queen-greatest-hits-ii-cd\/#primaryimage\"},\"thumbnailUrl\":\"https:\/\/vinilozona.lt\/wp-content\/uploads\/2023\/04\/R-9528593-1482158926-8542.jpg\",\"datePublished\":\"2023-08-10T02:50:43+00:00\",\"dateModified\":\"2023-08-10T06:44:10+00:00\",\"breadcrumb\":{\"@id\":\"https:\/\/vinilozona.lt\/parduotuve\/cd\/naudoti-cd\/queen-greatest-hits-ii-cd\/#breadcrumb\"},\"inLanguage\":\"en-GB\",\"potentialAction\":[{\"@type\":\"ReadAction\",\"target\":[\"https:\/\/vinilozona.lt\/parduotuve\/cd\/naudoti-cd\/queen-greatest-hits-ii-cd\/\"]}]},{\"@type\":\"ImageObject\",\"inLanguage\":\"en-GB\",\"@id\":\"https:\/\/vinilozona.lt\/parduotuve\/cd\/naudoti-cd\/queen-greatest-hits-ii-cd\/#primaryimage\",\"url\":\"https:\/\/vinilozona.lt\/wp-content\/uploads\/2023\/04\/R-9528593-1482158926-8542.jpg\",\"contentUrl\":\"https:\/\/vinilozona.lt\/wp-content\/uploads\/2023\/04\/R-9528593-1482158926-8542.jpg\",\"width\":600,\"height\":586},{\"@type\":\"BreadcrumbList\",\"@id\":\"https:\/\/vinilozona.lt\/parduotuve\/cd\/naudoti-cd\/queen-greatest-hits-ii-cd\/#breadcrumb\",\"itemListElement\":[{\"@type\":\"ListItem\",\"position\":1,\"name\":\"Home\",\"item\":\"https:\/\/vinilozona.lt\/\"},{\"@type\":\"ListItem\",\"position\":2,\"name\":\"Parduotuv\u0117\",\"item\":\"https:\/\/vinilozona.lt\/parduotuve\/\"},{\"@type\":\"ListItem\",\"position\":3,\"name\":\"Culture Club \u2013 Greatest Moments 2CD\"}]},{\"@type\":\"WebSite\",\"@id\":\"https:\/\/vinilozona.lt\/#website\",\"url\":\"https:\/\/vinilozona.lt\/\",\"name\":\"Vinilo Zona\",\"description\":\"Nup\u016bsk dulkes ir klausyk LP\",\"potentialAction\":[{\"@type\":\"SearchAction\",\"target\":{\"@type\":\"EntryPoint\",\"urlTemplate\":\"https:\/\/vinilozona.lt\/?s={search_term_string}\"},\"query-input\":{\"@type\":\"PropertyValueSpecification\",\"valueRequired\":true,\"valueName\":\"search_term_string\"}}],\"inLanguage\":\"en-GB\"}]}<\/script>\n<!-- \/ Yoast SEO plugin. -->","yoast_head_json":{"title":"Culture Club \u2013 Greatest Moments 2CD Vinilin\u0117 Plok\u0161tel\u0117 | Vinilozona.lt","robots":{"index":"index","follow":"follow","max-snippet":"max-snippet:-1","max-image-preview":"max-image-preview:large","max-video-preview":"max-video-preview:-1"},"canonical":"https:\/\/vinilozona.lt\/en\/parduotuve\/cd\/naudoti-cd\/queen-greatest-hits-ii-cd\/","og_locale":"en_GB","og_type":"article","og_title":"Culture Club \u2013 Greatest Moments 2CD Vinilin\u0117 Plok\u0161tel\u0117 | Vinilozona.lt","og_description":"Virgin \u2013 CDVX 2865, Virgin \u2013 7243 8 46267 2 3 Format:  2 x CD, Compilation, EMI Swindon Pressing Country: Europe Released: 1998","og_url":"https:\/\/vinilozona.lt\/en\/parduotuve\/cd\/naudoti-cd\/queen-greatest-hits-ii-cd\/","og_site_name":"Vinilo Zona","article_modified_time":"2023-08-10T06:44:10+00:00","og_image":[{"width":600,"height":586,"url":"https:\/\/vinilozona.lt\/wp-content\/uploads\/2023\/04\/R-9528593-1482158926-8542.jpg","type":"image\/jpeg"}],"twitter_card":"summary_large_image","twitter_misc":{"Estimated reading time":"1 minute"},"schema":{"@context":"https:\/\/schema.org","@graph":[{"@type":"WebPage","@id":"https:\/\/vinilozona.lt\/parduotuve\/cd\/naudoti-cd\/queen-greatest-hits-ii-cd\/","url":"https:\/\/vinilozona.lt\/parduotuve\/cd\/naudoti-cd\/queen-greatest-hits-ii-cd\/","name":"Culture Club \u2013 Greatest Moments 2CD Vinilin\u0117 Plok\u0161tel\u0117 | Vinilozona.lt","isPartOf":{"@id":"https:\/\/vinilozona.lt\/#website"},"primaryImageOfPage":{"@id":"https:\/\/vinilozona.lt\/parduotuve\/cd\/naudoti-cd\/queen-greatest-hits-ii-cd\/#primaryimage"},"image":{"@id":"https:\/\/vinilozona.lt\/parduotuve\/cd\/naudoti-cd\/queen-greatest-hits-ii-cd\/#primaryimage"},"thumbnailUrl":"https:\/\/vinilozona.lt\/wp-content\/uploads\/2023\/04\/R-9528593-1482158926-8542.jpg","datePublished":"2023-08-10T02:50:43+00:00","dateModified":"2023-08-10T06:44:10+00:00","breadcrumb":{"@id":"https:\/\/vinilozona.lt\/parduotuve\/cd\/naudoti-cd\/queen-greatest-hits-ii-cd\/#breadcrumb"},"inLanguage":"en-GB","potentialAction":[{"@type":"ReadAction","target":["https:\/\/vinilozona.lt\/parduotuve\/cd\/naudoti-cd\/queen-greatest-hits-ii-cd\/"]}]},{"@type":"ImageObject","inLanguage":"en-GB","@id":"https:\/\/vinilozona.lt\/parduotuve\/cd\/naudoti-cd\/queen-greatest-hits-ii-cd\/#primaryimage","url":"https:\/\/vinilozona.lt\/wp-content\/uploads\/2023\/04\/R-9528593-1482158926-8542.jpg","contentUrl":"https:\/\/vinilozona.lt\/wp-content\/uploads\/2023\/04\/R-9528593-1482158926-8542.jpg","width":600,"height":586},{"@type":"BreadcrumbList","@id":"https:\/\/vinilozona.lt\/parduotuve\/cd\/naudoti-cd\/queen-greatest-hits-ii-cd\/#breadcrumb","itemListElement":[{"@type":"ListItem","position":1,"name":"Home","item":"https:\/\/vinilozona.lt\/"},{"@type":"ListItem","position":2,"name":"Parduotuv\u0117","item":"https:\/\/vinilozona.lt\/parduotuve\/"},{"@type":"ListItem","position":3,"name":"Culture Club \u2013 Greatest Moments 2CD"}]},{"@type":"WebSite","@id":"https:\/\/vinilozona.lt\/#website","url":"https:\/\/vinilozona.lt\/","name":"Vinilo Zona","description":"Nup\u016bsk dulkes ir klausyk LP","potentialAction":[{"@type":"SearchAction","target":{"@type":"EntryPoint","urlTemplate":"https:\/\/vinilozona.lt\/?s={search_term_string}"},"query-input":{"@type":"PropertyValueSpecification","valueRequired":true,"valueName":"search_term_string"}}],"inLanguage":"en-GB"}]}},"_links":{"self":[{"href":"https:\/\/vinilozona.lt\/en\/wp-json\/wp\/v2\/product\/20635"}],"collection":[{"href":"https:\/\/vinilozona.lt\/en\/wp-json\/wp\/v2\/product"}],"about":[{"href":"https:\/\/vinilozona.lt\/en\/wp-json\/wp\/v2\/types\/product"}],"wp:featuredmedia":[{"embeddable":true,"href":"https:\/\/vinilozona.lt\/en\/wp-json\/wp\/v2\/media\/22726"}],"wp:attachment":[{"href":"https:\/\/vinilozona.lt\/en\/wp-json\/wp\/v2\/media?parent=20635"}],"wp:term":[{"taxonomy":"product_cat","embeddable":true,"href":"https:\/\/vinilozona.lt\/en\/wp-json\/wp\/v2\/product_cat?post=20635"},{"taxonomy":"product_tag","embeddable":true,"href":"https:\/\/vinilozona.lt\/en\/wp-json\/wp\/v2\/product_tag?post=20635"}],"curies":[{"name":"wp","href":"https:\/\/api.w.org\/{rel}","templated":true}]}}