{"id":20631,"date":"2024-12-21T05:07:29","date_gmt":"2024-12-21T03:07:29","guid":{"rendered":"https:\/\/vinilozona.lt\/?post_type=product&#038;p=20631"},"modified":"2024-12-22T20:21:23","modified_gmt":"2024-12-22T18:21:23","slug":"elton-john-captain-fantastic-and-the-brown-dirt-cowboy","status":"publish","type":"product","link":"https:\/\/vinilozona.lt\/en\/parduotuve\/rock-pop\/elton-john-captain-fantastic-and-the-brown-dirt-cowboy\/","title":{"rendered":"Elton John \u2013 Captain Fantastic And The Brown Dirt Cowboy"},"content":{"rendered":"<p>A1\t\tCaptain Fantastic And The Brown Dirt Cowboy\t5:43<br \/>\nA2\t\tTower Of Babel\t4:26<br \/>\nA3\t\tBitter Fingers\t4:31<br \/>\nA4\t\tTell Me When The Whistle Blows\t4:19<br \/>\nA5\t\tSomeone Saved My Life Tonight\t6:43<br \/>\nB1\t\t(Gotta Get A) Meal Ticket\t4:00<br \/>\nB2\t\tBetter Off Dead\t2:37<br \/>\nB3\t\tWriting\t3:38<br \/>\nB4\t\tWe All Fall In Love Sometimes \/ Curtains\t10:30<\/p>","protected":false},"excerpt":{"rendered":"<p>DJM Records  \u2013 DJLPX 1<br \/>\nFormat:<br \/>\nVinyl, LP, Album, Stereo, Gatefold<br \/>\nCountry: UK<br \/>\nReleased:  1975<br \/>\nPILNAS KOMPLEKTAS. YRA DVI KNYGUT\u0116S IR PLAKATAS<\/p>","protected":false},"featured_media":20632,"template":"","meta":[],"product_cat":[15],"product_tag":[44],"yoast_head":"<!-- This site is optimized with the Yoast SEO plugin v23.5 - https:\/\/yoast.com\/wordpress\/plugins\/seo\/ -->\n<title>Elton John \u2013 Captain Fantastic And The Brown Dirt Cowboy Vinilin\u0117 Plok\u0161tel\u0117 | Vinilozona.lt<\/title>\n<meta name=\"robots\" content=\"index, follow, max-snippet:-1, max-image-preview:large, max-video-preview:-1\" \/>\n<link rel=\"canonical\" href=\"https:\/\/vinilozona.lt\/en\/parduotuve\/rock-pop\/elton-john-captain-fantastic-and-the-brown-dirt-cowboy\/\" \/>\n<meta property=\"og:locale\" content=\"en_GB\" \/>\n<meta property=\"og:type\" content=\"article\" \/>\n<meta property=\"og:title\" content=\"Elton John \u2013 Captain Fantastic And The Brown Dirt Cowboy Vinilin\u0117 Plok\u0161tel\u0117 | Vinilozona.lt\" \/>\n<meta property=\"og:description\" content=\"DJM Records \u2013 DJLPX 1 Format: Vinyl, LP, Album, Stereo, Gatefold Country: UK Released: 1975 PILNAS KOMPLEKTAS. YRA DVI KNYGUT\u0116S IR PLAKATAS\" \/>\n<meta property=\"og:url\" content=\"https:\/\/vinilozona.lt\/en\/parduotuve\/rock-pop\/elton-john-captain-fantastic-and-the-brown-dirt-cowboy\/\" \/>\n<meta property=\"og:site_name\" content=\"Vinilo Zona\" \/>\n<meta property=\"article:modified_time\" content=\"2024-12-22T18:21:23+00:00\" \/>\n<meta property=\"og:image\" content=\"https:\/\/vinilozona.lt\/wp-content\/uploads\/2022\/11\/R-2598654-1548256540-9374.jpg\" \/>\n\t<meta property=\"og:image:width\" content=\"595\" \/>\n\t<meta property=\"og:image:height\" content=\"600\" \/>\n\t<meta property=\"og:image:type\" content=\"image\/jpeg\" \/>\n<meta name=\"twitter:card\" content=\"summary_large_image\" \/>\n<meta name=\"twitter:label1\" content=\"Estimated reading time\" \/>\n\t<meta name=\"twitter:data1\" content=\"1 minute\" \/>\n<script type=\"application\/ld+json\" class=\"yoast-schema-graph\">{\"@context\":\"https:\/\/schema.org\",\"@graph\":[{\"@type\":\"WebPage\",\"@id\":\"https:\/\/vinilozona.lt\/parduotuve\/rock-pop\/elton-john-captain-fantastic-and-the-brown-dirt-cowboy\/\",\"url\":\"https:\/\/vinilozona.lt\/parduotuve\/rock-pop\/elton-john-captain-fantastic-and-the-brown-dirt-cowboy\/\",\"name\":\"Elton John \u2013 Captain Fantastic And The Brown Dirt Cowboy Vinilin\u0117 Plok\u0161tel\u0117 | Vinilozona.lt\",\"isPartOf\":{\"@id\":\"https:\/\/vinilozona.lt\/#website\"},\"primaryImageOfPage\":{\"@id\":\"https:\/\/vinilozona.lt\/parduotuve\/rock-pop\/elton-john-captain-fantastic-and-the-brown-dirt-cowboy\/#primaryimage\"},\"image\":{\"@id\":\"https:\/\/vinilozona.lt\/parduotuve\/rock-pop\/elton-john-captain-fantastic-and-the-brown-dirt-cowboy\/#primaryimage\"},\"thumbnailUrl\":\"https:\/\/vinilozona.lt\/wp-content\/uploads\/2022\/11\/R-2598654-1548256540-9374.jpg\",\"datePublished\":\"2024-12-21T03:07:29+00:00\",\"dateModified\":\"2024-12-22T18:21:23+00:00\",\"breadcrumb\":{\"@id\":\"https:\/\/vinilozona.lt\/parduotuve\/rock-pop\/elton-john-captain-fantastic-and-the-brown-dirt-cowboy\/#breadcrumb\"},\"inLanguage\":\"en-GB\",\"potentialAction\":[{\"@type\":\"ReadAction\",\"target\":[\"https:\/\/vinilozona.lt\/parduotuve\/rock-pop\/elton-john-captain-fantastic-and-the-brown-dirt-cowboy\/\"]}]},{\"@type\":\"ImageObject\",\"inLanguage\":\"en-GB\",\"@id\":\"https:\/\/vinilozona.lt\/parduotuve\/rock-pop\/elton-john-captain-fantastic-and-the-brown-dirt-cowboy\/#primaryimage\",\"url\":\"https:\/\/vinilozona.lt\/wp-content\/uploads\/2022\/11\/R-2598654-1548256540-9374.jpg\",\"contentUrl\":\"https:\/\/vinilozona.lt\/wp-content\/uploads\/2022\/11\/R-2598654-1548256540-9374.jpg\",\"width\":595,\"height\":600},{\"@type\":\"BreadcrumbList\",\"@id\":\"https:\/\/vinilozona.lt\/parduotuve\/rock-pop\/elton-john-captain-fantastic-and-the-brown-dirt-cowboy\/#breadcrumb\",\"itemListElement\":[{\"@type\":\"ListItem\",\"position\":1,\"name\":\"Home\",\"item\":\"https:\/\/vinilozona.lt\/\"},{\"@type\":\"ListItem\",\"position\":2,\"name\":\"Parduotuv\u0117\",\"item\":\"https:\/\/vinilozona.lt\/parduotuve\/\"},{\"@type\":\"ListItem\",\"position\":3,\"name\":\"Elton John \u2013 Captain Fantastic And The Brown Dirt Cowboy\"}]},{\"@type\":\"WebSite\",\"@id\":\"https:\/\/vinilozona.lt\/#website\",\"url\":\"https:\/\/vinilozona.lt\/\",\"name\":\"Vinilo Zona\",\"description\":\"Nup\u016bsk dulkes ir klausyk LP\",\"potentialAction\":[{\"@type\":\"SearchAction\",\"target\":{\"@type\":\"EntryPoint\",\"urlTemplate\":\"https:\/\/vinilozona.lt\/?s={search_term_string}\"},\"query-input\":{\"@type\":\"PropertyValueSpecification\",\"valueRequired\":true,\"valueName\":\"search_term_string\"}}],\"inLanguage\":\"en-GB\"}]}<\/script>\n<!-- \/ Yoast SEO plugin. -->","yoast_head_json":{"title":"Elton John \u2013 Captain Fantastic And The Brown Dirt Cowboy Vinilin\u0117 Plok\u0161tel\u0117 | Vinilozona.lt","robots":{"index":"index","follow":"follow","max-snippet":"max-snippet:-1","max-image-preview":"max-image-preview:large","max-video-preview":"max-video-preview:-1"},"canonical":"https:\/\/vinilozona.lt\/en\/parduotuve\/rock-pop\/elton-john-captain-fantastic-and-the-brown-dirt-cowboy\/","og_locale":"en_GB","og_type":"article","og_title":"Elton John \u2013 Captain Fantastic And The Brown Dirt Cowboy Vinilin\u0117 Plok\u0161tel\u0117 | Vinilozona.lt","og_description":"DJM Records \u2013 DJLPX 1 Format: Vinyl, LP, Album, Stereo, Gatefold Country: UK Released: 1975 PILNAS KOMPLEKTAS. YRA DVI KNYGUT\u0116S IR PLAKATAS","og_url":"https:\/\/vinilozona.lt\/en\/parduotuve\/rock-pop\/elton-john-captain-fantastic-and-the-brown-dirt-cowboy\/","og_site_name":"Vinilo Zona","article_modified_time":"2024-12-22T18:21:23+00:00","og_image":[{"width":595,"height":600,"url":"https:\/\/vinilozona.lt\/wp-content\/uploads\/2022\/11\/R-2598654-1548256540-9374.jpg","type":"image\/jpeg"}],"twitter_card":"summary_large_image","twitter_misc":{"Estimated reading time":"1 minute"},"schema":{"@context":"https:\/\/schema.org","@graph":[{"@type":"WebPage","@id":"https:\/\/vinilozona.lt\/parduotuve\/rock-pop\/elton-john-captain-fantastic-and-the-brown-dirt-cowboy\/","url":"https:\/\/vinilozona.lt\/parduotuve\/rock-pop\/elton-john-captain-fantastic-and-the-brown-dirt-cowboy\/","name":"Elton John \u2013 Captain Fantastic And The Brown Dirt Cowboy Vinilin\u0117 Plok\u0161tel\u0117 | Vinilozona.lt","isPartOf":{"@id":"https:\/\/vinilozona.lt\/#website"},"primaryImageOfPage":{"@id":"https:\/\/vinilozona.lt\/parduotuve\/rock-pop\/elton-john-captain-fantastic-and-the-brown-dirt-cowboy\/#primaryimage"},"image":{"@id":"https:\/\/vinilozona.lt\/parduotuve\/rock-pop\/elton-john-captain-fantastic-and-the-brown-dirt-cowboy\/#primaryimage"},"thumbnailUrl":"https:\/\/vinilozona.lt\/wp-content\/uploads\/2022\/11\/R-2598654-1548256540-9374.jpg","datePublished":"2024-12-21T03:07:29+00:00","dateModified":"2024-12-22T18:21:23+00:00","breadcrumb":{"@id":"https:\/\/vinilozona.lt\/parduotuve\/rock-pop\/elton-john-captain-fantastic-and-the-brown-dirt-cowboy\/#breadcrumb"},"inLanguage":"en-GB","potentialAction":[{"@type":"ReadAction","target":["https:\/\/vinilozona.lt\/parduotuve\/rock-pop\/elton-john-captain-fantastic-and-the-brown-dirt-cowboy\/"]}]},{"@type":"ImageObject","inLanguage":"en-GB","@id":"https:\/\/vinilozona.lt\/parduotuve\/rock-pop\/elton-john-captain-fantastic-and-the-brown-dirt-cowboy\/#primaryimage","url":"https:\/\/vinilozona.lt\/wp-content\/uploads\/2022\/11\/R-2598654-1548256540-9374.jpg","contentUrl":"https:\/\/vinilozona.lt\/wp-content\/uploads\/2022\/11\/R-2598654-1548256540-9374.jpg","width":595,"height":600},{"@type":"BreadcrumbList","@id":"https:\/\/vinilozona.lt\/parduotuve\/rock-pop\/elton-john-captain-fantastic-and-the-brown-dirt-cowboy\/#breadcrumb","itemListElement":[{"@type":"ListItem","position":1,"name":"Home","item":"https:\/\/vinilozona.lt\/"},{"@type":"ListItem","position":2,"name":"Parduotuv\u0117","item":"https:\/\/vinilozona.lt\/parduotuve\/"},{"@type":"ListItem","position":3,"name":"Elton John \u2013 Captain Fantastic And The Brown Dirt Cowboy"}]},{"@type":"WebSite","@id":"https:\/\/vinilozona.lt\/#website","url":"https:\/\/vinilozona.lt\/","name":"Vinilo Zona","description":"Nup\u016bsk dulkes ir klausyk LP","potentialAction":[{"@type":"SearchAction","target":{"@type":"EntryPoint","urlTemplate":"https:\/\/vinilozona.lt\/?s={search_term_string}"},"query-input":{"@type":"PropertyValueSpecification","valueRequired":true,"valueName":"search_term_string"}}],"inLanguage":"en-GB"}]}},"_links":{"self":[{"href":"https:\/\/vinilozona.lt\/en\/wp-json\/wp\/v2\/product\/20631"}],"collection":[{"href":"https:\/\/vinilozona.lt\/en\/wp-json\/wp\/v2\/product"}],"about":[{"href":"https:\/\/vinilozona.lt\/en\/wp-json\/wp\/v2\/types\/product"}],"wp:featuredmedia":[{"embeddable":true,"href":"https:\/\/vinilozona.lt\/en\/wp-json\/wp\/v2\/media\/20632"}],"wp:attachment":[{"href":"https:\/\/vinilozona.lt\/en\/wp-json\/wp\/v2\/media?parent=20631"}],"wp:term":[{"taxonomy":"product_cat","embeddable":true,"href":"https:\/\/vinilozona.lt\/en\/wp-json\/wp\/v2\/product_cat?post=20631"},{"taxonomy":"product_tag","embeddable":true,"href":"https:\/\/vinilozona.lt\/en\/wp-json\/wp\/v2\/product_tag?post=20631"}],"curies":[{"name":"wp","href":"https:\/\/api.w.org\/{rel}","templated":true}]}}