{"id":20601,"date":"2025-10-13T05:13:13","date_gmt":"2025-10-13T02:13:13","guid":{"rendered":"https:\/\/vinilozona.lt\/?post_type=product&#038;p=20601"},"modified":"2025-10-14T20:52:24","modified_gmt":"2025-10-14T17:52:24","slug":"andrea-bocelli-the-best-of-andrea-bocelli-vivere-cd","status":"publish","type":"product","link":"https:\/\/vinilozona.lt\/en\/parduotuve\/cd\/naudoti-cd\/andrea-bocelli-the-best-of-andrea-bocelli-vivere-cd\/","title":{"rendered":"Andrea Bocelli \u2013 The Best Of Andrea Bocelli: Vivere CD"},"content":{"rendered":"<p>La Voce Del Silenzio\t4:56<br \/>\nSogno\t4:00<br \/>\nIl Mare Calmo Della Sera\t4:40<br \/>\nDare To Live (Vivere)\t4:19<br \/>\nCanto Della Terra\t4:00<br \/>\nA Te\t4:10<br \/>\nBesame Mucho\t4:04<br \/>\nMille Lune Mille Onde\t4:02<br \/>\nCon Te Partir\u00f2\t4:13<br \/>\nIo Ci Sar\u00f2\t4:50<br \/>\nRomanza\t3:44<br \/>\nVivo Per Lei\t4:26<br \/>\nMelodramma\t4:09<br \/>\nBellissime Stelle\t4:15<br \/>\nThe Prayer\t4:29<br \/>\nBecause We Believe\t4:41<\/p>","protected":false},"excerpt":{"rendered":"<p>Universal Music Group International \u2013 06025 1746795 8, Sugar (2) \u2013 06025 1746795 8, Almud \u2013 06025 1746795 8<br \/>\nFormat:<br \/>\nCD, Compilation, Super Jewel Box<br \/>\nCountry:\tScandinavia<br \/>\nReleased:\tOct 22, 2007<\/p>","protected":false},"featured_media":20602,"template":"","meta":[],"product_cat":[24,946],"product_tag":[44],"yoast_head":"<!-- This site is optimized with the Yoast SEO plugin v23.5 - https:\/\/yoast.com\/wordpress\/plugins\/seo\/ -->\n<title>Andrea Bocelli \u2013 The Best Of Andrea Bocelli: Vivere CD Vinilin\u0117 Plok\u0161tel\u0117 | Vinilozona.lt<\/title>\n<meta name=\"robots\" content=\"index, follow, max-snippet:-1, max-image-preview:large, max-video-preview:-1\" \/>\n<link rel=\"canonical\" href=\"https:\/\/vinilozona.lt\/en\/parduotuve\/cd\/naudoti-cd\/andrea-bocelli-the-best-of-andrea-bocelli-vivere-cd\/\" \/>\n<meta property=\"og:locale\" content=\"en_GB\" \/>\n<meta property=\"og:type\" content=\"article\" \/>\n<meta property=\"og:title\" content=\"Andrea Bocelli \u2013 The Best Of Andrea Bocelli: Vivere CD Vinilin\u0117 Plok\u0161tel\u0117 | Vinilozona.lt\" \/>\n<meta property=\"og:description\" content=\"Universal Music Group International \u2013 06025 1746795 8, Sugar (2) \u2013 06025 1746795 8, Almud \u2013 06025 1746795 8 Format:  CD, Compilation, Super Jewel Box Country: Scandinavia Released: Oct 22, 2007\" \/>\n<meta property=\"og:url\" content=\"https:\/\/vinilozona.lt\/en\/parduotuve\/cd\/naudoti-cd\/andrea-bocelli-the-best-of-andrea-bocelli-vivere-cd\/\" \/>\n<meta property=\"og:site_name\" content=\"Vinilo Zona\" \/>\n<meta property=\"article:modified_time\" content=\"2025-10-14T17:52:24+00:00\" \/>\n<meta property=\"og:image\" content=\"https:\/\/vinilozona.lt\/wp-content\/uploads\/2022\/11\/R-3765605-1343520449-8409.jpg\" \/>\n\t<meta property=\"og:image:width\" content=\"600\" \/>\n\t<meta property=\"og:image:height\" content=\"600\" \/>\n\t<meta property=\"og:image:type\" content=\"image\/jpeg\" \/>\n<meta name=\"twitter:card\" content=\"summary_large_image\" \/>\n<meta name=\"twitter:label1\" content=\"Estimated reading time\" \/>\n\t<meta name=\"twitter:data1\" content=\"1 minute\" \/>\n<script type=\"application\/ld+json\" class=\"yoast-schema-graph\">{\"@context\":\"https:\/\/schema.org\",\"@graph\":[{\"@type\":\"WebPage\",\"@id\":\"https:\/\/vinilozona.lt\/parduotuve\/cd\/naudoti-cd\/andrea-bocelli-the-best-of-andrea-bocelli-vivere-cd\/\",\"url\":\"https:\/\/vinilozona.lt\/parduotuve\/cd\/naudoti-cd\/andrea-bocelli-the-best-of-andrea-bocelli-vivere-cd\/\",\"name\":\"Andrea Bocelli \u2013 The Best Of Andrea Bocelli: Vivere CD Vinilin\u0117 Plok\u0161tel\u0117 | Vinilozona.lt\",\"isPartOf\":{\"@id\":\"https:\/\/vinilozona.lt\/#website\"},\"primaryImageOfPage\":{\"@id\":\"https:\/\/vinilozona.lt\/parduotuve\/cd\/naudoti-cd\/andrea-bocelli-the-best-of-andrea-bocelli-vivere-cd\/#primaryimage\"},\"image\":{\"@id\":\"https:\/\/vinilozona.lt\/parduotuve\/cd\/naudoti-cd\/andrea-bocelli-the-best-of-andrea-bocelli-vivere-cd\/#primaryimage\"},\"thumbnailUrl\":\"https:\/\/vinilozona.lt\/wp-content\/uploads\/2022\/11\/R-3765605-1343520449-8409.jpg\",\"datePublished\":\"2025-10-13T02:13:13+00:00\",\"dateModified\":\"2025-10-14T17:52:24+00:00\",\"breadcrumb\":{\"@id\":\"https:\/\/vinilozona.lt\/parduotuve\/cd\/naudoti-cd\/andrea-bocelli-the-best-of-andrea-bocelli-vivere-cd\/#breadcrumb\"},\"inLanguage\":\"en-GB\",\"potentialAction\":[{\"@type\":\"ReadAction\",\"target\":[\"https:\/\/vinilozona.lt\/parduotuve\/cd\/naudoti-cd\/andrea-bocelli-the-best-of-andrea-bocelli-vivere-cd\/\"]}]},{\"@type\":\"ImageObject\",\"inLanguage\":\"en-GB\",\"@id\":\"https:\/\/vinilozona.lt\/parduotuve\/cd\/naudoti-cd\/andrea-bocelli-the-best-of-andrea-bocelli-vivere-cd\/#primaryimage\",\"url\":\"https:\/\/vinilozona.lt\/wp-content\/uploads\/2022\/11\/R-3765605-1343520449-8409.jpg\",\"contentUrl\":\"https:\/\/vinilozona.lt\/wp-content\/uploads\/2022\/11\/R-3765605-1343520449-8409.jpg\",\"width\":600,\"height\":600},{\"@type\":\"BreadcrumbList\",\"@id\":\"https:\/\/vinilozona.lt\/parduotuve\/cd\/naudoti-cd\/andrea-bocelli-the-best-of-andrea-bocelli-vivere-cd\/#breadcrumb\",\"itemListElement\":[{\"@type\":\"ListItem\",\"position\":1,\"name\":\"Home\",\"item\":\"https:\/\/vinilozona.lt\/\"},{\"@type\":\"ListItem\",\"position\":2,\"name\":\"Parduotuv\u0117\",\"item\":\"https:\/\/vinilozona.lt\/parduotuve\/\"},{\"@type\":\"ListItem\",\"position\":3,\"name\":\"Andrea Bocelli \u2013 The Best Of Andrea Bocelli: Vivere CD\"}]},{\"@type\":\"WebSite\",\"@id\":\"https:\/\/vinilozona.lt\/#website\",\"url\":\"https:\/\/vinilozona.lt\/\",\"name\":\"Vinilo Zona\",\"description\":\"Nup\u016bsk dulkes ir klausyk LP\",\"potentialAction\":[{\"@type\":\"SearchAction\",\"target\":{\"@type\":\"EntryPoint\",\"urlTemplate\":\"https:\/\/vinilozona.lt\/?s={search_term_string}\"},\"query-input\":{\"@type\":\"PropertyValueSpecification\",\"valueRequired\":true,\"valueName\":\"search_term_string\"}}],\"inLanguage\":\"en-GB\"}]}<\/script>\n<!-- \/ Yoast SEO plugin. -->","yoast_head_json":{"title":"Andrea Bocelli \u2013 The Best Of Andrea Bocelli: Vivere CD Vinilin\u0117 Plok\u0161tel\u0117 | Vinilozona.lt","robots":{"index":"index","follow":"follow","max-snippet":"max-snippet:-1","max-image-preview":"max-image-preview:large","max-video-preview":"max-video-preview:-1"},"canonical":"https:\/\/vinilozona.lt\/en\/parduotuve\/cd\/naudoti-cd\/andrea-bocelli-the-best-of-andrea-bocelli-vivere-cd\/","og_locale":"en_GB","og_type":"article","og_title":"Andrea Bocelli \u2013 The Best Of Andrea Bocelli: Vivere CD Vinilin\u0117 Plok\u0161tel\u0117 | Vinilozona.lt","og_description":"Universal Music Group International \u2013 06025 1746795 8, Sugar (2) \u2013 06025 1746795 8, Almud \u2013 06025 1746795 8 Format:  CD, Compilation, Super Jewel Box Country: Scandinavia Released: Oct 22, 2007","og_url":"https:\/\/vinilozona.lt\/en\/parduotuve\/cd\/naudoti-cd\/andrea-bocelli-the-best-of-andrea-bocelli-vivere-cd\/","og_site_name":"Vinilo Zona","article_modified_time":"2025-10-14T17:52:24+00:00","og_image":[{"width":600,"height":600,"url":"https:\/\/vinilozona.lt\/wp-content\/uploads\/2022\/11\/R-3765605-1343520449-8409.jpg","type":"image\/jpeg"}],"twitter_card":"summary_large_image","twitter_misc":{"Estimated reading time":"1 minute"},"schema":{"@context":"https:\/\/schema.org","@graph":[{"@type":"WebPage","@id":"https:\/\/vinilozona.lt\/parduotuve\/cd\/naudoti-cd\/andrea-bocelli-the-best-of-andrea-bocelli-vivere-cd\/","url":"https:\/\/vinilozona.lt\/parduotuve\/cd\/naudoti-cd\/andrea-bocelli-the-best-of-andrea-bocelli-vivere-cd\/","name":"Andrea Bocelli \u2013 The Best Of Andrea Bocelli: Vivere CD Vinilin\u0117 Plok\u0161tel\u0117 | Vinilozona.lt","isPartOf":{"@id":"https:\/\/vinilozona.lt\/#website"},"primaryImageOfPage":{"@id":"https:\/\/vinilozona.lt\/parduotuve\/cd\/naudoti-cd\/andrea-bocelli-the-best-of-andrea-bocelli-vivere-cd\/#primaryimage"},"image":{"@id":"https:\/\/vinilozona.lt\/parduotuve\/cd\/naudoti-cd\/andrea-bocelli-the-best-of-andrea-bocelli-vivere-cd\/#primaryimage"},"thumbnailUrl":"https:\/\/vinilozona.lt\/wp-content\/uploads\/2022\/11\/R-3765605-1343520449-8409.jpg","datePublished":"2025-10-13T02:13:13+00:00","dateModified":"2025-10-14T17:52:24+00:00","breadcrumb":{"@id":"https:\/\/vinilozona.lt\/parduotuve\/cd\/naudoti-cd\/andrea-bocelli-the-best-of-andrea-bocelli-vivere-cd\/#breadcrumb"},"inLanguage":"en-GB","potentialAction":[{"@type":"ReadAction","target":["https:\/\/vinilozona.lt\/parduotuve\/cd\/naudoti-cd\/andrea-bocelli-the-best-of-andrea-bocelli-vivere-cd\/"]}]},{"@type":"ImageObject","inLanguage":"en-GB","@id":"https:\/\/vinilozona.lt\/parduotuve\/cd\/naudoti-cd\/andrea-bocelli-the-best-of-andrea-bocelli-vivere-cd\/#primaryimage","url":"https:\/\/vinilozona.lt\/wp-content\/uploads\/2022\/11\/R-3765605-1343520449-8409.jpg","contentUrl":"https:\/\/vinilozona.lt\/wp-content\/uploads\/2022\/11\/R-3765605-1343520449-8409.jpg","width":600,"height":600},{"@type":"BreadcrumbList","@id":"https:\/\/vinilozona.lt\/parduotuve\/cd\/naudoti-cd\/andrea-bocelli-the-best-of-andrea-bocelli-vivere-cd\/#breadcrumb","itemListElement":[{"@type":"ListItem","position":1,"name":"Home","item":"https:\/\/vinilozona.lt\/"},{"@type":"ListItem","position":2,"name":"Parduotuv\u0117","item":"https:\/\/vinilozona.lt\/parduotuve\/"},{"@type":"ListItem","position":3,"name":"Andrea Bocelli \u2013 The Best Of Andrea Bocelli: Vivere CD"}]},{"@type":"WebSite","@id":"https:\/\/vinilozona.lt\/#website","url":"https:\/\/vinilozona.lt\/","name":"Vinilo Zona","description":"Nup\u016bsk dulkes ir klausyk LP","potentialAction":[{"@type":"SearchAction","target":{"@type":"EntryPoint","urlTemplate":"https:\/\/vinilozona.lt\/?s={search_term_string}"},"query-input":{"@type":"PropertyValueSpecification","valueRequired":true,"valueName":"search_term_string"}}],"inLanguage":"en-GB"}]}},"_links":{"self":[{"href":"https:\/\/vinilozona.lt\/en\/wp-json\/wp\/v2\/product\/20601"}],"collection":[{"href":"https:\/\/vinilozona.lt\/en\/wp-json\/wp\/v2\/product"}],"about":[{"href":"https:\/\/vinilozona.lt\/en\/wp-json\/wp\/v2\/types\/product"}],"wp:featuredmedia":[{"embeddable":true,"href":"https:\/\/vinilozona.lt\/en\/wp-json\/wp\/v2\/media\/20602"}],"wp:attachment":[{"href":"https:\/\/vinilozona.lt\/en\/wp-json\/wp\/v2\/media?parent=20601"}],"wp:term":[{"taxonomy":"product_cat","embeddable":true,"href":"https:\/\/vinilozona.lt\/en\/wp-json\/wp\/v2\/product_cat?post=20601"},{"taxonomy":"product_tag","embeddable":true,"href":"https:\/\/vinilozona.lt\/en\/wp-json\/wp\/v2\/product_tag?post=20601"}],"curies":[{"name":"wp","href":"https:\/\/api.w.org\/{rel}","templated":true}]}}