{"id":20585,"date":"2023-09-24T08:46:18","date_gmt":"2023-09-24T05:46:18","guid":{"rendered":"https:\/\/vinilozona.lt\/?post_type=product&#038;p=20585"},"modified":"2026-02-21T16:25:46","modified_gmt":"2026-02-21T14:25:46","slug":"modern-talking-alone-the-8th-album-cd","status":"publish","type":"product","link":"https:\/\/vinilozona.lt\/en\/parduotuve\/cd\/naudoti-cd\/modern-talking-alone-the-8th-album-cd\/","title":{"rendered":"Tom Waits \u2013 The Black Rider  CD"},"content":{"rendered":"<p>1\t\tLucky Day (Overture)  2:26<br \/>\n2\t\tThe Black Rider  3:20<br \/>\n3\t\tNovember  2:50<br \/>\n4\t\tJust The Right Bullets  3:35<br \/>\n5\t\tBlack Box Theme  2:45<br \/>\n6\t\t&#8216;T&#8217; Ain&#8217;t No Sin  2:35<br \/>\n7\t\tFlash Pan Hunter (Intro)  1:11<br \/>\n8\t\tThat&#8217;s The Way  1:11<br \/>\n9\t\tThe Briar And The Rose  3:50<br \/>\n10\t\tRussian Dance  3:10<br \/>\n11\t\tGospel Train (Orchestra)  2:35<br \/>\n12\t\tI&#8217;ll Shoot The Moon  3:50<br \/>\n13\t\tFlash Pan Hunter  3:05<br \/>\n14\t\tCrossroads  2:45<br \/>\n15\t\tGospel Train  4:40<br \/>\n16\t\tInterlude  0:30<br \/>\n17\t\tOily Night  4:25<br \/>\n18\t\tLucky Day  3:45<br \/>\n19\t\tThe Last Rose Of Summer  2:10<br \/>\n20\t\tCarnival  1:30<\/p>","protected":false},"excerpt":{"rendered":"<p>Island Records \u2013 CID 8021, Island Records \u2013 518 559-2<br \/>\nFormat:<br \/>\nCD, Album<br \/>\nCountry:\tUK &#038; Europe<br \/>\nReleased:  1993<\/p>","protected":false},"featured_media":23011,"template":"","meta":[],"product_cat":[24,946],"product_tag":[44],"yoast_head":"<!-- This site is optimized with the Yoast SEO plugin v23.5 - https:\/\/yoast.com\/wordpress\/plugins\/seo\/ -->\n<title>Tom Waits \u2013 The Black Rider CD Vinilin\u0117 Plok\u0161tel\u0117 | Vinilozona.lt<\/title>\n<meta name=\"robots\" content=\"index, follow, max-snippet:-1, max-image-preview:large, max-video-preview:-1\" \/>\n<link rel=\"canonical\" href=\"https:\/\/vinilozona.lt\/en\/parduotuve\/cd\/naudoti-cd\/modern-talking-alone-the-8th-album-cd\/\" \/>\n<meta property=\"og:locale\" content=\"en_GB\" \/>\n<meta property=\"og:type\" content=\"article\" \/>\n<meta property=\"og:title\" content=\"Tom Waits \u2013 The Black Rider CD Vinilin\u0117 Plok\u0161tel\u0117 | Vinilozona.lt\" \/>\n<meta property=\"og:description\" content=\"Island Records \u2013 CID 8021, Island Records \u2013 518 559-2 Format:  CD, Album Country: UK &amp; Europe Released: 1993\" \/>\n<meta property=\"og:url\" content=\"https:\/\/vinilozona.lt\/en\/parduotuve\/cd\/naudoti-cd\/modern-talking-alone-the-8th-album-cd\/\" \/>\n<meta property=\"og:site_name\" content=\"Vinilo Zona\" \/>\n<meta property=\"article:modified_time\" content=\"2026-02-21T14:25:46+00:00\" \/>\n<meta property=\"og:image\" content=\"https:\/\/vinilozona.lt\/wp-content\/uploads\/2022\/11\/R-709932-1228253984.jpg\" \/>\n\t<meta property=\"og:image:width\" content=\"487\" \/>\n\t<meta property=\"og:image:height\" content=\"470\" \/>\n\t<meta property=\"og:image:type\" content=\"image\/jpeg\" \/>\n<meta name=\"twitter:card\" content=\"summary_large_image\" \/>\n<script type=\"application\/ld+json\" class=\"yoast-schema-graph\">{\"@context\":\"https:\/\/schema.org\",\"@graph\":[{\"@type\":\"WebPage\",\"@id\":\"https:\/\/vinilozona.lt\/parduotuve\/cd\/naudoti-cd\/modern-talking-alone-the-8th-album-cd\/\",\"url\":\"https:\/\/vinilozona.lt\/parduotuve\/cd\/naudoti-cd\/modern-talking-alone-the-8th-album-cd\/\",\"name\":\"Tom Waits \u2013 The Black Rider CD Vinilin\u0117 Plok\u0161tel\u0117 | Vinilozona.lt\",\"isPartOf\":{\"@id\":\"https:\/\/vinilozona.lt\/#website\"},\"primaryImageOfPage\":{\"@id\":\"https:\/\/vinilozona.lt\/parduotuve\/cd\/naudoti-cd\/modern-talking-alone-the-8th-album-cd\/#primaryimage\"},\"image\":{\"@id\":\"https:\/\/vinilozona.lt\/parduotuve\/cd\/naudoti-cd\/modern-talking-alone-the-8th-album-cd\/#primaryimage\"},\"thumbnailUrl\":\"https:\/\/vinilozona.lt\/wp-content\/uploads\/2022\/11\/R-709932-1228253984.jpg\",\"datePublished\":\"2023-09-24T05:46:18+00:00\",\"dateModified\":\"2026-02-21T14:25:46+00:00\",\"breadcrumb\":{\"@id\":\"https:\/\/vinilozona.lt\/parduotuve\/cd\/naudoti-cd\/modern-talking-alone-the-8th-album-cd\/#breadcrumb\"},\"inLanguage\":\"en-GB\",\"potentialAction\":[{\"@type\":\"ReadAction\",\"target\":[\"https:\/\/vinilozona.lt\/parduotuve\/cd\/naudoti-cd\/modern-talking-alone-the-8th-album-cd\/\"]}]},{\"@type\":\"ImageObject\",\"inLanguage\":\"en-GB\",\"@id\":\"https:\/\/vinilozona.lt\/parduotuve\/cd\/naudoti-cd\/modern-talking-alone-the-8th-album-cd\/#primaryimage\",\"url\":\"https:\/\/vinilozona.lt\/wp-content\/uploads\/2022\/11\/R-709932-1228253984.jpg\",\"contentUrl\":\"https:\/\/vinilozona.lt\/wp-content\/uploads\/2022\/11\/R-709932-1228253984.jpg\",\"width\":487,\"height\":470},{\"@type\":\"BreadcrumbList\",\"@id\":\"https:\/\/vinilozona.lt\/parduotuve\/cd\/naudoti-cd\/modern-talking-alone-the-8th-album-cd\/#breadcrumb\",\"itemListElement\":[{\"@type\":\"ListItem\",\"position\":1,\"name\":\"Home\",\"item\":\"https:\/\/vinilozona.lt\/\"},{\"@type\":\"ListItem\",\"position\":2,\"name\":\"Parduotuv\u0117\",\"item\":\"https:\/\/vinilozona.lt\/parduotuve\/\"},{\"@type\":\"ListItem\",\"position\":3,\"name\":\"Tom Waits \u2013 The Black Rider CD\"}]},{\"@type\":\"WebSite\",\"@id\":\"https:\/\/vinilozona.lt\/#website\",\"url\":\"https:\/\/vinilozona.lt\/\",\"name\":\"Vinilo Zona\",\"description\":\"Nup\u016bsk dulkes ir klausyk LP\",\"potentialAction\":[{\"@type\":\"SearchAction\",\"target\":{\"@type\":\"EntryPoint\",\"urlTemplate\":\"https:\/\/vinilozona.lt\/?s={search_term_string}\"},\"query-input\":{\"@type\":\"PropertyValueSpecification\",\"valueRequired\":true,\"valueName\":\"search_term_string\"}}],\"inLanguage\":\"en-GB\"}]}<\/script>\n<!-- \/ Yoast SEO plugin. -->","yoast_head_json":{"title":"Tom Waits \u2013 The Black Rider CD Vinilin\u0117 Plok\u0161tel\u0117 | Vinilozona.lt","robots":{"index":"index","follow":"follow","max-snippet":"max-snippet:-1","max-image-preview":"max-image-preview:large","max-video-preview":"max-video-preview:-1"},"canonical":"https:\/\/vinilozona.lt\/en\/parduotuve\/cd\/naudoti-cd\/modern-talking-alone-the-8th-album-cd\/","og_locale":"en_GB","og_type":"article","og_title":"Tom Waits \u2013 The Black Rider CD Vinilin\u0117 Plok\u0161tel\u0117 | Vinilozona.lt","og_description":"Island Records \u2013 CID 8021, Island Records \u2013 518 559-2 Format:  CD, Album Country: UK & Europe Released: 1993","og_url":"https:\/\/vinilozona.lt\/en\/parduotuve\/cd\/naudoti-cd\/modern-talking-alone-the-8th-album-cd\/","og_site_name":"Vinilo Zona","article_modified_time":"2026-02-21T14:25:46+00:00","og_image":[{"width":487,"height":470,"url":"https:\/\/vinilozona.lt\/wp-content\/uploads\/2022\/11\/R-709932-1228253984.jpg","type":"image\/jpeg"}],"twitter_card":"summary_large_image","schema":{"@context":"https:\/\/schema.org","@graph":[{"@type":"WebPage","@id":"https:\/\/vinilozona.lt\/parduotuve\/cd\/naudoti-cd\/modern-talking-alone-the-8th-album-cd\/","url":"https:\/\/vinilozona.lt\/parduotuve\/cd\/naudoti-cd\/modern-talking-alone-the-8th-album-cd\/","name":"Tom Waits \u2013 The Black Rider CD Vinilin\u0117 Plok\u0161tel\u0117 | Vinilozona.lt","isPartOf":{"@id":"https:\/\/vinilozona.lt\/#website"},"primaryImageOfPage":{"@id":"https:\/\/vinilozona.lt\/parduotuve\/cd\/naudoti-cd\/modern-talking-alone-the-8th-album-cd\/#primaryimage"},"image":{"@id":"https:\/\/vinilozona.lt\/parduotuve\/cd\/naudoti-cd\/modern-talking-alone-the-8th-album-cd\/#primaryimage"},"thumbnailUrl":"https:\/\/vinilozona.lt\/wp-content\/uploads\/2022\/11\/R-709932-1228253984.jpg","datePublished":"2023-09-24T05:46:18+00:00","dateModified":"2026-02-21T14:25:46+00:00","breadcrumb":{"@id":"https:\/\/vinilozona.lt\/parduotuve\/cd\/naudoti-cd\/modern-talking-alone-the-8th-album-cd\/#breadcrumb"},"inLanguage":"en-GB","potentialAction":[{"@type":"ReadAction","target":["https:\/\/vinilozona.lt\/parduotuve\/cd\/naudoti-cd\/modern-talking-alone-the-8th-album-cd\/"]}]},{"@type":"ImageObject","inLanguage":"en-GB","@id":"https:\/\/vinilozona.lt\/parduotuve\/cd\/naudoti-cd\/modern-talking-alone-the-8th-album-cd\/#primaryimage","url":"https:\/\/vinilozona.lt\/wp-content\/uploads\/2022\/11\/R-709932-1228253984.jpg","contentUrl":"https:\/\/vinilozona.lt\/wp-content\/uploads\/2022\/11\/R-709932-1228253984.jpg","width":487,"height":470},{"@type":"BreadcrumbList","@id":"https:\/\/vinilozona.lt\/parduotuve\/cd\/naudoti-cd\/modern-talking-alone-the-8th-album-cd\/#breadcrumb","itemListElement":[{"@type":"ListItem","position":1,"name":"Home","item":"https:\/\/vinilozona.lt\/"},{"@type":"ListItem","position":2,"name":"Parduotuv\u0117","item":"https:\/\/vinilozona.lt\/parduotuve\/"},{"@type":"ListItem","position":3,"name":"Tom Waits \u2013 The Black Rider CD"}]},{"@type":"WebSite","@id":"https:\/\/vinilozona.lt\/#website","url":"https:\/\/vinilozona.lt\/","name":"Vinilo Zona","description":"Nup\u016bsk dulkes ir klausyk LP","potentialAction":[{"@type":"SearchAction","target":{"@type":"EntryPoint","urlTemplate":"https:\/\/vinilozona.lt\/?s={search_term_string}"},"query-input":{"@type":"PropertyValueSpecification","valueRequired":true,"valueName":"search_term_string"}}],"inLanguage":"en-GB"}]}},"_links":{"self":[{"href":"https:\/\/vinilozona.lt\/en\/wp-json\/wp\/v2\/product\/20585"}],"collection":[{"href":"https:\/\/vinilozona.lt\/en\/wp-json\/wp\/v2\/product"}],"about":[{"href":"https:\/\/vinilozona.lt\/en\/wp-json\/wp\/v2\/types\/product"}],"wp:featuredmedia":[{"embeddable":true,"href":"https:\/\/vinilozona.lt\/en\/wp-json\/wp\/v2\/media\/23011"}],"wp:attachment":[{"href":"https:\/\/vinilozona.lt\/en\/wp-json\/wp\/v2\/media?parent=20585"}],"wp:term":[{"taxonomy":"product_cat","embeddable":true,"href":"https:\/\/vinilozona.lt\/en\/wp-json\/wp\/v2\/product_cat?post=20585"},{"taxonomy":"product_tag","embeddable":true,"href":"https:\/\/vinilozona.lt\/en\/wp-json\/wp\/v2\/product_tag?post=20585"}],"curies":[{"name":"wp","href":"https:\/\/api.w.org\/{rel}","templated":true}]}}