{"id":20572,"date":"2025-05-26T05:03:47","date_gmt":"2025-05-26T02:03:47","guid":{"rendered":"https:\/\/vinilozona.lt\/?post_type=product&#038;p=20572"},"modified":"2025-06-18T12:35:15","modified_gmt":"2025-06-18T09:35:15","slug":"eagles-long-road-out-of-eden-2cd","status":"publish","type":"product","link":"https:\/\/vinilozona.lt\/en\/parduotuve\/cd\/naudoti-cd\/eagles-long-road-out-of-eden-2cd\/","title":{"rendered":"Eagles \u2013 Long Road Out Of Eden 2CD"},"content":{"rendered":"<p>1-1\t\tNo More Walks In The Wood\t2:01<br \/>\n1-2\t\tHow Long\t3:16<br \/>\n1-3\t\tBusy Being Fabulous\t4:21<br \/>\n1-4\t\tWhat Do I Do With My Heart\t3:54<br \/>\n1-5\t\tGuilty Of The Crime\t3:44<br \/>\n1-6\t\tI Don&#8217;t Want To Hear Any More\t4:21<br \/>\n1-7\t\tWaiting In The Weeds\t7:46<br \/>\n1-8\t\tNo More Cloudy Days\t4:03<br \/>\n1-9\t\tFast Company\t4:01<br \/>\n1-10\t\tDo Something\t5:12<br \/>\n1-11\t\tYou Are Not Alone\t2:24<br \/>\n2-1\t\tLong Road Out Of Eden\t10:17<br \/>\n2-2\t\tI Dreamed There Was No War\t1:38<br \/>\n2-3\t\tSomebody\t4:10<br \/>\n2-4\t\tFrail Grasp On The Big Picture\t5:46<br \/>\n2-5\t\tLast Good Time In Town\t7:07<br \/>\n2-6\t\tI Love To Watch A Woman Dance\t3:16<br \/>\n2-7\t\tBusiness As Usual\t5:31<br \/>\n2-8\t\tCenter Of The Universe\t3:42<br \/>\n2-9\t\tIt&#8217;s Your World Now\t4:22<\/p>","protected":false},"excerpt":{"rendered":"<p>Universal Music Group International \u2013 0602517492431, Eagles Recording Co. II \u2013 0602517492431<br \/>\nFormat:<br \/>\n2 x CD, Album, Digisleeve<br \/>\nCountry:\tEurope<br \/>\nReleased:\tOct 29, 2007<\/p>","protected":false},"featured_media":20573,"template":"","meta":[],"product_cat":[24,946],"product_tag":[44],"yoast_head":"<!-- This site is optimized with the Yoast SEO plugin v23.5 - https:\/\/yoast.com\/wordpress\/plugins\/seo\/ -->\n<title>Eagles \u2013 Long Road Out Of Eden 2CD Vinilin\u0117 Plok\u0161tel\u0117 | Vinilozona.lt<\/title>\n<meta name=\"robots\" content=\"index, follow, max-snippet:-1, max-image-preview:large, max-video-preview:-1\" \/>\n<link rel=\"canonical\" href=\"https:\/\/vinilozona.lt\/en\/parduotuve\/cd\/naudoti-cd\/eagles-long-road-out-of-eden-2cd\/\" \/>\n<meta property=\"og:locale\" content=\"en_GB\" \/>\n<meta property=\"og:type\" content=\"article\" \/>\n<meta property=\"og:title\" content=\"Eagles \u2013 Long Road Out Of Eden 2CD Vinilin\u0117 Plok\u0161tel\u0117 | Vinilozona.lt\" \/>\n<meta property=\"og:description\" content=\"Universal Music Group International \u2013 0602517492431, Eagles Recording Co. II \u2013 0602517492431 Format:  2 x CD, Album, Digisleeve Country: Europe Released: Oct 29, 2007\" \/>\n<meta property=\"og:url\" content=\"https:\/\/vinilozona.lt\/en\/parduotuve\/cd\/naudoti-cd\/eagles-long-road-out-of-eden-2cd\/\" \/>\n<meta property=\"og:site_name\" content=\"Vinilo Zona\" \/>\n<meta property=\"article:modified_time\" content=\"2025-06-18T09:35:15+00:00\" \/>\n<meta property=\"og:image\" content=\"https:\/\/vinilozona.lt\/wp-content\/uploads\/2022\/11\/R-1195973-1515291142-3504.jpg\" \/>\n\t<meta property=\"og:image:width\" content=\"599\" \/>\n\t<meta property=\"og:image:height\" content=\"546\" \/>\n\t<meta property=\"og:image:type\" content=\"image\/jpeg\" \/>\n<meta name=\"twitter:card\" content=\"summary_large_image\" \/>\n<meta name=\"twitter:label1\" content=\"Estimated reading time\" \/>\n\t<meta name=\"twitter:data1\" content=\"1 minute\" \/>\n<script type=\"application\/ld+json\" class=\"yoast-schema-graph\">{\"@context\":\"https:\/\/schema.org\",\"@graph\":[{\"@type\":\"WebPage\",\"@id\":\"https:\/\/vinilozona.lt\/parduotuve\/cd\/naudoti-cd\/eagles-long-road-out-of-eden-2cd\/\",\"url\":\"https:\/\/vinilozona.lt\/parduotuve\/cd\/naudoti-cd\/eagles-long-road-out-of-eden-2cd\/\",\"name\":\"Eagles \u2013 Long Road Out Of Eden 2CD Vinilin\u0117 Plok\u0161tel\u0117 | Vinilozona.lt\",\"isPartOf\":{\"@id\":\"https:\/\/vinilozona.lt\/#website\"},\"primaryImageOfPage\":{\"@id\":\"https:\/\/vinilozona.lt\/parduotuve\/cd\/naudoti-cd\/eagles-long-road-out-of-eden-2cd\/#primaryimage\"},\"image\":{\"@id\":\"https:\/\/vinilozona.lt\/parduotuve\/cd\/naudoti-cd\/eagles-long-road-out-of-eden-2cd\/#primaryimage\"},\"thumbnailUrl\":\"https:\/\/vinilozona.lt\/wp-content\/uploads\/2022\/11\/R-1195973-1515291142-3504.jpg\",\"datePublished\":\"2025-05-26T02:03:47+00:00\",\"dateModified\":\"2025-06-18T09:35:15+00:00\",\"breadcrumb\":{\"@id\":\"https:\/\/vinilozona.lt\/parduotuve\/cd\/naudoti-cd\/eagles-long-road-out-of-eden-2cd\/#breadcrumb\"},\"inLanguage\":\"en-GB\",\"potentialAction\":[{\"@type\":\"ReadAction\",\"target\":[\"https:\/\/vinilozona.lt\/parduotuve\/cd\/naudoti-cd\/eagles-long-road-out-of-eden-2cd\/\"]}]},{\"@type\":\"ImageObject\",\"inLanguage\":\"en-GB\",\"@id\":\"https:\/\/vinilozona.lt\/parduotuve\/cd\/naudoti-cd\/eagles-long-road-out-of-eden-2cd\/#primaryimage\",\"url\":\"https:\/\/vinilozona.lt\/wp-content\/uploads\/2022\/11\/R-1195973-1515291142-3504.jpg\",\"contentUrl\":\"https:\/\/vinilozona.lt\/wp-content\/uploads\/2022\/11\/R-1195973-1515291142-3504.jpg\",\"width\":599,\"height\":546},{\"@type\":\"BreadcrumbList\",\"@id\":\"https:\/\/vinilozona.lt\/parduotuve\/cd\/naudoti-cd\/eagles-long-road-out-of-eden-2cd\/#breadcrumb\",\"itemListElement\":[{\"@type\":\"ListItem\",\"position\":1,\"name\":\"Home\",\"item\":\"https:\/\/vinilozona.lt\/\"},{\"@type\":\"ListItem\",\"position\":2,\"name\":\"Parduotuv\u0117\",\"item\":\"https:\/\/vinilozona.lt\/parduotuve\/\"},{\"@type\":\"ListItem\",\"position\":3,\"name\":\"Eagles \u2013 Long Road Out Of Eden 2CD\"}]},{\"@type\":\"WebSite\",\"@id\":\"https:\/\/vinilozona.lt\/#website\",\"url\":\"https:\/\/vinilozona.lt\/\",\"name\":\"Vinilo Zona\",\"description\":\"Nup\u016bsk dulkes ir klausyk LP\",\"potentialAction\":[{\"@type\":\"SearchAction\",\"target\":{\"@type\":\"EntryPoint\",\"urlTemplate\":\"https:\/\/vinilozona.lt\/?s={search_term_string}\"},\"query-input\":{\"@type\":\"PropertyValueSpecification\",\"valueRequired\":true,\"valueName\":\"search_term_string\"}}],\"inLanguage\":\"en-GB\"}]}<\/script>\n<!-- \/ Yoast SEO plugin. -->","yoast_head_json":{"title":"Eagles \u2013 Long Road Out Of Eden 2CD Vinilin\u0117 Plok\u0161tel\u0117 | Vinilozona.lt","robots":{"index":"index","follow":"follow","max-snippet":"max-snippet:-1","max-image-preview":"max-image-preview:large","max-video-preview":"max-video-preview:-1"},"canonical":"https:\/\/vinilozona.lt\/en\/parduotuve\/cd\/naudoti-cd\/eagles-long-road-out-of-eden-2cd\/","og_locale":"en_GB","og_type":"article","og_title":"Eagles \u2013 Long Road Out Of Eden 2CD Vinilin\u0117 Plok\u0161tel\u0117 | Vinilozona.lt","og_description":"Universal Music Group International \u2013 0602517492431, Eagles Recording Co. II \u2013 0602517492431 Format:  2 x CD, Album, Digisleeve Country: Europe Released: Oct 29, 2007","og_url":"https:\/\/vinilozona.lt\/en\/parduotuve\/cd\/naudoti-cd\/eagles-long-road-out-of-eden-2cd\/","og_site_name":"Vinilo Zona","article_modified_time":"2025-06-18T09:35:15+00:00","og_image":[{"width":599,"height":546,"url":"https:\/\/vinilozona.lt\/wp-content\/uploads\/2022\/11\/R-1195973-1515291142-3504.jpg","type":"image\/jpeg"}],"twitter_card":"summary_large_image","twitter_misc":{"Estimated reading time":"1 minute"},"schema":{"@context":"https:\/\/schema.org","@graph":[{"@type":"WebPage","@id":"https:\/\/vinilozona.lt\/parduotuve\/cd\/naudoti-cd\/eagles-long-road-out-of-eden-2cd\/","url":"https:\/\/vinilozona.lt\/parduotuve\/cd\/naudoti-cd\/eagles-long-road-out-of-eden-2cd\/","name":"Eagles \u2013 Long Road Out Of Eden 2CD Vinilin\u0117 Plok\u0161tel\u0117 | Vinilozona.lt","isPartOf":{"@id":"https:\/\/vinilozona.lt\/#website"},"primaryImageOfPage":{"@id":"https:\/\/vinilozona.lt\/parduotuve\/cd\/naudoti-cd\/eagles-long-road-out-of-eden-2cd\/#primaryimage"},"image":{"@id":"https:\/\/vinilozona.lt\/parduotuve\/cd\/naudoti-cd\/eagles-long-road-out-of-eden-2cd\/#primaryimage"},"thumbnailUrl":"https:\/\/vinilozona.lt\/wp-content\/uploads\/2022\/11\/R-1195973-1515291142-3504.jpg","datePublished":"2025-05-26T02:03:47+00:00","dateModified":"2025-06-18T09:35:15+00:00","breadcrumb":{"@id":"https:\/\/vinilozona.lt\/parduotuve\/cd\/naudoti-cd\/eagles-long-road-out-of-eden-2cd\/#breadcrumb"},"inLanguage":"en-GB","potentialAction":[{"@type":"ReadAction","target":["https:\/\/vinilozona.lt\/parduotuve\/cd\/naudoti-cd\/eagles-long-road-out-of-eden-2cd\/"]}]},{"@type":"ImageObject","inLanguage":"en-GB","@id":"https:\/\/vinilozona.lt\/parduotuve\/cd\/naudoti-cd\/eagles-long-road-out-of-eden-2cd\/#primaryimage","url":"https:\/\/vinilozona.lt\/wp-content\/uploads\/2022\/11\/R-1195973-1515291142-3504.jpg","contentUrl":"https:\/\/vinilozona.lt\/wp-content\/uploads\/2022\/11\/R-1195973-1515291142-3504.jpg","width":599,"height":546},{"@type":"BreadcrumbList","@id":"https:\/\/vinilozona.lt\/parduotuve\/cd\/naudoti-cd\/eagles-long-road-out-of-eden-2cd\/#breadcrumb","itemListElement":[{"@type":"ListItem","position":1,"name":"Home","item":"https:\/\/vinilozona.lt\/"},{"@type":"ListItem","position":2,"name":"Parduotuv\u0117","item":"https:\/\/vinilozona.lt\/parduotuve\/"},{"@type":"ListItem","position":3,"name":"Eagles \u2013 Long Road Out Of Eden 2CD"}]},{"@type":"WebSite","@id":"https:\/\/vinilozona.lt\/#website","url":"https:\/\/vinilozona.lt\/","name":"Vinilo Zona","description":"Nup\u016bsk dulkes ir klausyk LP","potentialAction":[{"@type":"SearchAction","target":{"@type":"EntryPoint","urlTemplate":"https:\/\/vinilozona.lt\/?s={search_term_string}"},"query-input":{"@type":"PropertyValueSpecification","valueRequired":true,"valueName":"search_term_string"}}],"inLanguage":"en-GB"}]}},"_links":{"self":[{"href":"https:\/\/vinilozona.lt\/en\/wp-json\/wp\/v2\/product\/20572"}],"collection":[{"href":"https:\/\/vinilozona.lt\/en\/wp-json\/wp\/v2\/product"}],"about":[{"href":"https:\/\/vinilozona.lt\/en\/wp-json\/wp\/v2\/types\/product"}],"wp:featuredmedia":[{"embeddable":true,"href":"https:\/\/vinilozona.lt\/en\/wp-json\/wp\/v2\/media\/20573"}],"wp:attachment":[{"href":"https:\/\/vinilozona.lt\/en\/wp-json\/wp\/v2\/media?parent=20572"}],"wp:term":[{"taxonomy":"product_cat","embeddable":true,"href":"https:\/\/vinilozona.lt\/en\/wp-json\/wp\/v2\/product_cat?post=20572"},{"taxonomy":"product_tag","embeddable":true,"href":"https:\/\/vinilozona.lt\/en\/wp-json\/wp\/v2\/product_tag?post=20572"}],"curies":[{"name":"wp","href":"https:\/\/api.w.org\/{rel}","templated":true}]}}