{"id":20566,"date":"2022-11-04T12:00:32","date_gmt":"2022-11-04T10:00:32","guid":{"rendered":"https:\/\/vinilozona.lt\/?post_type=product&#038;p=20566"},"modified":"2023-07-15T22:15:47","modified_gmt":"2023-07-15T19:15:47","slug":"slash-featuring-myles-kennedy-the-conspirators-4","status":"publish","type":"product","link":"https:\/\/vinilozona.lt\/en\/parduotuve\/naujos-lp\/slash-featuring-myles-kennedy-the-conspirators-4\/","title":{"rendered":"Slash featuring Myles Kennedy &#038; The Conspirators \u2013 4"},"content":{"rendered":"<p>A1\t\tThe River Is Rising<br \/>\nA2\t\tWhatever Gets You By<br \/>\nA3\t\tC&#8217;est La Vie<br \/>\nA4\t\tThe Path Less Followed<br \/>\nA5\t\tFill My World<br \/>\nB1\t\tActions Speak Louder Than Words<br \/>\nB2\t\tSpirits Love<br \/>\nB3\t\tApril Fool<br \/>\nB4\t\tCall Off The Dogs<br \/>\nB5\t\tFall Back To Earth<\/p>","protected":false},"excerpt":{"rendered":"<p>Label:\tBMG \u2013 538696011, Gibson (4) \u2013 538696011<br \/>\nFormat:<br \/>\nVinyl, LP, Album, Stereo<br \/>\nCountry:\tEurope<br \/>\nReleased:\tFeb 11, 2022<\/p>","protected":false},"featured_media":20567,"template":"","meta":[],"product_cat":[23],"product_tag":[55],"yoast_head":"<!-- This site is optimized with the Yoast SEO plugin v23.5 - https:\/\/yoast.com\/wordpress\/plugins\/seo\/ -->\n<title>Slash featuring Myles Kennedy &amp; The Conspirators \u2013 4 Vinilin\u0117 Plok\u0161tel\u0117 | Vinilozona.lt<\/title>\n<meta name=\"robots\" content=\"index, follow, max-snippet:-1, max-image-preview:large, max-video-preview:-1\" \/>\n<link rel=\"canonical\" href=\"https:\/\/vinilozona.lt\/en\/parduotuve\/naujos-lp\/slash-featuring-myles-kennedy-the-conspirators-4\/\" \/>\n<meta property=\"og:locale\" content=\"en_GB\" \/>\n<meta property=\"og:type\" content=\"article\" \/>\n<meta property=\"og:title\" content=\"Slash featuring Myles Kennedy &amp; The Conspirators \u2013 4 Vinilin\u0117 Plok\u0161tel\u0117 | Vinilozona.lt\" \/>\n<meta property=\"og:description\" content=\"Label: BMG \u2013 538696011, Gibson (4) \u2013 538696011 Format:  Vinyl, LP, Album, Stereo Country: Europe Released: Feb 11, 2022\" \/>\n<meta property=\"og:url\" content=\"https:\/\/vinilozona.lt\/en\/parduotuve\/naujos-lp\/slash-featuring-myles-kennedy-the-conspirators-4\/\" \/>\n<meta property=\"og:site_name\" content=\"Vinilo Zona\" \/>\n<meta property=\"article:modified_time\" content=\"2023-07-15T19:15:47+00:00\" \/>\n<meta property=\"og:image\" content=\"https:\/\/vinilozona.lt\/wp-content\/uploads\/2022\/11\/R-22088026-1644411057-5826.jpg\" \/>\n\t<meta property=\"og:image:width\" content=\"586\" \/>\n\t<meta property=\"og:image:height\" content=\"587\" \/>\n\t<meta property=\"og:image:type\" content=\"image\/jpeg\" \/>\n<meta name=\"twitter:card\" content=\"summary_large_image\" \/>\n<script type=\"application\/ld+json\" class=\"yoast-schema-graph\">{\"@context\":\"https:\/\/schema.org\",\"@graph\":[{\"@type\":\"WebPage\",\"@id\":\"https:\/\/vinilozona.lt\/parduotuve\/naujos-lp\/slash-featuring-myles-kennedy-the-conspirators-4\/\",\"url\":\"https:\/\/vinilozona.lt\/parduotuve\/naujos-lp\/slash-featuring-myles-kennedy-the-conspirators-4\/\",\"name\":\"Slash featuring Myles Kennedy & The Conspirators \u2013 4 Vinilin\u0117 Plok\u0161tel\u0117 | Vinilozona.lt\",\"isPartOf\":{\"@id\":\"https:\/\/vinilozona.lt\/#website\"},\"primaryImageOfPage\":{\"@id\":\"https:\/\/vinilozona.lt\/parduotuve\/naujos-lp\/slash-featuring-myles-kennedy-the-conspirators-4\/#primaryimage\"},\"image\":{\"@id\":\"https:\/\/vinilozona.lt\/parduotuve\/naujos-lp\/slash-featuring-myles-kennedy-the-conspirators-4\/#primaryimage\"},\"thumbnailUrl\":\"https:\/\/vinilozona.lt\/wp-content\/uploads\/2022\/11\/R-22088026-1644411057-5826.jpg\",\"datePublished\":\"2022-11-04T10:00:32+00:00\",\"dateModified\":\"2023-07-15T19:15:47+00:00\",\"breadcrumb\":{\"@id\":\"https:\/\/vinilozona.lt\/parduotuve\/naujos-lp\/slash-featuring-myles-kennedy-the-conspirators-4\/#breadcrumb\"},\"inLanguage\":\"en-GB\",\"potentialAction\":[{\"@type\":\"ReadAction\",\"target\":[\"https:\/\/vinilozona.lt\/parduotuve\/naujos-lp\/slash-featuring-myles-kennedy-the-conspirators-4\/\"]}]},{\"@type\":\"ImageObject\",\"inLanguage\":\"en-GB\",\"@id\":\"https:\/\/vinilozona.lt\/parduotuve\/naujos-lp\/slash-featuring-myles-kennedy-the-conspirators-4\/#primaryimage\",\"url\":\"https:\/\/vinilozona.lt\/wp-content\/uploads\/2022\/11\/R-22088026-1644411057-5826.jpg\",\"contentUrl\":\"https:\/\/vinilozona.lt\/wp-content\/uploads\/2022\/11\/R-22088026-1644411057-5826.jpg\",\"width\":586,\"height\":587},{\"@type\":\"BreadcrumbList\",\"@id\":\"https:\/\/vinilozona.lt\/parduotuve\/naujos-lp\/slash-featuring-myles-kennedy-the-conspirators-4\/#breadcrumb\",\"itemListElement\":[{\"@type\":\"ListItem\",\"position\":1,\"name\":\"Home\",\"item\":\"https:\/\/vinilozona.lt\/\"},{\"@type\":\"ListItem\",\"position\":2,\"name\":\"Parduotuv\u0117\",\"item\":\"https:\/\/vinilozona.lt\/parduotuve\/\"},{\"@type\":\"ListItem\",\"position\":3,\"name\":\"Slash featuring Myles Kennedy &#038; The Conspirators \u2013 4\"}]},{\"@type\":\"WebSite\",\"@id\":\"https:\/\/vinilozona.lt\/#website\",\"url\":\"https:\/\/vinilozona.lt\/\",\"name\":\"Vinilo Zona\",\"description\":\"Nup\u016bsk dulkes ir klausyk LP\",\"potentialAction\":[{\"@type\":\"SearchAction\",\"target\":{\"@type\":\"EntryPoint\",\"urlTemplate\":\"https:\/\/vinilozona.lt\/?s={search_term_string}\"},\"query-input\":{\"@type\":\"PropertyValueSpecification\",\"valueRequired\":true,\"valueName\":\"search_term_string\"}}],\"inLanguage\":\"en-GB\"}]}<\/script>\n<!-- \/ Yoast SEO plugin. -->","yoast_head_json":{"title":"Slash featuring Myles Kennedy & The Conspirators \u2013 4 Vinilin\u0117 Plok\u0161tel\u0117 | Vinilozona.lt","robots":{"index":"index","follow":"follow","max-snippet":"max-snippet:-1","max-image-preview":"max-image-preview:large","max-video-preview":"max-video-preview:-1"},"canonical":"https:\/\/vinilozona.lt\/en\/parduotuve\/naujos-lp\/slash-featuring-myles-kennedy-the-conspirators-4\/","og_locale":"en_GB","og_type":"article","og_title":"Slash featuring Myles Kennedy & The Conspirators \u2013 4 Vinilin\u0117 Plok\u0161tel\u0117 | Vinilozona.lt","og_description":"Label: BMG \u2013 538696011, Gibson (4) \u2013 538696011 Format:  Vinyl, LP, Album, Stereo Country: Europe Released: Feb 11, 2022","og_url":"https:\/\/vinilozona.lt\/en\/parduotuve\/naujos-lp\/slash-featuring-myles-kennedy-the-conspirators-4\/","og_site_name":"Vinilo Zona","article_modified_time":"2023-07-15T19:15:47+00:00","og_image":[{"width":586,"height":587,"url":"https:\/\/vinilozona.lt\/wp-content\/uploads\/2022\/11\/R-22088026-1644411057-5826.jpg","type":"image\/jpeg"}],"twitter_card":"summary_large_image","schema":{"@context":"https:\/\/schema.org","@graph":[{"@type":"WebPage","@id":"https:\/\/vinilozona.lt\/parduotuve\/naujos-lp\/slash-featuring-myles-kennedy-the-conspirators-4\/","url":"https:\/\/vinilozona.lt\/parduotuve\/naujos-lp\/slash-featuring-myles-kennedy-the-conspirators-4\/","name":"Slash featuring Myles Kennedy & The Conspirators \u2013 4 Vinilin\u0117 Plok\u0161tel\u0117 | Vinilozona.lt","isPartOf":{"@id":"https:\/\/vinilozona.lt\/#website"},"primaryImageOfPage":{"@id":"https:\/\/vinilozona.lt\/parduotuve\/naujos-lp\/slash-featuring-myles-kennedy-the-conspirators-4\/#primaryimage"},"image":{"@id":"https:\/\/vinilozona.lt\/parduotuve\/naujos-lp\/slash-featuring-myles-kennedy-the-conspirators-4\/#primaryimage"},"thumbnailUrl":"https:\/\/vinilozona.lt\/wp-content\/uploads\/2022\/11\/R-22088026-1644411057-5826.jpg","datePublished":"2022-11-04T10:00:32+00:00","dateModified":"2023-07-15T19:15:47+00:00","breadcrumb":{"@id":"https:\/\/vinilozona.lt\/parduotuve\/naujos-lp\/slash-featuring-myles-kennedy-the-conspirators-4\/#breadcrumb"},"inLanguage":"en-GB","potentialAction":[{"@type":"ReadAction","target":["https:\/\/vinilozona.lt\/parduotuve\/naujos-lp\/slash-featuring-myles-kennedy-the-conspirators-4\/"]}]},{"@type":"ImageObject","inLanguage":"en-GB","@id":"https:\/\/vinilozona.lt\/parduotuve\/naujos-lp\/slash-featuring-myles-kennedy-the-conspirators-4\/#primaryimage","url":"https:\/\/vinilozona.lt\/wp-content\/uploads\/2022\/11\/R-22088026-1644411057-5826.jpg","contentUrl":"https:\/\/vinilozona.lt\/wp-content\/uploads\/2022\/11\/R-22088026-1644411057-5826.jpg","width":586,"height":587},{"@type":"BreadcrumbList","@id":"https:\/\/vinilozona.lt\/parduotuve\/naujos-lp\/slash-featuring-myles-kennedy-the-conspirators-4\/#breadcrumb","itemListElement":[{"@type":"ListItem","position":1,"name":"Home","item":"https:\/\/vinilozona.lt\/"},{"@type":"ListItem","position":2,"name":"Parduotuv\u0117","item":"https:\/\/vinilozona.lt\/parduotuve\/"},{"@type":"ListItem","position":3,"name":"Slash featuring Myles Kennedy &#038; The Conspirators \u2013 4"}]},{"@type":"WebSite","@id":"https:\/\/vinilozona.lt\/#website","url":"https:\/\/vinilozona.lt\/","name":"Vinilo Zona","description":"Nup\u016bsk dulkes ir klausyk LP","potentialAction":[{"@type":"SearchAction","target":{"@type":"EntryPoint","urlTemplate":"https:\/\/vinilozona.lt\/?s={search_term_string}"},"query-input":{"@type":"PropertyValueSpecification","valueRequired":true,"valueName":"search_term_string"}}],"inLanguage":"en-GB"}]}},"_links":{"self":[{"href":"https:\/\/vinilozona.lt\/en\/wp-json\/wp\/v2\/product\/20566"}],"collection":[{"href":"https:\/\/vinilozona.lt\/en\/wp-json\/wp\/v2\/product"}],"about":[{"href":"https:\/\/vinilozona.lt\/en\/wp-json\/wp\/v2\/types\/product"}],"wp:featuredmedia":[{"embeddable":true,"href":"https:\/\/vinilozona.lt\/en\/wp-json\/wp\/v2\/media\/20567"}],"wp:attachment":[{"href":"https:\/\/vinilozona.lt\/en\/wp-json\/wp\/v2\/media?parent=20566"}],"wp:term":[{"taxonomy":"product_cat","embeddable":true,"href":"https:\/\/vinilozona.lt\/en\/wp-json\/wp\/v2\/product_cat?post=20566"},{"taxonomy":"product_tag","embeddable":true,"href":"https:\/\/vinilozona.lt\/en\/wp-json\/wp\/v2\/product_tag?post=20566"}],"curies":[{"name":"wp","href":"https:\/\/api.w.org\/{rel}","templated":true}]}}