{"id":20487,"date":"2023-11-09T05:00:51","date_gmt":"2023-11-09T03:00:51","guid":{"rendered":"https:\/\/vinilozona.lt\/?post_type=product&#038;p=20487"},"modified":"2025-02-12T16:15:24","modified_gmt":"2025-02-12T14:15:24","slug":"meat-loaf-bat-out-of-hell-ii-back-into-hell-cd","status":"publish","type":"product","link":"https:\/\/vinilozona.lt\/en\/parduotuve\/cd\/naudoti-cd\/meat-loaf-bat-out-of-hell-ii-back-into-hell-cd\/","title":{"rendered":"Ultravox \u2013 Original Gold  2CD"},"content":{"rendered":"<p>1-1\tUltravox\u2013\tVienna\t4:39<br \/>\n1-2\tUltravox\u2013\tPassing Strangers\t3:51<br \/>\n1-3\tUltravox\u2013\tWe Came To Dance\t4:10<br \/>\n1-4\tUltravox\u2013\tLament\t4:19<br \/>\n1-5\tUltravox\u2013\tMonument\t3:17<br \/>\n1-6\tMidge Ure\u2013\tNo Regrets\t4:00<br \/>\n1-7\tPhil Lynott\u2013\tYellow Pearl\t3:20<br \/>\n1-8\tUltravox\u2013\tMine For Life\t4:44<br \/>\n1-9\tUltravox\u2013\tAll Fall Down (Live)\t5:38<br \/>\n1-10\tUltravox\u2013\tMan Of Two Worlds\t4:27<br \/>\n1-11\tUltravox\u2013\tStateless\t2:54<br \/>\n1-12\tUltravox\u2013\tHerr X\t5:51<br \/>\n1-13\tUltravox\u2013\tBreak Your Back\t3:27<br \/>\n1-14\tMidge Ure\u2013\tThe Man Who Sold The World\t5:36<br \/>\n1-15\tUltravox\u2013\tHeart Of The Country\t5:05<br \/>\n2-1\tUltravox\u2013\tSame Old Story\t4:39<br \/>\n2-2\tUltravox\u2013\tHosanna (In Excelsis Deo)\t4:22<br \/>\n2-3\tUltravox\u2013\tKeep Talking\t6:23<br \/>\n2-4\tUltravox\u2013\tWhen The Time Comes\t4:56<br \/>\n2-5\tMidge Ure\u2013\tAnswers To Nothing\t3:40<br \/>\n2-6\tUltravox\u2013\tWaiting\t3:52<br \/>\n2-7\tUltravox\u2013\tAlles Klar\t4:55<br \/>\n2-8\tUltravox\u2013\tFace To Face\t5:58<br \/>\n2-9\tUltravox\u2013\tPaths And Angles\t4:22<br \/>\n2-10\tUltravox\u2013\tPrivate Lives\t4:06<br \/>\n2-11\tUltravox\u2013\tA Friend I Call Desire\t5:09<br \/>\n2-12\tUltravox\u2013\tPassionate Reply\t4:18<br \/>\n2-13\tUltravox\u2013\tBuilding\t3:13<br \/>\n2-14\tUltravox\u2013\tI Never Wanted To Begin\t3:41<br \/>\n2-15\tUltravox\u2013\tAll Stood Still\t3:40<\/p>","protected":false},"excerpt":{"rendered":"<p>Disky \u2013 HR 853802<br \/>\nSeries:\tOriginal Gold (2)<br \/>\nFormat:<br \/>\n2 x CD, Compilation<br \/>\nCountry:\tEurope<br \/>\nReleased:\t1998<\/p>","protected":false},"featured_media":23458,"template":"","meta":[],"product_cat":[24,946],"product_tag":[44],"yoast_head":"<!-- This site is optimized with the Yoast SEO plugin v23.5 - https:\/\/yoast.com\/wordpress\/plugins\/seo\/ -->\n<title>Ultravox \u2013 Original Gold 2CD Vinilin\u0117 Plok\u0161tel\u0117 | Vinilozona.lt<\/title>\n<meta name=\"robots\" content=\"index, follow, max-snippet:-1, max-image-preview:large, max-video-preview:-1\" \/>\n<link rel=\"canonical\" href=\"https:\/\/vinilozona.lt\/en\/parduotuve\/cd\/naudoti-cd\/meat-loaf-bat-out-of-hell-ii-back-into-hell-cd\/\" \/>\n<meta property=\"og:locale\" content=\"en_GB\" \/>\n<meta property=\"og:type\" content=\"article\" \/>\n<meta property=\"og:title\" content=\"Ultravox \u2013 Original Gold 2CD Vinilin\u0117 Plok\u0161tel\u0117 | Vinilozona.lt\" \/>\n<meta property=\"og:description\" content=\"Disky \u2013 HR 853802 Series: Original Gold (2) Format:  2 x CD, Compilation Country: Europe Released: 1998\" \/>\n<meta property=\"og:url\" content=\"https:\/\/vinilozona.lt\/en\/parduotuve\/cd\/naudoti-cd\/meat-loaf-bat-out-of-hell-ii-back-into-hell-cd\/\" \/>\n<meta property=\"og:site_name\" content=\"Vinilo Zona\" \/>\n<meta property=\"article:modified_time\" content=\"2025-02-12T14:15:24+00:00\" \/>\n<meta property=\"og:image\" content=\"https:\/\/vinilozona.lt\/wp-content\/uploads\/2022\/10\/R-1782933-1475570234-6752.jpg\" \/>\n\t<meta property=\"og:image:width\" content=\"599\" \/>\n\t<meta property=\"og:image:height\" content=\"589\" \/>\n\t<meta property=\"og:image:type\" content=\"image\/jpeg\" \/>\n<meta name=\"twitter:card\" content=\"summary_large_image\" \/>\n<meta name=\"twitter:label1\" content=\"Estimated reading time\" \/>\n\t<meta name=\"twitter:data1\" content=\"1 minute\" \/>\n<script type=\"application\/ld+json\" class=\"yoast-schema-graph\">{\"@context\":\"https:\/\/schema.org\",\"@graph\":[{\"@type\":\"WebPage\",\"@id\":\"https:\/\/vinilozona.lt\/parduotuve\/cd\/naudoti-cd\/meat-loaf-bat-out-of-hell-ii-back-into-hell-cd\/\",\"url\":\"https:\/\/vinilozona.lt\/parduotuve\/cd\/naudoti-cd\/meat-loaf-bat-out-of-hell-ii-back-into-hell-cd\/\",\"name\":\"Ultravox \u2013 Original Gold 2CD Vinilin\u0117 Plok\u0161tel\u0117 | Vinilozona.lt\",\"isPartOf\":{\"@id\":\"https:\/\/vinilozona.lt\/#website\"},\"primaryImageOfPage\":{\"@id\":\"https:\/\/vinilozona.lt\/parduotuve\/cd\/naudoti-cd\/meat-loaf-bat-out-of-hell-ii-back-into-hell-cd\/#primaryimage\"},\"image\":{\"@id\":\"https:\/\/vinilozona.lt\/parduotuve\/cd\/naudoti-cd\/meat-loaf-bat-out-of-hell-ii-back-into-hell-cd\/#primaryimage\"},\"thumbnailUrl\":\"https:\/\/vinilozona.lt\/wp-content\/uploads\/2022\/10\/R-1782933-1475570234-6752.jpg\",\"datePublished\":\"2023-11-09T03:00:51+00:00\",\"dateModified\":\"2025-02-12T14:15:24+00:00\",\"breadcrumb\":{\"@id\":\"https:\/\/vinilozona.lt\/parduotuve\/cd\/naudoti-cd\/meat-loaf-bat-out-of-hell-ii-back-into-hell-cd\/#breadcrumb\"},\"inLanguage\":\"en-GB\",\"potentialAction\":[{\"@type\":\"ReadAction\",\"target\":[\"https:\/\/vinilozona.lt\/parduotuve\/cd\/naudoti-cd\/meat-loaf-bat-out-of-hell-ii-back-into-hell-cd\/\"]}]},{\"@type\":\"ImageObject\",\"inLanguage\":\"en-GB\",\"@id\":\"https:\/\/vinilozona.lt\/parduotuve\/cd\/naudoti-cd\/meat-loaf-bat-out-of-hell-ii-back-into-hell-cd\/#primaryimage\",\"url\":\"https:\/\/vinilozona.lt\/wp-content\/uploads\/2022\/10\/R-1782933-1475570234-6752.jpg\",\"contentUrl\":\"https:\/\/vinilozona.lt\/wp-content\/uploads\/2022\/10\/R-1782933-1475570234-6752.jpg\",\"width\":599,\"height\":589},{\"@type\":\"BreadcrumbList\",\"@id\":\"https:\/\/vinilozona.lt\/parduotuve\/cd\/naudoti-cd\/meat-loaf-bat-out-of-hell-ii-back-into-hell-cd\/#breadcrumb\",\"itemListElement\":[{\"@type\":\"ListItem\",\"position\":1,\"name\":\"Home\",\"item\":\"https:\/\/vinilozona.lt\/\"},{\"@type\":\"ListItem\",\"position\":2,\"name\":\"Parduotuv\u0117\",\"item\":\"https:\/\/vinilozona.lt\/parduotuve\/\"},{\"@type\":\"ListItem\",\"position\":3,\"name\":\"Ultravox \u2013 Original Gold 2CD\"}]},{\"@type\":\"WebSite\",\"@id\":\"https:\/\/vinilozona.lt\/#website\",\"url\":\"https:\/\/vinilozona.lt\/\",\"name\":\"Vinilo Zona\",\"description\":\"Nup\u016bsk dulkes ir klausyk LP\",\"potentialAction\":[{\"@type\":\"SearchAction\",\"target\":{\"@type\":\"EntryPoint\",\"urlTemplate\":\"https:\/\/vinilozona.lt\/?s={search_term_string}\"},\"query-input\":{\"@type\":\"PropertyValueSpecification\",\"valueRequired\":true,\"valueName\":\"search_term_string\"}}],\"inLanguage\":\"en-GB\"}]}<\/script>\n<!-- \/ Yoast SEO plugin. -->","yoast_head_json":{"title":"Ultravox \u2013 Original Gold 2CD Vinilin\u0117 Plok\u0161tel\u0117 | Vinilozona.lt","robots":{"index":"index","follow":"follow","max-snippet":"max-snippet:-1","max-image-preview":"max-image-preview:large","max-video-preview":"max-video-preview:-1"},"canonical":"https:\/\/vinilozona.lt\/en\/parduotuve\/cd\/naudoti-cd\/meat-loaf-bat-out-of-hell-ii-back-into-hell-cd\/","og_locale":"en_GB","og_type":"article","og_title":"Ultravox \u2013 Original Gold 2CD Vinilin\u0117 Plok\u0161tel\u0117 | Vinilozona.lt","og_description":"Disky \u2013 HR 853802 Series: Original Gold (2) Format:  2 x CD, Compilation Country: Europe Released: 1998","og_url":"https:\/\/vinilozona.lt\/en\/parduotuve\/cd\/naudoti-cd\/meat-loaf-bat-out-of-hell-ii-back-into-hell-cd\/","og_site_name":"Vinilo Zona","article_modified_time":"2025-02-12T14:15:24+00:00","og_image":[{"width":599,"height":589,"url":"https:\/\/vinilozona.lt\/wp-content\/uploads\/2022\/10\/R-1782933-1475570234-6752.jpg","type":"image\/jpeg"}],"twitter_card":"summary_large_image","twitter_misc":{"Estimated reading time":"1 minute"},"schema":{"@context":"https:\/\/schema.org","@graph":[{"@type":"WebPage","@id":"https:\/\/vinilozona.lt\/parduotuve\/cd\/naudoti-cd\/meat-loaf-bat-out-of-hell-ii-back-into-hell-cd\/","url":"https:\/\/vinilozona.lt\/parduotuve\/cd\/naudoti-cd\/meat-loaf-bat-out-of-hell-ii-back-into-hell-cd\/","name":"Ultravox \u2013 Original Gold 2CD Vinilin\u0117 Plok\u0161tel\u0117 | Vinilozona.lt","isPartOf":{"@id":"https:\/\/vinilozona.lt\/#website"},"primaryImageOfPage":{"@id":"https:\/\/vinilozona.lt\/parduotuve\/cd\/naudoti-cd\/meat-loaf-bat-out-of-hell-ii-back-into-hell-cd\/#primaryimage"},"image":{"@id":"https:\/\/vinilozona.lt\/parduotuve\/cd\/naudoti-cd\/meat-loaf-bat-out-of-hell-ii-back-into-hell-cd\/#primaryimage"},"thumbnailUrl":"https:\/\/vinilozona.lt\/wp-content\/uploads\/2022\/10\/R-1782933-1475570234-6752.jpg","datePublished":"2023-11-09T03:00:51+00:00","dateModified":"2025-02-12T14:15:24+00:00","breadcrumb":{"@id":"https:\/\/vinilozona.lt\/parduotuve\/cd\/naudoti-cd\/meat-loaf-bat-out-of-hell-ii-back-into-hell-cd\/#breadcrumb"},"inLanguage":"en-GB","potentialAction":[{"@type":"ReadAction","target":["https:\/\/vinilozona.lt\/parduotuve\/cd\/naudoti-cd\/meat-loaf-bat-out-of-hell-ii-back-into-hell-cd\/"]}]},{"@type":"ImageObject","inLanguage":"en-GB","@id":"https:\/\/vinilozona.lt\/parduotuve\/cd\/naudoti-cd\/meat-loaf-bat-out-of-hell-ii-back-into-hell-cd\/#primaryimage","url":"https:\/\/vinilozona.lt\/wp-content\/uploads\/2022\/10\/R-1782933-1475570234-6752.jpg","contentUrl":"https:\/\/vinilozona.lt\/wp-content\/uploads\/2022\/10\/R-1782933-1475570234-6752.jpg","width":599,"height":589},{"@type":"BreadcrumbList","@id":"https:\/\/vinilozona.lt\/parduotuve\/cd\/naudoti-cd\/meat-loaf-bat-out-of-hell-ii-back-into-hell-cd\/#breadcrumb","itemListElement":[{"@type":"ListItem","position":1,"name":"Home","item":"https:\/\/vinilozona.lt\/"},{"@type":"ListItem","position":2,"name":"Parduotuv\u0117","item":"https:\/\/vinilozona.lt\/parduotuve\/"},{"@type":"ListItem","position":3,"name":"Ultravox \u2013 Original Gold 2CD"}]},{"@type":"WebSite","@id":"https:\/\/vinilozona.lt\/#website","url":"https:\/\/vinilozona.lt\/","name":"Vinilo Zona","description":"Nup\u016bsk dulkes ir klausyk LP","potentialAction":[{"@type":"SearchAction","target":{"@type":"EntryPoint","urlTemplate":"https:\/\/vinilozona.lt\/?s={search_term_string}"},"query-input":{"@type":"PropertyValueSpecification","valueRequired":true,"valueName":"search_term_string"}}],"inLanguage":"en-GB"}]}},"_links":{"self":[{"href":"https:\/\/vinilozona.lt\/en\/wp-json\/wp\/v2\/product\/20487"}],"collection":[{"href":"https:\/\/vinilozona.lt\/en\/wp-json\/wp\/v2\/product"}],"about":[{"href":"https:\/\/vinilozona.lt\/en\/wp-json\/wp\/v2\/types\/product"}],"wp:featuredmedia":[{"embeddable":true,"href":"https:\/\/vinilozona.lt\/en\/wp-json\/wp\/v2\/media\/23458"}],"wp:attachment":[{"href":"https:\/\/vinilozona.lt\/en\/wp-json\/wp\/v2\/media?parent=20487"}],"wp:term":[{"taxonomy":"product_cat","embeddable":true,"href":"https:\/\/vinilozona.lt\/en\/wp-json\/wp\/v2\/product_cat?post=20487"},{"taxonomy":"product_tag","embeddable":true,"href":"https:\/\/vinilozona.lt\/en\/wp-json\/wp\/v2\/product_tag?post=20487"}],"curies":[{"name":"wp","href":"https:\/\/api.w.org\/{rel}","templated":true}]}}