{"id":20481,"date":"2022-10-25T18:04:16","date_gmt":"2022-10-25T15:04:16","guid":{"rendered":"https:\/\/vinilozona.lt\/?post_type=product&#038;p=20481"},"modified":"2024-01-23T11:43:22","modified_gmt":"2024-01-23T09:43:22","slug":"frank-sinatra-sinatra-forever","status":"publish","type":"product","link":"https:\/\/vinilozona.lt\/en\/parduotuve\/naujos-lp\/frank-sinatra-sinatra-forever\/","title":{"rendered":"Frank Sinatra \u2013 Sinatra Forever"},"content":{"rendered":"<p>A1\t\tCome Fly With Me\t3:21<br \/>\nA2\t\tLove and Marriage\t2:38<br \/>\nA3\t\tWithcraft\t2:53<br \/>\nA4\t\tPennies From Heaven<br \/>\nA5\t\tYou Make Me Feel So Young<br \/>\nA6\t\tThree Coins In The Fountain<br \/>\nA7\t\t(Love Is) The Tender Trap<br \/>\nA8\t\tOn The Sunny Side Of The Track<br \/>\nB1\t\tBegin The Beguine<br \/>\nB2\t\tSentimental Journey<br \/>\nB3\t\tYoung At Heart<br \/>\nB4\t\tBlue Skies<br \/>\nB5\t\tOn The Road To Mandalay<br \/>\nB6\t\tLearnin&#8217; The Blues<br \/>\nB7\t\tNight And Day<br \/>\nB8\t\tS&#8217; Wonderful<\/p>","protected":false},"excerpt":{"rendered":"<p>Musicbank \u2013 KXLP 10<br \/>\nSeries:\tRemastered For Vinyl<br \/>\nFormat:<br \/>\nVinyl, LP, Compilation<br \/>\nCountry:\tUK<br \/>\nReleased:\t2017<\/p>","protected":false},"featured_media":20482,"template":"","meta":[],"product_cat":[23],"product_tag":[44],"yoast_head":"<!-- This site is optimized with the Yoast SEO plugin v23.5 - https:\/\/yoast.com\/wordpress\/plugins\/seo\/ -->\n<title>Frank Sinatra \u2013 Sinatra Forever Vinilin\u0117 Plok\u0161tel\u0117 | Vinilozona.lt<\/title>\n<meta name=\"robots\" content=\"index, follow, max-snippet:-1, max-image-preview:large, max-video-preview:-1\" \/>\n<link rel=\"canonical\" href=\"https:\/\/vinilozona.lt\/en\/parduotuve\/naujos-lp\/frank-sinatra-sinatra-forever\/\" \/>\n<meta property=\"og:locale\" content=\"en_GB\" \/>\n<meta property=\"og:type\" content=\"article\" \/>\n<meta property=\"og:title\" content=\"Frank Sinatra \u2013 Sinatra Forever Vinilin\u0117 Plok\u0161tel\u0117 | Vinilozona.lt\" \/>\n<meta property=\"og:description\" content=\"Musicbank \u2013 KXLP 10 Series: Remastered For Vinyl Format:  Vinyl, LP, Compilation Country: UK Released: 2017\" \/>\n<meta property=\"og:url\" content=\"https:\/\/vinilozona.lt\/en\/parduotuve\/naujos-lp\/frank-sinatra-sinatra-forever\/\" \/>\n<meta property=\"og:site_name\" content=\"Vinilo Zona\" \/>\n<meta property=\"article:modified_time\" content=\"2024-01-23T09:43:22+00:00\" \/>\n<meta property=\"og:image\" content=\"https:\/\/vinilozona.lt\/wp-content\/uploads\/2022\/10\/R-12926587-1544677546-3681.jpg\" \/>\n\t<meta property=\"og:image:width\" content=\"588\" \/>\n\t<meta property=\"og:image:height\" content=\"600\" \/>\n\t<meta property=\"og:image:type\" content=\"image\/jpeg\" \/>\n<meta name=\"twitter:card\" content=\"summary_large_image\" \/>\n<script type=\"application\/ld+json\" class=\"yoast-schema-graph\">{\"@context\":\"https:\/\/schema.org\",\"@graph\":[{\"@type\":\"WebPage\",\"@id\":\"https:\/\/vinilozona.lt\/en\/parduotuve\/naujos-lp\/frank-sinatra-sinatra-forever\/\",\"url\":\"https:\/\/vinilozona.lt\/en\/parduotuve\/naujos-lp\/frank-sinatra-sinatra-forever\/\",\"name\":\"Frank Sinatra \u2013 Sinatra Forever Vinilin\u0117 Plok\u0161tel\u0117 | Vinilozona.lt\",\"isPartOf\":{\"@id\":\"https:\/\/vinilozona.lt\/#website\"},\"primaryImageOfPage\":{\"@id\":\"https:\/\/vinilozona.lt\/en\/parduotuve\/naujos-lp\/frank-sinatra-sinatra-forever\/#primaryimage\"},\"image\":{\"@id\":\"https:\/\/vinilozona.lt\/en\/parduotuve\/naujos-lp\/frank-sinatra-sinatra-forever\/#primaryimage\"},\"thumbnailUrl\":\"https:\/\/vinilozona.lt\/wp-content\/uploads\/2022\/10\/R-12926587-1544677546-3681.jpg\",\"datePublished\":\"2022-10-25T15:04:16+00:00\",\"dateModified\":\"2024-01-23T09:43:22+00:00\",\"breadcrumb\":{\"@id\":\"https:\/\/vinilozona.lt\/en\/parduotuve\/naujos-lp\/frank-sinatra-sinatra-forever\/#breadcrumb\"},\"inLanguage\":\"en-GB\",\"potentialAction\":[{\"@type\":\"ReadAction\",\"target\":[\"https:\/\/vinilozona.lt\/en\/parduotuve\/naujos-lp\/frank-sinatra-sinatra-forever\/\"]}]},{\"@type\":\"ImageObject\",\"inLanguage\":\"en-GB\",\"@id\":\"https:\/\/vinilozona.lt\/en\/parduotuve\/naujos-lp\/frank-sinatra-sinatra-forever\/#primaryimage\",\"url\":\"https:\/\/vinilozona.lt\/wp-content\/uploads\/2022\/10\/R-12926587-1544677546-3681.jpg\",\"contentUrl\":\"https:\/\/vinilozona.lt\/wp-content\/uploads\/2022\/10\/R-12926587-1544677546-3681.jpg\",\"width\":588,\"height\":600},{\"@type\":\"BreadcrumbList\",\"@id\":\"https:\/\/vinilozona.lt\/en\/parduotuve\/naujos-lp\/frank-sinatra-sinatra-forever\/#breadcrumb\",\"itemListElement\":[{\"@type\":\"ListItem\",\"position\":1,\"name\":\"Home\",\"item\":\"https:\/\/vinilozona.lt\/\"},{\"@type\":\"ListItem\",\"position\":2,\"name\":\"Parduotuv\u0117\",\"item\":\"https:\/\/vinilozona.lt\/parduotuve\/\"},{\"@type\":\"ListItem\",\"position\":3,\"name\":\"Frank Sinatra \u2013 Sinatra Forever\"}]},{\"@type\":\"WebSite\",\"@id\":\"https:\/\/vinilozona.lt\/#website\",\"url\":\"https:\/\/vinilozona.lt\/\",\"name\":\"Vinilo Zona\",\"description\":\"Nup\u016bsk dulkes ir klausyk LP\",\"potentialAction\":[{\"@type\":\"SearchAction\",\"target\":{\"@type\":\"EntryPoint\",\"urlTemplate\":\"https:\/\/vinilozona.lt\/?s={search_term_string}\"},\"query-input\":{\"@type\":\"PropertyValueSpecification\",\"valueRequired\":true,\"valueName\":\"search_term_string\"}}],\"inLanguage\":\"en-GB\"}]}<\/script>\n<!-- \/ Yoast SEO plugin. -->","yoast_head_json":{"title":"Frank Sinatra \u2013 Sinatra Forever Vinilin\u0117 Plok\u0161tel\u0117 | Vinilozona.lt","robots":{"index":"index","follow":"follow","max-snippet":"max-snippet:-1","max-image-preview":"max-image-preview:large","max-video-preview":"max-video-preview:-1"},"canonical":"https:\/\/vinilozona.lt\/en\/parduotuve\/naujos-lp\/frank-sinatra-sinatra-forever\/","og_locale":"en_GB","og_type":"article","og_title":"Frank Sinatra \u2013 Sinatra Forever Vinilin\u0117 Plok\u0161tel\u0117 | Vinilozona.lt","og_description":"Musicbank \u2013 KXLP 10 Series: Remastered For Vinyl Format:  Vinyl, LP, Compilation Country: UK Released: 2017","og_url":"https:\/\/vinilozona.lt\/en\/parduotuve\/naujos-lp\/frank-sinatra-sinatra-forever\/","og_site_name":"Vinilo Zona","article_modified_time":"2024-01-23T09:43:22+00:00","og_image":[{"width":588,"height":600,"url":"https:\/\/vinilozona.lt\/wp-content\/uploads\/2022\/10\/R-12926587-1544677546-3681.jpg","type":"image\/jpeg"}],"twitter_card":"summary_large_image","schema":{"@context":"https:\/\/schema.org","@graph":[{"@type":"WebPage","@id":"https:\/\/vinilozona.lt\/en\/parduotuve\/naujos-lp\/frank-sinatra-sinatra-forever\/","url":"https:\/\/vinilozona.lt\/en\/parduotuve\/naujos-lp\/frank-sinatra-sinatra-forever\/","name":"Frank Sinatra \u2013 Sinatra Forever Vinilin\u0117 Plok\u0161tel\u0117 | Vinilozona.lt","isPartOf":{"@id":"https:\/\/vinilozona.lt\/#website"},"primaryImageOfPage":{"@id":"https:\/\/vinilozona.lt\/en\/parduotuve\/naujos-lp\/frank-sinatra-sinatra-forever\/#primaryimage"},"image":{"@id":"https:\/\/vinilozona.lt\/en\/parduotuve\/naujos-lp\/frank-sinatra-sinatra-forever\/#primaryimage"},"thumbnailUrl":"https:\/\/vinilozona.lt\/wp-content\/uploads\/2022\/10\/R-12926587-1544677546-3681.jpg","datePublished":"2022-10-25T15:04:16+00:00","dateModified":"2024-01-23T09:43:22+00:00","breadcrumb":{"@id":"https:\/\/vinilozona.lt\/en\/parduotuve\/naujos-lp\/frank-sinatra-sinatra-forever\/#breadcrumb"},"inLanguage":"en-GB","potentialAction":[{"@type":"ReadAction","target":["https:\/\/vinilozona.lt\/en\/parduotuve\/naujos-lp\/frank-sinatra-sinatra-forever\/"]}]},{"@type":"ImageObject","inLanguage":"en-GB","@id":"https:\/\/vinilozona.lt\/en\/parduotuve\/naujos-lp\/frank-sinatra-sinatra-forever\/#primaryimage","url":"https:\/\/vinilozona.lt\/wp-content\/uploads\/2022\/10\/R-12926587-1544677546-3681.jpg","contentUrl":"https:\/\/vinilozona.lt\/wp-content\/uploads\/2022\/10\/R-12926587-1544677546-3681.jpg","width":588,"height":600},{"@type":"BreadcrumbList","@id":"https:\/\/vinilozona.lt\/en\/parduotuve\/naujos-lp\/frank-sinatra-sinatra-forever\/#breadcrumb","itemListElement":[{"@type":"ListItem","position":1,"name":"Home","item":"https:\/\/vinilozona.lt\/"},{"@type":"ListItem","position":2,"name":"Parduotuv\u0117","item":"https:\/\/vinilozona.lt\/parduotuve\/"},{"@type":"ListItem","position":3,"name":"Frank Sinatra \u2013 Sinatra Forever"}]},{"@type":"WebSite","@id":"https:\/\/vinilozona.lt\/#website","url":"https:\/\/vinilozona.lt\/","name":"Vinilo Zona","description":"Nup\u016bsk dulkes ir klausyk LP","potentialAction":[{"@type":"SearchAction","target":{"@type":"EntryPoint","urlTemplate":"https:\/\/vinilozona.lt\/?s={search_term_string}"},"query-input":{"@type":"PropertyValueSpecification","valueRequired":true,"valueName":"search_term_string"}}],"inLanguage":"en-GB"}]}},"_links":{"self":[{"href":"https:\/\/vinilozona.lt\/en\/wp-json\/wp\/v2\/product\/20481"}],"collection":[{"href":"https:\/\/vinilozona.lt\/en\/wp-json\/wp\/v2\/product"}],"about":[{"href":"https:\/\/vinilozona.lt\/en\/wp-json\/wp\/v2\/types\/product"}],"wp:featuredmedia":[{"embeddable":true,"href":"https:\/\/vinilozona.lt\/en\/wp-json\/wp\/v2\/media\/20482"}],"wp:attachment":[{"href":"https:\/\/vinilozona.lt\/en\/wp-json\/wp\/v2\/media?parent=20481"}],"wp:term":[{"taxonomy":"product_cat","embeddable":true,"href":"https:\/\/vinilozona.lt\/en\/wp-json\/wp\/v2\/product_cat?post=20481"},{"taxonomy":"product_tag","embeddable":true,"href":"https:\/\/vinilozona.lt\/en\/wp-json\/wp\/v2\/product_tag?post=20481"}],"curies":[{"name":"wp","href":"https:\/\/api.w.org\/{rel}","templated":true}]}}