{"id":20479,"date":"2022-10-25T17:38:30","date_gmt":"2022-10-25T14:38:30","guid":{"rendered":"https:\/\/vinilozona.lt\/?post_type=product&#038;p=20479"},"modified":"2023-10-16T17:07:31","modified_gmt":"2023-10-16T14:07:31","slug":"dio-finding-the-sacred-heart-live-in-philly-1986-2lp","status":"publish","type":"product","link":"https:\/\/vinilozona.lt\/en\/parduotuve\/naujos-lp\/dio-finding-the-sacred-heart-live-in-philly-1986-2lp\/","title":{"rendered":"Dio \u2013 Finding The Sacred Heart \u2013 Live In Philly 1986  2LP"},"content":{"rendered":"<p>Draco Ignis\t1:09<br \/>\nKing Of Rock And Roll\t3:33<br \/>\nLike The Beat Of A Heart\t5:18<br \/>\nDon&#8217;t Talk To Strangers\t5:53<br \/>\nHungry For Heaven\t4:11<br \/>\nThe Last In Line\t8:11<br \/>\nChildren Of The Sea<br \/>\nHoly Diver<br \/>\nDrum Solo\t5:06<br \/>\nHeaven And Hell\t6:28<br \/>\nKeyboard Solo\t6:08<br \/>\nGuitar Solo\t7:23<br \/>\nSacred Heart\t12:52<br \/>\nRock &#8216;N&#8217; Roll Children\t10:44<br \/>\nLong Live Rock &#8216;N&#8217; Roll<br \/>\nMan On The Silver Mountain<br \/>\nTime To Burn\t4:55<br \/>\nStand Up And Shout\t4:01<br \/>\nRainbow In The Dark\t4:56<br \/>\nWe Rock\t5:03<\/p>","protected":false},"excerpt":{"rendered":"<p>Ear Music \u2013 0214879EMX, Ear Music Classics \u2013 0214879EMX<br \/>\nFormat:<br \/>\n2 x Vinyl, LP, Album, Reissue, Stereo<br \/>\nCountry:\tEurope<br \/>\nReleased:\t2020<\/p>","protected":false},"featured_media":20480,"template":"","meta":[],"product_cat":[23],"product_tag":[74],"yoast_head":"<!-- This site is optimized with the Yoast SEO plugin v23.5 - https:\/\/yoast.com\/wordpress\/plugins\/seo\/ -->\n<title>Dio \u2013 Finding The Sacred Heart \u2013 Live In Philly 1986 2LP Vinilin\u0117 Plok\u0161tel\u0117 | Vinilozona.lt<\/title>\n<meta name=\"robots\" content=\"index, follow, max-snippet:-1, max-image-preview:large, max-video-preview:-1\" \/>\n<link rel=\"canonical\" href=\"https:\/\/vinilozona.lt\/en\/parduotuve\/naujos-lp\/dio-finding-the-sacred-heart-live-in-philly-1986-2lp\/\" \/>\n<meta property=\"og:locale\" content=\"en_GB\" \/>\n<meta property=\"og:type\" content=\"article\" \/>\n<meta property=\"og:title\" content=\"Dio \u2013 Finding The Sacred Heart \u2013 Live In Philly 1986 2LP Vinilin\u0117 Plok\u0161tel\u0117 | Vinilozona.lt\" \/>\n<meta property=\"og:description\" content=\"Ear Music \u2013 0214879EMX, Ear Music Classics \u2013 0214879EMX Format:  2 x Vinyl, LP, Album, Reissue, Stereo Country: Europe Released: 2020\" \/>\n<meta property=\"og:url\" content=\"https:\/\/vinilozona.lt\/en\/parduotuve\/naujos-lp\/dio-finding-the-sacred-heart-live-in-philly-1986-2lp\/\" \/>\n<meta property=\"og:site_name\" content=\"Vinilo Zona\" \/>\n<meta property=\"article:modified_time\" content=\"2023-10-16T14:07:31+00:00\" \/>\n<meta property=\"og:image\" content=\"https:\/\/vinilozona.lt\/wp-content\/uploads\/2022\/10\/R-16570233-1608555275-5880.jpg\" \/>\n\t<meta property=\"og:image:width\" content=\"600\" \/>\n\t<meta property=\"og:image:height\" content=\"600\" \/>\n\t<meta property=\"og:image:type\" content=\"image\/jpeg\" \/>\n<meta name=\"twitter:card\" content=\"summary_large_image\" \/>\n<script type=\"application\/ld+json\" class=\"yoast-schema-graph\">{\"@context\":\"https:\/\/schema.org\",\"@graph\":[{\"@type\":\"WebPage\",\"@id\":\"https:\/\/vinilozona.lt\/parduotuve\/naujos-lp\/dio-finding-the-sacred-heart-live-in-philly-1986-2lp\/\",\"url\":\"https:\/\/vinilozona.lt\/parduotuve\/naujos-lp\/dio-finding-the-sacred-heart-live-in-philly-1986-2lp\/\",\"name\":\"Dio \u2013 Finding The Sacred Heart \u2013 Live In Philly 1986 2LP Vinilin\u0117 Plok\u0161tel\u0117 | Vinilozona.lt\",\"isPartOf\":{\"@id\":\"https:\/\/vinilozona.lt\/#website\"},\"primaryImageOfPage\":{\"@id\":\"https:\/\/vinilozona.lt\/parduotuve\/naujos-lp\/dio-finding-the-sacred-heart-live-in-philly-1986-2lp\/#primaryimage\"},\"image\":{\"@id\":\"https:\/\/vinilozona.lt\/parduotuve\/naujos-lp\/dio-finding-the-sacred-heart-live-in-philly-1986-2lp\/#primaryimage\"},\"thumbnailUrl\":\"https:\/\/vinilozona.lt\/wp-content\/uploads\/2022\/10\/R-16570233-1608555275-5880.jpg\",\"datePublished\":\"2022-10-25T14:38:30+00:00\",\"dateModified\":\"2023-10-16T14:07:31+00:00\",\"breadcrumb\":{\"@id\":\"https:\/\/vinilozona.lt\/parduotuve\/naujos-lp\/dio-finding-the-sacred-heart-live-in-philly-1986-2lp\/#breadcrumb\"},\"inLanguage\":\"en-GB\",\"potentialAction\":[{\"@type\":\"ReadAction\",\"target\":[\"https:\/\/vinilozona.lt\/parduotuve\/naujos-lp\/dio-finding-the-sacred-heart-live-in-philly-1986-2lp\/\"]}]},{\"@type\":\"ImageObject\",\"inLanguage\":\"en-GB\",\"@id\":\"https:\/\/vinilozona.lt\/parduotuve\/naujos-lp\/dio-finding-the-sacred-heart-live-in-philly-1986-2lp\/#primaryimage\",\"url\":\"https:\/\/vinilozona.lt\/wp-content\/uploads\/2022\/10\/R-16570233-1608555275-5880.jpg\",\"contentUrl\":\"https:\/\/vinilozona.lt\/wp-content\/uploads\/2022\/10\/R-16570233-1608555275-5880.jpg\",\"width\":600,\"height\":600},{\"@type\":\"BreadcrumbList\",\"@id\":\"https:\/\/vinilozona.lt\/parduotuve\/naujos-lp\/dio-finding-the-sacred-heart-live-in-philly-1986-2lp\/#breadcrumb\",\"itemListElement\":[{\"@type\":\"ListItem\",\"position\":1,\"name\":\"Home\",\"item\":\"https:\/\/vinilozona.lt\/\"},{\"@type\":\"ListItem\",\"position\":2,\"name\":\"Parduotuv\u0117\",\"item\":\"https:\/\/vinilozona.lt\/parduotuve\/\"},{\"@type\":\"ListItem\",\"position\":3,\"name\":\"Dio \u2013 Finding The Sacred Heart \u2013 Live In Philly 1986 2LP\"}]},{\"@type\":\"WebSite\",\"@id\":\"https:\/\/vinilozona.lt\/#website\",\"url\":\"https:\/\/vinilozona.lt\/\",\"name\":\"Vinilo Zona\",\"description\":\"Nup\u016bsk dulkes ir klausyk LP\",\"potentialAction\":[{\"@type\":\"SearchAction\",\"target\":{\"@type\":\"EntryPoint\",\"urlTemplate\":\"https:\/\/vinilozona.lt\/?s={search_term_string}\"},\"query-input\":{\"@type\":\"PropertyValueSpecification\",\"valueRequired\":true,\"valueName\":\"search_term_string\"}}],\"inLanguage\":\"en-GB\"}]}<\/script>\n<!-- \/ Yoast SEO plugin. -->","yoast_head_json":{"title":"Dio \u2013 Finding The Sacred Heart \u2013 Live In Philly 1986 2LP Vinilin\u0117 Plok\u0161tel\u0117 | Vinilozona.lt","robots":{"index":"index","follow":"follow","max-snippet":"max-snippet:-1","max-image-preview":"max-image-preview:large","max-video-preview":"max-video-preview:-1"},"canonical":"https:\/\/vinilozona.lt\/en\/parduotuve\/naujos-lp\/dio-finding-the-sacred-heart-live-in-philly-1986-2lp\/","og_locale":"en_GB","og_type":"article","og_title":"Dio \u2013 Finding The Sacred Heart \u2013 Live In Philly 1986 2LP Vinilin\u0117 Plok\u0161tel\u0117 | Vinilozona.lt","og_description":"Ear Music \u2013 0214879EMX, Ear Music Classics \u2013 0214879EMX Format:  2 x Vinyl, LP, Album, Reissue, Stereo Country: Europe Released: 2020","og_url":"https:\/\/vinilozona.lt\/en\/parduotuve\/naujos-lp\/dio-finding-the-sacred-heart-live-in-philly-1986-2lp\/","og_site_name":"Vinilo Zona","article_modified_time":"2023-10-16T14:07:31+00:00","og_image":[{"width":600,"height":600,"url":"https:\/\/vinilozona.lt\/wp-content\/uploads\/2022\/10\/R-16570233-1608555275-5880.jpg","type":"image\/jpeg"}],"twitter_card":"summary_large_image","schema":{"@context":"https:\/\/schema.org","@graph":[{"@type":"WebPage","@id":"https:\/\/vinilozona.lt\/parduotuve\/naujos-lp\/dio-finding-the-sacred-heart-live-in-philly-1986-2lp\/","url":"https:\/\/vinilozona.lt\/parduotuve\/naujos-lp\/dio-finding-the-sacred-heart-live-in-philly-1986-2lp\/","name":"Dio \u2013 Finding The Sacred Heart \u2013 Live In Philly 1986 2LP Vinilin\u0117 Plok\u0161tel\u0117 | Vinilozona.lt","isPartOf":{"@id":"https:\/\/vinilozona.lt\/#website"},"primaryImageOfPage":{"@id":"https:\/\/vinilozona.lt\/parduotuve\/naujos-lp\/dio-finding-the-sacred-heart-live-in-philly-1986-2lp\/#primaryimage"},"image":{"@id":"https:\/\/vinilozona.lt\/parduotuve\/naujos-lp\/dio-finding-the-sacred-heart-live-in-philly-1986-2lp\/#primaryimage"},"thumbnailUrl":"https:\/\/vinilozona.lt\/wp-content\/uploads\/2022\/10\/R-16570233-1608555275-5880.jpg","datePublished":"2022-10-25T14:38:30+00:00","dateModified":"2023-10-16T14:07:31+00:00","breadcrumb":{"@id":"https:\/\/vinilozona.lt\/parduotuve\/naujos-lp\/dio-finding-the-sacred-heart-live-in-philly-1986-2lp\/#breadcrumb"},"inLanguage":"en-GB","potentialAction":[{"@type":"ReadAction","target":["https:\/\/vinilozona.lt\/parduotuve\/naujos-lp\/dio-finding-the-sacred-heart-live-in-philly-1986-2lp\/"]}]},{"@type":"ImageObject","inLanguage":"en-GB","@id":"https:\/\/vinilozona.lt\/parduotuve\/naujos-lp\/dio-finding-the-sacred-heart-live-in-philly-1986-2lp\/#primaryimage","url":"https:\/\/vinilozona.lt\/wp-content\/uploads\/2022\/10\/R-16570233-1608555275-5880.jpg","contentUrl":"https:\/\/vinilozona.lt\/wp-content\/uploads\/2022\/10\/R-16570233-1608555275-5880.jpg","width":600,"height":600},{"@type":"BreadcrumbList","@id":"https:\/\/vinilozona.lt\/parduotuve\/naujos-lp\/dio-finding-the-sacred-heart-live-in-philly-1986-2lp\/#breadcrumb","itemListElement":[{"@type":"ListItem","position":1,"name":"Home","item":"https:\/\/vinilozona.lt\/"},{"@type":"ListItem","position":2,"name":"Parduotuv\u0117","item":"https:\/\/vinilozona.lt\/parduotuve\/"},{"@type":"ListItem","position":3,"name":"Dio \u2013 Finding The Sacred Heart \u2013 Live In Philly 1986 2LP"}]},{"@type":"WebSite","@id":"https:\/\/vinilozona.lt\/#website","url":"https:\/\/vinilozona.lt\/","name":"Vinilo Zona","description":"Nup\u016bsk dulkes ir klausyk LP","potentialAction":[{"@type":"SearchAction","target":{"@type":"EntryPoint","urlTemplate":"https:\/\/vinilozona.lt\/?s={search_term_string}"},"query-input":{"@type":"PropertyValueSpecification","valueRequired":true,"valueName":"search_term_string"}}],"inLanguage":"en-GB"}]}},"_links":{"self":[{"href":"https:\/\/vinilozona.lt\/en\/wp-json\/wp\/v2\/product\/20479"}],"collection":[{"href":"https:\/\/vinilozona.lt\/en\/wp-json\/wp\/v2\/product"}],"about":[{"href":"https:\/\/vinilozona.lt\/en\/wp-json\/wp\/v2\/types\/product"}],"wp:featuredmedia":[{"embeddable":true,"href":"https:\/\/vinilozona.lt\/en\/wp-json\/wp\/v2\/media\/20480"}],"wp:attachment":[{"href":"https:\/\/vinilozona.lt\/en\/wp-json\/wp\/v2\/media?parent=20479"}],"wp:term":[{"taxonomy":"product_cat","embeddable":true,"href":"https:\/\/vinilozona.lt\/en\/wp-json\/wp\/v2\/product_cat?post=20479"},{"taxonomy":"product_tag","embeddable":true,"href":"https:\/\/vinilozona.lt\/en\/wp-json\/wp\/v2\/product_tag?post=20479"}],"curies":[{"name":"wp","href":"https:\/\/api.w.org\/{rel}","templated":true}]}}