{"id":20350,"date":"2026-04-04T05:21:20","date_gmt":"2026-04-04T02:21:20","guid":{"rendered":"https:\/\/vinilozona.lt\/?post_type=product&#038;p=20350"},"modified":"2026-04-05T12:38:28","modified_gmt":"2026-04-05T09:38:28","slug":"ian-anderson-thick-as-a-brick-live-in-iceland-3-lp","status":"publish","type":"product","link":"https:\/\/vinilozona.lt\/en\/parduotuve\/naujos-lp\/ian-anderson-thick-as-a-brick-live-in-iceland-3-lp\/","title":{"rendered":"Jethro Tull \u2013 Warchild II"},"content":{"rendered":"<p>A1\t\tParadise Steakhouse\t4:01<br \/>\nA2\t\tSealion II  3:20<br \/>\nA3\t\tSaturation\t4:20<br \/>\nA4\t\tQuartet\t2:43<br \/>\nA5\t\tGood Godmother\t4:27<br \/>\nB1\t\tWarchild II\t3:14<br \/>\nB2\t\tTomorrow Was Today\t3:54<br \/>\nB3\t\tGlory Row\t3:35<br \/>\nB4\t\tMarch, The Mad Scientist\t1:49<br \/>\nB5\t\tPan Dance\t3:37<br \/>\nB6\t\tRainbow Blues\t3:38<\/p>","protected":false},"excerpt":{"rendered":"<p>Chrysalis \u2013 0190296762352<br \/>\nFormat:<br \/>\nVinyl, LP, Album, Stereo<br \/>\nCountry:\tWorldwide<br \/>\nReleased:\tJan 2022<\/p>","protected":false},"featured_media":23595,"template":"","meta":[],"product_cat":[23],"product_tag":[74],"yoast_head":"<!-- This site is optimized with the Yoast SEO plugin v23.5 - https:\/\/yoast.com\/wordpress\/plugins\/seo\/ -->\n<title>Jethro Tull \u2013 Warchild II Vinilin\u0117 Plok\u0161tel\u0117 | Vinilozona.lt<\/title>\n<meta name=\"robots\" content=\"index, follow, max-snippet:-1, max-image-preview:large, max-video-preview:-1\" \/>\n<link rel=\"canonical\" href=\"https:\/\/vinilozona.lt\/en\/parduotuve\/naujos-lp\/ian-anderson-thick-as-a-brick-live-in-iceland-3-lp\/\" \/>\n<meta property=\"og:locale\" content=\"en_GB\" \/>\n<meta property=\"og:type\" content=\"article\" \/>\n<meta property=\"og:title\" content=\"Jethro Tull \u2013 Warchild II Vinilin\u0117 Plok\u0161tel\u0117 | Vinilozona.lt\" \/>\n<meta property=\"og:description\" content=\"Chrysalis \u2013 0190296762352 Format:  Vinyl, LP, Album, Stereo Country: Worldwide Released: Jan 2022\" \/>\n<meta property=\"og:url\" content=\"https:\/\/vinilozona.lt\/en\/parduotuve\/naujos-lp\/ian-anderson-thick-as-a-brick-live-in-iceland-3-lp\/\" \/>\n<meta property=\"og:site_name\" content=\"Vinilo Zona\" \/>\n<meta property=\"article:modified_time\" content=\"2026-04-05T09:38:28+00:00\" \/>\n<meta property=\"og:image\" content=\"https:\/\/vinilozona.lt\/wp-content\/uploads\/2023\/06\/R-22114210-1644585702-6827.jpg\" \/>\n\t<meta property=\"og:image:width\" content=\"599\" \/>\n\t<meta property=\"og:image:height\" content=\"594\" \/>\n\t<meta property=\"og:image:type\" content=\"image\/jpeg\" \/>\n<meta name=\"twitter:card\" content=\"summary_large_image\" \/>\n<script type=\"application\/ld+json\" class=\"yoast-schema-graph\">{\"@context\":\"https:\/\/schema.org\",\"@graph\":[{\"@type\":\"WebPage\",\"@id\":\"https:\/\/vinilozona.lt\/parduotuve\/naujos-lp\/ian-anderson-thick-as-a-brick-live-in-iceland-3-lp\/\",\"url\":\"https:\/\/vinilozona.lt\/parduotuve\/naujos-lp\/ian-anderson-thick-as-a-brick-live-in-iceland-3-lp\/\",\"name\":\"Jethro Tull \u2013 Warchild II Vinilin\u0117 Plok\u0161tel\u0117 | Vinilozona.lt\",\"isPartOf\":{\"@id\":\"https:\/\/vinilozona.lt\/#website\"},\"primaryImageOfPage\":{\"@id\":\"https:\/\/vinilozona.lt\/parduotuve\/naujos-lp\/ian-anderson-thick-as-a-brick-live-in-iceland-3-lp\/#primaryimage\"},\"image\":{\"@id\":\"https:\/\/vinilozona.lt\/parduotuve\/naujos-lp\/ian-anderson-thick-as-a-brick-live-in-iceland-3-lp\/#primaryimage\"},\"thumbnailUrl\":\"https:\/\/vinilozona.lt\/wp-content\/uploads\/2023\/06\/R-22114210-1644585702-6827.jpg\",\"datePublished\":\"2026-04-04T02:21:20+00:00\",\"dateModified\":\"2026-04-05T09:38:28+00:00\",\"breadcrumb\":{\"@id\":\"https:\/\/vinilozona.lt\/parduotuve\/naujos-lp\/ian-anderson-thick-as-a-brick-live-in-iceland-3-lp\/#breadcrumb\"},\"inLanguage\":\"en-GB\",\"potentialAction\":[{\"@type\":\"ReadAction\",\"target\":[\"https:\/\/vinilozona.lt\/parduotuve\/naujos-lp\/ian-anderson-thick-as-a-brick-live-in-iceland-3-lp\/\"]}]},{\"@type\":\"ImageObject\",\"inLanguage\":\"en-GB\",\"@id\":\"https:\/\/vinilozona.lt\/parduotuve\/naujos-lp\/ian-anderson-thick-as-a-brick-live-in-iceland-3-lp\/#primaryimage\",\"url\":\"https:\/\/vinilozona.lt\/wp-content\/uploads\/2023\/06\/R-22114210-1644585702-6827.jpg\",\"contentUrl\":\"https:\/\/vinilozona.lt\/wp-content\/uploads\/2023\/06\/R-22114210-1644585702-6827.jpg\",\"width\":599,\"height\":594},{\"@type\":\"BreadcrumbList\",\"@id\":\"https:\/\/vinilozona.lt\/parduotuve\/naujos-lp\/ian-anderson-thick-as-a-brick-live-in-iceland-3-lp\/#breadcrumb\",\"itemListElement\":[{\"@type\":\"ListItem\",\"position\":1,\"name\":\"Home\",\"item\":\"https:\/\/vinilozona.lt\/\"},{\"@type\":\"ListItem\",\"position\":2,\"name\":\"Parduotuv\u0117\",\"item\":\"https:\/\/vinilozona.lt\/parduotuve\/\"},{\"@type\":\"ListItem\",\"position\":3,\"name\":\"Jethro Tull \u2013 Warchild II\"}]},{\"@type\":\"WebSite\",\"@id\":\"https:\/\/vinilozona.lt\/#website\",\"url\":\"https:\/\/vinilozona.lt\/\",\"name\":\"Vinilo Zona\",\"description\":\"Nup\u016bsk dulkes ir klausyk LP\",\"potentialAction\":[{\"@type\":\"SearchAction\",\"target\":{\"@type\":\"EntryPoint\",\"urlTemplate\":\"https:\/\/vinilozona.lt\/?s={search_term_string}\"},\"query-input\":{\"@type\":\"PropertyValueSpecification\",\"valueRequired\":true,\"valueName\":\"search_term_string\"}}],\"inLanguage\":\"en-GB\"}]}<\/script>\n<!-- \/ Yoast SEO plugin. -->","yoast_head_json":{"title":"Jethro Tull \u2013 Warchild II Vinilin\u0117 Plok\u0161tel\u0117 | Vinilozona.lt","robots":{"index":"index","follow":"follow","max-snippet":"max-snippet:-1","max-image-preview":"max-image-preview:large","max-video-preview":"max-video-preview:-1"},"canonical":"https:\/\/vinilozona.lt\/en\/parduotuve\/naujos-lp\/ian-anderson-thick-as-a-brick-live-in-iceland-3-lp\/","og_locale":"en_GB","og_type":"article","og_title":"Jethro Tull \u2013 Warchild II Vinilin\u0117 Plok\u0161tel\u0117 | Vinilozona.lt","og_description":"Chrysalis \u2013 0190296762352 Format:  Vinyl, LP, Album, Stereo Country: Worldwide Released: Jan 2022","og_url":"https:\/\/vinilozona.lt\/en\/parduotuve\/naujos-lp\/ian-anderson-thick-as-a-brick-live-in-iceland-3-lp\/","og_site_name":"Vinilo Zona","article_modified_time":"2026-04-05T09:38:28+00:00","og_image":[{"width":599,"height":594,"url":"https:\/\/vinilozona.lt\/wp-content\/uploads\/2023\/06\/R-22114210-1644585702-6827.jpg","type":"image\/jpeg"}],"twitter_card":"summary_large_image","schema":{"@context":"https:\/\/schema.org","@graph":[{"@type":"WebPage","@id":"https:\/\/vinilozona.lt\/parduotuve\/naujos-lp\/ian-anderson-thick-as-a-brick-live-in-iceland-3-lp\/","url":"https:\/\/vinilozona.lt\/parduotuve\/naujos-lp\/ian-anderson-thick-as-a-brick-live-in-iceland-3-lp\/","name":"Jethro Tull \u2013 Warchild II Vinilin\u0117 Plok\u0161tel\u0117 | Vinilozona.lt","isPartOf":{"@id":"https:\/\/vinilozona.lt\/#website"},"primaryImageOfPage":{"@id":"https:\/\/vinilozona.lt\/parduotuve\/naujos-lp\/ian-anderson-thick-as-a-brick-live-in-iceland-3-lp\/#primaryimage"},"image":{"@id":"https:\/\/vinilozona.lt\/parduotuve\/naujos-lp\/ian-anderson-thick-as-a-brick-live-in-iceland-3-lp\/#primaryimage"},"thumbnailUrl":"https:\/\/vinilozona.lt\/wp-content\/uploads\/2023\/06\/R-22114210-1644585702-6827.jpg","datePublished":"2026-04-04T02:21:20+00:00","dateModified":"2026-04-05T09:38:28+00:00","breadcrumb":{"@id":"https:\/\/vinilozona.lt\/parduotuve\/naujos-lp\/ian-anderson-thick-as-a-brick-live-in-iceland-3-lp\/#breadcrumb"},"inLanguage":"en-GB","potentialAction":[{"@type":"ReadAction","target":["https:\/\/vinilozona.lt\/parduotuve\/naujos-lp\/ian-anderson-thick-as-a-brick-live-in-iceland-3-lp\/"]}]},{"@type":"ImageObject","inLanguage":"en-GB","@id":"https:\/\/vinilozona.lt\/parduotuve\/naujos-lp\/ian-anderson-thick-as-a-brick-live-in-iceland-3-lp\/#primaryimage","url":"https:\/\/vinilozona.lt\/wp-content\/uploads\/2023\/06\/R-22114210-1644585702-6827.jpg","contentUrl":"https:\/\/vinilozona.lt\/wp-content\/uploads\/2023\/06\/R-22114210-1644585702-6827.jpg","width":599,"height":594},{"@type":"BreadcrumbList","@id":"https:\/\/vinilozona.lt\/parduotuve\/naujos-lp\/ian-anderson-thick-as-a-brick-live-in-iceland-3-lp\/#breadcrumb","itemListElement":[{"@type":"ListItem","position":1,"name":"Home","item":"https:\/\/vinilozona.lt\/"},{"@type":"ListItem","position":2,"name":"Parduotuv\u0117","item":"https:\/\/vinilozona.lt\/parduotuve\/"},{"@type":"ListItem","position":3,"name":"Jethro Tull \u2013 Warchild II"}]},{"@type":"WebSite","@id":"https:\/\/vinilozona.lt\/#website","url":"https:\/\/vinilozona.lt\/","name":"Vinilo Zona","description":"Nup\u016bsk dulkes ir klausyk LP","potentialAction":[{"@type":"SearchAction","target":{"@type":"EntryPoint","urlTemplate":"https:\/\/vinilozona.lt\/?s={search_term_string}"},"query-input":{"@type":"PropertyValueSpecification","valueRequired":true,"valueName":"search_term_string"}}],"inLanguage":"en-GB"}]}},"_links":{"self":[{"href":"https:\/\/vinilozona.lt\/en\/wp-json\/wp\/v2\/product\/20350"}],"collection":[{"href":"https:\/\/vinilozona.lt\/en\/wp-json\/wp\/v2\/product"}],"about":[{"href":"https:\/\/vinilozona.lt\/en\/wp-json\/wp\/v2\/types\/product"}],"wp:featuredmedia":[{"embeddable":true,"href":"https:\/\/vinilozona.lt\/en\/wp-json\/wp\/v2\/media\/23595"}],"wp:attachment":[{"href":"https:\/\/vinilozona.lt\/en\/wp-json\/wp\/v2\/media?parent=20350"}],"wp:term":[{"taxonomy":"product_cat","embeddable":true,"href":"https:\/\/vinilozona.lt\/en\/wp-json\/wp\/v2\/product_cat?post=20350"},{"taxonomy":"product_tag","embeddable":true,"href":"https:\/\/vinilozona.lt\/en\/wp-json\/wp\/v2\/product_tag?post=20350"}],"curies":[{"name":"wp","href":"https:\/\/api.w.org\/{rel}","templated":true}]}}