{"id":20348,"date":"2026-04-04T05:26:00","date_gmt":"2026-04-04T02:26:00","guid":{"rendered":"https:\/\/vinilozona.lt\/?post_type=product&#038;p=20348"},"modified":"2026-04-05T12:40:03","modified_gmt":"2026-04-05T09:40:03","slug":"jethro-tull-nothing-is-easy-live-at-the-isle-of-wight-1970","status":"publish","type":"product","link":"https:\/\/vinilozona.lt\/en\/parduotuve\/naujos-lp\/jethro-tull-nothing-is-easy-live-at-the-isle-of-wight-1970\/","title":{"rendered":"Jethro Tull \u2013 Nothing Is Easy: Live At The Isle Of Wight 1970"},"content":{"rendered":"<p>A1\t\tMy Sunday Feeling<br \/>\nA2\t\tMy God<br \/>\nB1\t\tWith You There To Help Me<br \/>\nB2\t\tTo Cry You A Song<br \/>\nC1\t\tBour\u00e9e<br \/>\nC2\t\tDharma For One<br \/>\nD1\t\tNothing Is Easy<br \/>\nMedley:<br \/>\nD2a\t\tWe Used To Know<br \/>\nD2b\t\tFor A Thousand Mothers<\/p>","protected":false},"excerpt":{"rendered":"<p>Ear Music \u2013 0213045EMX, Ear Music Classics \u2013 0213045EMX<br \/>\nSeries:\tMastered For Vinyl<br \/>\nFormat:<br \/>\n2 x Vinyl, LP, Deluxe Edition, Stereo, 180 g 100% Virgin Vinyl<br \/>\nCountry:\tEurope<br \/>\nReleased:\tNov 27, 2020<\/p>","protected":false},"featured_media":20349,"template":"","meta":[],"product_cat":[23],"product_tag":[44],"yoast_head":"<!-- This site is optimized with the Yoast SEO plugin v23.5 - https:\/\/yoast.com\/wordpress\/plugins\/seo\/ -->\n<title>Jethro Tull \u2013 Nothing Is Easy: Live At The Isle Of Wight 1970 Vinilin\u0117 Plok\u0161tel\u0117 | Vinilozona.lt<\/title>\n<meta name=\"robots\" content=\"index, follow, max-snippet:-1, max-image-preview:large, max-video-preview:-1\" \/>\n<link rel=\"canonical\" href=\"https:\/\/vinilozona.lt\/en\/parduotuve\/naujos-lp\/jethro-tull-nothing-is-easy-live-at-the-isle-of-wight-1970\/\" \/>\n<meta property=\"og:locale\" content=\"en_GB\" \/>\n<meta property=\"og:type\" content=\"article\" \/>\n<meta property=\"og:title\" content=\"Jethro Tull \u2013 Nothing Is Easy: Live At The Isle Of Wight 1970 Vinilin\u0117 Plok\u0161tel\u0117 | Vinilozona.lt\" \/>\n<meta property=\"og:description\" content=\"Ear Music \u2013 0213045EMX, Ear Music Classics \u2013 0213045EMX Series: Mastered For Vinyl Format:  2 x Vinyl, LP, Deluxe Edition, Stereo, 180 g 100% Virgin Vinyl Country: Europe Released: Nov 27, 2020\" \/>\n<meta property=\"og:url\" content=\"https:\/\/vinilozona.lt\/en\/parduotuve\/naujos-lp\/jethro-tull-nothing-is-easy-live-at-the-isle-of-wight-1970\/\" \/>\n<meta property=\"og:site_name\" content=\"Vinilo Zona\" \/>\n<meta property=\"article:modified_time\" content=\"2026-04-05T09:40:03+00:00\" \/>\n<meta property=\"og:image\" content=\"https:\/\/vinilozona.lt\/wp-content\/uploads\/2022\/10\/R-16276286-1606421295-4699.jpg\" \/>\n\t<meta property=\"og:image:width\" content=\"598\" \/>\n\t<meta property=\"og:image:height\" content=\"600\" \/>\n\t<meta property=\"og:image:type\" content=\"image\/jpeg\" \/>\n<meta name=\"twitter:card\" content=\"summary_large_image\" \/>\n<script type=\"application\/ld+json\" class=\"yoast-schema-graph\">{\"@context\":\"https:\/\/schema.org\",\"@graph\":[{\"@type\":\"WebPage\",\"@id\":\"https:\/\/vinilozona.lt\/parduotuve\/naujos-lp\/jethro-tull-nothing-is-easy-live-at-the-isle-of-wight-1970\/\",\"url\":\"https:\/\/vinilozona.lt\/parduotuve\/naujos-lp\/jethro-tull-nothing-is-easy-live-at-the-isle-of-wight-1970\/\",\"name\":\"Jethro Tull \u2013 Nothing Is Easy: Live At The Isle Of Wight 1970 Vinilin\u0117 Plok\u0161tel\u0117 | Vinilozona.lt\",\"isPartOf\":{\"@id\":\"https:\/\/vinilozona.lt\/#website\"},\"primaryImageOfPage\":{\"@id\":\"https:\/\/vinilozona.lt\/parduotuve\/naujos-lp\/jethro-tull-nothing-is-easy-live-at-the-isle-of-wight-1970\/#primaryimage\"},\"image\":{\"@id\":\"https:\/\/vinilozona.lt\/parduotuve\/naujos-lp\/jethro-tull-nothing-is-easy-live-at-the-isle-of-wight-1970\/#primaryimage\"},\"thumbnailUrl\":\"https:\/\/vinilozona.lt\/wp-content\/uploads\/2022\/10\/R-16276286-1606421295-4699.jpg\",\"datePublished\":\"2026-04-04T02:26:00+00:00\",\"dateModified\":\"2026-04-05T09:40:03+00:00\",\"breadcrumb\":{\"@id\":\"https:\/\/vinilozona.lt\/parduotuve\/naujos-lp\/jethro-tull-nothing-is-easy-live-at-the-isle-of-wight-1970\/#breadcrumb\"},\"inLanguage\":\"en-GB\",\"potentialAction\":[{\"@type\":\"ReadAction\",\"target\":[\"https:\/\/vinilozona.lt\/parduotuve\/naujos-lp\/jethro-tull-nothing-is-easy-live-at-the-isle-of-wight-1970\/\"]}]},{\"@type\":\"ImageObject\",\"inLanguage\":\"en-GB\",\"@id\":\"https:\/\/vinilozona.lt\/parduotuve\/naujos-lp\/jethro-tull-nothing-is-easy-live-at-the-isle-of-wight-1970\/#primaryimage\",\"url\":\"https:\/\/vinilozona.lt\/wp-content\/uploads\/2022\/10\/R-16276286-1606421295-4699.jpg\",\"contentUrl\":\"https:\/\/vinilozona.lt\/wp-content\/uploads\/2022\/10\/R-16276286-1606421295-4699.jpg\",\"width\":598,\"height\":600},{\"@type\":\"BreadcrumbList\",\"@id\":\"https:\/\/vinilozona.lt\/parduotuve\/naujos-lp\/jethro-tull-nothing-is-easy-live-at-the-isle-of-wight-1970\/#breadcrumb\",\"itemListElement\":[{\"@type\":\"ListItem\",\"position\":1,\"name\":\"Home\",\"item\":\"https:\/\/vinilozona.lt\/\"},{\"@type\":\"ListItem\",\"position\":2,\"name\":\"Parduotuv\u0117\",\"item\":\"https:\/\/vinilozona.lt\/parduotuve\/\"},{\"@type\":\"ListItem\",\"position\":3,\"name\":\"Jethro Tull \u2013 Nothing Is Easy: Live At The Isle Of Wight 1970\"}]},{\"@type\":\"WebSite\",\"@id\":\"https:\/\/vinilozona.lt\/#website\",\"url\":\"https:\/\/vinilozona.lt\/\",\"name\":\"Vinilo Zona\",\"description\":\"Nup\u016bsk dulkes ir klausyk LP\",\"potentialAction\":[{\"@type\":\"SearchAction\",\"target\":{\"@type\":\"EntryPoint\",\"urlTemplate\":\"https:\/\/vinilozona.lt\/?s={search_term_string}\"},\"query-input\":{\"@type\":\"PropertyValueSpecification\",\"valueRequired\":true,\"valueName\":\"search_term_string\"}}],\"inLanguage\":\"en-GB\"}]}<\/script>\n<!-- \/ Yoast SEO plugin. -->","yoast_head_json":{"title":"Jethro Tull \u2013 Nothing Is Easy: Live At The Isle Of Wight 1970 Vinilin\u0117 Plok\u0161tel\u0117 | Vinilozona.lt","robots":{"index":"index","follow":"follow","max-snippet":"max-snippet:-1","max-image-preview":"max-image-preview:large","max-video-preview":"max-video-preview:-1"},"canonical":"https:\/\/vinilozona.lt\/en\/parduotuve\/naujos-lp\/jethro-tull-nothing-is-easy-live-at-the-isle-of-wight-1970\/","og_locale":"en_GB","og_type":"article","og_title":"Jethro Tull \u2013 Nothing Is Easy: Live At The Isle Of Wight 1970 Vinilin\u0117 Plok\u0161tel\u0117 | Vinilozona.lt","og_description":"Ear Music \u2013 0213045EMX, Ear Music Classics \u2013 0213045EMX Series: Mastered For Vinyl Format:  2 x Vinyl, LP, Deluxe Edition, Stereo, 180 g 100% Virgin Vinyl Country: Europe Released: Nov 27, 2020","og_url":"https:\/\/vinilozona.lt\/en\/parduotuve\/naujos-lp\/jethro-tull-nothing-is-easy-live-at-the-isle-of-wight-1970\/","og_site_name":"Vinilo Zona","article_modified_time":"2026-04-05T09:40:03+00:00","og_image":[{"width":598,"height":600,"url":"https:\/\/vinilozona.lt\/wp-content\/uploads\/2022\/10\/R-16276286-1606421295-4699.jpg","type":"image\/jpeg"}],"twitter_card":"summary_large_image","schema":{"@context":"https:\/\/schema.org","@graph":[{"@type":"WebPage","@id":"https:\/\/vinilozona.lt\/parduotuve\/naujos-lp\/jethro-tull-nothing-is-easy-live-at-the-isle-of-wight-1970\/","url":"https:\/\/vinilozona.lt\/parduotuve\/naujos-lp\/jethro-tull-nothing-is-easy-live-at-the-isle-of-wight-1970\/","name":"Jethro Tull \u2013 Nothing Is Easy: Live At The Isle Of Wight 1970 Vinilin\u0117 Plok\u0161tel\u0117 | Vinilozona.lt","isPartOf":{"@id":"https:\/\/vinilozona.lt\/#website"},"primaryImageOfPage":{"@id":"https:\/\/vinilozona.lt\/parduotuve\/naujos-lp\/jethro-tull-nothing-is-easy-live-at-the-isle-of-wight-1970\/#primaryimage"},"image":{"@id":"https:\/\/vinilozona.lt\/parduotuve\/naujos-lp\/jethro-tull-nothing-is-easy-live-at-the-isle-of-wight-1970\/#primaryimage"},"thumbnailUrl":"https:\/\/vinilozona.lt\/wp-content\/uploads\/2022\/10\/R-16276286-1606421295-4699.jpg","datePublished":"2026-04-04T02:26:00+00:00","dateModified":"2026-04-05T09:40:03+00:00","breadcrumb":{"@id":"https:\/\/vinilozona.lt\/parduotuve\/naujos-lp\/jethro-tull-nothing-is-easy-live-at-the-isle-of-wight-1970\/#breadcrumb"},"inLanguage":"en-GB","potentialAction":[{"@type":"ReadAction","target":["https:\/\/vinilozona.lt\/parduotuve\/naujos-lp\/jethro-tull-nothing-is-easy-live-at-the-isle-of-wight-1970\/"]}]},{"@type":"ImageObject","inLanguage":"en-GB","@id":"https:\/\/vinilozona.lt\/parduotuve\/naujos-lp\/jethro-tull-nothing-is-easy-live-at-the-isle-of-wight-1970\/#primaryimage","url":"https:\/\/vinilozona.lt\/wp-content\/uploads\/2022\/10\/R-16276286-1606421295-4699.jpg","contentUrl":"https:\/\/vinilozona.lt\/wp-content\/uploads\/2022\/10\/R-16276286-1606421295-4699.jpg","width":598,"height":600},{"@type":"BreadcrumbList","@id":"https:\/\/vinilozona.lt\/parduotuve\/naujos-lp\/jethro-tull-nothing-is-easy-live-at-the-isle-of-wight-1970\/#breadcrumb","itemListElement":[{"@type":"ListItem","position":1,"name":"Home","item":"https:\/\/vinilozona.lt\/"},{"@type":"ListItem","position":2,"name":"Parduotuv\u0117","item":"https:\/\/vinilozona.lt\/parduotuve\/"},{"@type":"ListItem","position":3,"name":"Jethro Tull \u2013 Nothing Is Easy: Live At The Isle Of Wight 1970"}]},{"@type":"WebSite","@id":"https:\/\/vinilozona.lt\/#website","url":"https:\/\/vinilozona.lt\/","name":"Vinilo Zona","description":"Nup\u016bsk dulkes ir klausyk LP","potentialAction":[{"@type":"SearchAction","target":{"@type":"EntryPoint","urlTemplate":"https:\/\/vinilozona.lt\/?s={search_term_string}"},"query-input":{"@type":"PropertyValueSpecification","valueRequired":true,"valueName":"search_term_string"}}],"inLanguage":"en-GB"}]}},"_links":{"self":[{"href":"https:\/\/vinilozona.lt\/en\/wp-json\/wp\/v2\/product\/20348"}],"collection":[{"href":"https:\/\/vinilozona.lt\/en\/wp-json\/wp\/v2\/product"}],"about":[{"href":"https:\/\/vinilozona.lt\/en\/wp-json\/wp\/v2\/types\/product"}],"wp:featuredmedia":[{"embeddable":true,"href":"https:\/\/vinilozona.lt\/en\/wp-json\/wp\/v2\/media\/20349"}],"wp:attachment":[{"href":"https:\/\/vinilozona.lt\/en\/wp-json\/wp\/v2\/media?parent=20348"}],"wp:term":[{"taxonomy":"product_cat","embeddable":true,"href":"https:\/\/vinilozona.lt\/en\/wp-json\/wp\/v2\/product_cat?post=20348"},{"taxonomy":"product_tag","embeddable":true,"href":"https:\/\/vinilozona.lt\/en\/wp-json\/wp\/v2\/product_tag?post=20348"}],"curies":[{"name":"wp","href":"https:\/\/api.w.org\/{rel}","templated":true}]}}