{"id":20346,"date":"2023-03-15T05:25:41","date_gmt":"2023-03-15T03:25:41","guid":{"rendered":"https:\/\/vinilozona.lt\/?post_type=product&#038;p=20346"},"modified":"2023-03-13T12:44:19","modified_gmt":"2023-03-13T10:44:19","slug":"return-to-forever-returns-4-lp","status":"publish","type":"product","link":"https:\/\/vinilozona.lt\/en\/parduotuve\/rock-pop\/return-to-forever-returns-4-lp\/","title":{"rendered":"Chicago \u2013 Chicago III"},"content":{"rendered":"<p>A1\t\tSing A Mean Tune Kid  9:15<br \/>\nA2\t\tLoneliness Is Just A Word  2:35<br \/>\nA3\t\tWhat Else Can I Say  3:11<br \/>\nA4\t\tI Don&#8217;t Want Your Money  4:48<br \/>\nTravel Suite<br \/>\nB1\t\tFlight 602  2:45<br \/>\nB2\t\tMotorboat To Mars  1:30<br \/>\nB3\t\tFree  2:12<br \/>\nB4\t\tFree Country  5:50<br \/>\nB5\t\tAt The Sunrise  2:42<br \/>\nB6\t\tHappy &#8216;Cause I&#8217;m Going Home  7:25<br \/>\nC1\t\tMother  4:28<br \/>\nC2\t\tLowdown  3:34<br \/>\nAn Hour In The Shower<br \/>\nC3\t\tA Hard Risin&#8217; Morning Without Breakfast\t1:58<br \/>\nC4\t\tOff To Work\t0:45<br \/>\nC5\t\tFallin&#8217; Out\t0:48<br \/>\nC6\t\tDreamin&#8217; Home\t0:56<br \/>\nC7\t\tMorning Blues Again\t1:03<br \/>\nElegy<br \/>\nD1\t\tWhen All The Laughter Dies In Sorrow  1:02<br \/>\nD2\t\tCanon  1:05<br \/>\nD3\t\tOnce Upon A Time&#8230;  2:35<br \/>\nD4\t\tProgress?  2:32<br \/>\nD5\t\tThe Approaching Storm  6:33<br \/>\nD6\t\tMan Vs. Man: The End  1:33<\/p>","protected":false},"excerpt":{"rendered":"<p>CBS \u2013 S 66260<br \/>\nFormat:<br \/>\n2 x Vinyl, LP, Album, Stereo<br \/>\nCountry:\tEurope<br \/>\nReleased:\t1971<\/p>","protected":false},"featured_media":21775,"template":"","meta":[],"product_cat":[15,20],"product_tag":[44],"yoast_head":"<!-- This site is optimized with the Yoast SEO plugin v23.5 - https:\/\/yoast.com\/wordpress\/plugins\/seo\/ -->\n<title>Chicago \u2013 Chicago III Vinilin\u0117 Plok\u0161tel\u0117 | Vinilozona.lt<\/title>\n<meta name=\"robots\" content=\"index, follow, max-snippet:-1, max-image-preview:large, max-video-preview:-1\" \/>\n<link rel=\"canonical\" href=\"https:\/\/vinilozona.lt\/en\/parduotuve\/rock-pop\/return-to-forever-returns-4-lp\/\" \/>\n<meta property=\"og:locale\" content=\"en_GB\" \/>\n<meta property=\"og:type\" content=\"article\" \/>\n<meta property=\"og:title\" content=\"Chicago \u2013 Chicago III Vinilin\u0117 Plok\u0161tel\u0117 | Vinilozona.lt\" \/>\n<meta property=\"og:description\" content=\"CBS \u2013 S 66260 Format:  2 x Vinyl, LP, Album, Stereo Country: Europe Released: 1971\" \/>\n<meta property=\"og:url\" content=\"https:\/\/vinilozona.lt\/en\/parduotuve\/rock-pop\/return-to-forever-returns-4-lp\/\" \/>\n<meta property=\"og:site_name\" content=\"Vinilo Zona\" \/>\n<meta property=\"article:modified_time\" content=\"2023-03-13T10:44:19+00:00\" \/>\n<meta property=\"og:image\" content=\"https:\/\/vinilozona.lt\/wp-content\/uploads\/2022\/10\/R-1539669-1385494584-3403.jpg\" \/>\n\t<meta property=\"og:image:width\" content=\"500\" \/>\n\t<meta property=\"og:image:height\" content=\"500\" \/>\n\t<meta property=\"og:image:type\" content=\"image\/jpeg\" \/>\n<meta name=\"twitter:card\" content=\"summary_large_image\" \/>\n<meta name=\"twitter:label1\" content=\"Estimated reading time\" \/>\n\t<meta name=\"twitter:data1\" content=\"1 minute\" \/>\n<script type=\"application\/ld+json\" class=\"yoast-schema-graph\">{\"@context\":\"https:\/\/schema.org\",\"@graph\":[{\"@type\":\"WebPage\",\"@id\":\"https:\/\/vinilozona.lt\/parduotuve\/rock-pop\/return-to-forever-returns-4-lp\/\",\"url\":\"https:\/\/vinilozona.lt\/parduotuve\/rock-pop\/return-to-forever-returns-4-lp\/\",\"name\":\"Chicago \u2013 Chicago III Vinilin\u0117 Plok\u0161tel\u0117 | Vinilozona.lt\",\"isPartOf\":{\"@id\":\"https:\/\/vinilozona.lt\/#website\"},\"primaryImageOfPage\":{\"@id\":\"https:\/\/vinilozona.lt\/parduotuve\/rock-pop\/return-to-forever-returns-4-lp\/#primaryimage\"},\"image\":{\"@id\":\"https:\/\/vinilozona.lt\/parduotuve\/rock-pop\/return-to-forever-returns-4-lp\/#primaryimage\"},\"thumbnailUrl\":\"https:\/\/vinilozona.lt\/wp-content\/uploads\/2022\/10\/R-1539669-1385494584-3403.jpg\",\"datePublished\":\"2023-03-15T03:25:41+00:00\",\"dateModified\":\"2023-03-13T10:44:19+00:00\",\"breadcrumb\":{\"@id\":\"https:\/\/vinilozona.lt\/parduotuve\/rock-pop\/return-to-forever-returns-4-lp\/#breadcrumb\"},\"inLanguage\":\"en-GB\",\"potentialAction\":[{\"@type\":\"ReadAction\",\"target\":[\"https:\/\/vinilozona.lt\/parduotuve\/rock-pop\/return-to-forever-returns-4-lp\/\"]}]},{\"@type\":\"ImageObject\",\"inLanguage\":\"en-GB\",\"@id\":\"https:\/\/vinilozona.lt\/parduotuve\/rock-pop\/return-to-forever-returns-4-lp\/#primaryimage\",\"url\":\"https:\/\/vinilozona.lt\/wp-content\/uploads\/2022\/10\/R-1539669-1385494584-3403.jpg\",\"contentUrl\":\"https:\/\/vinilozona.lt\/wp-content\/uploads\/2022\/10\/R-1539669-1385494584-3403.jpg\",\"width\":500,\"height\":500},{\"@type\":\"BreadcrumbList\",\"@id\":\"https:\/\/vinilozona.lt\/parduotuve\/rock-pop\/return-to-forever-returns-4-lp\/#breadcrumb\",\"itemListElement\":[{\"@type\":\"ListItem\",\"position\":1,\"name\":\"Home\",\"item\":\"https:\/\/vinilozona.lt\/\"},{\"@type\":\"ListItem\",\"position\":2,\"name\":\"Parduotuv\u0117\",\"item\":\"https:\/\/vinilozona.lt\/parduotuve\/\"},{\"@type\":\"ListItem\",\"position\":3,\"name\":\"Chicago \u2013 Chicago III\"}]},{\"@type\":\"WebSite\",\"@id\":\"https:\/\/vinilozona.lt\/#website\",\"url\":\"https:\/\/vinilozona.lt\/\",\"name\":\"Vinilo Zona\",\"description\":\"Nup\u016bsk dulkes ir klausyk LP\",\"potentialAction\":[{\"@type\":\"SearchAction\",\"target\":{\"@type\":\"EntryPoint\",\"urlTemplate\":\"https:\/\/vinilozona.lt\/?s={search_term_string}\"},\"query-input\":{\"@type\":\"PropertyValueSpecification\",\"valueRequired\":true,\"valueName\":\"search_term_string\"}}],\"inLanguage\":\"en-GB\"}]}<\/script>\n<!-- \/ Yoast SEO plugin. -->","yoast_head_json":{"title":"Chicago \u2013 Chicago III Vinilin\u0117 Plok\u0161tel\u0117 | Vinilozona.lt","robots":{"index":"index","follow":"follow","max-snippet":"max-snippet:-1","max-image-preview":"max-image-preview:large","max-video-preview":"max-video-preview:-1"},"canonical":"https:\/\/vinilozona.lt\/en\/parduotuve\/rock-pop\/return-to-forever-returns-4-lp\/","og_locale":"en_GB","og_type":"article","og_title":"Chicago \u2013 Chicago III Vinilin\u0117 Plok\u0161tel\u0117 | Vinilozona.lt","og_description":"CBS \u2013 S 66260 Format:  2 x Vinyl, LP, Album, Stereo Country: Europe Released: 1971","og_url":"https:\/\/vinilozona.lt\/en\/parduotuve\/rock-pop\/return-to-forever-returns-4-lp\/","og_site_name":"Vinilo Zona","article_modified_time":"2023-03-13T10:44:19+00:00","og_image":[{"width":500,"height":500,"url":"https:\/\/vinilozona.lt\/wp-content\/uploads\/2022\/10\/R-1539669-1385494584-3403.jpg","type":"image\/jpeg"}],"twitter_card":"summary_large_image","twitter_misc":{"Estimated reading time":"1 minute"},"schema":{"@context":"https:\/\/schema.org","@graph":[{"@type":"WebPage","@id":"https:\/\/vinilozona.lt\/parduotuve\/rock-pop\/return-to-forever-returns-4-lp\/","url":"https:\/\/vinilozona.lt\/parduotuve\/rock-pop\/return-to-forever-returns-4-lp\/","name":"Chicago \u2013 Chicago III Vinilin\u0117 Plok\u0161tel\u0117 | Vinilozona.lt","isPartOf":{"@id":"https:\/\/vinilozona.lt\/#website"},"primaryImageOfPage":{"@id":"https:\/\/vinilozona.lt\/parduotuve\/rock-pop\/return-to-forever-returns-4-lp\/#primaryimage"},"image":{"@id":"https:\/\/vinilozona.lt\/parduotuve\/rock-pop\/return-to-forever-returns-4-lp\/#primaryimage"},"thumbnailUrl":"https:\/\/vinilozona.lt\/wp-content\/uploads\/2022\/10\/R-1539669-1385494584-3403.jpg","datePublished":"2023-03-15T03:25:41+00:00","dateModified":"2023-03-13T10:44:19+00:00","breadcrumb":{"@id":"https:\/\/vinilozona.lt\/parduotuve\/rock-pop\/return-to-forever-returns-4-lp\/#breadcrumb"},"inLanguage":"en-GB","potentialAction":[{"@type":"ReadAction","target":["https:\/\/vinilozona.lt\/parduotuve\/rock-pop\/return-to-forever-returns-4-lp\/"]}]},{"@type":"ImageObject","inLanguage":"en-GB","@id":"https:\/\/vinilozona.lt\/parduotuve\/rock-pop\/return-to-forever-returns-4-lp\/#primaryimage","url":"https:\/\/vinilozona.lt\/wp-content\/uploads\/2022\/10\/R-1539669-1385494584-3403.jpg","contentUrl":"https:\/\/vinilozona.lt\/wp-content\/uploads\/2022\/10\/R-1539669-1385494584-3403.jpg","width":500,"height":500},{"@type":"BreadcrumbList","@id":"https:\/\/vinilozona.lt\/parduotuve\/rock-pop\/return-to-forever-returns-4-lp\/#breadcrumb","itemListElement":[{"@type":"ListItem","position":1,"name":"Home","item":"https:\/\/vinilozona.lt\/"},{"@type":"ListItem","position":2,"name":"Parduotuv\u0117","item":"https:\/\/vinilozona.lt\/parduotuve\/"},{"@type":"ListItem","position":3,"name":"Chicago \u2013 Chicago III"}]},{"@type":"WebSite","@id":"https:\/\/vinilozona.lt\/#website","url":"https:\/\/vinilozona.lt\/","name":"Vinilo Zona","description":"Nup\u016bsk dulkes ir klausyk LP","potentialAction":[{"@type":"SearchAction","target":{"@type":"EntryPoint","urlTemplate":"https:\/\/vinilozona.lt\/?s={search_term_string}"},"query-input":{"@type":"PropertyValueSpecification","valueRequired":true,"valueName":"search_term_string"}}],"inLanguage":"en-GB"}]}},"_links":{"self":[{"href":"https:\/\/vinilozona.lt\/en\/wp-json\/wp\/v2\/product\/20346"}],"collection":[{"href":"https:\/\/vinilozona.lt\/en\/wp-json\/wp\/v2\/product"}],"about":[{"href":"https:\/\/vinilozona.lt\/en\/wp-json\/wp\/v2\/types\/product"}],"wp:featuredmedia":[{"embeddable":true,"href":"https:\/\/vinilozona.lt\/en\/wp-json\/wp\/v2\/media\/21775"}],"wp:attachment":[{"href":"https:\/\/vinilozona.lt\/en\/wp-json\/wp\/v2\/media?parent=20346"}],"wp:term":[{"taxonomy":"product_cat","embeddable":true,"href":"https:\/\/vinilozona.lt\/en\/wp-json\/wp\/v2\/product_cat?post=20346"},{"taxonomy":"product_tag","embeddable":true,"href":"https:\/\/vinilozona.lt\/en\/wp-json\/wp\/v2\/product_tag?post=20346"}],"curies":[{"name":"wp","href":"https:\/\/api.w.org\/{rel}","templated":true}]}}