{"id":20342,"date":"2023-03-10T05:17:36","date_gmt":"2023-03-10T03:17:36","guid":{"rendered":"https:\/\/vinilozona.lt\/?post_type=product&#038;p=20342"},"modified":"2023-03-17T12:35:56","modified_gmt":"2023-03-17T10:35:56","slug":"nick-cave-warren-ellis-war-machine-original-score","status":"publish","type":"product","link":"https:\/\/vinilozona.lt\/en\/parduotuve\/naujos-lp\/nick-cave-warren-ellis-war-machine-original-score\/","title":{"rendered":"Nick Cave &#038; Warren Ellis \u2013 War Machine (Original Score)"},"content":{"rendered":"<p>A1\tNick Cave &#038; Warren Ellis\u2013\tAh America<br \/>\nA2\tNick Cave &#038; Warren Ellis\u2013\tHumble Man<br \/>\nA3\tNick Cave &#038; Warren Ellis\u2013\tThe Bubble<br \/>\nA4\tNick Cave &#038; Warren Ellis\u2013\tThe Civilian Executive<br \/>\nA5\tRoedelius*\u2013\tIn Liebe Dein<br \/>\nB1\tNick Cave &#038; Warren Ellis\u2013\tBadi Basim<br \/>\nB2\tRoedelius*\u2013\tKamee<br \/>\nB3\tNick Cave &#038; Warren Ellis\u2013\tThe Moon Landing<br \/>\nB4\tNick Cave &#038; Warren Ellis\u2013\tOur Noise<br \/>\nB5\tRoedelius*\u2013\tFabelwein<br \/>\nB6\tNick Cave &#038; Warren Ellis\u2013\tJeanie<br \/>\nC1\tRachel&#8217;s\u2013\tNY Snow Globe<br \/>\nC2\tNick Cave &#038; Warren Ellis\u2013\tThousands Of Parades, All Over America<br \/>\nC3\tNick Cave &#038; Warren Ellis\u2013\tMarjah<br \/>\nC4\tRoedelius*\u2013\tStaunen Im Fjord<br \/>\nD1\tNick Cave &#038; Warren Ellis\u2013\tThe Hand Of Helping<br \/>\nD2\tNick Cave &#038; Warren Ellis\u2013\tBe Lovely<br \/>\nD3\tNick Cave &#038; Warren Ellis\u2013\tA Page In The History Books<br \/>\nD4\tNick Cave &#038; Warren Ellis\u2013\tWar Machine<\/p>","protected":false},"excerpt":{"rendered":"<p>Lakeshore Records \u2013 LSINV188LPalt, Invada \u2013 LSINV188LPalt<br \/>\nFormat:<br \/>\n2 x Vinyl, LP, 45 RPM, Album, Red<br \/>\nCountry:\tUK<br \/>\nReleased:\t2017<\/p>","protected":false},"featured_media":20343,"template":"","meta":[],"product_cat":[23],"product_tag":[44],"yoast_head":"<!-- This site is optimized with the Yoast SEO plugin v23.5 - https:\/\/yoast.com\/wordpress\/plugins\/seo\/ -->\n<title>Nick Cave &amp; Warren Ellis \u2013 War Machine (Original Score) Vinilin\u0117 Plok\u0161tel\u0117 | Vinilozona.lt<\/title>\n<meta name=\"robots\" content=\"index, follow, max-snippet:-1, max-image-preview:large, max-video-preview:-1\" \/>\n<link rel=\"canonical\" href=\"https:\/\/vinilozona.lt\/en\/parduotuve\/naujos-lp\/nick-cave-warren-ellis-war-machine-original-score\/\" \/>\n<meta property=\"og:locale\" content=\"en_GB\" \/>\n<meta property=\"og:type\" content=\"article\" \/>\n<meta property=\"og:title\" content=\"Nick Cave &amp; Warren Ellis \u2013 War Machine (Original Score) Vinilin\u0117 Plok\u0161tel\u0117 | Vinilozona.lt\" \/>\n<meta property=\"og:description\" content=\"Lakeshore Records \u2013 LSINV188LPalt, Invada \u2013 LSINV188LPalt Format:  2 x Vinyl, LP, 45 RPM, Album, Red Country: UK Released: 2017\" \/>\n<meta property=\"og:url\" content=\"https:\/\/vinilozona.lt\/en\/parduotuve\/naujos-lp\/nick-cave-warren-ellis-war-machine-original-score\/\" \/>\n<meta property=\"og:site_name\" content=\"Vinilo Zona\" \/>\n<meta property=\"article:modified_time\" content=\"2023-03-17T10:35:56+00:00\" \/>\n<meta property=\"og:image\" content=\"https:\/\/vinilozona.lt\/wp-content\/uploads\/2022\/10\/R-11306495-1513863444-7187.jpg\" \/>\n\t<meta property=\"og:image:width\" content=\"597\" \/>\n\t<meta property=\"og:image:height\" content=\"600\" \/>\n\t<meta property=\"og:image:type\" content=\"image\/jpeg\" \/>\n<meta name=\"twitter:card\" content=\"summary_large_image\" \/>\n<meta name=\"twitter:label1\" content=\"Estimated reading time\" \/>\n\t<meta name=\"twitter:data1\" content=\"1 minute\" \/>\n<script type=\"application\/ld+json\" class=\"yoast-schema-graph\">{\"@context\":\"https:\/\/schema.org\",\"@graph\":[{\"@type\":\"WebPage\",\"@id\":\"https:\/\/vinilozona.lt\/parduotuve\/naujos-lp\/nick-cave-warren-ellis-war-machine-original-score\/\",\"url\":\"https:\/\/vinilozona.lt\/parduotuve\/naujos-lp\/nick-cave-warren-ellis-war-machine-original-score\/\",\"name\":\"Nick Cave & Warren Ellis \u2013 War Machine (Original Score) Vinilin\u0117 Plok\u0161tel\u0117 | Vinilozona.lt\",\"isPartOf\":{\"@id\":\"https:\/\/vinilozona.lt\/#website\"},\"primaryImageOfPage\":{\"@id\":\"https:\/\/vinilozona.lt\/parduotuve\/naujos-lp\/nick-cave-warren-ellis-war-machine-original-score\/#primaryimage\"},\"image\":{\"@id\":\"https:\/\/vinilozona.lt\/parduotuve\/naujos-lp\/nick-cave-warren-ellis-war-machine-original-score\/#primaryimage\"},\"thumbnailUrl\":\"https:\/\/vinilozona.lt\/wp-content\/uploads\/2022\/10\/R-11306495-1513863444-7187.jpg\",\"datePublished\":\"2023-03-10T03:17:36+00:00\",\"dateModified\":\"2023-03-17T10:35:56+00:00\",\"breadcrumb\":{\"@id\":\"https:\/\/vinilozona.lt\/parduotuve\/naujos-lp\/nick-cave-warren-ellis-war-machine-original-score\/#breadcrumb\"},\"inLanguage\":\"en-GB\",\"potentialAction\":[{\"@type\":\"ReadAction\",\"target\":[\"https:\/\/vinilozona.lt\/parduotuve\/naujos-lp\/nick-cave-warren-ellis-war-machine-original-score\/\"]}]},{\"@type\":\"ImageObject\",\"inLanguage\":\"en-GB\",\"@id\":\"https:\/\/vinilozona.lt\/parduotuve\/naujos-lp\/nick-cave-warren-ellis-war-machine-original-score\/#primaryimage\",\"url\":\"https:\/\/vinilozona.lt\/wp-content\/uploads\/2022\/10\/R-11306495-1513863444-7187.jpg\",\"contentUrl\":\"https:\/\/vinilozona.lt\/wp-content\/uploads\/2022\/10\/R-11306495-1513863444-7187.jpg\",\"width\":597,\"height\":600},{\"@type\":\"BreadcrumbList\",\"@id\":\"https:\/\/vinilozona.lt\/parduotuve\/naujos-lp\/nick-cave-warren-ellis-war-machine-original-score\/#breadcrumb\",\"itemListElement\":[{\"@type\":\"ListItem\",\"position\":1,\"name\":\"Home\",\"item\":\"https:\/\/vinilozona.lt\/\"},{\"@type\":\"ListItem\",\"position\":2,\"name\":\"Parduotuv\u0117\",\"item\":\"https:\/\/vinilozona.lt\/parduotuve\/\"},{\"@type\":\"ListItem\",\"position\":3,\"name\":\"Nick Cave &#038; Warren Ellis \u2013 War Machine (Original Score)\"}]},{\"@type\":\"WebSite\",\"@id\":\"https:\/\/vinilozona.lt\/#website\",\"url\":\"https:\/\/vinilozona.lt\/\",\"name\":\"Vinilo Zona\",\"description\":\"Nup\u016bsk dulkes ir klausyk LP\",\"potentialAction\":[{\"@type\":\"SearchAction\",\"target\":{\"@type\":\"EntryPoint\",\"urlTemplate\":\"https:\/\/vinilozona.lt\/?s={search_term_string}\"},\"query-input\":{\"@type\":\"PropertyValueSpecification\",\"valueRequired\":true,\"valueName\":\"search_term_string\"}}],\"inLanguage\":\"en-GB\"}]}<\/script>\n<!-- \/ Yoast SEO plugin. -->","yoast_head_json":{"title":"Nick Cave & Warren Ellis \u2013 War Machine (Original Score) Vinilin\u0117 Plok\u0161tel\u0117 | Vinilozona.lt","robots":{"index":"index","follow":"follow","max-snippet":"max-snippet:-1","max-image-preview":"max-image-preview:large","max-video-preview":"max-video-preview:-1"},"canonical":"https:\/\/vinilozona.lt\/en\/parduotuve\/naujos-lp\/nick-cave-warren-ellis-war-machine-original-score\/","og_locale":"en_GB","og_type":"article","og_title":"Nick Cave & Warren Ellis \u2013 War Machine (Original Score) Vinilin\u0117 Plok\u0161tel\u0117 | Vinilozona.lt","og_description":"Lakeshore Records \u2013 LSINV188LPalt, Invada \u2013 LSINV188LPalt Format:  2 x Vinyl, LP, 45 RPM, Album, Red Country: UK Released: 2017","og_url":"https:\/\/vinilozona.lt\/en\/parduotuve\/naujos-lp\/nick-cave-warren-ellis-war-machine-original-score\/","og_site_name":"Vinilo Zona","article_modified_time":"2023-03-17T10:35:56+00:00","og_image":[{"width":597,"height":600,"url":"https:\/\/vinilozona.lt\/wp-content\/uploads\/2022\/10\/R-11306495-1513863444-7187.jpg","type":"image\/jpeg"}],"twitter_card":"summary_large_image","twitter_misc":{"Estimated reading time":"1 minute"},"schema":{"@context":"https:\/\/schema.org","@graph":[{"@type":"WebPage","@id":"https:\/\/vinilozona.lt\/parduotuve\/naujos-lp\/nick-cave-warren-ellis-war-machine-original-score\/","url":"https:\/\/vinilozona.lt\/parduotuve\/naujos-lp\/nick-cave-warren-ellis-war-machine-original-score\/","name":"Nick Cave & Warren Ellis \u2013 War Machine (Original Score) Vinilin\u0117 Plok\u0161tel\u0117 | Vinilozona.lt","isPartOf":{"@id":"https:\/\/vinilozona.lt\/#website"},"primaryImageOfPage":{"@id":"https:\/\/vinilozona.lt\/parduotuve\/naujos-lp\/nick-cave-warren-ellis-war-machine-original-score\/#primaryimage"},"image":{"@id":"https:\/\/vinilozona.lt\/parduotuve\/naujos-lp\/nick-cave-warren-ellis-war-machine-original-score\/#primaryimage"},"thumbnailUrl":"https:\/\/vinilozona.lt\/wp-content\/uploads\/2022\/10\/R-11306495-1513863444-7187.jpg","datePublished":"2023-03-10T03:17:36+00:00","dateModified":"2023-03-17T10:35:56+00:00","breadcrumb":{"@id":"https:\/\/vinilozona.lt\/parduotuve\/naujos-lp\/nick-cave-warren-ellis-war-machine-original-score\/#breadcrumb"},"inLanguage":"en-GB","potentialAction":[{"@type":"ReadAction","target":["https:\/\/vinilozona.lt\/parduotuve\/naujos-lp\/nick-cave-warren-ellis-war-machine-original-score\/"]}]},{"@type":"ImageObject","inLanguage":"en-GB","@id":"https:\/\/vinilozona.lt\/parduotuve\/naujos-lp\/nick-cave-warren-ellis-war-machine-original-score\/#primaryimage","url":"https:\/\/vinilozona.lt\/wp-content\/uploads\/2022\/10\/R-11306495-1513863444-7187.jpg","contentUrl":"https:\/\/vinilozona.lt\/wp-content\/uploads\/2022\/10\/R-11306495-1513863444-7187.jpg","width":597,"height":600},{"@type":"BreadcrumbList","@id":"https:\/\/vinilozona.lt\/parduotuve\/naujos-lp\/nick-cave-warren-ellis-war-machine-original-score\/#breadcrumb","itemListElement":[{"@type":"ListItem","position":1,"name":"Home","item":"https:\/\/vinilozona.lt\/"},{"@type":"ListItem","position":2,"name":"Parduotuv\u0117","item":"https:\/\/vinilozona.lt\/parduotuve\/"},{"@type":"ListItem","position":3,"name":"Nick Cave &#038; Warren Ellis \u2013 War Machine (Original Score)"}]},{"@type":"WebSite","@id":"https:\/\/vinilozona.lt\/#website","url":"https:\/\/vinilozona.lt\/","name":"Vinilo Zona","description":"Nup\u016bsk dulkes ir klausyk LP","potentialAction":[{"@type":"SearchAction","target":{"@type":"EntryPoint","urlTemplate":"https:\/\/vinilozona.lt\/?s={search_term_string}"},"query-input":{"@type":"PropertyValueSpecification","valueRequired":true,"valueName":"search_term_string"}}],"inLanguage":"en-GB"}]}},"_links":{"self":[{"href":"https:\/\/vinilozona.lt\/en\/wp-json\/wp\/v2\/product\/20342"}],"collection":[{"href":"https:\/\/vinilozona.lt\/en\/wp-json\/wp\/v2\/product"}],"about":[{"href":"https:\/\/vinilozona.lt\/en\/wp-json\/wp\/v2\/types\/product"}],"wp:featuredmedia":[{"embeddable":true,"href":"https:\/\/vinilozona.lt\/en\/wp-json\/wp\/v2\/media\/20343"}],"wp:attachment":[{"href":"https:\/\/vinilozona.lt\/en\/wp-json\/wp\/v2\/media?parent=20342"}],"wp:term":[{"taxonomy":"product_cat","embeddable":true,"href":"https:\/\/vinilozona.lt\/en\/wp-json\/wp\/v2\/product_cat?post=20342"},{"taxonomy":"product_tag","embeddable":true,"href":"https:\/\/vinilozona.lt\/en\/wp-json\/wp\/v2\/product_tag?post=20342"}],"curies":[{"name":"wp","href":"https:\/\/api.w.org\/{rel}","templated":true}]}}