{"id":20327,"date":"2022-10-13T12:55:30","date_gmt":"2022-10-13T09:55:30","guid":{"rendered":"https:\/\/vinilozona.lt\/?post_type=product&#038;p=20327"},"modified":"2022-10-13T12:58:27","modified_gmt":"2022-10-13T09:58:27","slug":"bob-marley-the-wailers-featuring-peter-tosh-the-birth-of-a-legend","status":"publish","type":"product","link":"https:\/\/vinilozona.lt\/en\/parduotuve\/rock-pop\/bob-marley-the-wailers-featuring-peter-tosh-the-birth-of-a-legend\/","title":{"rendered":"Bob Marley &#038; The Wailers Featuring Peter Tosh \u2013 The Birth Of A Legend"},"content":{"rendered":"<p>A1\t\tI Made A Mistake<br \/>\nA2\t\tOne Love<br \/>\nA3\t\tLet Him Go<br \/>\nA4\t\tLove And Affection<br \/>\nA5\t\tSimmer Down<br \/>\nB1\t\tMaga Dog<br \/>\nB2\t\tI Am Going Home<br \/>\nB3\t\tDonna<br \/>\nB4\t\tNobody Knows<br \/>\nB5\t\tLonesome Feeling<\/p>","protected":false},"excerpt":{"rendered":"<p>Embassy \u2013 31815, CBS \u2013 31815, Embassy \u2013 EMB 31815, CBS \u2013 EMB 31815<br \/>\nFormat:<br \/>\nVinyl, LP, Compilation, Reissue<br \/>\nCountry:\tEurope<br \/>\nReleased:\t1977<\/p>","protected":false},"featured_media":20328,"template":"","meta":[],"product_cat":[15],"product_tag":[44],"yoast_head":"<!-- This site is optimized with the Yoast SEO plugin v23.5 - https:\/\/yoast.com\/wordpress\/plugins\/seo\/ -->\n<title>Bob Marley &amp; The Wailers Featuring Peter Tosh \u2013 The Birth Of A Legend Vinilin\u0117 Plok\u0161tel\u0117 | Vinilozona.lt<\/title>\n<meta name=\"robots\" content=\"index, follow, max-snippet:-1, max-image-preview:large, max-video-preview:-1\" \/>\n<link rel=\"canonical\" href=\"https:\/\/vinilozona.lt\/en\/parduotuve\/rock-pop\/bob-marley-the-wailers-featuring-peter-tosh-the-birth-of-a-legend\/\" \/>\n<meta property=\"og:locale\" content=\"en_GB\" \/>\n<meta property=\"og:type\" content=\"article\" \/>\n<meta property=\"og:title\" content=\"Bob Marley &amp; The Wailers Featuring Peter Tosh \u2013 The Birth Of A Legend Vinilin\u0117 Plok\u0161tel\u0117 | Vinilozona.lt\" \/>\n<meta property=\"og:description\" content=\"Embassy \u2013 31815, CBS \u2013 31815, Embassy \u2013 EMB 31815, CBS \u2013 EMB 31815 Format:  Vinyl, LP, Compilation, Reissue Country: Europe Released: 1977\" \/>\n<meta property=\"og:url\" content=\"https:\/\/vinilozona.lt\/en\/parduotuve\/rock-pop\/bob-marley-the-wailers-featuring-peter-tosh-the-birth-of-a-legend\/\" \/>\n<meta property=\"og:site_name\" content=\"Vinilo Zona\" \/>\n<meta property=\"article:modified_time\" content=\"2022-10-13T09:58:27+00:00\" \/>\n<meta property=\"og:image\" content=\"https:\/\/vinilozona.lt\/wp-content\/uploads\/2022\/10\/R-4470656-1399219036-2884.jpg\" \/>\n\t<meta property=\"og:image:width\" content=\"600\" \/>\n\t<meta property=\"og:image:height\" content=\"600\" \/>\n\t<meta property=\"og:image:type\" content=\"image\/jpeg\" \/>\n<meta name=\"twitter:card\" content=\"summary_large_image\" \/>\n<script type=\"application\/ld+json\" class=\"yoast-schema-graph\">{\"@context\":\"https:\/\/schema.org\",\"@graph\":[{\"@type\":\"WebPage\",\"@id\":\"https:\/\/vinilozona.lt\/parduotuve\/rock-pop\/bob-marley-the-wailers-featuring-peter-tosh-the-birth-of-a-legend\/\",\"url\":\"https:\/\/vinilozona.lt\/parduotuve\/rock-pop\/bob-marley-the-wailers-featuring-peter-tosh-the-birth-of-a-legend\/\",\"name\":\"Bob Marley & The Wailers Featuring Peter Tosh \u2013 The Birth Of A Legend Vinilin\u0117 Plok\u0161tel\u0117 | Vinilozona.lt\",\"isPartOf\":{\"@id\":\"https:\/\/vinilozona.lt\/#website\"},\"primaryImageOfPage\":{\"@id\":\"https:\/\/vinilozona.lt\/parduotuve\/rock-pop\/bob-marley-the-wailers-featuring-peter-tosh-the-birth-of-a-legend\/#primaryimage\"},\"image\":{\"@id\":\"https:\/\/vinilozona.lt\/parduotuve\/rock-pop\/bob-marley-the-wailers-featuring-peter-tosh-the-birth-of-a-legend\/#primaryimage\"},\"thumbnailUrl\":\"https:\/\/vinilozona.lt\/wp-content\/uploads\/2022\/10\/R-4470656-1399219036-2884.jpg\",\"datePublished\":\"2022-10-13T09:55:30+00:00\",\"dateModified\":\"2022-10-13T09:58:27+00:00\",\"breadcrumb\":{\"@id\":\"https:\/\/vinilozona.lt\/parduotuve\/rock-pop\/bob-marley-the-wailers-featuring-peter-tosh-the-birth-of-a-legend\/#breadcrumb\"},\"inLanguage\":\"en-GB\",\"potentialAction\":[{\"@type\":\"ReadAction\",\"target\":[\"https:\/\/vinilozona.lt\/parduotuve\/rock-pop\/bob-marley-the-wailers-featuring-peter-tosh-the-birth-of-a-legend\/\"]}]},{\"@type\":\"ImageObject\",\"inLanguage\":\"en-GB\",\"@id\":\"https:\/\/vinilozona.lt\/parduotuve\/rock-pop\/bob-marley-the-wailers-featuring-peter-tosh-the-birth-of-a-legend\/#primaryimage\",\"url\":\"https:\/\/vinilozona.lt\/wp-content\/uploads\/2022\/10\/R-4470656-1399219036-2884.jpg\",\"contentUrl\":\"https:\/\/vinilozona.lt\/wp-content\/uploads\/2022\/10\/R-4470656-1399219036-2884.jpg\",\"width\":600,\"height\":600},{\"@type\":\"BreadcrumbList\",\"@id\":\"https:\/\/vinilozona.lt\/parduotuve\/rock-pop\/bob-marley-the-wailers-featuring-peter-tosh-the-birth-of-a-legend\/#breadcrumb\",\"itemListElement\":[{\"@type\":\"ListItem\",\"position\":1,\"name\":\"Home\",\"item\":\"https:\/\/vinilozona.lt\/\"},{\"@type\":\"ListItem\",\"position\":2,\"name\":\"Parduotuv\u0117\",\"item\":\"https:\/\/vinilozona.lt\/parduotuve\/\"},{\"@type\":\"ListItem\",\"position\":3,\"name\":\"Bob Marley &#038; The Wailers Featuring Peter Tosh \u2013 The Birth Of A Legend\"}]},{\"@type\":\"WebSite\",\"@id\":\"https:\/\/vinilozona.lt\/#website\",\"url\":\"https:\/\/vinilozona.lt\/\",\"name\":\"Vinilo Zona\",\"description\":\"Nup\u016bsk dulkes ir klausyk LP\",\"potentialAction\":[{\"@type\":\"SearchAction\",\"target\":{\"@type\":\"EntryPoint\",\"urlTemplate\":\"https:\/\/vinilozona.lt\/?s={search_term_string}\"},\"query-input\":{\"@type\":\"PropertyValueSpecification\",\"valueRequired\":true,\"valueName\":\"search_term_string\"}}],\"inLanguage\":\"en-GB\"}]}<\/script>\n<!-- \/ Yoast SEO plugin. -->","yoast_head_json":{"title":"Bob Marley & The Wailers Featuring Peter Tosh \u2013 The Birth Of A Legend Vinilin\u0117 Plok\u0161tel\u0117 | Vinilozona.lt","robots":{"index":"index","follow":"follow","max-snippet":"max-snippet:-1","max-image-preview":"max-image-preview:large","max-video-preview":"max-video-preview:-1"},"canonical":"https:\/\/vinilozona.lt\/en\/parduotuve\/rock-pop\/bob-marley-the-wailers-featuring-peter-tosh-the-birth-of-a-legend\/","og_locale":"en_GB","og_type":"article","og_title":"Bob Marley & The Wailers Featuring Peter Tosh \u2013 The Birth Of A Legend Vinilin\u0117 Plok\u0161tel\u0117 | Vinilozona.lt","og_description":"Embassy \u2013 31815, CBS \u2013 31815, Embassy \u2013 EMB 31815, CBS \u2013 EMB 31815 Format:  Vinyl, LP, Compilation, Reissue Country: Europe Released: 1977","og_url":"https:\/\/vinilozona.lt\/en\/parduotuve\/rock-pop\/bob-marley-the-wailers-featuring-peter-tosh-the-birth-of-a-legend\/","og_site_name":"Vinilo Zona","article_modified_time":"2022-10-13T09:58:27+00:00","og_image":[{"width":600,"height":600,"url":"https:\/\/vinilozona.lt\/wp-content\/uploads\/2022\/10\/R-4470656-1399219036-2884.jpg","type":"image\/jpeg"}],"twitter_card":"summary_large_image","schema":{"@context":"https:\/\/schema.org","@graph":[{"@type":"WebPage","@id":"https:\/\/vinilozona.lt\/parduotuve\/rock-pop\/bob-marley-the-wailers-featuring-peter-tosh-the-birth-of-a-legend\/","url":"https:\/\/vinilozona.lt\/parduotuve\/rock-pop\/bob-marley-the-wailers-featuring-peter-tosh-the-birth-of-a-legend\/","name":"Bob Marley & The Wailers Featuring Peter Tosh \u2013 The Birth Of A Legend Vinilin\u0117 Plok\u0161tel\u0117 | Vinilozona.lt","isPartOf":{"@id":"https:\/\/vinilozona.lt\/#website"},"primaryImageOfPage":{"@id":"https:\/\/vinilozona.lt\/parduotuve\/rock-pop\/bob-marley-the-wailers-featuring-peter-tosh-the-birth-of-a-legend\/#primaryimage"},"image":{"@id":"https:\/\/vinilozona.lt\/parduotuve\/rock-pop\/bob-marley-the-wailers-featuring-peter-tosh-the-birth-of-a-legend\/#primaryimage"},"thumbnailUrl":"https:\/\/vinilozona.lt\/wp-content\/uploads\/2022\/10\/R-4470656-1399219036-2884.jpg","datePublished":"2022-10-13T09:55:30+00:00","dateModified":"2022-10-13T09:58:27+00:00","breadcrumb":{"@id":"https:\/\/vinilozona.lt\/parduotuve\/rock-pop\/bob-marley-the-wailers-featuring-peter-tosh-the-birth-of-a-legend\/#breadcrumb"},"inLanguage":"en-GB","potentialAction":[{"@type":"ReadAction","target":["https:\/\/vinilozona.lt\/parduotuve\/rock-pop\/bob-marley-the-wailers-featuring-peter-tosh-the-birth-of-a-legend\/"]}]},{"@type":"ImageObject","inLanguage":"en-GB","@id":"https:\/\/vinilozona.lt\/parduotuve\/rock-pop\/bob-marley-the-wailers-featuring-peter-tosh-the-birth-of-a-legend\/#primaryimage","url":"https:\/\/vinilozona.lt\/wp-content\/uploads\/2022\/10\/R-4470656-1399219036-2884.jpg","contentUrl":"https:\/\/vinilozona.lt\/wp-content\/uploads\/2022\/10\/R-4470656-1399219036-2884.jpg","width":600,"height":600},{"@type":"BreadcrumbList","@id":"https:\/\/vinilozona.lt\/parduotuve\/rock-pop\/bob-marley-the-wailers-featuring-peter-tosh-the-birth-of-a-legend\/#breadcrumb","itemListElement":[{"@type":"ListItem","position":1,"name":"Home","item":"https:\/\/vinilozona.lt\/"},{"@type":"ListItem","position":2,"name":"Parduotuv\u0117","item":"https:\/\/vinilozona.lt\/parduotuve\/"},{"@type":"ListItem","position":3,"name":"Bob Marley &#038; The Wailers Featuring Peter Tosh \u2013 The Birth Of A Legend"}]},{"@type":"WebSite","@id":"https:\/\/vinilozona.lt\/#website","url":"https:\/\/vinilozona.lt\/","name":"Vinilo Zona","description":"Nup\u016bsk dulkes ir klausyk LP","potentialAction":[{"@type":"SearchAction","target":{"@type":"EntryPoint","urlTemplate":"https:\/\/vinilozona.lt\/?s={search_term_string}"},"query-input":{"@type":"PropertyValueSpecification","valueRequired":true,"valueName":"search_term_string"}}],"inLanguage":"en-GB"}]}},"_links":{"self":[{"href":"https:\/\/vinilozona.lt\/en\/wp-json\/wp\/v2\/product\/20327"}],"collection":[{"href":"https:\/\/vinilozona.lt\/en\/wp-json\/wp\/v2\/product"}],"about":[{"href":"https:\/\/vinilozona.lt\/en\/wp-json\/wp\/v2\/types\/product"}],"wp:featuredmedia":[{"embeddable":true,"href":"https:\/\/vinilozona.lt\/en\/wp-json\/wp\/v2\/media\/20328"}],"wp:attachment":[{"href":"https:\/\/vinilozona.lt\/en\/wp-json\/wp\/v2\/media?parent=20327"}],"wp:term":[{"taxonomy":"product_cat","embeddable":true,"href":"https:\/\/vinilozona.lt\/en\/wp-json\/wp\/v2\/product_cat?post=20327"},{"taxonomy":"product_tag","embeddable":true,"href":"https:\/\/vinilozona.lt\/en\/wp-json\/wp\/v2\/product_tag?post=20327"}],"curies":[{"name":"wp","href":"https:\/\/api.w.org\/{rel}","templated":true}]}}