{"id":20308,"date":"2022-10-06T05:44:21","date_gmt":"2022-10-06T02:44:21","guid":{"rendered":"https:\/\/vinilozona.lt\/?post_type=product&#038;p=20308"},"modified":"2022-10-05T09:48:11","modified_gmt":"2022-10-05T06:48:11","slug":"various-sleaze-rock-smash-it-hanoi-rocks-skid-row-dogs-damour","status":"publish","type":"product","link":"https:\/\/vinilozona.lt\/en\/parduotuve\/rock-pop\/various-sleaze-rock-smash-it-hanoi-rocks-skid-row-dogs-damour\/","title":{"rendered":"Various \u2013 Sleaze Rock &#8211; Smash It (Hanoi Rocks, Skid Row, Dogs d&#8217;amour&#8230;)"},"content":{"rendered":"<p>A1\t\tMore Than A Feeling\t4:44<br \/>\nA2\t\tPeace Of Mind\t4:55<br \/>\nA3\t\tForeplay \/ Long Time\t7:56<br \/>\nB1\t\tRock &#038; Roll Band  2:59<br \/>\nB2\t\tSmokin&#8217;\t4:44<br \/>\nB3\t\tHitch A Ride\t3:18<br \/>\nB4\t\tSomething About You\t4:19<br \/>\nB5\t\tLet Me Take You Home Tonight\t4:12<\/p>","protected":false},"excerpt":{"rendered":"<p>RCA \u2013 PL 74821<br \/>\nFormat:<br \/>\nVinyl, LP, Compilation<br \/>\nCountry:\tGermany<br \/>\nReleased:\t1990<\/p>","protected":false},"featured_media":20309,"template":"","meta":[],"product_cat":[15,906],"product_tag":[44],"yoast_head":"<!-- This site is optimized with the Yoast SEO plugin v23.5 - https:\/\/yoast.com\/wordpress\/plugins\/seo\/ -->\n<title>Various \u2013 Sleaze Rock - Smash It (Hanoi Rocks, Skid Row, Dogs d&#039;amour...) Vinilin\u0117 Plok\u0161tel\u0117 | Vinilozona.lt<\/title>\n<meta name=\"robots\" content=\"index, follow, max-snippet:-1, max-image-preview:large, max-video-preview:-1\" \/>\n<link rel=\"canonical\" href=\"https:\/\/vinilozona.lt\/en\/parduotuve\/rock-pop\/various-sleaze-rock-smash-it-hanoi-rocks-skid-row-dogs-damour\/\" \/>\n<meta property=\"og:locale\" content=\"en_GB\" \/>\n<meta property=\"og:type\" content=\"article\" \/>\n<meta property=\"og:title\" content=\"Various \u2013 Sleaze Rock - Smash It (Hanoi Rocks, Skid Row, Dogs d&#039;amour...) Vinilin\u0117 Plok\u0161tel\u0117 | Vinilozona.lt\" \/>\n<meta property=\"og:description\" content=\"RCA \u2013 PL 74821 Format:  Vinyl, LP, Compilation Country: Germany Released: 1990\" \/>\n<meta property=\"og:url\" content=\"https:\/\/vinilozona.lt\/en\/parduotuve\/rock-pop\/various-sleaze-rock-smash-it-hanoi-rocks-skid-row-dogs-damour\/\" \/>\n<meta property=\"og:site_name\" content=\"Vinilo Zona\" \/>\n<meta property=\"article:modified_time\" content=\"2022-10-05T06:48:11+00:00\" \/>\n<meta property=\"og:image\" content=\"https:\/\/vinilozona.lt\/wp-content\/uploads\/2022\/10\/R-3872196-1347619052-4237.jpg\" \/>\n\t<meta property=\"og:image:width\" content=\"357\" \/>\n\t<meta property=\"og:image:height\" content=\"356\" \/>\n\t<meta property=\"og:image:type\" content=\"image\/jpeg\" \/>\n<meta name=\"twitter:card\" content=\"summary_large_image\" \/>\n<script type=\"application\/ld+json\" class=\"yoast-schema-graph\">{\"@context\":\"https:\/\/schema.org\",\"@graph\":[{\"@type\":\"WebPage\",\"@id\":\"https:\/\/vinilozona.lt\/parduotuve\/rock-pop\/various-sleaze-rock-smash-it-hanoi-rocks-skid-row-dogs-damour\/\",\"url\":\"https:\/\/vinilozona.lt\/parduotuve\/rock-pop\/various-sleaze-rock-smash-it-hanoi-rocks-skid-row-dogs-damour\/\",\"name\":\"Various \u2013 Sleaze Rock - Smash It (Hanoi Rocks, Skid Row, Dogs d'amour...) Vinilin\u0117 Plok\u0161tel\u0117 | Vinilozona.lt\",\"isPartOf\":{\"@id\":\"https:\/\/vinilozona.lt\/#website\"},\"primaryImageOfPage\":{\"@id\":\"https:\/\/vinilozona.lt\/parduotuve\/rock-pop\/various-sleaze-rock-smash-it-hanoi-rocks-skid-row-dogs-damour\/#primaryimage\"},\"image\":{\"@id\":\"https:\/\/vinilozona.lt\/parduotuve\/rock-pop\/various-sleaze-rock-smash-it-hanoi-rocks-skid-row-dogs-damour\/#primaryimage\"},\"thumbnailUrl\":\"https:\/\/vinilozona.lt\/wp-content\/uploads\/2022\/10\/R-3872196-1347619052-4237.jpg\",\"datePublished\":\"2022-10-06T02:44:21+00:00\",\"dateModified\":\"2022-10-05T06:48:11+00:00\",\"breadcrumb\":{\"@id\":\"https:\/\/vinilozona.lt\/parduotuve\/rock-pop\/various-sleaze-rock-smash-it-hanoi-rocks-skid-row-dogs-damour\/#breadcrumb\"},\"inLanguage\":\"en-GB\",\"potentialAction\":[{\"@type\":\"ReadAction\",\"target\":[\"https:\/\/vinilozona.lt\/parduotuve\/rock-pop\/various-sleaze-rock-smash-it-hanoi-rocks-skid-row-dogs-damour\/\"]}]},{\"@type\":\"ImageObject\",\"inLanguage\":\"en-GB\",\"@id\":\"https:\/\/vinilozona.lt\/parduotuve\/rock-pop\/various-sleaze-rock-smash-it-hanoi-rocks-skid-row-dogs-damour\/#primaryimage\",\"url\":\"https:\/\/vinilozona.lt\/wp-content\/uploads\/2022\/10\/R-3872196-1347619052-4237.jpg\",\"contentUrl\":\"https:\/\/vinilozona.lt\/wp-content\/uploads\/2022\/10\/R-3872196-1347619052-4237.jpg\",\"width\":357,\"height\":356},{\"@type\":\"BreadcrumbList\",\"@id\":\"https:\/\/vinilozona.lt\/parduotuve\/rock-pop\/various-sleaze-rock-smash-it-hanoi-rocks-skid-row-dogs-damour\/#breadcrumb\",\"itemListElement\":[{\"@type\":\"ListItem\",\"position\":1,\"name\":\"Home\",\"item\":\"https:\/\/vinilozona.lt\/\"},{\"@type\":\"ListItem\",\"position\":2,\"name\":\"Parduotuv\u0117\",\"item\":\"https:\/\/vinilozona.lt\/parduotuve\/\"},{\"@type\":\"ListItem\",\"position\":3,\"name\":\"Various \u2013 Sleaze Rock &#8211; Smash It (Hanoi Rocks, Skid Row, Dogs d&#8217;amour&#8230;)\"}]},{\"@type\":\"WebSite\",\"@id\":\"https:\/\/vinilozona.lt\/#website\",\"url\":\"https:\/\/vinilozona.lt\/\",\"name\":\"Vinilo Zona\",\"description\":\"Nup\u016bsk dulkes ir klausyk LP\",\"potentialAction\":[{\"@type\":\"SearchAction\",\"target\":{\"@type\":\"EntryPoint\",\"urlTemplate\":\"https:\/\/vinilozona.lt\/?s={search_term_string}\"},\"query-input\":{\"@type\":\"PropertyValueSpecification\",\"valueRequired\":true,\"valueName\":\"search_term_string\"}}],\"inLanguage\":\"en-GB\"}]}<\/script>\n<!-- \/ Yoast SEO plugin. -->","yoast_head_json":{"title":"Various \u2013 Sleaze Rock - Smash It (Hanoi Rocks, Skid Row, Dogs d'amour...) Vinilin\u0117 Plok\u0161tel\u0117 | Vinilozona.lt","robots":{"index":"index","follow":"follow","max-snippet":"max-snippet:-1","max-image-preview":"max-image-preview:large","max-video-preview":"max-video-preview:-1"},"canonical":"https:\/\/vinilozona.lt\/en\/parduotuve\/rock-pop\/various-sleaze-rock-smash-it-hanoi-rocks-skid-row-dogs-damour\/","og_locale":"en_GB","og_type":"article","og_title":"Various \u2013 Sleaze Rock - Smash It (Hanoi Rocks, Skid Row, Dogs d'amour...) Vinilin\u0117 Plok\u0161tel\u0117 | Vinilozona.lt","og_description":"RCA \u2013 PL 74821 Format:  Vinyl, LP, Compilation Country: Germany Released: 1990","og_url":"https:\/\/vinilozona.lt\/en\/parduotuve\/rock-pop\/various-sleaze-rock-smash-it-hanoi-rocks-skid-row-dogs-damour\/","og_site_name":"Vinilo Zona","article_modified_time":"2022-10-05T06:48:11+00:00","og_image":[{"width":357,"height":356,"url":"https:\/\/vinilozona.lt\/wp-content\/uploads\/2022\/10\/R-3872196-1347619052-4237.jpg","type":"image\/jpeg"}],"twitter_card":"summary_large_image","schema":{"@context":"https:\/\/schema.org","@graph":[{"@type":"WebPage","@id":"https:\/\/vinilozona.lt\/parduotuve\/rock-pop\/various-sleaze-rock-smash-it-hanoi-rocks-skid-row-dogs-damour\/","url":"https:\/\/vinilozona.lt\/parduotuve\/rock-pop\/various-sleaze-rock-smash-it-hanoi-rocks-skid-row-dogs-damour\/","name":"Various \u2013 Sleaze Rock - Smash It (Hanoi Rocks, Skid Row, Dogs d'amour...) Vinilin\u0117 Plok\u0161tel\u0117 | Vinilozona.lt","isPartOf":{"@id":"https:\/\/vinilozona.lt\/#website"},"primaryImageOfPage":{"@id":"https:\/\/vinilozona.lt\/parduotuve\/rock-pop\/various-sleaze-rock-smash-it-hanoi-rocks-skid-row-dogs-damour\/#primaryimage"},"image":{"@id":"https:\/\/vinilozona.lt\/parduotuve\/rock-pop\/various-sleaze-rock-smash-it-hanoi-rocks-skid-row-dogs-damour\/#primaryimage"},"thumbnailUrl":"https:\/\/vinilozona.lt\/wp-content\/uploads\/2022\/10\/R-3872196-1347619052-4237.jpg","datePublished":"2022-10-06T02:44:21+00:00","dateModified":"2022-10-05T06:48:11+00:00","breadcrumb":{"@id":"https:\/\/vinilozona.lt\/parduotuve\/rock-pop\/various-sleaze-rock-smash-it-hanoi-rocks-skid-row-dogs-damour\/#breadcrumb"},"inLanguage":"en-GB","potentialAction":[{"@type":"ReadAction","target":["https:\/\/vinilozona.lt\/parduotuve\/rock-pop\/various-sleaze-rock-smash-it-hanoi-rocks-skid-row-dogs-damour\/"]}]},{"@type":"ImageObject","inLanguage":"en-GB","@id":"https:\/\/vinilozona.lt\/parduotuve\/rock-pop\/various-sleaze-rock-smash-it-hanoi-rocks-skid-row-dogs-damour\/#primaryimage","url":"https:\/\/vinilozona.lt\/wp-content\/uploads\/2022\/10\/R-3872196-1347619052-4237.jpg","contentUrl":"https:\/\/vinilozona.lt\/wp-content\/uploads\/2022\/10\/R-3872196-1347619052-4237.jpg","width":357,"height":356},{"@type":"BreadcrumbList","@id":"https:\/\/vinilozona.lt\/parduotuve\/rock-pop\/various-sleaze-rock-smash-it-hanoi-rocks-skid-row-dogs-damour\/#breadcrumb","itemListElement":[{"@type":"ListItem","position":1,"name":"Home","item":"https:\/\/vinilozona.lt\/"},{"@type":"ListItem","position":2,"name":"Parduotuv\u0117","item":"https:\/\/vinilozona.lt\/parduotuve\/"},{"@type":"ListItem","position":3,"name":"Various \u2013 Sleaze Rock &#8211; Smash It (Hanoi Rocks, Skid Row, Dogs d&#8217;amour&#8230;)"}]},{"@type":"WebSite","@id":"https:\/\/vinilozona.lt\/#website","url":"https:\/\/vinilozona.lt\/","name":"Vinilo Zona","description":"Nup\u016bsk dulkes ir klausyk LP","potentialAction":[{"@type":"SearchAction","target":{"@type":"EntryPoint","urlTemplate":"https:\/\/vinilozona.lt\/?s={search_term_string}"},"query-input":{"@type":"PropertyValueSpecification","valueRequired":true,"valueName":"search_term_string"}}],"inLanguage":"en-GB"}]}},"_links":{"self":[{"href":"https:\/\/vinilozona.lt\/en\/wp-json\/wp\/v2\/product\/20308"}],"collection":[{"href":"https:\/\/vinilozona.lt\/en\/wp-json\/wp\/v2\/product"}],"about":[{"href":"https:\/\/vinilozona.lt\/en\/wp-json\/wp\/v2\/types\/product"}],"wp:featuredmedia":[{"embeddable":true,"href":"https:\/\/vinilozona.lt\/en\/wp-json\/wp\/v2\/media\/20309"}],"wp:attachment":[{"href":"https:\/\/vinilozona.lt\/en\/wp-json\/wp\/v2\/media?parent=20308"}],"wp:term":[{"taxonomy":"product_cat","embeddable":true,"href":"https:\/\/vinilozona.lt\/en\/wp-json\/wp\/v2\/product_cat?post=20308"},{"taxonomy":"product_tag","embeddable":true,"href":"https:\/\/vinilozona.lt\/en\/wp-json\/wp\/v2\/product_tag?post=20308"}],"curies":[{"name":"wp","href":"https:\/\/api.w.org\/{rel}","templated":true}]}}