{"id":20299,"date":"2025-12-10T05:02:59","date_gmt":"2025-12-10T03:02:59","guid":{"rendered":"https:\/\/vinilozona.lt\/?post_type=product&#038;p=20299"},"modified":"2025-12-14T11:00:45","modified_gmt":"2025-12-14T09:00:45","slug":"manfred-manns-earth-band-masque-songs-and-planets","status":"publish","type":"product","link":"https:\/\/vinilozona.lt\/en\/parduotuve\/rock-pop\/manfred-manns-earth-band-masque-songs-and-planets\/","title":{"rendered":"Manfred Mann&#8217;s Earth Band \u2013 Masque (Songs And Planets)"},"content":{"rendered":"<p>A1\t\tJoybringer (From Jupiter)<br \/>\nA2\t\tBillies Orno Bounce (Including Billies Bounce)\t3:12<br \/>\nA3\t\tWhat You Give Is What You Get (Start)  2:32<br \/>\nA4\t\tRivers Run Dry\t3:02<br \/>\nA5\t\tPlanets Schmanets\t2:40<br \/>\nA6\t\tGeronimos Cadillac\t4:42<br \/>\nB1\t\tSister Billy&#8217;s Bounce (Including Sister Sadie &#038; Billies Bounce)\t2:14<br \/>\nB2\t\tTelegram To Monica  5:36<br \/>\nB3\t\tA Couple Of Mates (From Mars &#038; Jupiter)\t3:20<br \/>\nB4\t\tNeptune (Icebringer)\t1:05<br \/>\nB5\t\tThe Hymn (From Jupiter)\t3:56<br \/>\nB6\t\tWe&#8217;re Going Wrong\t3:58<\/p>","protected":false},"excerpt":{"rendered":"<p>10 Records \u2013 208 632, Virgin \u2013 208 632-630<br \/>\nFormat:<br \/>\nVinyl, LP, Album, Stereo<br \/>\nCountry:\tEurope<br \/>\nReleased:\t1987<\/p>","protected":false},"featured_media":20300,"template":"","meta":[],"product_cat":[15],"product_tag":[44],"yoast_head":"<!-- This site is optimized with the Yoast SEO plugin v23.5 - https:\/\/yoast.com\/wordpress\/plugins\/seo\/ -->\n<title>Manfred Mann&#039;s Earth Band \u2013 Masque (Songs And Planets) Vinilin\u0117 Plok\u0161tel\u0117 | Vinilozona.lt<\/title>\n<meta name=\"robots\" content=\"index, follow, max-snippet:-1, max-image-preview:large, max-video-preview:-1\" \/>\n<link rel=\"canonical\" href=\"https:\/\/vinilozona.lt\/en\/parduotuve\/rock-pop\/manfred-manns-earth-band-masque-songs-and-planets\/\" \/>\n<meta property=\"og:locale\" content=\"en_GB\" \/>\n<meta property=\"og:type\" content=\"article\" \/>\n<meta property=\"og:title\" content=\"Manfred Mann&#039;s Earth Band \u2013 Masque (Songs And Planets) Vinilin\u0117 Plok\u0161tel\u0117 | Vinilozona.lt\" \/>\n<meta property=\"og:description\" content=\"10 Records \u2013 208 632, Virgin \u2013 208 632-630 Format:  Vinyl, LP, Album, Stereo Country: Europe Released: 1987\" \/>\n<meta property=\"og:url\" content=\"https:\/\/vinilozona.lt\/en\/parduotuve\/rock-pop\/manfred-manns-earth-band-masque-songs-and-planets\/\" \/>\n<meta property=\"og:site_name\" content=\"Vinilo Zona\" \/>\n<meta property=\"article:modified_time\" content=\"2025-12-14T09:00:45+00:00\" \/>\n<meta property=\"og:image\" content=\"https:\/\/vinilozona.lt\/wp-content\/uploads\/2022\/10\/R-1248137-1492543685-5421.jpg\" \/>\n\t<meta property=\"og:image:width\" content=\"599\" \/>\n\t<meta property=\"og:image:height\" content=\"585\" \/>\n\t<meta property=\"og:image:type\" content=\"image\/jpeg\" \/>\n<meta name=\"twitter:card\" content=\"summary_large_image\" \/>\n<meta name=\"twitter:label1\" content=\"Estimated reading time\" \/>\n\t<meta name=\"twitter:data1\" content=\"1 minute\" \/>\n<script type=\"application\/ld+json\" class=\"yoast-schema-graph\">{\"@context\":\"https:\/\/schema.org\",\"@graph\":[{\"@type\":\"WebPage\",\"@id\":\"https:\/\/vinilozona.lt\/parduotuve\/rock-pop\/manfred-manns-earth-band-masque-songs-and-planets\/\",\"url\":\"https:\/\/vinilozona.lt\/parduotuve\/rock-pop\/manfred-manns-earth-band-masque-songs-and-planets\/\",\"name\":\"Manfred Mann's Earth Band \u2013 Masque (Songs And Planets) Vinilin\u0117 Plok\u0161tel\u0117 | Vinilozona.lt\",\"isPartOf\":{\"@id\":\"https:\/\/vinilozona.lt\/#website\"},\"primaryImageOfPage\":{\"@id\":\"https:\/\/vinilozona.lt\/parduotuve\/rock-pop\/manfred-manns-earth-band-masque-songs-and-planets\/#primaryimage\"},\"image\":{\"@id\":\"https:\/\/vinilozona.lt\/parduotuve\/rock-pop\/manfred-manns-earth-band-masque-songs-and-planets\/#primaryimage\"},\"thumbnailUrl\":\"https:\/\/vinilozona.lt\/wp-content\/uploads\/2022\/10\/R-1248137-1492543685-5421.jpg\",\"datePublished\":\"2025-12-10T03:02:59+00:00\",\"dateModified\":\"2025-12-14T09:00:45+00:00\",\"breadcrumb\":{\"@id\":\"https:\/\/vinilozona.lt\/parduotuve\/rock-pop\/manfred-manns-earth-band-masque-songs-and-planets\/#breadcrumb\"},\"inLanguage\":\"en-GB\",\"potentialAction\":[{\"@type\":\"ReadAction\",\"target\":[\"https:\/\/vinilozona.lt\/parduotuve\/rock-pop\/manfred-manns-earth-band-masque-songs-and-planets\/\"]}]},{\"@type\":\"ImageObject\",\"inLanguage\":\"en-GB\",\"@id\":\"https:\/\/vinilozona.lt\/parduotuve\/rock-pop\/manfred-manns-earth-band-masque-songs-and-planets\/#primaryimage\",\"url\":\"https:\/\/vinilozona.lt\/wp-content\/uploads\/2022\/10\/R-1248137-1492543685-5421.jpg\",\"contentUrl\":\"https:\/\/vinilozona.lt\/wp-content\/uploads\/2022\/10\/R-1248137-1492543685-5421.jpg\",\"width\":599,\"height\":585},{\"@type\":\"BreadcrumbList\",\"@id\":\"https:\/\/vinilozona.lt\/parduotuve\/rock-pop\/manfred-manns-earth-band-masque-songs-and-planets\/#breadcrumb\",\"itemListElement\":[{\"@type\":\"ListItem\",\"position\":1,\"name\":\"Home\",\"item\":\"https:\/\/vinilozona.lt\/\"},{\"@type\":\"ListItem\",\"position\":2,\"name\":\"Parduotuv\u0117\",\"item\":\"https:\/\/vinilozona.lt\/parduotuve\/\"},{\"@type\":\"ListItem\",\"position\":3,\"name\":\"Manfred Mann&#8217;s Earth Band \u2013 Masque (Songs And Planets)\"}]},{\"@type\":\"WebSite\",\"@id\":\"https:\/\/vinilozona.lt\/#website\",\"url\":\"https:\/\/vinilozona.lt\/\",\"name\":\"Vinilo Zona\",\"description\":\"Nup\u016bsk dulkes ir klausyk LP\",\"potentialAction\":[{\"@type\":\"SearchAction\",\"target\":{\"@type\":\"EntryPoint\",\"urlTemplate\":\"https:\/\/vinilozona.lt\/?s={search_term_string}\"},\"query-input\":{\"@type\":\"PropertyValueSpecification\",\"valueRequired\":true,\"valueName\":\"search_term_string\"}}],\"inLanguage\":\"en-GB\"}]}<\/script>\n<!-- \/ Yoast SEO plugin. -->","yoast_head_json":{"title":"Manfred Mann's Earth Band \u2013 Masque (Songs And Planets) Vinilin\u0117 Plok\u0161tel\u0117 | Vinilozona.lt","robots":{"index":"index","follow":"follow","max-snippet":"max-snippet:-1","max-image-preview":"max-image-preview:large","max-video-preview":"max-video-preview:-1"},"canonical":"https:\/\/vinilozona.lt\/en\/parduotuve\/rock-pop\/manfred-manns-earth-band-masque-songs-and-planets\/","og_locale":"en_GB","og_type":"article","og_title":"Manfred Mann's Earth Band \u2013 Masque (Songs And Planets) Vinilin\u0117 Plok\u0161tel\u0117 | Vinilozona.lt","og_description":"10 Records \u2013 208 632, Virgin \u2013 208 632-630 Format:  Vinyl, LP, Album, Stereo Country: Europe Released: 1987","og_url":"https:\/\/vinilozona.lt\/en\/parduotuve\/rock-pop\/manfred-manns-earth-band-masque-songs-and-planets\/","og_site_name":"Vinilo Zona","article_modified_time":"2025-12-14T09:00:45+00:00","og_image":[{"width":599,"height":585,"url":"https:\/\/vinilozona.lt\/wp-content\/uploads\/2022\/10\/R-1248137-1492543685-5421.jpg","type":"image\/jpeg"}],"twitter_card":"summary_large_image","twitter_misc":{"Estimated reading time":"1 minute"},"schema":{"@context":"https:\/\/schema.org","@graph":[{"@type":"WebPage","@id":"https:\/\/vinilozona.lt\/parduotuve\/rock-pop\/manfred-manns-earth-band-masque-songs-and-planets\/","url":"https:\/\/vinilozona.lt\/parduotuve\/rock-pop\/manfred-manns-earth-band-masque-songs-and-planets\/","name":"Manfred Mann's Earth Band \u2013 Masque (Songs And Planets) Vinilin\u0117 Plok\u0161tel\u0117 | Vinilozona.lt","isPartOf":{"@id":"https:\/\/vinilozona.lt\/#website"},"primaryImageOfPage":{"@id":"https:\/\/vinilozona.lt\/parduotuve\/rock-pop\/manfred-manns-earth-band-masque-songs-and-planets\/#primaryimage"},"image":{"@id":"https:\/\/vinilozona.lt\/parduotuve\/rock-pop\/manfred-manns-earth-band-masque-songs-and-planets\/#primaryimage"},"thumbnailUrl":"https:\/\/vinilozona.lt\/wp-content\/uploads\/2022\/10\/R-1248137-1492543685-5421.jpg","datePublished":"2025-12-10T03:02:59+00:00","dateModified":"2025-12-14T09:00:45+00:00","breadcrumb":{"@id":"https:\/\/vinilozona.lt\/parduotuve\/rock-pop\/manfred-manns-earth-band-masque-songs-and-planets\/#breadcrumb"},"inLanguage":"en-GB","potentialAction":[{"@type":"ReadAction","target":["https:\/\/vinilozona.lt\/parduotuve\/rock-pop\/manfred-manns-earth-band-masque-songs-and-planets\/"]}]},{"@type":"ImageObject","inLanguage":"en-GB","@id":"https:\/\/vinilozona.lt\/parduotuve\/rock-pop\/manfred-manns-earth-band-masque-songs-and-planets\/#primaryimage","url":"https:\/\/vinilozona.lt\/wp-content\/uploads\/2022\/10\/R-1248137-1492543685-5421.jpg","contentUrl":"https:\/\/vinilozona.lt\/wp-content\/uploads\/2022\/10\/R-1248137-1492543685-5421.jpg","width":599,"height":585},{"@type":"BreadcrumbList","@id":"https:\/\/vinilozona.lt\/parduotuve\/rock-pop\/manfred-manns-earth-band-masque-songs-and-planets\/#breadcrumb","itemListElement":[{"@type":"ListItem","position":1,"name":"Home","item":"https:\/\/vinilozona.lt\/"},{"@type":"ListItem","position":2,"name":"Parduotuv\u0117","item":"https:\/\/vinilozona.lt\/parduotuve\/"},{"@type":"ListItem","position":3,"name":"Manfred Mann&#8217;s Earth Band \u2013 Masque (Songs And Planets)"}]},{"@type":"WebSite","@id":"https:\/\/vinilozona.lt\/#website","url":"https:\/\/vinilozona.lt\/","name":"Vinilo Zona","description":"Nup\u016bsk dulkes ir klausyk LP","potentialAction":[{"@type":"SearchAction","target":{"@type":"EntryPoint","urlTemplate":"https:\/\/vinilozona.lt\/?s={search_term_string}"},"query-input":{"@type":"PropertyValueSpecification","valueRequired":true,"valueName":"search_term_string"}}],"inLanguage":"en-GB"}]}},"_links":{"self":[{"href":"https:\/\/vinilozona.lt\/en\/wp-json\/wp\/v2\/product\/20299"}],"collection":[{"href":"https:\/\/vinilozona.lt\/en\/wp-json\/wp\/v2\/product"}],"about":[{"href":"https:\/\/vinilozona.lt\/en\/wp-json\/wp\/v2\/types\/product"}],"wp:featuredmedia":[{"embeddable":true,"href":"https:\/\/vinilozona.lt\/en\/wp-json\/wp\/v2\/media\/20300"}],"wp:attachment":[{"href":"https:\/\/vinilozona.lt\/en\/wp-json\/wp\/v2\/media?parent=20299"}],"wp:term":[{"taxonomy":"product_cat","embeddable":true,"href":"https:\/\/vinilozona.lt\/en\/wp-json\/wp\/v2\/product_cat?post=20299"},{"taxonomy":"product_tag","embeddable":true,"href":"https:\/\/vinilozona.lt\/en\/wp-json\/wp\/v2\/product_tag?post=20299"}],"curies":[{"name":"wp","href":"https:\/\/api.w.org\/{rel}","templated":true}]}}