{"id":20296,"date":"2022-10-06T05:03:45","date_gmt":"2022-10-06T02:03:45","guid":{"rendered":"https:\/\/vinilozona.lt\/?post_type=product&#038;p=20296"},"modified":"2022-10-05T08:52:29","modified_gmt":"2022-10-05T05:52:29","slug":"manfred-manns-earth-band-the-roaring-silence","status":"publish","type":"product","link":"https:\/\/vinilozona.lt\/en\/parduotuve\/rock-pop\/manfred-manns-earth-band-the-roaring-silence\/","title":{"rendered":"Manfred Mann&#8217;s Earth Band \u200e\u2013 The Roaring Silence"},"content":{"rendered":"<p>Blinded By The Light\t7:06<br \/>\nSinging The Dolphin Through\t8:16<br \/>\nWaiter, There&#8217;s A Yawn In My Ear\t5:35<br \/>\nThe Road To Babylon\t6:49<br \/>\nThis Side Of Paradise\t4:45<br \/>\nStarbird\t3:05<br \/>\nQuestions\t3:55<\/p>","protected":false},"excerpt":{"rendered":"<p>Bronze \u2013 27 870 XOT<br \/>\nFormat:<br \/>\nVinyl, LP, Album, Stereo<br \/>\nCountry:\tGermany<br \/>\nReleased:\t1976<\/p>","protected":false},"featured_media":13401,"template":"","meta":[],"product_cat":[15],"product_tag":[44],"yoast_head":"<!-- This site is optimized with the Yoast SEO plugin v23.5 - https:\/\/yoast.com\/wordpress\/plugins\/seo\/ -->\n<title>Manfred Mann&#039;s Earth Band \u200e\u2013 The Roaring Silence Vinilin\u0117 Plok\u0161tel\u0117 | Vinilozona.lt<\/title>\n<meta name=\"robots\" content=\"index, follow, max-snippet:-1, max-image-preview:large, max-video-preview:-1\" \/>\n<link rel=\"canonical\" href=\"https:\/\/vinilozona.lt\/en\/parduotuve\/rock-pop\/manfred-manns-earth-band-the-roaring-silence\/\" \/>\n<meta property=\"og:locale\" content=\"en_GB\" \/>\n<meta property=\"og:type\" content=\"article\" \/>\n<meta property=\"og:title\" content=\"Manfred Mann&#039;s Earth Band \u200e\u2013 The Roaring Silence Vinilin\u0117 Plok\u0161tel\u0117 | Vinilozona.lt\" \/>\n<meta property=\"og:description\" content=\"Bronze \u2013 27 870 XOT Format:  Vinyl, LP, Album, Stereo Country: Germany Released: 1976\" \/>\n<meta property=\"og:url\" content=\"https:\/\/vinilozona.lt\/en\/parduotuve\/rock-pop\/manfred-manns-earth-band-the-roaring-silence\/\" \/>\n<meta property=\"og:site_name\" content=\"Vinilo Zona\" \/>\n<meta property=\"article:modified_time\" content=\"2022-10-05T05:52:29+00:00\" \/>\n<meta property=\"og:image\" content=\"https:\/\/vinilozona.lt\/wp-content\/uploads\/2020\/12\/R-505042-1381677591-2950.jpeg.jpg\" \/>\n\t<meta property=\"og:image:width\" content=\"298\" \/>\n\t<meta property=\"og:image:height\" content=\"300\" \/>\n\t<meta property=\"og:image:type\" content=\"image\/jpeg\" \/>\n<meta name=\"twitter:card\" content=\"summary_large_image\" \/>\n<script type=\"application\/ld+json\" class=\"yoast-schema-graph\">{\"@context\":\"https:\/\/schema.org\",\"@graph\":[{\"@type\":\"WebPage\",\"@id\":\"https:\/\/vinilozona.lt\/parduotuve\/rock-pop\/manfred-manns-earth-band-the-roaring-silence\/\",\"url\":\"https:\/\/vinilozona.lt\/parduotuve\/rock-pop\/manfred-manns-earth-band-the-roaring-silence\/\",\"name\":\"Manfred Mann's Earth Band \u200e\u2013 The Roaring Silence Vinilin\u0117 Plok\u0161tel\u0117 | Vinilozona.lt\",\"isPartOf\":{\"@id\":\"https:\/\/vinilozona.lt\/#website\"},\"primaryImageOfPage\":{\"@id\":\"https:\/\/vinilozona.lt\/parduotuve\/rock-pop\/manfred-manns-earth-band-the-roaring-silence\/#primaryimage\"},\"image\":{\"@id\":\"https:\/\/vinilozona.lt\/parduotuve\/rock-pop\/manfred-manns-earth-band-the-roaring-silence\/#primaryimage\"},\"thumbnailUrl\":\"https:\/\/vinilozona.lt\/wp-content\/uploads\/2020\/12\/R-505042-1381677591-2950.jpeg.jpg\",\"datePublished\":\"2022-10-06T02:03:45+00:00\",\"dateModified\":\"2022-10-05T05:52:29+00:00\",\"breadcrumb\":{\"@id\":\"https:\/\/vinilozona.lt\/parduotuve\/rock-pop\/manfred-manns-earth-band-the-roaring-silence\/#breadcrumb\"},\"inLanguage\":\"en-GB\",\"potentialAction\":[{\"@type\":\"ReadAction\",\"target\":[\"https:\/\/vinilozona.lt\/parduotuve\/rock-pop\/manfred-manns-earth-band-the-roaring-silence\/\"]}]},{\"@type\":\"ImageObject\",\"inLanguage\":\"en-GB\",\"@id\":\"https:\/\/vinilozona.lt\/parduotuve\/rock-pop\/manfred-manns-earth-band-the-roaring-silence\/#primaryimage\",\"url\":\"https:\/\/vinilozona.lt\/wp-content\/uploads\/2020\/12\/R-505042-1381677591-2950.jpeg.jpg\",\"contentUrl\":\"https:\/\/vinilozona.lt\/wp-content\/uploads\/2020\/12\/R-505042-1381677591-2950.jpeg.jpg\",\"width\":298,\"height\":300},{\"@type\":\"BreadcrumbList\",\"@id\":\"https:\/\/vinilozona.lt\/parduotuve\/rock-pop\/manfred-manns-earth-band-the-roaring-silence\/#breadcrumb\",\"itemListElement\":[{\"@type\":\"ListItem\",\"position\":1,\"name\":\"Home\",\"item\":\"https:\/\/vinilozona.lt\/\"},{\"@type\":\"ListItem\",\"position\":2,\"name\":\"Parduotuv\u0117\",\"item\":\"https:\/\/vinilozona.lt\/parduotuve\/\"},{\"@type\":\"ListItem\",\"position\":3,\"name\":\"Manfred Mann&#8217;s Earth Band \u200e\u2013 The Roaring Silence\"}]},{\"@type\":\"WebSite\",\"@id\":\"https:\/\/vinilozona.lt\/#website\",\"url\":\"https:\/\/vinilozona.lt\/\",\"name\":\"Vinilo Zona\",\"description\":\"Nup\u016bsk dulkes ir klausyk LP\",\"potentialAction\":[{\"@type\":\"SearchAction\",\"target\":{\"@type\":\"EntryPoint\",\"urlTemplate\":\"https:\/\/vinilozona.lt\/?s={search_term_string}\"},\"query-input\":{\"@type\":\"PropertyValueSpecification\",\"valueRequired\":true,\"valueName\":\"search_term_string\"}}],\"inLanguage\":\"en-GB\"}]}<\/script>\n<!-- \/ Yoast SEO plugin. -->","yoast_head_json":{"title":"Manfred Mann's Earth Band \u200e\u2013 The Roaring Silence Vinilin\u0117 Plok\u0161tel\u0117 | Vinilozona.lt","robots":{"index":"index","follow":"follow","max-snippet":"max-snippet:-1","max-image-preview":"max-image-preview:large","max-video-preview":"max-video-preview:-1"},"canonical":"https:\/\/vinilozona.lt\/en\/parduotuve\/rock-pop\/manfred-manns-earth-band-the-roaring-silence\/","og_locale":"en_GB","og_type":"article","og_title":"Manfred Mann's Earth Band \u200e\u2013 The Roaring Silence Vinilin\u0117 Plok\u0161tel\u0117 | Vinilozona.lt","og_description":"Bronze \u2013 27 870 XOT Format:  Vinyl, LP, Album, Stereo Country: Germany Released: 1976","og_url":"https:\/\/vinilozona.lt\/en\/parduotuve\/rock-pop\/manfred-manns-earth-band-the-roaring-silence\/","og_site_name":"Vinilo Zona","article_modified_time":"2022-10-05T05:52:29+00:00","og_image":[{"width":298,"height":300,"url":"https:\/\/vinilozona.lt\/wp-content\/uploads\/2020\/12\/R-505042-1381677591-2950.jpeg.jpg","type":"image\/jpeg"}],"twitter_card":"summary_large_image","schema":{"@context":"https:\/\/schema.org","@graph":[{"@type":"WebPage","@id":"https:\/\/vinilozona.lt\/parduotuve\/rock-pop\/manfred-manns-earth-band-the-roaring-silence\/","url":"https:\/\/vinilozona.lt\/parduotuve\/rock-pop\/manfred-manns-earth-band-the-roaring-silence\/","name":"Manfred Mann's Earth Band \u200e\u2013 The Roaring Silence Vinilin\u0117 Plok\u0161tel\u0117 | Vinilozona.lt","isPartOf":{"@id":"https:\/\/vinilozona.lt\/#website"},"primaryImageOfPage":{"@id":"https:\/\/vinilozona.lt\/parduotuve\/rock-pop\/manfred-manns-earth-band-the-roaring-silence\/#primaryimage"},"image":{"@id":"https:\/\/vinilozona.lt\/parduotuve\/rock-pop\/manfred-manns-earth-band-the-roaring-silence\/#primaryimage"},"thumbnailUrl":"https:\/\/vinilozona.lt\/wp-content\/uploads\/2020\/12\/R-505042-1381677591-2950.jpeg.jpg","datePublished":"2022-10-06T02:03:45+00:00","dateModified":"2022-10-05T05:52:29+00:00","breadcrumb":{"@id":"https:\/\/vinilozona.lt\/parduotuve\/rock-pop\/manfred-manns-earth-band-the-roaring-silence\/#breadcrumb"},"inLanguage":"en-GB","potentialAction":[{"@type":"ReadAction","target":["https:\/\/vinilozona.lt\/parduotuve\/rock-pop\/manfred-manns-earth-band-the-roaring-silence\/"]}]},{"@type":"ImageObject","inLanguage":"en-GB","@id":"https:\/\/vinilozona.lt\/parduotuve\/rock-pop\/manfred-manns-earth-band-the-roaring-silence\/#primaryimage","url":"https:\/\/vinilozona.lt\/wp-content\/uploads\/2020\/12\/R-505042-1381677591-2950.jpeg.jpg","contentUrl":"https:\/\/vinilozona.lt\/wp-content\/uploads\/2020\/12\/R-505042-1381677591-2950.jpeg.jpg","width":298,"height":300},{"@type":"BreadcrumbList","@id":"https:\/\/vinilozona.lt\/parduotuve\/rock-pop\/manfred-manns-earth-band-the-roaring-silence\/#breadcrumb","itemListElement":[{"@type":"ListItem","position":1,"name":"Home","item":"https:\/\/vinilozona.lt\/"},{"@type":"ListItem","position":2,"name":"Parduotuv\u0117","item":"https:\/\/vinilozona.lt\/parduotuve\/"},{"@type":"ListItem","position":3,"name":"Manfred Mann&#8217;s Earth Band \u200e\u2013 The Roaring Silence"}]},{"@type":"WebSite","@id":"https:\/\/vinilozona.lt\/#website","url":"https:\/\/vinilozona.lt\/","name":"Vinilo Zona","description":"Nup\u016bsk dulkes ir klausyk LP","potentialAction":[{"@type":"SearchAction","target":{"@type":"EntryPoint","urlTemplate":"https:\/\/vinilozona.lt\/?s={search_term_string}"},"query-input":{"@type":"PropertyValueSpecification","valueRequired":true,"valueName":"search_term_string"}}],"inLanguage":"en-GB"}]}},"_links":{"self":[{"href":"https:\/\/vinilozona.lt\/en\/wp-json\/wp\/v2\/product\/20296"}],"collection":[{"href":"https:\/\/vinilozona.lt\/en\/wp-json\/wp\/v2\/product"}],"about":[{"href":"https:\/\/vinilozona.lt\/en\/wp-json\/wp\/v2\/types\/product"}],"wp:featuredmedia":[{"embeddable":true,"href":"https:\/\/vinilozona.lt\/en\/wp-json\/wp\/v2\/media\/13401"}],"wp:attachment":[{"href":"https:\/\/vinilozona.lt\/en\/wp-json\/wp\/v2\/media?parent=20296"}],"wp:term":[{"taxonomy":"product_cat","embeddable":true,"href":"https:\/\/vinilozona.lt\/en\/wp-json\/wp\/v2\/product_cat?post=20296"},{"taxonomy":"product_tag","embeddable":true,"href":"https:\/\/vinilozona.lt\/en\/wp-json\/wp\/v2\/product_tag?post=20296"}],"curies":[{"name":"wp","href":"https:\/\/api.w.org\/{rel}","templated":true}]}}