{"id":20270,"date":"2022-09-29T06:20:42","date_gmt":"2022-09-29T03:20:42","guid":{"rendered":"https:\/\/vinilozona.lt\/?post_type=product&#038;p=20270"},"modified":"2022-09-28T13:23:06","modified_gmt":"2022-09-28T10:23:06","slug":"steve-harley-and-cockney-rebel-face-to-face","status":"publish","type":"product","link":"https:\/\/vinilozona.lt\/en\/parduotuve\/rock-pop\/steve-harley-and-cockney-rebel-face-to-face\/","title":{"rendered":"Steve Harley And Cockney Rebel \u2013 Face To Face"},"content":{"rendered":"<p>A1\t\tHere Comes The Sun  3:20<br \/>\nA2\t\t(I Believe) Love&#8217;s A Prima Donna\t4:42<br \/>\nA3\t\tMad, Mad Moonlight\t5:04<br \/>\nA4\t\tRed Is A Mean, Mean Colour\t5:39<br \/>\nB1\t\tSweet Dreams\t2:37<br \/>\nB2\t\tFinally A Card Came\t1:57<br \/>\nB3\t\tPsychomodo\t4:45<br \/>\nB4\t\t(If This Is Love) Give Me More\t5:47<br \/>\nC1\t\tThe Best Years Of Our Lives\t4:54<br \/>\nC2\t\t(Love) Compared With You\t4:13<br \/>\nC3\t\tMr. Soft\t3:01<br \/>\nC4\t\tSebastian\t10:39<br \/>\nD1\t\tSeeking A Love\t1:16<br \/>\nD2\t\tTumbling Down\t6:24<br \/>\nD3\t\tMake Me Smile (Come Up And See Me)\t6:38<\/p>","protected":false},"excerpt":{"rendered":"<p>EMI \u2013 1C 172-06 421\/22, EMI Electrola \u2013 1C 172-06 421\/22<br \/>\nFormat:<br \/>\n2 x Vinyl, LP, Album, Stereo, Beige\/Yellow labels<br \/>\nCountry:\tGermany<br \/>\nReleased:\t1977<\/p>","protected":false},"featured_media":20271,"template":"","meta":[],"product_cat":[15],"product_tag":[44],"yoast_head":"<!-- This site is optimized with the Yoast SEO plugin v23.5 - https:\/\/yoast.com\/wordpress\/plugins\/seo\/ -->\n<title>Steve Harley And Cockney Rebel \u2013 Face To Face Vinilin\u0117 Plok\u0161tel\u0117 | Vinilozona.lt<\/title>\n<meta name=\"robots\" content=\"index, follow, max-snippet:-1, max-image-preview:large, max-video-preview:-1\" \/>\n<link rel=\"canonical\" href=\"https:\/\/vinilozona.lt\/en\/parduotuve\/rock-pop\/steve-harley-and-cockney-rebel-face-to-face\/\" \/>\n<meta property=\"og:locale\" content=\"en_GB\" \/>\n<meta property=\"og:type\" content=\"article\" \/>\n<meta property=\"og:title\" content=\"Steve Harley And Cockney Rebel \u2013 Face To Face Vinilin\u0117 Plok\u0161tel\u0117 | Vinilozona.lt\" \/>\n<meta property=\"og:description\" content=\"EMI \u2013 1C 172-06 421\/22, EMI Electrola \u2013 1C 172-06 421\/22 Format:  2 x Vinyl, LP, Album, Stereo, Beige\/Yellow labels Country: Germany Released: 1977\" \/>\n<meta property=\"og:url\" content=\"https:\/\/vinilozona.lt\/en\/parduotuve\/rock-pop\/steve-harley-and-cockney-rebel-face-to-face\/\" \/>\n<meta property=\"og:site_name\" content=\"Vinilo Zona\" \/>\n<meta property=\"article:modified_time\" content=\"2022-09-28T10:23:06+00:00\" \/>\n<meta property=\"og:image\" content=\"https:\/\/vinilozona.lt\/wp-content\/uploads\/2022\/09\/R-1998762-1397049754-2277.jpg\" \/>\n\t<meta property=\"og:image:width\" content=\"478\" \/>\n\t<meta property=\"og:image:height\" content=\"474\" \/>\n\t<meta property=\"og:image:type\" content=\"image\/jpeg\" \/>\n<meta name=\"twitter:card\" content=\"summary_large_image\" \/>\n<script type=\"application\/ld+json\" class=\"yoast-schema-graph\">{\"@context\":\"https:\/\/schema.org\",\"@graph\":[{\"@type\":\"WebPage\",\"@id\":\"https:\/\/vinilozona.lt\/parduotuve\/rock-pop\/steve-harley-and-cockney-rebel-face-to-face\/\",\"url\":\"https:\/\/vinilozona.lt\/parduotuve\/rock-pop\/steve-harley-and-cockney-rebel-face-to-face\/\",\"name\":\"Steve Harley And Cockney Rebel \u2013 Face To Face Vinilin\u0117 Plok\u0161tel\u0117 | Vinilozona.lt\",\"isPartOf\":{\"@id\":\"https:\/\/vinilozona.lt\/#website\"},\"primaryImageOfPage\":{\"@id\":\"https:\/\/vinilozona.lt\/parduotuve\/rock-pop\/steve-harley-and-cockney-rebel-face-to-face\/#primaryimage\"},\"image\":{\"@id\":\"https:\/\/vinilozona.lt\/parduotuve\/rock-pop\/steve-harley-and-cockney-rebel-face-to-face\/#primaryimage\"},\"thumbnailUrl\":\"https:\/\/vinilozona.lt\/wp-content\/uploads\/2022\/09\/R-1998762-1397049754-2277.jpg\",\"datePublished\":\"2022-09-29T03:20:42+00:00\",\"dateModified\":\"2022-09-28T10:23:06+00:00\",\"breadcrumb\":{\"@id\":\"https:\/\/vinilozona.lt\/parduotuve\/rock-pop\/steve-harley-and-cockney-rebel-face-to-face\/#breadcrumb\"},\"inLanguage\":\"en-GB\",\"potentialAction\":[{\"@type\":\"ReadAction\",\"target\":[\"https:\/\/vinilozona.lt\/parduotuve\/rock-pop\/steve-harley-and-cockney-rebel-face-to-face\/\"]}]},{\"@type\":\"ImageObject\",\"inLanguage\":\"en-GB\",\"@id\":\"https:\/\/vinilozona.lt\/parduotuve\/rock-pop\/steve-harley-and-cockney-rebel-face-to-face\/#primaryimage\",\"url\":\"https:\/\/vinilozona.lt\/wp-content\/uploads\/2022\/09\/R-1998762-1397049754-2277.jpg\",\"contentUrl\":\"https:\/\/vinilozona.lt\/wp-content\/uploads\/2022\/09\/R-1998762-1397049754-2277.jpg\",\"width\":478,\"height\":474},{\"@type\":\"BreadcrumbList\",\"@id\":\"https:\/\/vinilozona.lt\/parduotuve\/rock-pop\/steve-harley-and-cockney-rebel-face-to-face\/#breadcrumb\",\"itemListElement\":[{\"@type\":\"ListItem\",\"position\":1,\"name\":\"Home\",\"item\":\"https:\/\/vinilozona.lt\/\"},{\"@type\":\"ListItem\",\"position\":2,\"name\":\"Parduotuv\u0117\",\"item\":\"https:\/\/vinilozona.lt\/parduotuve\/\"},{\"@type\":\"ListItem\",\"position\":3,\"name\":\"Steve Harley And Cockney Rebel \u2013 Face To Face\"}]},{\"@type\":\"WebSite\",\"@id\":\"https:\/\/vinilozona.lt\/#website\",\"url\":\"https:\/\/vinilozona.lt\/\",\"name\":\"Vinilo Zona\",\"description\":\"Nup\u016bsk dulkes ir klausyk LP\",\"potentialAction\":[{\"@type\":\"SearchAction\",\"target\":{\"@type\":\"EntryPoint\",\"urlTemplate\":\"https:\/\/vinilozona.lt\/?s={search_term_string}\"},\"query-input\":{\"@type\":\"PropertyValueSpecification\",\"valueRequired\":true,\"valueName\":\"search_term_string\"}}],\"inLanguage\":\"en-GB\"}]}<\/script>\n<!-- \/ Yoast SEO plugin. -->","yoast_head_json":{"title":"Steve Harley And Cockney Rebel \u2013 Face To Face Vinilin\u0117 Plok\u0161tel\u0117 | Vinilozona.lt","robots":{"index":"index","follow":"follow","max-snippet":"max-snippet:-1","max-image-preview":"max-image-preview:large","max-video-preview":"max-video-preview:-1"},"canonical":"https:\/\/vinilozona.lt\/en\/parduotuve\/rock-pop\/steve-harley-and-cockney-rebel-face-to-face\/","og_locale":"en_GB","og_type":"article","og_title":"Steve Harley And Cockney Rebel \u2013 Face To Face Vinilin\u0117 Plok\u0161tel\u0117 | Vinilozona.lt","og_description":"EMI \u2013 1C 172-06 421\/22, EMI Electrola \u2013 1C 172-06 421\/22 Format:  2 x Vinyl, LP, Album, Stereo, Beige\/Yellow labels Country: Germany Released: 1977","og_url":"https:\/\/vinilozona.lt\/en\/parduotuve\/rock-pop\/steve-harley-and-cockney-rebel-face-to-face\/","og_site_name":"Vinilo Zona","article_modified_time":"2022-09-28T10:23:06+00:00","og_image":[{"width":478,"height":474,"url":"https:\/\/vinilozona.lt\/wp-content\/uploads\/2022\/09\/R-1998762-1397049754-2277.jpg","type":"image\/jpeg"}],"twitter_card":"summary_large_image","schema":{"@context":"https:\/\/schema.org","@graph":[{"@type":"WebPage","@id":"https:\/\/vinilozona.lt\/parduotuve\/rock-pop\/steve-harley-and-cockney-rebel-face-to-face\/","url":"https:\/\/vinilozona.lt\/parduotuve\/rock-pop\/steve-harley-and-cockney-rebel-face-to-face\/","name":"Steve Harley And Cockney Rebel \u2013 Face To Face Vinilin\u0117 Plok\u0161tel\u0117 | Vinilozona.lt","isPartOf":{"@id":"https:\/\/vinilozona.lt\/#website"},"primaryImageOfPage":{"@id":"https:\/\/vinilozona.lt\/parduotuve\/rock-pop\/steve-harley-and-cockney-rebel-face-to-face\/#primaryimage"},"image":{"@id":"https:\/\/vinilozona.lt\/parduotuve\/rock-pop\/steve-harley-and-cockney-rebel-face-to-face\/#primaryimage"},"thumbnailUrl":"https:\/\/vinilozona.lt\/wp-content\/uploads\/2022\/09\/R-1998762-1397049754-2277.jpg","datePublished":"2022-09-29T03:20:42+00:00","dateModified":"2022-09-28T10:23:06+00:00","breadcrumb":{"@id":"https:\/\/vinilozona.lt\/parduotuve\/rock-pop\/steve-harley-and-cockney-rebel-face-to-face\/#breadcrumb"},"inLanguage":"en-GB","potentialAction":[{"@type":"ReadAction","target":["https:\/\/vinilozona.lt\/parduotuve\/rock-pop\/steve-harley-and-cockney-rebel-face-to-face\/"]}]},{"@type":"ImageObject","inLanguage":"en-GB","@id":"https:\/\/vinilozona.lt\/parduotuve\/rock-pop\/steve-harley-and-cockney-rebel-face-to-face\/#primaryimage","url":"https:\/\/vinilozona.lt\/wp-content\/uploads\/2022\/09\/R-1998762-1397049754-2277.jpg","contentUrl":"https:\/\/vinilozona.lt\/wp-content\/uploads\/2022\/09\/R-1998762-1397049754-2277.jpg","width":478,"height":474},{"@type":"BreadcrumbList","@id":"https:\/\/vinilozona.lt\/parduotuve\/rock-pop\/steve-harley-and-cockney-rebel-face-to-face\/#breadcrumb","itemListElement":[{"@type":"ListItem","position":1,"name":"Home","item":"https:\/\/vinilozona.lt\/"},{"@type":"ListItem","position":2,"name":"Parduotuv\u0117","item":"https:\/\/vinilozona.lt\/parduotuve\/"},{"@type":"ListItem","position":3,"name":"Steve Harley And Cockney Rebel \u2013 Face To Face"}]},{"@type":"WebSite","@id":"https:\/\/vinilozona.lt\/#website","url":"https:\/\/vinilozona.lt\/","name":"Vinilo Zona","description":"Nup\u016bsk dulkes ir klausyk LP","potentialAction":[{"@type":"SearchAction","target":{"@type":"EntryPoint","urlTemplate":"https:\/\/vinilozona.lt\/?s={search_term_string}"},"query-input":{"@type":"PropertyValueSpecification","valueRequired":true,"valueName":"search_term_string"}}],"inLanguage":"en-GB"}]}},"_links":{"self":[{"href":"https:\/\/vinilozona.lt\/en\/wp-json\/wp\/v2\/product\/20270"}],"collection":[{"href":"https:\/\/vinilozona.lt\/en\/wp-json\/wp\/v2\/product"}],"about":[{"href":"https:\/\/vinilozona.lt\/en\/wp-json\/wp\/v2\/types\/product"}],"wp:featuredmedia":[{"embeddable":true,"href":"https:\/\/vinilozona.lt\/en\/wp-json\/wp\/v2\/media\/20271"}],"wp:attachment":[{"href":"https:\/\/vinilozona.lt\/en\/wp-json\/wp\/v2\/media?parent=20270"}],"wp:term":[{"taxonomy":"product_cat","embeddable":true,"href":"https:\/\/vinilozona.lt\/en\/wp-json\/wp\/v2\/product_cat?post=20270"},{"taxonomy":"product_tag","embeddable":true,"href":"https:\/\/vinilozona.lt\/en\/wp-json\/wp\/v2\/product_tag?post=20270"}],"curies":[{"name":"wp","href":"https:\/\/api.w.org\/{rel}","templated":true}]}}