{"id":20262,"date":"2024-11-18T05:18:26","date_gmt":"2024-11-18T03:18:26","guid":{"rendered":"https:\/\/vinilozona.lt\/?post_type=product&#038;p=20262"},"modified":"2024-11-18T08:05:28","modified_gmt":"2024-11-18T06:05:28","slug":"roger-chapman-and-the-shortlist-he-was-she-was-you-was-we-was","status":"publish","type":"product","link":"https:\/\/vinilozona.lt\/en\/parduotuve\/rock-pop\/roger-chapman-and-the-shortlist-he-was-she-was-you-was-we-was\/","title":{"rendered":"Roger Chapman &#038; The Shortlist \u2013 Hyenas Only Laugh For Fun"},"content":{"rendered":"<p>A1\t\tPrisoner  5:38<br \/>\nA2\t\tHyenas Only Laugh For Fun  3:10<br \/>\nA3\t\tKilling Time  5:35<br \/>\nA4\t\tWants Nothing Chained  3:00<br \/>\nA5\t\tThe Long Goodbye  4:39<br \/>\nB1\t\tBlood And Sand  4:55<br \/>\nB2\t\tCommon Touch  5:10<br \/>\nB3\t\tGoodbye Reprise  1:10<br \/>\nB4\t\tHearts On The Floor  4:30<br \/>\nB5\t\tStep Up &#8211; Take A Bow  3:30<br \/>\nB6\t\tJukebox Mama  1:22<\/p>","protected":false},"excerpt":{"rendered":"<p>RCA \u2013 NL71027<br \/>\nFormat:<br \/>\nVinyl, LP, Album,<br \/>\nCountry:\tGermany<br \/>\nReleased:\t1981<\/p>","protected":false},"featured_media":22970,"template":"","meta":[],"product_cat":[15],"product_tag":[44],"yoast_head":"<!-- This site is optimized with the Yoast SEO plugin v23.5 - https:\/\/yoast.com\/wordpress\/plugins\/seo\/ -->\n<title>Roger Chapman &amp; The Shortlist \u2013 Hyenas Only Laugh For Fun Vinilin\u0117 Plok\u0161tel\u0117 | Vinilozona.lt<\/title>\n<meta name=\"robots\" content=\"index, follow, max-snippet:-1, max-image-preview:large, max-video-preview:-1\" \/>\n<link rel=\"canonical\" href=\"https:\/\/vinilozona.lt\/en\/parduotuve\/rock-pop\/roger-chapman-and-the-shortlist-he-was-she-was-you-was-we-was\/\" \/>\n<meta property=\"og:locale\" content=\"en_GB\" \/>\n<meta property=\"og:type\" content=\"article\" \/>\n<meta property=\"og:title\" content=\"Roger Chapman &amp; The Shortlist \u2013 Hyenas Only Laugh For Fun Vinilin\u0117 Plok\u0161tel\u0117 | Vinilozona.lt\" \/>\n<meta property=\"og:description\" content=\"RCA \u2013 NL71027 Format:  Vinyl, LP, Album,  Country: Germany Released: 1981\" \/>\n<meta property=\"og:url\" content=\"https:\/\/vinilozona.lt\/en\/parduotuve\/rock-pop\/roger-chapman-and-the-shortlist-he-was-she-was-you-was-we-was\/\" \/>\n<meta property=\"og:site_name\" content=\"Vinilo Zona\" \/>\n<meta property=\"article:modified_time\" content=\"2024-11-18T06:05:28+00:00\" \/>\n<meta property=\"og:image\" content=\"https:\/\/vinilozona.lt\/wp-content\/uploads\/2022\/09\/R-6206426-1413719282-6550.jpg\" \/>\n\t<meta property=\"og:image:width\" content=\"599\" \/>\n\t<meta property=\"og:image:height\" content=\"586\" \/>\n\t<meta property=\"og:image:type\" content=\"image\/jpeg\" \/>\n<meta name=\"twitter:card\" content=\"summary_large_image\" \/>\n<script type=\"application\/ld+json\" class=\"yoast-schema-graph\">{\"@context\":\"https:\/\/schema.org\",\"@graph\":[{\"@type\":\"WebPage\",\"@id\":\"https:\/\/vinilozona.lt\/parduotuve\/rock-pop\/roger-chapman-and-the-shortlist-he-was-she-was-you-was-we-was\/\",\"url\":\"https:\/\/vinilozona.lt\/parduotuve\/rock-pop\/roger-chapman-and-the-shortlist-he-was-she-was-you-was-we-was\/\",\"name\":\"Roger Chapman & The Shortlist \u2013 Hyenas Only Laugh For Fun Vinilin\u0117 Plok\u0161tel\u0117 | Vinilozona.lt\",\"isPartOf\":{\"@id\":\"https:\/\/vinilozona.lt\/#website\"},\"primaryImageOfPage\":{\"@id\":\"https:\/\/vinilozona.lt\/parduotuve\/rock-pop\/roger-chapman-and-the-shortlist-he-was-she-was-you-was-we-was\/#primaryimage\"},\"image\":{\"@id\":\"https:\/\/vinilozona.lt\/parduotuve\/rock-pop\/roger-chapman-and-the-shortlist-he-was-she-was-you-was-we-was\/#primaryimage\"},\"thumbnailUrl\":\"https:\/\/vinilozona.lt\/wp-content\/uploads\/2022\/09\/R-6206426-1413719282-6550.jpg\",\"datePublished\":\"2024-11-18T03:18:26+00:00\",\"dateModified\":\"2024-11-18T06:05:28+00:00\",\"breadcrumb\":{\"@id\":\"https:\/\/vinilozona.lt\/parduotuve\/rock-pop\/roger-chapman-and-the-shortlist-he-was-she-was-you-was-we-was\/#breadcrumb\"},\"inLanguage\":\"en-GB\",\"potentialAction\":[{\"@type\":\"ReadAction\",\"target\":[\"https:\/\/vinilozona.lt\/parduotuve\/rock-pop\/roger-chapman-and-the-shortlist-he-was-she-was-you-was-we-was\/\"]}]},{\"@type\":\"ImageObject\",\"inLanguage\":\"en-GB\",\"@id\":\"https:\/\/vinilozona.lt\/parduotuve\/rock-pop\/roger-chapman-and-the-shortlist-he-was-she-was-you-was-we-was\/#primaryimage\",\"url\":\"https:\/\/vinilozona.lt\/wp-content\/uploads\/2022\/09\/R-6206426-1413719282-6550.jpg\",\"contentUrl\":\"https:\/\/vinilozona.lt\/wp-content\/uploads\/2022\/09\/R-6206426-1413719282-6550.jpg\",\"width\":599,\"height\":586},{\"@type\":\"BreadcrumbList\",\"@id\":\"https:\/\/vinilozona.lt\/parduotuve\/rock-pop\/roger-chapman-and-the-shortlist-he-was-she-was-you-was-we-was\/#breadcrumb\",\"itemListElement\":[{\"@type\":\"ListItem\",\"position\":1,\"name\":\"Home\",\"item\":\"https:\/\/vinilozona.lt\/\"},{\"@type\":\"ListItem\",\"position\":2,\"name\":\"Parduotuv\u0117\",\"item\":\"https:\/\/vinilozona.lt\/parduotuve\/\"},{\"@type\":\"ListItem\",\"position\":3,\"name\":\"Roger Chapman &#038; The Shortlist \u2013 Hyenas Only Laugh For Fun\"}]},{\"@type\":\"WebSite\",\"@id\":\"https:\/\/vinilozona.lt\/#website\",\"url\":\"https:\/\/vinilozona.lt\/\",\"name\":\"Vinilo Zona\",\"description\":\"Nup\u016bsk dulkes ir klausyk LP\",\"potentialAction\":[{\"@type\":\"SearchAction\",\"target\":{\"@type\":\"EntryPoint\",\"urlTemplate\":\"https:\/\/vinilozona.lt\/?s={search_term_string}\"},\"query-input\":{\"@type\":\"PropertyValueSpecification\",\"valueRequired\":true,\"valueName\":\"search_term_string\"}}],\"inLanguage\":\"en-GB\"}]}<\/script>\n<!-- \/ Yoast SEO plugin. -->","yoast_head_json":{"title":"Roger Chapman & The Shortlist \u2013 Hyenas Only Laugh For Fun Vinilin\u0117 Plok\u0161tel\u0117 | Vinilozona.lt","robots":{"index":"index","follow":"follow","max-snippet":"max-snippet:-1","max-image-preview":"max-image-preview:large","max-video-preview":"max-video-preview:-1"},"canonical":"https:\/\/vinilozona.lt\/en\/parduotuve\/rock-pop\/roger-chapman-and-the-shortlist-he-was-she-was-you-was-we-was\/","og_locale":"en_GB","og_type":"article","og_title":"Roger Chapman & The Shortlist \u2013 Hyenas Only Laugh For Fun Vinilin\u0117 Plok\u0161tel\u0117 | Vinilozona.lt","og_description":"RCA \u2013 NL71027 Format:  Vinyl, LP, Album,  Country: Germany Released: 1981","og_url":"https:\/\/vinilozona.lt\/en\/parduotuve\/rock-pop\/roger-chapman-and-the-shortlist-he-was-she-was-you-was-we-was\/","og_site_name":"Vinilo Zona","article_modified_time":"2024-11-18T06:05:28+00:00","og_image":[{"width":599,"height":586,"url":"https:\/\/vinilozona.lt\/wp-content\/uploads\/2022\/09\/R-6206426-1413719282-6550.jpg","type":"image\/jpeg"}],"twitter_card":"summary_large_image","schema":{"@context":"https:\/\/schema.org","@graph":[{"@type":"WebPage","@id":"https:\/\/vinilozona.lt\/parduotuve\/rock-pop\/roger-chapman-and-the-shortlist-he-was-she-was-you-was-we-was\/","url":"https:\/\/vinilozona.lt\/parduotuve\/rock-pop\/roger-chapman-and-the-shortlist-he-was-she-was-you-was-we-was\/","name":"Roger Chapman & The Shortlist \u2013 Hyenas Only Laugh For Fun Vinilin\u0117 Plok\u0161tel\u0117 | Vinilozona.lt","isPartOf":{"@id":"https:\/\/vinilozona.lt\/#website"},"primaryImageOfPage":{"@id":"https:\/\/vinilozona.lt\/parduotuve\/rock-pop\/roger-chapman-and-the-shortlist-he-was-she-was-you-was-we-was\/#primaryimage"},"image":{"@id":"https:\/\/vinilozona.lt\/parduotuve\/rock-pop\/roger-chapman-and-the-shortlist-he-was-she-was-you-was-we-was\/#primaryimage"},"thumbnailUrl":"https:\/\/vinilozona.lt\/wp-content\/uploads\/2022\/09\/R-6206426-1413719282-6550.jpg","datePublished":"2024-11-18T03:18:26+00:00","dateModified":"2024-11-18T06:05:28+00:00","breadcrumb":{"@id":"https:\/\/vinilozona.lt\/parduotuve\/rock-pop\/roger-chapman-and-the-shortlist-he-was-she-was-you-was-we-was\/#breadcrumb"},"inLanguage":"en-GB","potentialAction":[{"@type":"ReadAction","target":["https:\/\/vinilozona.lt\/parduotuve\/rock-pop\/roger-chapman-and-the-shortlist-he-was-she-was-you-was-we-was\/"]}]},{"@type":"ImageObject","inLanguage":"en-GB","@id":"https:\/\/vinilozona.lt\/parduotuve\/rock-pop\/roger-chapman-and-the-shortlist-he-was-she-was-you-was-we-was\/#primaryimage","url":"https:\/\/vinilozona.lt\/wp-content\/uploads\/2022\/09\/R-6206426-1413719282-6550.jpg","contentUrl":"https:\/\/vinilozona.lt\/wp-content\/uploads\/2022\/09\/R-6206426-1413719282-6550.jpg","width":599,"height":586},{"@type":"BreadcrumbList","@id":"https:\/\/vinilozona.lt\/parduotuve\/rock-pop\/roger-chapman-and-the-shortlist-he-was-she-was-you-was-we-was\/#breadcrumb","itemListElement":[{"@type":"ListItem","position":1,"name":"Home","item":"https:\/\/vinilozona.lt\/"},{"@type":"ListItem","position":2,"name":"Parduotuv\u0117","item":"https:\/\/vinilozona.lt\/parduotuve\/"},{"@type":"ListItem","position":3,"name":"Roger Chapman &#038; The Shortlist \u2013 Hyenas Only Laugh For Fun"}]},{"@type":"WebSite","@id":"https:\/\/vinilozona.lt\/#website","url":"https:\/\/vinilozona.lt\/","name":"Vinilo Zona","description":"Nup\u016bsk dulkes ir klausyk LP","potentialAction":[{"@type":"SearchAction","target":{"@type":"EntryPoint","urlTemplate":"https:\/\/vinilozona.lt\/?s={search_term_string}"},"query-input":{"@type":"PropertyValueSpecification","valueRequired":true,"valueName":"search_term_string"}}],"inLanguage":"en-GB"}]}},"_links":{"self":[{"href":"https:\/\/vinilozona.lt\/en\/wp-json\/wp\/v2\/product\/20262"}],"collection":[{"href":"https:\/\/vinilozona.lt\/en\/wp-json\/wp\/v2\/product"}],"about":[{"href":"https:\/\/vinilozona.lt\/en\/wp-json\/wp\/v2\/types\/product"}],"wp:featuredmedia":[{"embeddable":true,"href":"https:\/\/vinilozona.lt\/en\/wp-json\/wp\/v2\/media\/22970"}],"wp:attachment":[{"href":"https:\/\/vinilozona.lt\/en\/wp-json\/wp\/v2\/media?parent=20262"}],"wp:term":[{"taxonomy":"product_cat","embeddable":true,"href":"https:\/\/vinilozona.lt\/en\/wp-json\/wp\/v2\/product_cat?post=20262"},{"taxonomy":"product_tag","embeddable":true,"href":"https:\/\/vinilozona.lt\/en\/wp-json\/wp\/v2\/product_tag?post=20262"}],"curies":[{"name":"wp","href":"https:\/\/api.w.org\/{rel}","templated":true}]}}