{"id":20244,"date":"2022-09-29T06:00:50","date_gmt":"2022-09-29T03:00:50","guid":{"rendered":"https:\/\/vinilozona.lt\/?post_type=product&#038;p=20244"},"modified":"2022-09-27T18:24:37","modified_gmt":"2022-09-27T15:24:37","slug":"battlefield-band-at-the-front","status":"publish","type":"product","link":"https:\/\/vinilozona.lt\/en\/parduotuve\/rock-pop\/battlefield-band-at-the-front\/","title":{"rendered":"Battlefield Band \u2013 At The Front"},"content":{"rendered":"<p>\t\tLady Carmichael \/ South Of The Grampians \/ Mickie Ainsworth\t(4:06)<br \/>\nA1a\t\tLady Carmichael<br \/>\nA1b\t\tSouth Of The Grampians<br \/>\nA1c\t\tMickie Ainsworth<br \/>\nA2\t\tThe Bachelor\t2:58<br \/>\nA3\t\tGe Do Theid Mi Do M&#8217;Leabaidh\t2:26<br \/>\nA4\t\tThe Battle Of Harlaw\t4:00<br \/>\nJenny Nettles \/ The Grays Of Tongside\t(2:40)<br \/>\nA5a\t\tJenny Nettles<br \/>\nA5b\t\tThe Grays Of Tongside<br \/>\nA6\t\tTae The Beggin&#8217;\t3:01<br \/>\nB1\t\tThe Tamosher\t2:36<br \/>\nThe Blackbird And The Thrush \/ The Moray Club\t(2:41)<br \/>\nB2a\t\tThe Blackbird And The Thrush<br \/>\nB2b\t\tThe Moray Club<br \/>\nB3\t\tLang Johnnie Moir\t5:20<br \/>\nThe Brown Milkmaid \/ Dunnottar Castle \/ Maid Of Glengarrysdale \/ Disused Railway\t(4:41)<br \/>\nB4a\t\tThe Brown Milkmaid<br \/>\nB4b\t\tDunnottar Castle<br \/>\nB4c\t\tMaid Of Glengarrysdale<br \/>\nB4d\t\tDisused Railway<br \/>\nB5\t\tThe Lady Leroy\t4:00<br \/>\nStirling Castle \/ Earl Of Mansfield\t(2:05)<br \/>\nB6a\t\tStirling Castle<br \/>\nB6b\t\tEarl Of Mansfield<\/p>","protected":false},"excerpt":{"rendered":"<p>Topic Records \u2013 12TS381<br \/>\nFormat:<br \/>\nVinyl, LP, Album<br \/>\nCountry:\tUK<br \/>\nReleased:\t1978<\/p>","protected":false},"featured_media":20246,"template":"","meta":[],"product_cat":[15],"product_tag":[44],"yoast_head":"<!-- This site is optimized with the Yoast SEO plugin v23.5 - https:\/\/yoast.com\/wordpress\/plugins\/seo\/ -->\n<title>Battlefield Band \u2013 At The Front Vinilin\u0117 Plok\u0161tel\u0117 | Vinilozona.lt<\/title>\n<meta name=\"robots\" content=\"index, follow, max-snippet:-1, max-image-preview:large, max-video-preview:-1\" \/>\n<link rel=\"canonical\" href=\"https:\/\/vinilozona.lt\/en\/parduotuve\/rock-pop\/battlefield-band-at-the-front\/\" \/>\n<meta property=\"og:locale\" content=\"en_GB\" \/>\n<meta property=\"og:type\" content=\"article\" \/>\n<meta property=\"og:title\" content=\"Battlefield Band \u2013 At The Front Vinilin\u0117 Plok\u0161tel\u0117 | Vinilozona.lt\" \/>\n<meta property=\"og:description\" content=\"Topic Records \u2013 12TS381 Format:  Vinyl, LP, Album Country: UK Released: 1978\" \/>\n<meta property=\"og:url\" content=\"https:\/\/vinilozona.lt\/en\/parduotuve\/rock-pop\/battlefield-band-at-the-front\/\" \/>\n<meta property=\"og:site_name\" content=\"Vinilo Zona\" \/>\n<meta property=\"article:modified_time\" content=\"2022-09-27T15:24:37+00:00\" \/>\n<meta property=\"og:image\" content=\"https:\/\/vinilozona.lt\/wp-content\/uploads\/2022\/09\/R-2515312-1500691691-5336.jpg\" \/>\n\t<meta property=\"og:image:width\" content=\"600\" \/>\n\t<meta property=\"og:image:height\" content=\"599\" \/>\n\t<meta property=\"og:image:type\" content=\"image\/jpeg\" \/>\n<meta name=\"twitter:card\" content=\"summary_large_image\" \/>\n<meta name=\"twitter:label1\" content=\"Estimated reading time\" \/>\n\t<meta name=\"twitter:data1\" content=\"1 minute\" \/>\n<script type=\"application\/ld+json\" class=\"yoast-schema-graph\">{\"@context\":\"https:\/\/schema.org\",\"@graph\":[{\"@type\":\"WebPage\",\"@id\":\"https:\/\/vinilozona.lt\/parduotuve\/rock-pop\/battlefield-band-at-the-front\/\",\"url\":\"https:\/\/vinilozona.lt\/parduotuve\/rock-pop\/battlefield-band-at-the-front\/\",\"name\":\"Battlefield Band \u2013 At The Front Vinilin\u0117 Plok\u0161tel\u0117 | Vinilozona.lt\",\"isPartOf\":{\"@id\":\"https:\/\/vinilozona.lt\/#website\"},\"primaryImageOfPage\":{\"@id\":\"https:\/\/vinilozona.lt\/parduotuve\/rock-pop\/battlefield-band-at-the-front\/#primaryimage\"},\"image\":{\"@id\":\"https:\/\/vinilozona.lt\/parduotuve\/rock-pop\/battlefield-band-at-the-front\/#primaryimage\"},\"thumbnailUrl\":\"https:\/\/vinilozona.lt\/wp-content\/uploads\/2022\/09\/R-2515312-1500691691-5336.jpg\",\"datePublished\":\"2022-09-29T03:00:50+00:00\",\"dateModified\":\"2022-09-27T15:24:37+00:00\",\"breadcrumb\":{\"@id\":\"https:\/\/vinilozona.lt\/parduotuve\/rock-pop\/battlefield-band-at-the-front\/#breadcrumb\"},\"inLanguage\":\"en-GB\",\"potentialAction\":[{\"@type\":\"ReadAction\",\"target\":[\"https:\/\/vinilozona.lt\/parduotuve\/rock-pop\/battlefield-band-at-the-front\/\"]}]},{\"@type\":\"ImageObject\",\"inLanguage\":\"en-GB\",\"@id\":\"https:\/\/vinilozona.lt\/parduotuve\/rock-pop\/battlefield-band-at-the-front\/#primaryimage\",\"url\":\"https:\/\/vinilozona.lt\/wp-content\/uploads\/2022\/09\/R-2515312-1500691691-5336.jpg\",\"contentUrl\":\"https:\/\/vinilozona.lt\/wp-content\/uploads\/2022\/09\/R-2515312-1500691691-5336.jpg\",\"width\":600,\"height\":599},{\"@type\":\"BreadcrumbList\",\"@id\":\"https:\/\/vinilozona.lt\/parduotuve\/rock-pop\/battlefield-band-at-the-front\/#breadcrumb\",\"itemListElement\":[{\"@type\":\"ListItem\",\"position\":1,\"name\":\"Home\",\"item\":\"https:\/\/vinilozona.lt\/\"},{\"@type\":\"ListItem\",\"position\":2,\"name\":\"Parduotuv\u0117\",\"item\":\"https:\/\/vinilozona.lt\/parduotuve\/\"},{\"@type\":\"ListItem\",\"position\":3,\"name\":\"Battlefield Band \u2013 At The Front\"}]},{\"@type\":\"WebSite\",\"@id\":\"https:\/\/vinilozona.lt\/#website\",\"url\":\"https:\/\/vinilozona.lt\/\",\"name\":\"Vinilo Zona\",\"description\":\"Nup\u016bsk dulkes ir klausyk LP\",\"potentialAction\":[{\"@type\":\"SearchAction\",\"target\":{\"@type\":\"EntryPoint\",\"urlTemplate\":\"https:\/\/vinilozona.lt\/?s={search_term_string}\"},\"query-input\":{\"@type\":\"PropertyValueSpecification\",\"valueRequired\":true,\"valueName\":\"search_term_string\"}}],\"inLanguage\":\"en-GB\"}]}<\/script>\n<!-- \/ Yoast SEO plugin. -->","yoast_head_json":{"title":"Battlefield Band \u2013 At The Front Vinilin\u0117 Plok\u0161tel\u0117 | Vinilozona.lt","robots":{"index":"index","follow":"follow","max-snippet":"max-snippet:-1","max-image-preview":"max-image-preview:large","max-video-preview":"max-video-preview:-1"},"canonical":"https:\/\/vinilozona.lt\/en\/parduotuve\/rock-pop\/battlefield-band-at-the-front\/","og_locale":"en_GB","og_type":"article","og_title":"Battlefield Band \u2013 At The Front Vinilin\u0117 Plok\u0161tel\u0117 | Vinilozona.lt","og_description":"Topic Records \u2013 12TS381 Format:  Vinyl, LP, Album Country: UK Released: 1978","og_url":"https:\/\/vinilozona.lt\/en\/parduotuve\/rock-pop\/battlefield-band-at-the-front\/","og_site_name":"Vinilo Zona","article_modified_time":"2022-09-27T15:24:37+00:00","og_image":[{"width":600,"height":599,"url":"https:\/\/vinilozona.lt\/wp-content\/uploads\/2022\/09\/R-2515312-1500691691-5336.jpg","type":"image\/jpeg"}],"twitter_card":"summary_large_image","twitter_misc":{"Estimated reading time":"1 minute"},"schema":{"@context":"https:\/\/schema.org","@graph":[{"@type":"WebPage","@id":"https:\/\/vinilozona.lt\/parduotuve\/rock-pop\/battlefield-band-at-the-front\/","url":"https:\/\/vinilozona.lt\/parduotuve\/rock-pop\/battlefield-band-at-the-front\/","name":"Battlefield Band \u2013 At The Front Vinilin\u0117 Plok\u0161tel\u0117 | Vinilozona.lt","isPartOf":{"@id":"https:\/\/vinilozona.lt\/#website"},"primaryImageOfPage":{"@id":"https:\/\/vinilozona.lt\/parduotuve\/rock-pop\/battlefield-band-at-the-front\/#primaryimage"},"image":{"@id":"https:\/\/vinilozona.lt\/parduotuve\/rock-pop\/battlefield-band-at-the-front\/#primaryimage"},"thumbnailUrl":"https:\/\/vinilozona.lt\/wp-content\/uploads\/2022\/09\/R-2515312-1500691691-5336.jpg","datePublished":"2022-09-29T03:00:50+00:00","dateModified":"2022-09-27T15:24:37+00:00","breadcrumb":{"@id":"https:\/\/vinilozona.lt\/parduotuve\/rock-pop\/battlefield-band-at-the-front\/#breadcrumb"},"inLanguage":"en-GB","potentialAction":[{"@type":"ReadAction","target":["https:\/\/vinilozona.lt\/parduotuve\/rock-pop\/battlefield-band-at-the-front\/"]}]},{"@type":"ImageObject","inLanguage":"en-GB","@id":"https:\/\/vinilozona.lt\/parduotuve\/rock-pop\/battlefield-band-at-the-front\/#primaryimage","url":"https:\/\/vinilozona.lt\/wp-content\/uploads\/2022\/09\/R-2515312-1500691691-5336.jpg","contentUrl":"https:\/\/vinilozona.lt\/wp-content\/uploads\/2022\/09\/R-2515312-1500691691-5336.jpg","width":600,"height":599},{"@type":"BreadcrumbList","@id":"https:\/\/vinilozona.lt\/parduotuve\/rock-pop\/battlefield-band-at-the-front\/#breadcrumb","itemListElement":[{"@type":"ListItem","position":1,"name":"Home","item":"https:\/\/vinilozona.lt\/"},{"@type":"ListItem","position":2,"name":"Parduotuv\u0117","item":"https:\/\/vinilozona.lt\/parduotuve\/"},{"@type":"ListItem","position":3,"name":"Battlefield Band \u2013 At The Front"}]},{"@type":"WebSite","@id":"https:\/\/vinilozona.lt\/#website","url":"https:\/\/vinilozona.lt\/","name":"Vinilo Zona","description":"Nup\u016bsk dulkes ir klausyk LP","potentialAction":[{"@type":"SearchAction","target":{"@type":"EntryPoint","urlTemplate":"https:\/\/vinilozona.lt\/?s={search_term_string}"},"query-input":{"@type":"PropertyValueSpecification","valueRequired":true,"valueName":"search_term_string"}}],"inLanguage":"en-GB"}]}},"_links":{"self":[{"href":"https:\/\/vinilozona.lt\/en\/wp-json\/wp\/v2\/product\/20244"}],"collection":[{"href":"https:\/\/vinilozona.lt\/en\/wp-json\/wp\/v2\/product"}],"about":[{"href":"https:\/\/vinilozona.lt\/en\/wp-json\/wp\/v2\/types\/product"}],"wp:featuredmedia":[{"embeddable":true,"href":"https:\/\/vinilozona.lt\/en\/wp-json\/wp\/v2\/media\/20246"}],"wp:attachment":[{"href":"https:\/\/vinilozona.lt\/en\/wp-json\/wp\/v2\/media?parent=20244"}],"wp:term":[{"taxonomy":"product_cat","embeddable":true,"href":"https:\/\/vinilozona.lt\/en\/wp-json\/wp\/v2\/product_cat?post=20244"},{"taxonomy":"product_tag","embeddable":true,"href":"https:\/\/vinilozona.lt\/en\/wp-json\/wp\/v2\/product_tag?post=20244"}],"curies":[{"name":"wp","href":"https:\/\/api.w.org\/{rel}","templated":true}]}}