{"id":20191,"date":"2024-09-06T05:01:16","date_gmt":"2024-09-06T02:01:16","guid":{"rendered":"https:\/\/vinilozona.lt\/?post_type=product&#038;p=20191"},"modified":"2024-09-06T11:23:50","modified_gmt":"2024-09-06T08:23:50","slug":"daft-punk-tron-legacy-vinyl-edition-motion-picture-soundtrack","status":"publish","type":"product","link":"https:\/\/vinilozona.lt\/en\/parduotuve\/naujos-lp\/daft-punk-tron-legacy-vinyl-edition-motion-picture-soundtrack\/","title":{"rendered":"Daft Punk \u2013 Alive 2007"},"content":{"rendered":"<p>A1a\t\tRobot Rock<br \/>\nA1b\t\tOh Yeah<br \/>\nA2a\t\tTouch It<br \/>\nA2b\t\tTechnologic<br \/>\nA3a\t\tTelevision Rules The Nation<br \/>\nA3b\t\tCrescendolls<br \/>\nB1a\t\tToo Long<br \/>\nB1b\t\tSteam Machine<br \/>\nB2a\t\tAround The World<br \/>\nB2b\t\tHarder Better Faster Stronger<br \/>\nB3a\t\tBurnin&#8217;<br \/>\nB3b\t\tToo Long<br \/>\nC1a\t\tFace To Face<br \/>\nC1b\t\tShort Circuit<br \/>\nC2a\t\tOne More Time<br \/>\nC2b\t\tAerodynamic<br \/>\nC3a\t\tAerodynamic Beats<br \/>\nC3b\t\tForget About The World<br \/>\nD1a\t\tPrime Time Of Your Life<br \/>\nD1b\t\tBrainwasher<br \/>\nD1c\t\tRollin&#8217; And Scratchin&#8217;<br \/>\nD1d\t\tAlive<br \/>\nD2a\t\tDa Funk<br \/>\nD2b\t\tDaftendirekt<br \/>\nD3a\t\tSuperheroes<br \/>\nD3b\t\tHuman After All<br \/>\nD3c\t\tRock&#8217;n Roll<\/p>","protected":false},"excerpt":{"rendered":"<p>ADA \u2013 01902996611964<br \/>\nFormat:<br \/>\n2 x Vinyl, LP, Album, Mixed, Reissue<br \/>\nCountry:\tWorldwide<br \/>\nReleased:\tSep 9, 2022<\/p>","protected":false},"featured_media":21722,"template":"","meta":[],"product_cat":[23],"product_tag":[74],"yoast_head":"<!-- This site is optimized with the Yoast SEO plugin v23.5 - https:\/\/yoast.com\/wordpress\/plugins\/seo\/ -->\n<title>Daft Punk \u2013 Alive 2007 Vinilin\u0117 Plok\u0161tel\u0117 | Vinilozona.lt<\/title>\n<meta name=\"robots\" content=\"index, follow, max-snippet:-1, max-image-preview:large, max-video-preview:-1\" \/>\n<link rel=\"canonical\" href=\"https:\/\/vinilozona.lt\/en\/parduotuve\/naujos-lp\/daft-punk-tron-legacy-vinyl-edition-motion-picture-soundtrack\/\" \/>\n<meta property=\"og:locale\" content=\"en_GB\" \/>\n<meta property=\"og:type\" content=\"article\" \/>\n<meta property=\"og:title\" content=\"Daft Punk \u2013 Alive 2007 Vinilin\u0117 Plok\u0161tel\u0117 | Vinilozona.lt\" \/>\n<meta property=\"og:description\" content=\"ADA \u2013 01902996611964 Format:  2 x Vinyl, LP, Album, Mixed, Reissue Country: Worldwide Released: Sep 9, 2022\" \/>\n<meta property=\"og:url\" content=\"https:\/\/vinilozona.lt\/en\/parduotuve\/naujos-lp\/daft-punk-tron-legacy-vinyl-edition-motion-picture-soundtrack\/\" \/>\n<meta property=\"og:site_name\" content=\"Vinilo Zona\" \/>\n<meta property=\"article:modified_time\" content=\"2024-09-06T08:23:50+00:00\" \/>\n<meta property=\"og:image\" content=\"https:\/\/vinilozona.lt\/wp-content\/uploads\/2022\/09\/R-24455792-1666527027-2138.jpg\" \/>\n\t<meta property=\"og:image:width\" content=\"600\" \/>\n\t<meta property=\"og:image:height\" content=\"600\" \/>\n\t<meta property=\"og:image:type\" content=\"image\/jpeg\" \/>\n<meta name=\"twitter:card\" content=\"summary_large_image\" \/>\n<meta name=\"twitter:label1\" content=\"Estimated reading time\" \/>\n\t<meta name=\"twitter:data1\" content=\"1 minute\" \/>\n<script type=\"application\/ld+json\" class=\"yoast-schema-graph\">{\"@context\":\"https:\/\/schema.org\",\"@graph\":[{\"@type\":\"WebPage\",\"@id\":\"https:\/\/vinilozona.lt\/parduotuve\/naujos-lp\/daft-punk-tron-legacy-vinyl-edition-motion-picture-soundtrack\/\",\"url\":\"https:\/\/vinilozona.lt\/parduotuve\/naujos-lp\/daft-punk-tron-legacy-vinyl-edition-motion-picture-soundtrack\/\",\"name\":\"Daft Punk \u2013 Alive 2007 Vinilin\u0117 Plok\u0161tel\u0117 | Vinilozona.lt\",\"isPartOf\":{\"@id\":\"https:\/\/vinilozona.lt\/#website\"},\"primaryImageOfPage\":{\"@id\":\"https:\/\/vinilozona.lt\/parduotuve\/naujos-lp\/daft-punk-tron-legacy-vinyl-edition-motion-picture-soundtrack\/#primaryimage\"},\"image\":{\"@id\":\"https:\/\/vinilozona.lt\/parduotuve\/naujos-lp\/daft-punk-tron-legacy-vinyl-edition-motion-picture-soundtrack\/#primaryimage\"},\"thumbnailUrl\":\"https:\/\/vinilozona.lt\/wp-content\/uploads\/2022\/09\/R-24455792-1666527027-2138.jpg\",\"datePublished\":\"2024-09-06T02:01:16+00:00\",\"dateModified\":\"2024-09-06T08:23:50+00:00\",\"breadcrumb\":{\"@id\":\"https:\/\/vinilozona.lt\/parduotuve\/naujos-lp\/daft-punk-tron-legacy-vinyl-edition-motion-picture-soundtrack\/#breadcrumb\"},\"inLanguage\":\"en-GB\",\"potentialAction\":[{\"@type\":\"ReadAction\",\"target\":[\"https:\/\/vinilozona.lt\/parduotuve\/naujos-lp\/daft-punk-tron-legacy-vinyl-edition-motion-picture-soundtrack\/\"]}]},{\"@type\":\"ImageObject\",\"inLanguage\":\"en-GB\",\"@id\":\"https:\/\/vinilozona.lt\/parduotuve\/naujos-lp\/daft-punk-tron-legacy-vinyl-edition-motion-picture-soundtrack\/#primaryimage\",\"url\":\"https:\/\/vinilozona.lt\/wp-content\/uploads\/2022\/09\/R-24455792-1666527027-2138.jpg\",\"contentUrl\":\"https:\/\/vinilozona.lt\/wp-content\/uploads\/2022\/09\/R-24455792-1666527027-2138.jpg\",\"width\":600,\"height\":600},{\"@type\":\"BreadcrumbList\",\"@id\":\"https:\/\/vinilozona.lt\/parduotuve\/naujos-lp\/daft-punk-tron-legacy-vinyl-edition-motion-picture-soundtrack\/#breadcrumb\",\"itemListElement\":[{\"@type\":\"ListItem\",\"position\":1,\"name\":\"Home\",\"item\":\"https:\/\/vinilozona.lt\/\"},{\"@type\":\"ListItem\",\"position\":2,\"name\":\"Parduotuv\u0117\",\"item\":\"https:\/\/vinilozona.lt\/parduotuve\/\"},{\"@type\":\"ListItem\",\"position\":3,\"name\":\"Daft Punk \u2013 Alive 2007\"}]},{\"@type\":\"WebSite\",\"@id\":\"https:\/\/vinilozona.lt\/#website\",\"url\":\"https:\/\/vinilozona.lt\/\",\"name\":\"Vinilo Zona\",\"description\":\"Nup\u016bsk dulkes ir klausyk LP\",\"potentialAction\":[{\"@type\":\"SearchAction\",\"target\":{\"@type\":\"EntryPoint\",\"urlTemplate\":\"https:\/\/vinilozona.lt\/?s={search_term_string}\"},\"query-input\":{\"@type\":\"PropertyValueSpecification\",\"valueRequired\":true,\"valueName\":\"search_term_string\"}}],\"inLanguage\":\"en-GB\"}]}<\/script>\n<!-- \/ Yoast SEO plugin. -->","yoast_head_json":{"title":"Daft Punk \u2013 Alive 2007 Vinilin\u0117 Plok\u0161tel\u0117 | Vinilozona.lt","robots":{"index":"index","follow":"follow","max-snippet":"max-snippet:-1","max-image-preview":"max-image-preview:large","max-video-preview":"max-video-preview:-1"},"canonical":"https:\/\/vinilozona.lt\/en\/parduotuve\/naujos-lp\/daft-punk-tron-legacy-vinyl-edition-motion-picture-soundtrack\/","og_locale":"en_GB","og_type":"article","og_title":"Daft Punk \u2013 Alive 2007 Vinilin\u0117 Plok\u0161tel\u0117 | Vinilozona.lt","og_description":"ADA \u2013 01902996611964 Format:  2 x Vinyl, LP, Album, Mixed, Reissue Country: Worldwide Released: Sep 9, 2022","og_url":"https:\/\/vinilozona.lt\/en\/parduotuve\/naujos-lp\/daft-punk-tron-legacy-vinyl-edition-motion-picture-soundtrack\/","og_site_name":"Vinilo Zona","article_modified_time":"2024-09-06T08:23:50+00:00","og_image":[{"width":600,"height":600,"url":"https:\/\/vinilozona.lt\/wp-content\/uploads\/2022\/09\/R-24455792-1666527027-2138.jpg","type":"image\/jpeg"}],"twitter_card":"summary_large_image","twitter_misc":{"Estimated reading time":"1 minute"},"schema":{"@context":"https:\/\/schema.org","@graph":[{"@type":"WebPage","@id":"https:\/\/vinilozona.lt\/parduotuve\/naujos-lp\/daft-punk-tron-legacy-vinyl-edition-motion-picture-soundtrack\/","url":"https:\/\/vinilozona.lt\/parduotuve\/naujos-lp\/daft-punk-tron-legacy-vinyl-edition-motion-picture-soundtrack\/","name":"Daft Punk \u2013 Alive 2007 Vinilin\u0117 Plok\u0161tel\u0117 | Vinilozona.lt","isPartOf":{"@id":"https:\/\/vinilozona.lt\/#website"},"primaryImageOfPage":{"@id":"https:\/\/vinilozona.lt\/parduotuve\/naujos-lp\/daft-punk-tron-legacy-vinyl-edition-motion-picture-soundtrack\/#primaryimage"},"image":{"@id":"https:\/\/vinilozona.lt\/parduotuve\/naujos-lp\/daft-punk-tron-legacy-vinyl-edition-motion-picture-soundtrack\/#primaryimage"},"thumbnailUrl":"https:\/\/vinilozona.lt\/wp-content\/uploads\/2022\/09\/R-24455792-1666527027-2138.jpg","datePublished":"2024-09-06T02:01:16+00:00","dateModified":"2024-09-06T08:23:50+00:00","breadcrumb":{"@id":"https:\/\/vinilozona.lt\/parduotuve\/naujos-lp\/daft-punk-tron-legacy-vinyl-edition-motion-picture-soundtrack\/#breadcrumb"},"inLanguage":"en-GB","potentialAction":[{"@type":"ReadAction","target":["https:\/\/vinilozona.lt\/parduotuve\/naujos-lp\/daft-punk-tron-legacy-vinyl-edition-motion-picture-soundtrack\/"]}]},{"@type":"ImageObject","inLanguage":"en-GB","@id":"https:\/\/vinilozona.lt\/parduotuve\/naujos-lp\/daft-punk-tron-legacy-vinyl-edition-motion-picture-soundtrack\/#primaryimage","url":"https:\/\/vinilozona.lt\/wp-content\/uploads\/2022\/09\/R-24455792-1666527027-2138.jpg","contentUrl":"https:\/\/vinilozona.lt\/wp-content\/uploads\/2022\/09\/R-24455792-1666527027-2138.jpg","width":600,"height":600},{"@type":"BreadcrumbList","@id":"https:\/\/vinilozona.lt\/parduotuve\/naujos-lp\/daft-punk-tron-legacy-vinyl-edition-motion-picture-soundtrack\/#breadcrumb","itemListElement":[{"@type":"ListItem","position":1,"name":"Home","item":"https:\/\/vinilozona.lt\/"},{"@type":"ListItem","position":2,"name":"Parduotuv\u0117","item":"https:\/\/vinilozona.lt\/parduotuve\/"},{"@type":"ListItem","position":3,"name":"Daft Punk \u2013 Alive 2007"}]},{"@type":"WebSite","@id":"https:\/\/vinilozona.lt\/#website","url":"https:\/\/vinilozona.lt\/","name":"Vinilo Zona","description":"Nup\u016bsk dulkes ir klausyk LP","potentialAction":[{"@type":"SearchAction","target":{"@type":"EntryPoint","urlTemplate":"https:\/\/vinilozona.lt\/?s={search_term_string}"},"query-input":{"@type":"PropertyValueSpecification","valueRequired":true,"valueName":"search_term_string"}}],"inLanguage":"en-GB"}]}},"_links":{"self":[{"href":"https:\/\/vinilozona.lt\/en\/wp-json\/wp\/v2\/product\/20191"}],"collection":[{"href":"https:\/\/vinilozona.lt\/en\/wp-json\/wp\/v2\/product"}],"about":[{"href":"https:\/\/vinilozona.lt\/en\/wp-json\/wp\/v2\/types\/product"}],"wp:featuredmedia":[{"embeddable":true,"href":"https:\/\/vinilozona.lt\/en\/wp-json\/wp\/v2\/media\/21722"}],"wp:attachment":[{"href":"https:\/\/vinilozona.lt\/en\/wp-json\/wp\/v2\/media?parent=20191"}],"wp:term":[{"taxonomy":"product_cat","embeddable":true,"href":"https:\/\/vinilozona.lt\/en\/wp-json\/wp\/v2\/product_cat?post=20191"},{"taxonomy":"product_tag","embeddable":true,"href":"https:\/\/vinilozona.lt\/en\/wp-json\/wp\/v2\/product_tag?post=20191"}],"curies":[{"name":"wp","href":"https:\/\/api.w.org\/{rel}","templated":true}]}}