{"id":20187,"date":"2022-11-15T16:16:33","date_gmt":"2022-11-15T14:16:33","guid":{"rendered":"https:\/\/vinilozona.lt\/?post_type=product&#038;p=20187"},"modified":"2022-11-15T18:26:00","modified_gmt":"2022-11-15T16:26:00","slug":"eric-clapton-friends-the-breeze-an-appreciation-of-jj-cale","status":"publish","type":"product","link":"https:\/\/vinilozona.lt\/en\/parduotuve\/rock-pop\/eric-clapton-friends-the-breeze-an-appreciation-of-jj-cale\/","title":{"rendered":"Eric Clapton &#038; Friends \u2013 The Breeze: An Appreciation Of JJ Cale"},"content":{"rendered":"<p>A1\t\tCall Me The Breeze<br \/>\nA2\t\tRock And Roll Records<br \/>\nA3\t\tSomeday<br \/>\nA4\t\tLies<br \/>\nA5\t\tSensitive Kind<br \/>\nB1\t\tCajun Moon<br \/>\nB2\t\tMagnolia<br \/>\nB3\t\tI Got The Same Old Blues<br \/>\nB4\t\tSongbird<br \/>\nB5\t\tSince You Said Goodbye<br \/>\nB6\t\tI\u2019ll Be There (If You Ever Want Me)<br \/>\nC1\t\tThe Old Man And Me<br \/>\nC2\t\tTrain To Nowhere<br \/>\nC3\t\tStarbound<br \/>\nC4\t\tDon\u2019t Wait<br \/>\nC5\t\tCrying Eyes<\/p>","protected":false},"excerpt":{"rendered":"<p>Surfdog Records \u2013 378776-4, Surfdog Records \u2013 378630-8<br \/>\nFormat:<br \/>\n2 x Vinyl, LP, Album<br \/>\nCD, Album, Stereo<br \/>\nCountry:\tEurope<br \/>\nReleased:\tJul 2014<\/p>","protected":false},"featured_media":20188,"template":"","meta":[],"product_cat":[15,23],"product_tag":[44],"yoast_head":"<!-- This site is optimized with the Yoast SEO plugin v23.5 - https:\/\/yoast.com\/wordpress\/plugins\/seo\/ -->\n<title>Eric Clapton &amp; Friends \u2013 The Breeze: An Appreciation Of JJ Cale Vinilin\u0117 Plok\u0161tel\u0117 | Vinilozona.lt<\/title>\n<meta name=\"robots\" content=\"index, follow, max-snippet:-1, max-image-preview:large, max-video-preview:-1\" \/>\n<link rel=\"canonical\" href=\"https:\/\/vinilozona.lt\/en\/parduotuve\/rock-pop\/eric-clapton-friends-the-breeze-an-appreciation-of-jj-cale\/\" \/>\n<meta property=\"og:locale\" content=\"en_GB\" \/>\n<meta property=\"og:type\" content=\"article\" \/>\n<meta property=\"og:title\" content=\"Eric Clapton &amp; Friends \u2013 The Breeze: An Appreciation Of JJ Cale Vinilin\u0117 Plok\u0161tel\u0117 | Vinilozona.lt\" \/>\n<meta property=\"og:description\" content=\"Surfdog Records \u2013 378776-4, Surfdog Records \u2013 378630-8 Format:  2 x Vinyl, LP, Album CD, Album, Stereo Country: Europe Released: Jul 2014\" \/>\n<meta property=\"og:url\" content=\"https:\/\/vinilozona.lt\/en\/parduotuve\/rock-pop\/eric-clapton-friends-the-breeze-an-appreciation-of-jj-cale\/\" \/>\n<meta property=\"og:site_name\" content=\"Vinilo Zona\" \/>\n<meta property=\"article:modified_time\" content=\"2022-11-15T16:26:00+00:00\" \/>\n<meta property=\"og:image\" content=\"https:\/\/vinilozona.lt\/wp-content\/uploads\/2022\/09\/R-5933848-1406706357-3478.jpg\" \/>\n\t<meta property=\"og:image:width\" content=\"600\" \/>\n\t<meta property=\"og:image:height\" content=\"570\" \/>\n\t<meta property=\"og:image:type\" content=\"image\/jpeg\" \/>\n<meta name=\"twitter:card\" content=\"summary_large_image\" \/>\n<script type=\"application\/ld+json\" class=\"yoast-schema-graph\">{\"@context\":\"https:\/\/schema.org\",\"@graph\":[{\"@type\":\"WebPage\",\"@id\":\"https:\/\/vinilozona.lt\/parduotuve\/rock-pop\/eric-clapton-friends-the-breeze-an-appreciation-of-jj-cale\/\",\"url\":\"https:\/\/vinilozona.lt\/parduotuve\/rock-pop\/eric-clapton-friends-the-breeze-an-appreciation-of-jj-cale\/\",\"name\":\"Eric Clapton & Friends \u2013 The Breeze: An Appreciation Of JJ Cale Vinilin\u0117 Plok\u0161tel\u0117 | Vinilozona.lt\",\"isPartOf\":{\"@id\":\"https:\/\/vinilozona.lt\/#website\"},\"primaryImageOfPage\":{\"@id\":\"https:\/\/vinilozona.lt\/parduotuve\/rock-pop\/eric-clapton-friends-the-breeze-an-appreciation-of-jj-cale\/#primaryimage\"},\"image\":{\"@id\":\"https:\/\/vinilozona.lt\/parduotuve\/rock-pop\/eric-clapton-friends-the-breeze-an-appreciation-of-jj-cale\/#primaryimage\"},\"thumbnailUrl\":\"https:\/\/vinilozona.lt\/wp-content\/uploads\/2022\/09\/R-5933848-1406706357-3478.jpg\",\"datePublished\":\"2022-11-15T14:16:33+00:00\",\"dateModified\":\"2022-11-15T16:26:00+00:00\",\"breadcrumb\":{\"@id\":\"https:\/\/vinilozona.lt\/parduotuve\/rock-pop\/eric-clapton-friends-the-breeze-an-appreciation-of-jj-cale\/#breadcrumb\"},\"inLanguage\":\"en-GB\",\"potentialAction\":[{\"@type\":\"ReadAction\",\"target\":[\"https:\/\/vinilozona.lt\/parduotuve\/rock-pop\/eric-clapton-friends-the-breeze-an-appreciation-of-jj-cale\/\"]}]},{\"@type\":\"ImageObject\",\"inLanguage\":\"en-GB\",\"@id\":\"https:\/\/vinilozona.lt\/parduotuve\/rock-pop\/eric-clapton-friends-the-breeze-an-appreciation-of-jj-cale\/#primaryimage\",\"url\":\"https:\/\/vinilozona.lt\/wp-content\/uploads\/2022\/09\/R-5933848-1406706357-3478.jpg\",\"contentUrl\":\"https:\/\/vinilozona.lt\/wp-content\/uploads\/2022\/09\/R-5933848-1406706357-3478.jpg\",\"width\":600,\"height\":570},{\"@type\":\"BreadcrumbList\",\"@id\":\"https:\/\/vinilozona.lt\/parduotuve\/rock-pop\/eric-clapton-friends-the-breeze-an-appreciation-of-jj-cale\/#breadcrumb\",\"itemListElement\":[{\"@type\":\"ListItem\",\"position\":1,\"name\":\"Home\",\"item\":\"https:\/\/vinilozona.lt\/\"},{\"@type\":\"ListItem\",\"position\":2,\"name\":\"Parduotuv\u0117\",\"item\":\"https:\/\/vinilozona.lt\/parduotuve\/\"},{\"@type\":\"ListItem\",\"position\":3,\"name\":\"Eric Clapton &#038; Friends \u2013 The Breeze: An Appreciation Of JJ Cale\"}]},{\"@type\":\"WebSite\",\"@id\":\"https:\/\/vinilozona.lt\/#website\",\"url\":\"https:\/\/vinilozona.lt\/\",\"name\":\"Vinilo Zona\",\"description\":\"Nup\u016bsk dulkes ir klausyk LP\",\"potentialAction\":[{\"@type\":\"SearchAction\",\"target\":{\"@type\":\"EntryPoint\",\"urlTemplate\":\"https:\/\/vinilozona.lt\/?s={search_term_string}\"},\"query-input\":{\"@type\":\"PropertyValueSpecification\",\"valueRequired\":true,\"valueName\":\"search_term_string\"}}],\"inLanguage\":\"en-GB\"}]}<\/script>\n<!-- \/ Yoast SEO plugin. -->","yoast_head_json":{"title":"Eric Clapton & Friends \u2013 The Breeze: An Appreciation Of JJ Cale Vinilin\u0117 Plok\u0161tel\u0117 | Vinilozona.lt","robots":{"index":"index","follow":"follow","max-snippet":"max-snippet:-1","max-image-preview":"max-image-preview:large","max-video-preview":"max-video-preview:-1"},"canonical":"https:\/\/vinilozona.lt\/en\/parduotuve\/rock-pop\/eric-clapton-friends-the-breeze-an-appreciation-of-jj-cale\/","og_locale":"en_GB","og_type":"article","og_title":"Eric Clapton & Friends \u2013 The Breeze: An Appreciation Of JJ Cale Vinilin\u0117 Plok\u0161tel\u0117 | Vinilozona.lt","og_description":"Surfdog Records \u2013 378776-4, Surfdog Records \u2013 378630-8 Format:  2 x Vinyl, LP, Album CD, Album, Stereo Country: Europe Released: Jul 2014","og_url":"https:\/\/vinilozona.lt\/en\/parduotuve\/rock-pop\/eric-clapton-friends-the-breeze-an-appreciation-of-jj-cale\/","og_site_name":"Vinilo Zona","article_modified_time":"2022-11-15T16:26:00+00:00","og_image":[{"width":600,"height":570,"url":"https:\/\/vinilozona.lt\/wp-content\/uploads\/2022\/09\/R-5933848-1406706357-3478.jpg","type":"image\/jpeg"}],"twitter_card":"summary_large_image","schema":{"@context":"https:\/\/schema.org","@graph":[{"@type":"WebPage","@id":"https:\/\/vinilozona.lt\/parduotuve\/rock-pop\/eric-clapton-friends-the-breeze-an-appreciation-of-jj-cale\/","url":"https:\/\/vinilozona.lt\/parduotuve\/rock-pop\/eric-clapton-friends-the-breeze-an-appreciation-of-jj-cale\/","name":"Eric Clapton & Friends \u2013 The Breeze: An Appreciation Of JJ Cale Vinilin\u0117 Plok\u0161tel\u0117 | Vinilozona.lt","isPartOf":{"@id":"https:\/\/vinilozona.lt\/#website"},"primaryImageOfPage":{"@id":"https:\/\/vinilozona.lt\/parduotuve\/rock-pop\/eric-clapton-friends-the-breeze-an-appreciation-of-jj-cale\/#primaryimage"},"image":{"@id":"https:\/\/vinilozona.lt\/parduotuve\/rock-pop\/eric-clapton-friends-the-breeze-an-appreciation-of-jj-cale\/#primaryimage"},"thumbnailUrl":"https:\/\/vinilozona.lt\/wp-content\/uploads\/2022\/09\/R-5933848-1406706357-3478.jpg","datePublished":"2022-11-15T14:16:33+00:00","dateModified":"2022-11-15T16:26:00+00:00","breadcrumb":{"@id":"https:\/\/vinilozona.lt\/parduotuve\/rock-pop\/eric-clapton-friends-the-breeze-an-appreciation-of-jj-cale\/#breadcrumb"},"inLanguage":"en-GB","potentialAction":[{"@type":"ReadAction","target":["https:\/\/vinilozona.lt\/parduotuve\/rock-pop\/eric-clapton-friends-the-breeze-an-appreciation-of-jj-cale\/"]}]},{"@type":"ImageObject","inLanguage":"en-GB","@id":"https:\/\/vinilozona.lt\/parduotuve\/rock-pop\/eric-clapton-friends-the-breeze-an-appreciation-of-jj-cale\/#primaryimage","url":"https:\/\/vinilozona.lt\/wp-content\/uploads\/2022\/09\/R-5933848-1406706357-3478.jpg","contentUrl":"https:\/\/vinilozona.lt\/wp-content\/uploads\/2022\/09\/R-5933848-1406706357-3478.jpg","width":600,"height":570},{"@type":"BreadcrumbList","@id":"https:\/\/vinilozona.lt\/parduotuve\/rock-pop\/eric-clapton-friends-the-breeze-an-appreciation-of-jj-cale\/#breadcrumb","itemListElement":[{"@type":"ListItem","position":1,"name":"Home","item":"https:\/\/vinilozona.lt\/"},{"@type":"ListItem","position":2,"name":"Parduotuv\u0117","item":"https:\/\/vinilozona.lt\/parduotuve\/"},{"@type":"ListItem","position":3,"name":"Eric Clapton &#038; Friends \u2013 The Breeze: An Appreciation Of JJ Cale"}]},{"@type":"WebSite","@id":"https:\/\/vinilozona.lt\/#website","url":"https:\/\/vinilozona.lt\/","name":"Vinilo Zona","description":"Nup\u016bsk dulkes ir klausyk LP","potentialAction":[{"@type":"SearchAction","target":{"@type":"EntryPoint","urlTemplate":"https:\/\/vinilozona.lt\/?s={search_term_string}"},"query-input":{"@type":"PropertyValueSpecification","valueRequired":true,"valueName":"search_term_string"}}],"inLanguage":"en-GB"}]}},"_links":{"self":[{"href":"https:\/\/vinilozona.lt\/en\/wp-json\/wp\/v2\/product\/20187"}],"collection":[{"href":"https:\/\/vinilozona.lt\/en\/wp-json\/wp\/v2\/product"}],"about":[{"href":"https:\/\/vinilozona.lt\/en\/wp-json\/wp\/v2\/types\/product"}],"wp:featuredmedia":[{"embeddable":true,"href":"https:\/\/vinilozona.lt\/en\/wp-json\/wp\/v2\/media\/20188"}],"wp:attachment":[{"href":"https:\/\/vinilozona.lt\/en\/wp-json\/wp\/v2\/media?parent=20187"}],"wp:term":[{"taxonomy":"product_cat","embeddable":true,"href":"https:\/\/vinilozona.lt\/en\/wp-json\/wp\/v2\/product_cat?post=20187"},{"taxonomy":"product_tag","embeddable":true,"href":"https:\/\/vinilozona.lt\/en\/wp-json\/wp\/v2\/product_tag?post=20187"}],"curies":[{"name":"wp","href":"https:\/\/api.w.org\/{rel}","templated":true}]}}