{"id":20176,"date":"2025-07-20T11:01:52","date_gmt":"2025-07-20T08:01:52","guid":{"rendered":"https:\/\/vinilozona.lt\/?post_type=product&#038;p=20176"},"modified":"2025-07-20T11:32:58","modified_gmt":"2025-07-20T08:32:58","slug":"dire-straits-mark-knopfler-private-investigations-the-best-of","status":"publish","type":"product","link":"https:\/\/vinilozona.lt\/en\/parduotuve\/naujos-lp\/dire-straits-mark-knopfler-private-investigations-the-best-of\/","title":{"rendered":"Dire Straits &#038; Mark Knopfler \u2013 Private Investigations (The Best Of) 2LP"},"content":{"rendered":"<p>Dire Straits\u2013\tSultans Of Swing\t5:50<br \/>\nDire Straits\u2013\tLove Over Gold\t6:16<br \/>\nDire Straits\u2013\tRomeo &#038; Juliet\t6:00<br \/>\nDire Straits\u2013\tTunnel Of Love\t8:10<br \/>\nDire Straits\u2013\tPrivate Investigations\t5:58<br \/>\nDire Straits\u2013\tMoney For Nothing\t4:05<br \/>\nDire Straits\u2013\tBrothers In Arms\t6:57<br \/>\nDire Straits\u2013\tWalk Of Life\t4:07<br \/>\nDire Straits\u2013\tOn Every Street\t5:02<br \/>\nMark Knopfler\u2013\tGoing Home (Theme From The Local Hero)\t5:01<br \/>\nMark Knopfler\u2013\tWhy Aye Man\t4:10<br \/>\nMark Knopfler\u2013\tBoom, Like That\t5:48<br \/>\nMark Knopfler\u2013\tWhat It Is\t4:55<br \/>\nMark Knopfler &#038; Emmylou Harris\u2013\tAll The Roadrunning\t4:47<\/p>","protected":false},"excerpt":{"rendered":"<p>Mercury \u2013 987576-7<br \/>\nFormat:<br \/>\n2 x Vinyl, LP, Compilation, 180 Gram, Gatefold<br \/>\nCountry:\tEurope<br \/>\nReleased:\tDec 9, 2005<\/p>","protected":false},"featured_media":20177,"template":"","meta":[],"product_cat":[23],"product_tag":[55],"yoast_head":"<!-- This site is optimized with the Yoast SEO plugin v23.5 - https:\/\/yoast.com\/wordpress\/plugins\/seo\/ -->\n<title>Dire Straits &amp; Mark Knopfler \u2013 Private Investigations (The Best Of) 2LP Vinilin\u0117 Plok\u0161tel\u0117 | Vinilozona.lt<\/title>\n<meta name=\"robots\" content=\"index, follow, max-snippet:-1, max-image-preview:large, max-video-preview:-1\" \/>\n<link rel=\"canonical\" href=\"https:\/\/vinilozona.lt\/en\/parduotuve\/naujos-lp\/dire-straits-mark-knopfler-private-investigations-the-best-of\/\" \/>\n<meta property=\"og:locale\" content=\"en_GB\" \/>\n<meta property=\"og:type\" content=\"article\" \/>\n<meta property=\"og:title\" content=\"Dire Straits &amp; Mark Knopfler \u2013 Private Investigations (The Best Of) 2LP Vinilin\u0117 Plok\u0161tel\u0117 | Vinilozona.lt\" \/>\n<meta property=\"og:description\" content=\"Mercury \u2013 987576-7 Format:  2 x Vinyl, LP, Compilation, 180 Gram, Gatefold Country: Europe Released: Dec 9, 2005\" \/>\n<meta property=\"og:url\" content=\"https:\/\/vinilozona.lt\/en\/parduotuve\/naujos-lp\/dire-straits-mark-knopfler-private-investigations-the-best-of\/\" \/>\n<meta property=\"og:site_name\" content=\"Vinilo Zona\" \/>\n<meta property=\"article:modified_time\" content=\"2025-07-20T08:32:58+00:00\" \/>\n<meta property=\"og:image\" content=\"https:\/\/vinilozona.lt\/wp-content\/uploads\/2022\/09\/R-1265918-1258766781.jpg\" \/>\n\t<meta property=\"og:image:width\" content=\"289\" \/>\n\t<meta property=\"og:image:height\" content=\"300\" \/>\n\t<meta property=\"og:image:type\" content=\"image\/jpeg\" \/>\n<meta name=\"twitter:card\" content=\"summary_large_image\" \/>\n<script type=\"application\/ld+json\" class=\"yoast-schema-graph\">{\"@context\":\"https:\/\/schema.org\",\"@graph\":[{\"@type\":\"WebPage\",\"@id\":\"https:\/\/vinilozona.lt\/parduotuve\/naujos-lp\/dire-straits-mark-knopfler-private-investigations-the-best-of\/\",\"url\":\"https:\/\/vinilozona.lt\/parduotuve\/naujos-lp\/dire-straits-mark-knopfler-private-investigations-the-best-of\/\",\"name\":\"Dire Straits & Mark Knopfler \u2013 Private Investigations (The Best Of) 2LP Vinilin\u0117 Plok\u0161tel\u0117 | Vinilozona.lt\",\"isPartOf\":{\"@id\":\"https:\/\/vinilozona.lt\/#website\"},\"primaryImageOfPage\":{\"@id\":\"https:\/\/vinilozona.lt\/parduotuve\/naujos-lp\/dire-straits-mark-knopfler-private-investigations-the-best-of\/#primaryimage\"},\"image\":{\"@id\":\"https:\/\/vinilozona.lt\/parduotuve\/naujos-lp\/dire-straits-mark-knopfler-private-investigations-the-best-of\/#primaryimage\"},\"thumbnailUrl\":\"https:\/\/vinilozona.lt\/wp-content\/uploads\/2022\/09\/R-1265918-1258766781.jpg\",\"datePublished\":\"2025-07-20T08:01:52+00:00\",\"dateModified\":\"2025-07-20T08:32:58+00:00\",\"breadcrumb\":{\"@id\":\"https:\/\/vinilozona.lt\/parduotuve\/naujos-lp\/dire-straits-mark-knopfler-private-investigations-the-best-of\/#breadcrumb\"},\"inLanguage\":\"en-GB\",\"potentialAction\":[{\"@type\":\"ReadAction\",\"target\":[\"https:\/\/vinilozona.lt\/parduotuve\/naujos-lp\/dire-straits-mark-knopfler-private-investigations-the-best-of\/\"]}]},{\"@type\":\"ImageObject\",\"inLanguage\":\"en-GB\",\"@id\":\"https:\/\/vinilozona.lt\/parduotuve\/naujos-lp\/dire-straits-mark-knopfler-private-investigations-the-best-of\/#primaryimage\",\"url\":\"https:\/\/vinilozona.lt\/wp-content\/uploads\/2022\/09\/R-1265918-1258766781.jpg\",\"contentUrl\":\"https:\/\/vinilozona.lt\/wp-content\/uploads\/2022\/09\/R-1265918-1258766781.jpg\",\"width\":289,\"height\":300},{\"@type\":\"BreadcrumbList\",\"@id\":\"https:\/\/vinilozona.lt\/parduotuve\/naujos-lp\/dire-straits-mark-knopfler-private-investigations-the-best-of\/#breadcrumb\",\"itemListElement\":[{\"@type\":\"ListItem\",\"position\":1,\"name\":\"Home\",\"item\":\"https:\/\/vinilozona.lt\/\"},{\"@type\":\"ListItem\",\"position\":2,\"name\":\"Parduotuv\u0117\",\"item\":\"https:\/\/vinilozona.lt\/parduotuve\/\"},{\"@type\":\"ListItem\",\"position\":3,\"name\":\"Dire Straits &#038; Mark Knopfler \u2013 Private Investigations (The Best Of) 2LP\"}]},{\"@type\":\"WebSite\",\"@id\":\"https:\/\/vinilozona.lt\/#website\",\"url\":\"https:\/\/vinilozona.lt\/\",\"name\":\"Vinilo Zona\",\"description\":\"Nup\u016bsk dulkes ir klausyk LP\",\"potentialAction\":[{\"@type\":\"SearchAction\",\"target\":{\"@type\":\"EntryPoint\",\"urlTemplate\":\"https:\/\/vinilozona.lt\/?s={search_term_string}\"},\"query-input\":{\"@type\":\"PropertyValueSpecification\",\"valueRequired\":true,\"valueName\":\"search_term_string\"}}],\"inLanguage\":\"en-GB\"}]}<\/script>\n<!-- \/ Yoast SEO plugin. -->","yoast_head_json":{"title":"Dire Straits & Mark Knopfler \u2013 Private Investigations (The Best Of) 2LP Vinilin\u0117 Plok\u0161tel\u0117 | Vinilozona.lt","robots":{"index":"index","follow":"follow","max-snippet":"max-snippet:-1","max-image-preview":"max-image-preview:large","max-video-preview":"max-video-preview:-1"},"canonical":"https:\/\/vinilozona.lt\/en\/parduotuve\/naujos-lp\/dire-straits-mark-knopfler-private-investigations-the-best-of\/","og_locale":"en_GB","og_type":"article","og_title":"Dire Straits & Mark Knopfler \u2013 Private Investigations (The Best Of) 2LP Vinilin\u0117 Plok\u0161tel\u0117 | Vinilozona.lt","og_description":"Mercury \u2013 987576-7 Format:  2 x Vinyl, LP, Compilation, 180 Gram, Gatefold Country: Europe Released: Dec 9, 2005","og_url":"https:\/\/vinilozona.lt\/en\/parduotuve\/naujos-lp\/dire-straits-mark-knopfler-private-investigations-the-best-of\/","og_site_name":"Vinilo Zona","article_modified_time":"2025-07-20T08:32:58+00:00","og_image":[{"width":289,"height":300,"url":"https:\/\/vinilozona.lt\/wp-content\/uploads\/2022\/09\/R-1265918-1258766781.jpg","type":"image\/jpeg"}],"twitter_card":"summary_large_image","schema":{"@context":"https:\/\/schema.org","@graph":[{"@type":"WebPage","@id":"https:\/\/vinilozona.lt\/parduotuve\/naujos-lp\/dire-straits-mark-knopfler-private-investigations-the-best-of\/","url":"https:\/\/vinilozona.lt\/parduotuve\/naujos-lp\/dire-straits-mark-knopfler-private-investigations-the-best-of\/","name":"Dire Straits & Mark Knopfler \u2013 Private Investigations (The Best Of) 2LP Vinilin\u0117 Plok\u0161tel\u0117 | Vinilozona.lt","isPartOf":{"@id":"https:\/\/vinilozona.lt\/#website"},"primaryImageOfPage":{"@id":"https:\/\/vinilozona.lt\/parduotuve\/naujos-lp\/dire-straits-mark-knopfler-private-investigations-the-best-of\/#primaryimage"},"image":{"@id":"https:\/\/vinilozona.lt\/parduotuve\/naujos-lp\/dire-straits-mark-knopfler-private-investigations-the-best-of\/#primaryimage"},"thumbnailUrl":"https:\/\/vinilozona.lt\/wp-content\/uploads\/2022\/09\/R-1265918-1258766781.jpg","datePublished":"2025-07-20T08:01:52+00:00","dateModified":"2025-07-20T08:32:58+00:00","breadcrumb":{"@id":"https:\/\/vinilozona.lt\/parduotuve\/naujos-lp\/dire-straits-mark-knopfler-private-investigations-the-best-of\/#breadcrumb"},"inLanguage":"en-GB","potentialAction":[{"@type":"ReadAction","target":["https:\/\/vinilozona.lt\/parduotuve\/naujos-lp\/dire-straits-mark-knopfler-private-investigations-the-best-of\/"]}]},{"@type":"ImageObject","inLanguage":"en-GB","@id":"https:\/\/vinilozona.lt\/parduotuve\/naujos-lp\/dire-straits-mark-knopfler-private-investigations-the-best-of\/#primaryimage","url":"https:\/\/vinilozona.lt\/wp-content\/uploads\/2022\/09\/R-1265918-1258766781.jpg","contentUrl":"https:\/\/vinilozona.lt\/wp-content\/uploads\/2022\/09\/R-1265918-1258766781.jpg","width":289,"height":300},{"@type":"BreadcrumbList","@id":"https:\/\/vinilozona.lt\/parduotuve\/naujos-lp\/dire-straits-mark-knopfler-private-investigations-the-best-of\/#breadcrumb","itemListElement":[{"@type":"ListItem","position":1,"name":"Home","item":"https:\/\/vinilozona.lt\/"},{"@type":"ListItem","position":2,"name":"Parduotuv\u0117","item":"https:\/\/vinilozona.lt\/parduotuve\/"},{"@type":"ListItem","position":3,"name":"Dire Straits &#038; Mark Knopfler \u2013 Private Investigations (The Best Of) 2LP"}]},{"@type":"WebSite","@id":"https:\/\/vinilozona.lt\/#website","url":"https:\/\/vinilozona.lt\/","name":"Vinilo Zona","description":"Nup\u016bsk dulkes ir klausyk LP","potentialAction":[{"@type":"SearchAction","target":{"@type":"EntryPoint","urlTemplate":"https:\/\/vinilozona.lt\/?s={search_term_string}"},"query-input":{"@type":"PropertyValueSpecification","valueRequired":true,"valueName":"search_term_string"}}],"inLanguage":"en-GB"}]}},"_links":{"self":[{"href":"https:\/\/vinilozona.lt\/en\/wp-json\/wp\/v2\/product\/20176"}],"collection":[{"href":"https:\/\/vinilozona.lt\/en\/wp-json\/wp\/v2\/product"}],"about":[{"href":"https:\/\/vinilozona.lt\/en\/wp-json\/wp\/v2\/types\/product"}],"wp:featuredmedia":[{"embeddable":true,"href":"https:\/\/vinilozona.lt\/en\/wp-json\/wp\/v2\/media\/20177"}],"wp:attachment":[{"href":"https:\/\/vinilozona.lt\/en\/wp-json\/wp\/v2\/media?parent=20176"}],"wp:term":[{"taxonomy":"product_cat","embeddable":true,"href":"https:\/\/vinilozona.lt\/en\/wp-json\/wp\/v2\/product_cat?post=20176"},{"taxonomy":"product_tag","embeddable":true,"href":"https:\/\/vinilozona.lt\/en\/wp-json\/wp\/v2\/product_tag?post=20176"}],"curies":[{"name":"wp","href":"https:\/\/api.w.org\/{rel}","templated":true}]}}