{"id":20170,"date":"2022-09-08T06:00:39","date_gmt":"2022-09-08T03:00:39","guid":{"rendered":"https:\/\/vinilozona.lt\/?post_type=product&#038;p=20170"},"modified":"2022-09-07T18:34:31","modified_gmt":"2022-09-07T15:34:31","slug":"amen-corner-amen-corner","status":"publish","type":"product","link":"https:\/\/vinilozona.lt\/en\/parduotuve\/rock-pop\/amen-corner-amen-corner\/","title":{"rendered":"Amen Corner \u2013 Amen Corner"},"content":{"rendered":"<p>A1\t\tLady Riga\t3:18<br \/>\nA2\t\tHello Susie\t2:54<br \/>\nA3\t\tProud Mary\t3:02<br \/>\nA4\t\tAt Last I\u2019ve Found Someone To Love\t3:46<br \/>\nB1\t\tScream And Scream Again\t3:37<br \/>\nB2\t\tSanitation\t2:44<br \/>\nB3\t\tMr. Nonchalant\t3:30<br \/>\nB4\t\tBorn Upon A Cloudy Day\t3:12<br \/>\nC1\t\tIntro McArthur&#8217;s Park\t3:40<br \/>\nC2\t\tBaby Do The Philly Dog\t2:35<br \/>\nC3\t\tYou&#8217;re My Girl\t2:17<br \/>\nC4\t\tShake Y Tail Feather\t1:46<br \/>\nC5\t\tSo Fine\t2:43<br \/>\nC6\t\tOur Love Is In The Pocket\t2:40<br \/>\nD1\t\tPenny Lane\t3:03<br \/>\nD2\t\tHigh In The Sky\t2:48<br \/>\nD3\t\tGin House\t3:33<br \/>\nD4\t\tBend Me, Shape Me\t4:03<br \/>\nD5\t\t(If Paradise Is) Half As Nice\t3:08<\/p>","protected":false},"excerpt":{"rendered":"<p>Bellaphon \u2013 CR 3005, Charly Records \u2013 CR 3005<br \/>\nFormat:<br \/>\n2 x Vinyl, LP, Compilation, Stereo<br \/>\nCountry:\tGermany<br \/>\nReleased:\t1976<\/p>","protected":false},"featured_media":20171,"template":"","meta":[],"product_cat":[15],"product_tag":[44],"yoast_head":"<!-- This site is optimized with the Yoast SEO plugin v23.5 - https:\/\/yoast.com\/wordpress\/plugins\/seo\/ -->\n<title>Amen Corner \u2013 Amen Corner Vinilin\u0117 Plok\u0161tel\u0117 | Vinilozona.lt<\/title>\n<meta name=\"robots\" content=\"index, follow, max-snippet:-1, max-image-preview:large, max-video-preview:-1\" \/>\n<link rel=\"canonical\" href=\"https:\/\/vinilozona.lt\/en\/parduotuve\/rock-pop\/amen-corner-amen-corner\/\" \/>\n<meta property=\"og:locale\" content=\"en_GB\" \/>\n<meta property=\"og:type\" content=\"article\" \/>\n<meta property=\"og:title\" content=\"Amen Corner \u2013 Amen Corner Vinilin\u0117 Plok\u0161tel\u0117 | Vinilozona.lt\" \/>\n<meta property=\"og:description\" content=\"Bellaphon \u2013 CR 3005, Charly Records \u2013 CR 3005 Format:  2 x Vinyl, LP, Compilation, Stereo Country: Germany Released: 1976\" \/>\n<meta property=\"og:url\" content=\"https:\/\/vinilozona.lt\/en\/parduotuve\/rock-pop\/amen-corner-amen-corner\/\" \/>\n<meta property=\"og:site_name\" content=\"Vinilo Zona\" \/>\n<meta property=\"article:modified_time\" content=\"2022-09-07T15:34:31+00:00\" \/>\n<meta property=\"og:image\" content=\"https:\/\/vinilozona.lt\/wp-content\/uploads\/2022\/09\/R-3063860-1625741843-2008.jpg\" \/>\n\t<meta property=\"og:image:width\" content=\"600\" \/>\n\t<meta property=\"og:image:height\" content=\"600\" \/>\n\t<meta property=\"og:image:type\" content=\"image\/jpeg\" \/>\n<meta name=\"twitter:card\" content=\"summary_large_image\" \/>\n<script type=\"application\/ld+json\" class=\"yoast-schema-graph\">{\"@context\":\"https:\/\/schema.org\",\"@graph\":[{\"@type\":\"WebPage\",\"@id\":\"https:\/\/vinilozona.lt\/parduotuve\/rock-pop\/amen-corner-amen-corner\/\",\"url\":\"https:\/\/vinilozona.lt\/parduotuve\/rock-pop\/amen-corner-amen-corner\/\",\"name\":\"Amen Corner \u2013 Amen Corner Vinilin\u0117 Plok\u0161tel\u0117 | Vinilozona.lt\",\"isPartOf\":{\"@id\":\"https:\/\/vinilozona.lt\/#website\"},\"primaryImageOfPage\":{\"@id\":\"https:\/\/vinilozona.lt\/parduotuve\/rock-pop\/amen-corner-amen-corner\/#primaryimage\"},\"image\":{\"@id\":\"https:\/\/vinilozona.lt\/parduotuve\/rock-pop\/amen-corner-amen-corner\/#primaryimage\"},\"thumbnailUrl\":\"https:\/\/vinilozona.lt\/wp-content\/uploads\/2022\/09\/R-3063860-1625741843-2008.jpg\",\"datePublished\":\"2022-09-08T03:00:39+00:00\",\"dateModified\":\"2022-09-07T15:34:31+00:00\",\"breadcrumb\":{\"@id\":\"https:\/\/vinilozona.lt\/parduotuve\/rock-pop\/amen-corner-amen-corner\/#breadcrumb\"},\"inLanguage\":\"en-GB\",\"potentialAction\":[{\"@type\":\"ReadAction\",\"target\":[\"https:\/\/vinilozona.lt\/parduotuve\/rock-pop\/amen-corner-amen-corner\/\"]}]},{\"@type\":\"ImageObject\",\"inLanguage\":\"en-GB\",\"@id\":\"https:\/\/vinilozona.lt\/parduotuve\/rock-pop\/amen-corner-amen-corner\/#primaryimage\",\"url\":\"https:\/\/vinilozona.lt\/wp-content\/uploads\/2022\/09\/R-3063860-1625741843-2008.jpg\",\"contentUrl\":\"https:\/\/vinilozona.lt\/wp-content\/uploads\/2022\/09\/R-3063860-1625741843-2008.jpg\",\"width\":600,\"height\":600},{\"@type\":\"BreadcrumbList\",\"@id\":\"https:\/\/vinilozona.lt\/parduotuve\/rock-pop\/amen-corner-amen-corner\/#breadcrumb\",\"itemListElement\":[{\"@type\":\"ListItem\",\"position\":1,\"name\":\"Home\",\"item\":\"https:\/\/vinilozona.lt\/\"},{\"@type\":\"ListItem\",\"position\":2,\"name\":\"Parduotuv\u0117\",\"item\":\"https:\/\/vinilozona.lt\/parduotuve\/\"},{\"@type\":\"ListItem\",\"position\":3,\"name\":\"Amen Corner \u2013 Amen Corner\"}]},{\"@type\":\"WebSite\",\"@id\":\"https:\/\/vinilozona.lt\/#website\",\"url\":\"https:\/\/vinilozona.lt\/\",\"name\":\"Vinilo Zona\",\"description\":\"Nup\u016bsk dulkes ir klausyk LP\",\"potentialAction\":[{\"@type\":\"SearchAction\",\"target\":{\"@type\":\"EntryPoint\",\"urlTemplate\":\"https:\/\/vinilozona.lt\/?s={search_term_string}\"},\"query-input\":{\"@type\":\"PropertyValueSpecification\",\"valueRequired\":true,\"valueName\":\"search_term_string\"}}],\"inLanguage\":\"en-GB\"}]}<\/script>\n<!-- \/ Yoast SEO plugin. -->","yoast_head_json":{"title":"Amen Corner \u2013 Amen Corner Vinilin\u0117 Plok\u0161tel\u0117 | Vinilozona.lt","robots":{"index":"index","follow":"follow","max-snippet":"max-snippet:-1","max-image-preview":"max-image-preview:large","max-video-preview":"max-video-preview:-1"},"canonical":"https:\/\/vinilozona.lt\/en\/parduotuve\/rock-pop\/amen-corner-amen-corner\/","og_locale":"en_GB","og_type":"article","og_title":"Amen Corner \u2013 Amen Corner Vinilin\u0117 Plok\u0161tel\u0117 | Vinilozona.lt","og_description":"Bellaphon \u2013 CR 3005, Charly Records \u2013 CR 3005 Format:  2 x Vinyl, LP, Compilation, Stereo Country: Germany Released: 1976","og_url":"https:\/\/vinilozona.lt\/en\/parduotuve\/rock-pop\/amen-corner-amen-corner\/","og_site_name":"Vinilo Zona","article_modified_time":"2022-09-07T15:34:31+00:00","og_image":[{"width":600,"height":600,"url":"https:\/\/vinilozona.lt\/wp-content\/uploads\/2022\/09\/R-3063860-1625741843-2008.jpg","type":"image\/jpeg"}],"twitter_card":"summary_large_image","schema":{"@context":"https:\/\/schema.org","@graph":[{"@type":"WebPage","@id":"https:\/\/vinilozona.lt\/parduotuve\/rock-pop\/amen-corner-amen-corner\/","url":"https:\/\/vinilozona.lt\/parduotuve\/rock-pop\/amen-corner-amen-corner\/","name":"Amen Corner \u2013 Amen Corner Vinilin\u0117 Plok\u0161tel\u0117 | Vinilozona.lt","isPartOf":{"@id":"https:\/\/vinilozona.lt\/#website"},"primaryImageOfPage":{"@id":"https:\/\/vinilozona.lt\/parduotuve\/rock-pop\/amen-corner-amen-corner\/#primaryimage"},"image":{"@id":"https:\/\/vinilozona.lt\/parduotuve\/rock-pop\/amen-corner-amen-corner\/#primaryimage"},"thumbnailUrl":"https:\/\/vinilozona.lt\/wp-content\/uploads\/2022\/09\/R-3063860-1625741843-2008.jpg","datePublished":"2022-09-08T03:00:39+00:00","dateModified":"2022-09-07T15:34:31+00:00","breadcrumb":{"@id":"https:\/\/vinilozona.lt\/parduotuve\/rock-pop\/amen-corner-amen-corner\/#breadcrumb"},"inLanguage":"en-GB","potentialAction":[{"@type":"ReadAction","target":["https:\/\/vinilozona.lt\/parduotuve\/rock-pop\/amen-corner-amen-corner\/"]}]},{"@type":"ImageObject","inLanguage":"en-GB","@id":"https:\/\/vinilozona.lt\/parduotuve\/rock-pop\/amen-corner-amen-corner\/#primaryimage","url":"https:\/\/vinilozona.lt\/wp-content\/uploads\/2022\/09\/R-3063860-1625741843-2008.jpg","contentUrl":"https:\/\/vinilozona.lt\/wp-content\/uploads\/2022\/09\/R-3063860-1625741843-2008.jpg","width":600,"height":600},{"@type":"BreadcrumbList","@id":"https:\/\/vinilozona.lt\/parduotuve\/rock-pop\/amen-corner-amen-corner\/#breadcrumb","itemListElement":[{"@type":"ListItem","position":1,"name":"Home","item":"https:\/\/vinilozona.lt\/"},{"@type":"ListItem","position":2,"name":"Parduotuv\u0117","item":"https:\/\/vinilozona.lt\/parduotuve\/"},{"@type":"ListItem","position":3,"name":"Amen Corner \u2013 Amen Corner"}]},{"@type":"WebSite","@id":"https:\/\/vinilozona.lt\/#website","url":"https:\/\/vinilozona.lt\/","name":"Vinilo Zona","description":"Nup\u016bsk dulkes ir klausyk LP","potentialAction":[{"@type":"SearchAction","target":{"@type":"EntryPoint","urlTemplate":"https:\/\/vinilozona.lt\/?s={search_term_string}"},"query-input":{"@type":"PropertyValueSpecification","valueRequired":true,"valueName":"search_term_string"}}],"inLanguage":"en-GB"}]}},"_links":{"self":[{"href":"https:\/\/vinilozona.lt\/en\/wp-json\/wp\/v2\/product\/20170"}],"collection":[{"href":"https:\/\/vinilozona.lt\/en\/wp-json\/wp\/v2\/product"}],"about":[{"href":"https:\/\/vinilozona.lt\/en\/wp-json\/wp\/v2\/types\/product"}],"wp:featuredmedia":[{"embeddable":true,"href":"https:\/\/vinilozona.lt\/en\/wp-json\/wp\/v2\/media\/20171"}],"wp:attachment":[{"href":"https:\/\/vinilozona.lt\/en\/wp-json\/wp\/v2\/media?parent=20170"}],"wp:term":[{"taxonomy":"product_cat","embeddable":true,"href":"https:\/\/vinilozona.lt\/en\/wp-json\/wp\/v2\/product_cat?post=20170"},{"taxonomy":"product_tag","embeddable":true,"href":"https:\/\/vinilozona.lt\/en\/wp-json\/wp\/v2\/product_tag?post=20170"}],"curies":[{"name":"wp","href":"https:\/\/api.w.org\/{rel}","templated":true}]}}