{"id":20158,"date":"2024-04-13T05:01:02","date_gmt":"2024-04-13T02:01:02","guid":{"rendered":"https:\/\/vinilozona.lt\/?post_type=product&#038;p=20158"},"modified":"2024-04-13T18:38:10","modified_gmt":"2024-04-13T15:38:10","slug":"various-nobodys-child-romanian-angel-appeal","status":"publish","type":"product","link":"https:\/\/vinilozona.lt\/en\/parduotuve\/rock-pop\/various-nobodys-child-romanian-angel-appeal\/","title":{"rendered":"Various \u2013 Nobody&#8217;s Child &#8211; Romanian Angel Appeal"},"content":{"rendered":"<p>Traveling Wilburys\u2013\tNobody&#8217;s Child\t3:25<br \/>\nVan Morrison\u2013\t        Wonderful Remark\t3:57<br \/>\nElton John\u2013\t        Medicine Man\t4:23<br \/>\nDave Stewart And The Spiritual Cowboys\u2013\t   This Week\t3:02<br \/>\nPaul Simon &#038; George Harrison\u2013\t           Homeward Bound\t2:38<br \/>\nBee Gees\u2013\t       How Can You Mend A Broken Heart?\t3:31<br \/>\nBilly Idol\u2013\t       Lovechild\t5:40<br \/>\nEdie Brickell &#038; New Bohemians\u2013\t    Big Day Little Boat\t3:35<br \/>\nStevie Wonder\u2013\t       Feeding Off The Love Of The Land\t5:53<br \/>\nEric Clapton\u2013\t     That Kind Of Woman\t3:56<br \/>\nRic Ocasek\u2013\t    Goodnight Little One\t5:35<br \/>\nDuane Eddy\u2013\t     The Trembler\t3:32<br \/>\nMike &#038; The Mechanics with Paul Shaffer and The World&#8217;s Most Dangerous Band\u2013\tAin&#8217;t That Peculiar\t3:32<br \/>\nGuns N&#8217; Roses\u2013\t        Civil War\t7:36<\/p>","protected":false},"excerpt":{"rendered":"<p>Warner Bros. Records \u2013 7599-26280-1, Warner Bros. Records \u2013 WX353<br \/>\nFormat:<br \/>\nVinyl, LP, Compilation<br \/>\nCountry:\tUK &#038; Europe<br \/>\nReleased:\t1990<\/p>","protected":false},"featured_media":20159,"template":"","meta":[],"product_cat":[15,906],"product_tag":[44],"yoast_head":"<!-- This site is optimized with the Yoast SEO plugin v23.5 - https:\/\/yoast.com\/wordpress\/plugins\/seo\/ -->\n<title>Various \u2013 Nobody&#039;s Child - Romanian Angel Appeal Vinilin\u0117 Plok\u0161tel\u0117 | Vinilozona.lt<\/title>\n<meta name=\"robots\" content=\"index, follow, max-snippet:-1, max-image-preview:large, max-video-preview:-1\" \/>\n<link rel=\"canonical\" href=\"https:\/\/vinilozona.lt\/en\/parduotuve\/rock-pop\/various-nobodys-child-romanian-angel-appeal\/\" \/>\n<meta property=\"og:locale\" content=\"en_GB\" \/>\n<meta property=\"og:type\" content=\"article\" \/>\n<meta property=\"og:title\" content=\"Various \u2013 Nobody&#039;s Child - Romanian Angel Appeal Vinilin\u0117 Plok\u0161tel\u0117 | Vinilozona.lt\" \/>\n<meta property=\"og:description\" content=\"Warner Bros. Records \u2013 7599-26280-1, Warner Bros. Records \u2013 WX353 Format:  Vinyl, LP, Compilation Country: UK &amp; Europe Released: 1990\" \/>\n<meta property=\"og:url\" content=\"https:\/\/vinilozona.lt\/en\/parduotuve\/rock-pop\/various-nobodys-child-romanian-angel-appeal\/\" \/>\n<meta property=\"og:site_name\" content=\"Vinilo Zona\" \/>\n<meta property=\"article:modified_time\" content=\"2024-04-13T15:38:10+00:00\" \/>\n<meta property=\"og:image\" content=\"https:\/\/vinilozona.lt\/wp-content\/uploads\/2022\/09\/R-2115538-1264871933.jpg\" \/>\n\t<meta property=\"og:image:width\" content=\"595\" \/>\n\t<meta property=\"og:image:height\" content=\"600\" \/>\n\t<meta property=\"og:image:type\" content=\"image\/jpeg\" \/>\n<meta name=\"twitter:card\" content=\"summary_large_image\" \/>\n<script type=\"application\/ld+json\" class=\"yoast-schema-graph\">{\"@context\":\"https:\/\/schema.org\",\"@graph\":[{\"@type\":\"WebPage\",\"@id\":\"https:\/\/vinilozona.lt\/parduotuve\/rock-pop\/various-nobodys-child-romanian-angel-appeal\/\",\"url\":\"https:\/\/vinilozona.lt\/parduotuve\/rock-pop\/various-nobodys-child-romanian-angel-appeal\/\",\"name\":\"Various \u2013 Nobody's Child - Romanian Angel Appeal Vinilin\u0117 Plok\u0161tel\u0117 | Vinilozona.lt\",\"isPartOf\":{\"@id\":\"https:\/\/vinilozona.lt\/#website\"},\"primaryImageOfPage\":{\"@id\":\"https:\/\/vinilozona.lt\/parduotuve\/rock-pop\/various-nobodys-child-romanian-angel-appeal\/#primaryimage\"},\"image\":{\"@id\":\"https:\/\/vinilozona.lt\/parduotuve\/rock-pop\/various-nobodys-child-romanian-angel-appeal\/#primaryimage\"},\"thumbnailUrl\":\"https:\/\/vinilozona.lt\/wp-content\/uploads\/2022\/09\/R-2115538-1264871933.jpg\",\"datePublished\":\"2024-04-13T02:01:02+00:00\",\"dateModified\":\"2024-04-13T15:38:10+00:00\",\"breadcrumb\":{\"@id\":\"https:\/\/vinilozona.lt\/parduotuve\/rock-pop\/various-nobodys-child-romanian-angel-appeal\/#breadcrumb\"},\"inLanguage\":\"en-GB\",\"potentialAction\":[{\"@type\":\"ReadAction\",\"target\":[\"https:\/\/vinilozona.lt\/parduotuve\/rock-pop\/various-nobodys-child-romanian-angel-appeal\/\"]}]},{\"@type\":\"ImageObject\",\"inLanguage\":\"en-GB\",\"@id\":\"https:\/\/vinilozona.lt\/parduotuve\/rock-pop\/various-nobodys-child-romanian-angel-appeal\/#primaryimage\",\"url\":\"https:\/\/vinilozona.lt\/wp-content\/uploads\/2022\/09\/R-2115538-1264871933.jpg\",\"contentUrl\":\"https:\/\/vinilozona.lt\/wp-content\/uploads\/2022\/09\/R-2115538-1264871933.jpg\",\"width\":595,\"height\":600},{\"@type\":\"BreadcrumbList\",\"@id\":\"https:\/\/vinilozona.lt\/parduotuve\/rock-pop\/various-nobodys-child-romanian-angel-appeal\/#breadcrumb\",\"itemListElement\":[{\"@type\":\"ListItem\",\"position\":1,\"name\":\"Home\",\"item\":\"https:\/\/vinilozona.lt\/\"},{\"@type\":\"ListItem\",\"position\":2,\"name\":\"Parduotuv\u0117\",\"item\":\"https:\/\/vinilozona.lt\/parduotuve\/\"},{\"@type\":\"ListItem\",\"position\":3,\"name\":\"Various \u2013 Nobody&#8217;s Child &#8211; Romanian Angel Appeal\"}]},{\"@type\":\"WebSite\",\"@id\":\"https:\/\/vinilozona.lt\/#website\",\"url\":\"https:\/\/vinilozona.lt\/\",\"name\":\"Vinilo Zona\",\"description\":\"Nup\u016bsk dulkes ir klausyk LP\",\"potentialAction\":[{\"@type\":\"SearchAction\",\"target\":{\"@type\":\"EntryPoint\",\"urlTemplate\":\"https:\/\/vinilozona.lt\/?s={search_term_string}\"},\"query-input\":{\"@type\":\"PropertyValueSpecification\",\"valueRequired\":true,\"valueName\":\"search_term_string\"}}],\"inLanguage\":\"en-GB\"}]}<\/script>\n<!-- \/ Yoast SEO plugin. -->","yoast_head_json":{"title":"Various \u2013 Nobody's Child - Romanian Angel Appeal Vinilin\u0117 Plok\u0161tel\u0117 | Vinilozona.lt","robots":{"index":"index","follow":"follow","max-snippet":"max-snippet:-1","max-image-preview":"max-image-preview:large","max-video-preview":"max-video-preview:-1"},"canonical":"https:\/\/vinilozona.lt\/en\/parduotuve\/rock-pop\/various-nobodys-child-romanian-angel-appeal\/","og_locale":"en_GB","og_type":"article","og_title":"Various \u2013 Nobody's Child - Romanian Angel Appeal Vinilin\u0117 Plok\u0161tel\u0117 | Vinilozona.lt","og_description":"Warner Bros. Records \u2013 7599-26280-1, Warner Bros. Records \u2013 WX353 Format:  Vinyl, LP, Compilation Country: UK & Europe Released: 1990","og_url":"https:\/\/vinilozona.lt\/en\/parduotuve\/rock-pop\/various-nobodys-child-romanian-angel-appeal\/","og_site_name":"Vinilo Zona","article_modified_time":"2024-04-13T15:38:10+00:00","og_image":[{"width":595,"height":600,"url":"https:\/\/vinilozona.lt\/wp-content\/uploads\/2022\/09\/R-2115538-1264871933.jpg","type":"image\/jpeg"}],"twitter_card":"summary_large_image","schema":{"@context":"https:\/\/schema.org","@graph":[{"@type":"WebPage","@id":"https:\/\/vinilozona.lt\/parduotuve\/rock-pop\/various-nobodys-child-romanian-angel-appeal\/","url":"https:\/\/vinilozona.lt\/parduotuve\/rock-pop\/various-nobodys-child-romanian-angel-appeal\/","name":"Various \u2013 Nobody's Child - Romanian Angel Appeal Vinilin\u0117 Plok\u0161tel\u0117 | Vinilozona.lt","isPartOf":{"@id":"https:\/\/vinilozona.lt\/#website"},"primaryImageOfPage":{"@id":"https:\/\/vinilozona.lt\/parduotuve\/rock-pop\/various-nobodys-child-romanian-angel-appeal\/#primaryimage"},"image":{"@id":"https:\/\/vinilozona.lt\/parduotuve\/rock-pop\/various-nobodys-child-romanian-angel-appeal\/#primaryimage"},"thumbnailUrl":"https:\/\/vinilozona.lt\/wp-content\/uploads\/2022\/09\/R-2115538-1264871933.jpg","datePublished":"2024-04-13T02:01:02+00:00","dateModified":"2024-04-13T15:38:10+00:00","breadcrumb":{"@id":"https:\/\/vinilozona.lt\/parduotuve\/rock-pop\/various-nobodys-child-romanian-angel-appeal\/#breadcrumb"},"inLanguage":"en-GB","potentialAction":[{"@type":"ReadAction","target":["https:\/\/vinilozona.lt\/parduotuve\/rock-pop\/various-nobodys-child-romanian-angel-appeal\/"]}]},{"@type":"ImageObject","inLanguage":"en-GB","@id":"https:\/\/vinilozona.lt\/parduotuve\/rock-pop\/various-nobodys-child-romanian-angel-appeal\/#primaryimage","url":"https:\/\/vinilozona.lt\/wp-content\/uploads\/2022\/09\/R-2115538-1264871933.jpg","contentUrl":"https:\/\/vinilozona.lt\/wp-content\/uploads\/2022\/09\/R-2115538-1264871933.jpg","width":595,"height":600},{"@type":"BreadcrumbList","@id":"https:\/\/vinilozona.lt\/parduotuve\/rock-pop\/various-nobodys-child-romanian-angel-appeal\/#breadcrumb","itemListElement":[{"@type":"ListItem","position":1,"name":"Home","item":"https:\/\/vinilozona.lt\/"},{"@type":"ListItem","position":2,"name":"Parduotuv\u0117","item":"https:\/\/vinilozona.lt\/parduotuve\/"},{"@type":"ListItem","position":3,"name":"Various \u2013 Nobody&#8217;s Child &#8211; Romanian Angel Appeal"}]},{"@type":"WebSite","@id":"https:\/\/vinilozona.lt\/#website","url":"https:\/\/vinilozona.lt\/","name":"Vinilo Zona","description":"Nup\u016bsk dulkes ir klausyk LP","potentialAction":[{"@type":"SearchAction","target":{"@type":"EntryPoint","urlTemplate":"https:\/\/vinilozona.lt\/?s={search_term_string}"},"query-input":{"@type":"PropertyValueSpecification","valueRequired":true,"valueName":"search_term_string"}}],"inLanguage":"en-GB"}]}},"_links":{"self":[{"href":"https:\/\/vinilozona.lt\/en\/wp-json\/wp\/v2\/product\/20158"}],"collection":[{"href":"https:\/\/vinilozona.lt\/en\/wp-json\/wp\/v2\/product"}],"about":[{"href":"https:\/\/vinilozona.lt\/en\/wp-json\/wp\/v2\/types\/product"}],"wp:featuredmedia":[{"embeddable":true,"href":"https:\/\/vinilozona.lt\/en\/wp-json\/wp\/v2\/media\/20159"}],"wp:attachment":[{"href":"https:\/\/vinilozona.lt\/en\/wp-json\/wp\/v2\/media?parent=20158"}],"wp:term":[{"taxonomy":"product_cat","embeddable":true,"href":"https:\/\/vinilozona.lt\/en\/wp-json\/wp\/v2\/product_cat?post=20158"},{"taxonomy":"product_tag","embeddable":true,"href":"https:\/\/vinilozona.lt\/en\/wp-json\/wp\/v2\/product_tag?post=20158"}],"curies":[{"name":"wp","href":"https:\/\/api.w.org\/{rel}","templated":true}]}}