{"id":20138,"date":"2024-02-09T05:08:33","date_gmt":"2024-02-09T03:08:33","guid":{"rendered":"https:\/\/vinilozona.lt\/?post_type=product&#038;p=20138"},"modified":"2025-01-13T16:21:55","modified_gmt":"2025-01-13T14:21:55","slug":"various-heavy-metal-monsters-black-sabbath-judas-priest-accept-geordie","status":"publish","type":"product","link":"https:\/\/vinilozona.lt\/en\/parduotuve\/rock-pop\/various-heavy-metal-monsters-black-sabbath-judas-priest-accept-geordie\/","title":{"rendered":"Greatest Bossa Nova Collection &#8211; S\u00e9rgio Mendes, Walter Wanderley, Quincy Jones And His Orchestra, Quincy Jones, Lalo Schifrin, Jo\u00e3o Gilberto"},"content":{"rendered":"<p>\t\tSide A<br \/>\n1\tS\u00e9rgio Mendes\u2013\tOba-La-Da<br \/>\n2\tS\u00e9rgio Mendes\u2013\tLove For Sale<br \/>\n3\tS\u00e9rgio Mendes\u2013\tOlhou Para Mim<br \/>\n4\tS\u00e9rgio Mendes\u2013\tOutra Vez<br \/>\n5\tWalter Wanderley\u2013\tO Apito No Samba<br \/>\n6\tWalter Wanderley\u2013\tGimba<br \/>\n7\tWalter Wanderley\u2013\tIo<br \/>\n8\tWalter Wanderley\u2013\tE Dai?<br \/>\n                Side B<br \/>\n1\tQuincy Jones And His Orchestra\u2013\tSoul Bossa Nova<br \/>\n2\tQuincy Jones And His Orchestra\u2013\tDesafinado<br \/>\n3\tQuincy Jones And His Orchestra\u2013\tSe E Tarde Me Pardoa<br \/>\n4\tQuincy Jones, Lalo Schifrin\u2013\tLalo Bossa Nova<br \/>\n5\tJo\u00e3o Gilberto\u2013\tBolinha De Papel<br \/>\n6\tJo\u00e3o Gilberto\u2013\tSamba Da Minha Terra<br \/>\n7\tJo\u00e3o Gilberto\u2013\tDoralice<br \/>\n8\tJo\u00e3o Gilberto\u2013\tVoce E Eu<\/p>","protected":false},"excerpt":{"rendered":"<p>The Legendary Artists \u2013 LA 1028<br \/>\nFormat:<br \/>\nVinyl, LP, Compilation<br \/>\nCountry:\tEurope<br \/>\nReleased:\tDec 16, 2022<br \/>\nGenre:\tJazz, Latin<\/p>","protected":false},"featured_media":24166,"template":"","meta":[],"product_cat":[15,906],"product_tag":[74],"yoast_head":"<!-- This site is optimized with the Yoast SEO plugin v23.5 - https:\/\/yoast.com\/wordpress\/plugins\/seo\/ -->\n<title>Greatest Bossa Nova Collection - S\u00e9rgio Mendes, Walter Wanderley, Quincy Jones And His Orchestra, Quincy Jones, Lalo Schifrin, Jo\u00e3o Gilberto Vinilin\u0117 Plok\u0161tel\u0117 | Vinilozona.lt<\/title>\n<meta name=\"robots\" content=\"index, follow, max-snippet:-1, max-image-preview:large, max-video-preview:-1\" \/>\n<link rel=\"canonical\" href=\"https:\/\/vinilozona.lt\/en\/parduotuve\/rock-pop\/various-heavy-metal-monsters-black-sabbath-judas-priest-accept-geordie\/\" \/>\n<meta property=\"og:locale\" content=\"en_GB\" \/>\n<meta property=\"og:type\" content=\"article\" \/>\n<meta property=\"og:title\" content=\"Greatest Bossa Nova Collection - S\u00e9rgio Mendes, Walter Wanderley, Quincy Jones And His Orchestra, Quincy Jones, Lalo Schifrin, Jo\u00e3o Gilberto Vinilin\u0117 Plok\u0161tel\u0117 | Vinilozona.lt\" \/>\n<meta property=\"og:description\" content=\"The Legendary Artists \u2013 LA 1028 Format:  Vinyl, LP, Compilation Country: Europe Released: Dec 16, 2022 Genre: Jazz, Latin\" \/>\n<meta property=\"og:url\" content=\"https:\/\/vinilozona.lt\/en\/parduotuve\/rock-pop\/various-heavy-metal-monsters-black-sabbath-judas-priest-accept-geordie\/\" \/>\n<meta property=\"og:site_name\" content=\"Vinilo Zona\" \/>\n<meta property=\"article:modified_time\" content=\"2025-01-13T14:21:55+00:00\" \/>\n<meta property=\"og:image\" content=\"https:\/\/vinilozona.lt\/wp-content\/uploads\/2023\/12\/R-26070226-1676150356-1395.jpg\" \/>\n\t<meta property=\"og:image:width\" content=\"600\" \/>\n\t<meta property=\"og:image:height\" content=\"600\" \/>\n\t<meta property=\"og:image:type\" content=\"image\/jpeg\" \/>\n<meta name=\"twitter:card\" content=\"summary_large_image\" \/>\n<script type=\"application\/ld+json\" class=\"yoast-schema-graph\">{\"@context\":\"https:\/\/schema.org\",\"@graph\":[{\"@type\":\"WebPage\",\"@id\":\"https:\/\/vinilozona.lt\/parduotuve\/rock-pop\/various-heavy-metal-monsters-black-sabbath-judas-priest-accept-geordie\/\",\"url\":\"https:\/\/vinilozona.lt\/parduotuve\/rock-pop\/various-heavy-metal-monsters-black-sabbath-judas-priest-accept-geordie\/\",\"name\":\"Greatest Bossa Nova Collection - S\u00e9rgio Mendes, Walter Wanderley, Quincy Jones And His Orchestra, Quincy Jones, Lalo Schifrin, Jo\u00e3o Gilberto Vinilin\u0117 Plok\u0161tel\u0117 | Vinilozona.lt\",\"isPartOf\":{\"@id\":\"https:\/\/vinilozona.lt\/#website\"},\"primaryImageOfPage\":{\"@id\":\"https:\/\/vinilozona.lt\/parduotuve\/rock-pop\/various-heavy-metal-monsters-black-sabbath-judas-priest-accept-geordie\/#primaryimage\"},\"image\":{\"@id\":\"https:\/\/vinilozona.lt\/parduotuve\/rock-pop\/various-heavy-metal-monsters-black-sabbath-judas-priest-accept-geordie\/#primaryimage\"},\"thumbnailUrl\":\"https:\/\/vinilozona.lt\/wp-content\/uploads\/2023\/12\/R-26070226-1676150356-1395.jpg\",\"datePublished\":\"2024-02-09T03:08:33+00:00\",\"dateModified\":\"2025-01-13T14:21:55+00:00\",\"breadcrumb\":{\"@id\":\"https:\/\/vinilozona.lt\/parduotuve\/rock-pop\/various-heavy-metal-monsters-black-sabbath-judas-priest-accept-geordie\/#breadcrumb\"},\"inLanguage\":\"en-GB\",\"potentialAction\":[{\"@type\":\"ReadAction\",\"target\":[\"https:\/\/vinilozona.lt\/parduotuve\/rock-pop\/various-heavy-metal-monsters-black-sabbath-judas-priest-accept-geordie\/\"]}]},{\"@type\":\"ImageObject\",\"inLanguage\":\"en-GB\",\"@id\":\"https:\/\/vinilozona.lt\/parduotuve\/rock-pop\/various-heavy-metal-monsters-black-sabbath-judas-priest-accept-geordie\/#primaryimage\",\"url\":\"https:\/\/vinilozona.lt\/wp-content\/uploads\/2023\/12\/R-26070226-1676150356-1395.jpg\",\"contentUrl\":\"https:\/\/vinilozona.lt\/wp-content\/uploads\/2023\/12\/R-26070226-1676150356-1395.jpg\",\"width\":600,\"height\":600},{\"@type\":\"BreadcrumbList\",\"@id\":\"https:\/\/vinilozona.lt\/parduotuve\/rock-pop\/various-heavy-metal-monsters-black-sabbath-judas-priest-accept-geordie\/#breadcrumb\",\"itemListElement\":[{\"@type\":\"ListItem\",\"position\":1,\"name\":\"Home\",\"item\":\"https:\/\/vinilozona.lt\/\"},{\"@type\":\"ListItem\",\"position\":2,\"name\":\"Parduotuv\u0117\",\"item\":\"https:\/\/vinilozona.lt\/parduotuve\/\"},{\"@type\":\"ListItem\",\"position\":3,\"name\":\"Greatest Bossa Nova Collection &#8211; S\u00e9rgio Mendes, Walter Wanderley, Quincy Jones And His Orchestra, Quincy Jones, Lalo Schifrin, Jo\u00e3o Gilberto\"}]},{\"@type\":\"WebSite\",\"@id\":\"https:\/\/vinilozona.lt\/#website\",\"url\":\"https:\/\/vinilozona.lt\/\",\"name\":\"Vinilo Zona\",\"description\":\"Nup\u016bsk dulkes ir klausyk LP\",\"potentialAction\":[{\"@type\":\"SearchAction\",\"target\":{\"@type\":\"EntryPoint\",\"urlTemplate\":\"https:\/\/vinilozona.lt\/?s={search_term_string}\"},\"query-input\":{\"@type\":\"PropertyValueSpecification\",\"valueRequired\":true,\"valueName\":\"search_term_string\"}}],\"inLanguage\":\"en-GB\"}]}<\/script>\n<!-- \/ Yoast SEO plugin. -->","yoast_head_json":{"title":"Greatest Bossa Nova Collection - S\u00e9rgio Mendes, Walter Wanderley, Quincy Jones And His Orchestra, Quincy Jones, Lalo Schifrin, Jo\u00e3o Gilberto Vinilin\u0117 Plok\u0161tel\u0117 | Vinilozona.lt","robots":{"index":"index","follow":"follow","max-snippet":"max-snippet:-1","max-image-preview":"max-image-preview:large","max-video-preview":"max-video-preview:-1"},"canonical":"https:\/\/vinilozona.lt\/en\/parduotuve\/rock-pop\/various-heavy-metal-monsters-black-sabbath-judas-priest-accept-geordie\/","og_locale":"en_GB","og_type":"article","og_title":"Greatest Bossa Nova Collection - S\u00e9rgio Mendes, Walter Wanderley, Quincy Jones And His Orchestra, Quincy Jones, Lalo Schifrin, Jo\u00e3o Gilberto Vinilin\u0117 Plok\u0161tel\u0117 | Vinilozona.lt","og_description":"The Legendary Artists \u2013 LA 1028 Format:  Vinyl, LP, Compilation Country: Europe Released: Dec 16, 2022 Genre: Jazz, Latin","og_url":"https:\/\/vinilozona.lt\/en\/parduotuve\/rock-pop\/various-heavy-metal-monsters-black-sabbath-judas-priest-accept-geordie\/","og_site_name":"Vinilo Zona","article_modified_time":"2025-01-13T14:21:55+00:00","og_image":[{"width":600,"height":600,"url":"https:\/\/vinilozona.lt\/wp-content\/uploads\/2023\/12\/R-26070226-1676150356-1395.jpg","type":"image\/jpeg"}],"twitter_card":"summary_large_image","schema":{"@context":"https:\/\/schema.org","@graph":[{"@type":"WebPage","@id":"https:\/\/vinilozona.lt\/parduotuve\/rock-pop\/various-heavy-metal-monsters-black-sabbath-judas-priest-accept-geordie\/","url":"https:\/\/vinilozona.lt\/parduotuve\/rock-pop\/various-heavy-metal-monsters-black-sabbath-judas-priest-accept-geordie\/","name":"Greatest Bossa Nova Collection - S\u00e9rgio Mendes, Walter Wanderley, Quincy Jones And His Orchestra, Quincy Jones, Lalo Schifrin, Jo\u00e3o Gilberto Vinilin\u0117 Plok\u0161tel\u0117 | Vinilozona.lt","isPartOf":{"@id":"https:\/\/vinilozona.lt\/#website"},"primaryImageOfPage":{"@id":"https:\/\/vinilozona.lt\/parduotuve\/rock-pop\/various-heavy-metal-monsters-black-sabbath-judas-priest-accept-geordie\/#primaryimage"},"image":{"@id":"https:\/\/vinilozona.lt\/parduotuve\/rock-pop\/various-heavy-metal-monsters-black-sabbath-judas-priest-accept-geordie\/#primaryimage"},"thumbnailUrl":"https:\/\/vinilozona.lt\/wp-content\/uploads\/2023\/12\/R-26070226-1676150356-1395.jpg","datePublished":"2024-02-09T03:08:33+00:00","dateModified":"2025-01-13T14:21:55+00:00","breadcrumb":{"@id":"https:\/\/vinilozona.lt\/parduotuve\/rock-pop\/various-heavy-metal-monsters-black-sabbath-judas-priest-accept-geordie\/#breadcrumb"},"inLanguage":"en-GB","potentialAction":[{"@type":"ReadAction","target":["https:\/\/vinilozona.lt\/parduotuve\/rock-pop\/various-heavy-metal-monsters-black-sabbath-judas-priest-accept-geordie\/"]}]},{"@type":"ImageObject","inLanguage":"en-GB","@id":"https:\/\/vinilozona.lt\/parduotuve\/rock-pop\/various-heavy-metal-monsters-black-sabbath-judas-priest-accept-geordie\/#primaryimage","url":"https:\/\/vinilozona.lt\/wp-content\/uploads\/2023\/12\/R-26070226-1676150356-1395.jpg","contentUrl":"https:\/\/vinilozona.lt\/wp-content\/uploads\/2023\/12\/R-26070226-1676150356-1395.jpg","width":600,"height":600},{"@type":"BreadcrumbList","@id":"https:\/\/vinilozona.lt\/parduotuve\/rock-pop\/various-heavy-metal-monsters-black-sabbath-judas-priest-accept-geordie\/#breadcrumb","itemListElement":[{"@type":"ListItem","position":1,"name":"Home","item":"https:\/\/vinilozona.lt\/"},{"@type":"ListItem","position":2,"name":"Parduotuv\u0117","item":"https:\/\/vinilozona.lt\/parduotuve\/"},{"@type":"ListItem","position":3,"name":"Greatest Bossa Nova Collection &#8211; S\u00e9rgio Mendes, Walter Wanderley, Quincy Jones And His Orchestra, Quincy Jones, Lalo Schifrin, Jo\u00e3o Gilberto"}]},{"@type":"WebSite","@id":"https:\/\/vinilozona.lt\/#website","url":"https:\/\/vinilozona.lt\/","name":"Vinilo Zona","description":"Nup\u016bsk dulkes ir klausyk LP","potentialAction":[{"@type":"SearchAction","target":{"@type":"EntryPoint","urlTemplate":"https:\/\/vinilozona.lt\/?s={search_term_string}"},"query-input":{"@type":"PropertyValueSpecification","valueRequired":true,"valueName":"search_term_string"}}],"inLanguage":"en-GB"}]}},"_links":{"self":[{"href":"https:\/\/vinilozona.lt\/en\/wp-json\/wp\/v2\/product\/20138"}],"collection":[{"href":"https:\/\/vinilozona.lt\/en\/wp-json\/wp\/v2\/product"}],"about":[{"href":"https:\/\/vinilozona.lt\/en\/wp-json\/wp\/v2\/types\/product"}],"wp:featuredmedia":[{"embeddable":true,"href":"https:\/\/vinilozona.lt\/en\/wp-json\/wp\/v2\/media\/24166"}],"wp:attachment":[{"href":"https:\/\/vinilozona.lt\/en\/wp-json\/wp\/v2\/media?parent=20138"}],"wp:term":[{"taxonomy":"product_cat","embeddable":true,"href":"https:\/\/vinilozona.lt\/en\/wp-json\/wp\/v2\/product_cat?post=20138"},{"taxonomy":"product_tag","embeddable":true,"href":"https:\/\/vinilozona.lt\/en\/wp-json\/wp\/v2\/product_tag?post=20138"}],"curies":[{"name":"wp","href":"https:\/\/api.w.org\/{rel}","templated":true}]}}