{"id":20131,"date":"2025-05-31T04:03:02","date_gmt":"2025-05-31T01:03:02","guid":{"rendered":"https:\/\/vinilozona.lt\/?post_type=product&#038;p=20131"},"modified":"2026-02-01T10:11:01","modified_gmt":"2026-02-01T08:11:01","slug":"culture-club-kissing-to-be-clever","status":"publish","type":"product","link":"https:\/\/vinilozona.lt\/en\/parduotuve\/rock-pop\/culture-club-kissing-to-be-clever\/","title":{"rendered":"Culture Club \u2013 Kissing To Be Clever"},"content":{"rendered":"<p>A1\t\tWhite Boy (Dance Mix)\t4:40<br \/>\nA2\t\tYou Know I&#8217;m Not Crazy\t3:35<br \/>\nA3\t\tI&#8217;ll Tumble 4 Ya\t2:34<br \/>\nA4\t\tTake Control\t3:11<br \/>\nA5\t\tLove Twist  4:23<br \/>\nB1\t\tBoy, Boy (I&#8217;m The Boy)\t3:51<br \/>\nB2\t\tI&#8217;m Afraid Of Me (Remix)\t3:17<br \/>\nB3\t\tWhite Boys Can&#8217;t Control It\t3:43<br \/>\nB4\t\tDo You Really Want To Hurt Me  4:21<\/p>","protected":false},"excerpt":{"rendered":"<p>Virgin \u2013 204 958, Virgin \u2013 204 958-320<br \/>\nFormat:<br \/>\nVinyl, LP, Album, Stereo<br \/>\nCountry:\tEurope<br \/>\nReleased:\t1982<\/p>","protected":false},"featured_media":20132,"template":"","meta":[],"product_cat":[15],"product_tag":[44],"yoast_head":"<!-- This site is optimized with the Yoast SEO plugin v23.5 - https:\/\/yoast.com\/wordpress\/plugins\/seo\/ -->\n<title>Culture Club \u2013 Kissing To Be Clever Vinilin\u0117 Plok\u0161tel\u0117 | Vinilozona.lt<\/title>\n<meta name=\"robots\" content=\"index, follow, max-snippet:-1, max-image-preview:large, max-video-preview:-1\" \/>\n<link rel=\"canonical\" href=\"https:\/\/vinilozona.lt\/en\/parduotuve\/rock-pop\/culture-club-kissing-to-be-clever\/\" \/>\n<meta property=\"og:locale\" content=\"en_GB\" \/>\n<meta property=\"og:type\" content=\"article\" \/>\n<meta property=\"og:title\" content=\"Culture Club \u2013 Kissing To Be Clever Vinilin\u0117 Plok\u0161tel\u0117 | Vinilozona.lt\" \/>\n<meta property=\"og:description\" content=\"Virgin \u2013 204 958, Virgin \u2013 204 958-320 Format:  Vinyl, LP, Album, Stereo Country: Europe Released: 1982\" \/>\n<meta property=\"og:url\" content=\"https:\/\/vinilozona.lt\/en\/parduotuve\/rock-pop\/culture-club-kissing-to-be-clever\/\" \/>\n<meta property=\"og:site_name\" content=\"Vinilo Zona\" \/>\n<meta property=\"article:modified_time\" content=\"2026-02-01T08:11:01+00:00\" \/>\n<meta property=\"og:image\" content=\"https:\/\/vinilozona.lt\/wp-content\/uploads\/2022\/09\/R-658431-1518029280-8533.jpg\" \/>\n\t<meta property=\"og:image:width\" content=\"599\" \/>\n\t<meta property=\"og:image:height\" content=\"600\" \/>\n\t<meta property=\"og:image:type\" content=\"image\/jpeg\" \/>\n<meta name=\"twitter:card\" content=\"summary_large_image\" \/>\n<script type=\"application\/ld+json\" class=\"yoast-schema-graph\">{\"@context\":\"https:\/\/schema.org\",\"@graph\":[{\"@type\":\"WebPage\",\"@id\":\"https:\/\/vinilozona.lt\/parduotuve\/rock-pop\/culture-club-kissing-to-be-clever\/\",\"url\":\"https:\/\/vinilozona.lt\/parduotuve\/rock-pop\/culture-club-kissing-to-be-clever\/\",\"name\":\"Culture Club \u2013 Kissing To Be Clever Vinilin\u0117 Plok\u0161tel\u0117 | Vinilozona.lt\",\"isPartOf\":{\"@id\":\"https:\/\/vinilozona.lt\/#website\"},\"primaryImageOfPage\":{\"@id\":\"https:\/\/vinilozona.lt\/parduotuve\/rock-pop\/culture-club-kissing-to-be-clever\/#primaryimage\"},\"image\":{\"@id\":\"https:\/\/vinilozona.lt\/parduotuve\/rock-pop\/culture-club-kissing-to-be-clever\/#primaryimage\"},\"thumbnailUrl\":\"https:\/\/vinilozona.lt\/wp-content\/uploads\/2022\/09\/R-658431-1518029280-8533.jpg\",\"datePublished\":\"2025-05-31T01:03:02+00:00\",\"dateModified\":\"2026-02-01T08:11:01+00:00\",\"breadcrumb\":{\"@id\":\"https:\/\/vinilozona.lt\/parduotuve\/rock-pop\/culture-club-kissing-to-be-clever\/#breadcrumb\"},\"inLanguage\":\"en-GB\",\"potentialAction\":[{\"@type\":\"ReadAction\",\"target\":[\"https:\/\/vinilozona.lt\/parduotuve\/rock-pop\/culture-club-kissing-to-be-clever\/\"]}]},{\"@type\":\"ImageObject\",\"inLanguage\":\"en-GB\",\"@id\":\"https:\/\/vinilozona.lt\/parduotuve\/rock-pop\/culture-club-kissing-to-be-clever\/#primaryimage\",\"url\":\"https:\/\/vinilozona.lt\/wp-content\/uploads\/2022\/09\/R-658431-1518029280-8533.jpg\",\"contentUrl\":\"https:\/\/vinilozona.lt\/wp-content\/uploads\/2022\/09\/R-658431-1518029280-8533.jpg\",\"width\":599,\"height\":600},{\"@type\":\"BreadcrumbList\",\"@id\":\"https:\/\/vinilozona.lt\/parduotuve\/rock-pop\/culture-club-kissing-to-be-clever\/#breadcrumb\",\"itemListElement\":[{\"@type\":\"ListItem\",\"position\":1,\"name\":\"Home\",\"item\":\"https:\/\/vinilozona.lt\/\"},{\"@type\":\"ListItem\",\"position\":2,\"name\":\"Parduotuv\u0117\",\"item\":\"https:\/\/vinilozona.lt\/parduotuve\/\"},{\"@type\":\"ListItem\",\"position\":3,\"name\":\"Culture Club \u2013 Kissing To Be Clever\"}]},{\"@type\":\"WebSite\",\"@id\":\"https:\/\/vinilozona.lt\/#website\",\"url\":\"https:\/\/vinilozona.lt\/\",\"name\":\"Vinilo Zona\",\"description\":\"Nup\u016bsk dulkes ir klausyk LP\",\"potentialAction\":[{\"@type\":\"SearchAction\",\"target\":{\"@type\":\"EntryPoint\",\"urlTemplate\":\"https:\/\/vinilozona.lt\/?s={search_term_string}\"},\"query-input\":{\"@type\":\"PropertyValueSpecification\",\"valueRequired\":true,\"valueName\":\"search_term_string\"}}],\"inLanguage\":\"en-GB\"}]}<\/script>\n<!-- \/ Yoast SEO plugin. -->","yoast_head_json":{"title":"Culture Club \u2013 Kissing To Be Clever Vinilin\u0117 Plok\u0161tel\u0117 | Vinilozona.lt","robots":{"index":"index","follow":"follow","max-snippet":"max-snippet:-1","max-image-preview":"max-image-preview:large","max-video-preview":"max-video-preview:-1"},"canonical":"https:\/\/vinilozona.lt\/en\/parduotuve\/rock-pop\/culture-club-kissing-to-be-clever\/","og_locale":"en_GB","og_type":"article","og_title":"Culture Club \u2013 Kissing To Be Clever Vinilin\u0117 Plok\u0161tel\u0117 | Vinilozona.lt","og_description":"Virgin \u2013 204 958, Virgin \u2013 204 958-320 Format:  Vinyl, LP, Album, Stereo Country: Europe Released: 1982","og_url":"https:\/\/vinilozona.lt\/en\/parduotuve\/rock-pop\/culture-club-kissing-to-be-clever\/","og_site_name":"Vinilo Zona","article_modified_time":"2026-02-01T08:11:01+00:00","og_image":[{"width":599,"height":600,"url":"https:\/\/vinilozona.lt\/wp-content\/uploads\/2022\/09\/R-658431-1518029280-8533.jpg","type":"image\/jpeg"}],"twitter_card":"summary_large_image","schema":{"@context":"https:\/\/schema.org","@graph":[{"@type":"WebPage","@id":"https:\/\/vinilozona.lt\/parduotuve\/rock-pop\/culture-club-kissing-to-be-clever\/","url":"https:\/\/vinilozona.lt\/parduotuve\/rock-pop\/culture-club-kissing-to-be-clever\/","name":"Culture Club \u2013 Kissing To Be Clever Vinilin\u0117 Plok\u0161tel\u0117 | Vinilozona.lt","isPartOf":{"@id":"https:\/\/vinilozona.lt\/#website"},"primaryImageOfPage":{"@id":"https:\/\/vinilozona.lt\/parduotuve\/rock-pop\/culture-club-kissing-to-be-clever\/#primaryimage"},"image":{"@id":"https:\/\/vinilozona.lt\/parduotuve\/rock-pop\/culture-club-kissing-to-be-clever\/#primaryimage"},"thumbnailUrl":"https:\/\/vinilozona.lt\/wp-content\/uploads\/2022\/09\/R-658431-1518029280-8533.jpg","datePublished":"2025-05-31T01:03:02+00:00","dateModified":"2026-02-01T08:11:01+00:00","breadcrumb":{"@id":"https:\/\/vinilozona.lt\/parduotuve\/rock-pop\/culture-club-kissing-to-be-clever\/#breadcrumb"},"inLanguage":"en-GB","potentialAction":[{"@type":"ReadAction","target":["https:\/\/vinilozona.lt\/parduotuve\/rock-pop\/culture-club-kissing-to-be-clever\/"]}]},{"@type":"ImageObject","inLanguage":"en-GB","@id":"https:\/\/vinilozona.lt\/parduotuve\/rock-pop\/culture-club-kissing-to-be-clever\/#primaryimage","url":"https:\/\/vinilozona.lt\/wp-content\/uploads\/2022\/09\/R-658431-1518029280-8533.jpg","contentUrl":"https:\/\/vinilozona.lt\/wp-content\/uploads\/2022\/09\/R-658431-1518029280-8533.jpg","width":599,"height":600},{"@type":"BreadcrumbList","@id":"https:\/\/vinilozona.lt\/parduotuve\/rock-pop\/culture-club-kissing-to-be-clever\/#breadcrumb","itemListElement":[{"@type":"ListItem","position":1,"name":"Home","item":"https:\/\/vinilozona.lt\/"},{"@type":"ListItem","position":2,"name":"Parduotuv\u0117","item":"https:\/\/vinilozona.lt\/parduotuve\/"},{"@type":"ListItem","position":3,"name":"Culture Club \u2013 Kissing To Be Clever"}]},{"@type":"WebSite","@id":"https:\/\/vinilozona.lt\/#website","url":"https:\/\/vinilozona.lt\/","name":"Vinilo Zona","description":"Nup\u016bsk dulkes ir klausyk LP","potentialAction":[{"@type":"SearchAction","target":{"@type":"EntryPoint","urlTemplate":"https:\/\/vinilozona.lt\/?s={search_term_string}"},"query-input":{"@type":"PropertyValueSpecification","valueRequired":true,"valueName":"search_term_string"}}],"inLanguage":"en-GB"}]}},"_links":{"self":[{"href":"https:\/\/vinilozona.lt\/en\/wp-json\/wp\/v2\/product\/20131"}],"collection":[{"href":"https:\/\/vinilozona.lt\/en\/wp-json\/wp\/v2\/product"}],"about":[{"href":"https:\/\/vinilozona.lt\/en\/wp-json\/wp\/v2\/types\/product"}],"wp:featuredmedia":[{"embeddable":true,"href":"https:\/\/vinilozona.lt\/en\/wp-json\/wp\/v2\/media\/20132"}],"wp:attachment":[{"href":"https:\/\/vinilozona.lt\/en\/wp-json\/wp\/v2\/media?parent=20131"}],"wp:term":[{"taxonomy":"product_cat","embeddable":true,"href":"https:\/\/vinilozona.lt\/en\/wp-json\/wp\/v2\/product_cat?post=20131"},{"taxonomy":"product_tag","embeddable":true,"href":"https:\/\/vinilozona.lt\/en\/wp-json\/wp\/v2\/product_tag?post=20131"}],"curies":[{"name":"wp","href":"https:\/\/api.w.org\/{rel}","templated":true}]}}