{"id":20108,"date":"2024-10-26T05:06:05","date_gmt":"2024-10-26T02:06:05","guid":{"rendered":"https:\/\/vinilozona.lt\/?post_type=product&#038;p=20108"},"modified":"2025-02-24T20:29:59","modified_gmt":"2025-02-24T18:29:59","slug":"bruce-dickinson-tattooed-millionaire","status":"publish","type":"product","link":"https:\/\/vinilozona.lt\/en\/parduotuve\/naujos-lp\/bruce-dickinson-tattooed-millionaire\/","title":{"rendered":"Bruce Dickinson \u2013 Tattooed Millionaire"},"content":{"rendered":"<p>A1\t\tSon Of A Gun\t5:52<br \/>\nA2\t\tTattooed Millionaire\t4:25<br \/>\nA3\t\tBorn In &#8217;58\t3:37<br \/>\nA4\t\tHell On Wheels\t3:36<br \/>\nA5\t\tGypsy Road\t3:59<br \/>\nB1\t\tDive! Dive! Dive!\t4:39<br \/>\nB2\t\tAll The Young Dudes  3:46<br \/>\nB3\t\tLickin&#8217; The Gun\t3:16<br \/>\nB4\t\tZulu Lulu\t3:24<br \/>\nB5\t\tNo Lies\t6:16<\/p>","protected":false},"excerpt":{"rendered":"<p>BMG \u2013 BMGCAT107LP, Sanctuary Records \u2013 BMGCAT107LP<br \/>\nFormat:<br \/>\nVinyl, LP, Album, Reissue, Gatefold Sleeve<br \/>\nCountry:\tEurope<br \/>\nReleased:\tOct 27, 2017<\/p>","protected":false},"featured_media":20109,"template":"","meta":[],"product_cat":[23],"product_tag":[74],"yoast_head":"<!-- This site is optimized with the Yoast SEO plugin v23.5 - https:\/\/yoast.com\/wordpress\/plugins\/seo\/ -->\n<title>Bruce Dickinson \u2013 Tattooed Millionaire Vinilin\u0117 Plok\u0161tel\u0117 | Vinilozona.lt<\/title>\n<meta name=\"robots\" content=\"index, follow, max-snippet:-1, max-image-preview:large, max-video-preview:-1\" \/>\n<link rel=\"canonical\" href=\"https:\/\/vinilozona.lt\/en\/parduotuve\/naujos-lp\/bruce-dickinson-tattooed-millionaire\/\" \/>\n<meta property=\"og:locale\" content=\"en_GB\" \/>\n<meta property=\"og:type\" content=\"article\" \/>\n<meta property=\"og:title\" content=\"Bruce Dickinson \u2013 Tattooed Millionaire Vinilin\u0117 Plok\u0161tel\u0117 | Vinilozona.lt\" \/>\n<meta property=\"og:description\" content=\"BMG \u2013 BMGCAT107LP, Sanctuary Records \u2013 BMGCAT107LP Format:  Vinyl, LP, Album, Reissue, Gatefold Sleeve Country: Europe Released: Oct 27, 2017\" \/>\n<meta property=\"og:url\" content=\"https:\/\/vinilozona.lt\/en\/parduotuve\/naujos-lp\/bruce-dickinson-tattooed-millionaire\/\" \/>\n<meta property=\"og:site_name\" content=\"Vinilo Zona\" \/>\n<meta property=\"article:modified_time\" content=\"2025-02-24T18:29:59+00:00\" \/>\n<meta property=\"og:image\" content=\"https:\/\/vinilozona.lt\/wp-content\/uploads\/2022\/08\/R-11065365-1509642052-1345.jpg\" \/>\n\t<meta property=\"og:image:width\" content=\"600\" \/>\n\t<meta property=\"og:image:height\" content=\"600\" \/>\n\t<meta property=\"og:image:type\" content=\"image\/jpeg\" \/>\n<meta name=\"twitter:card\" content=\"summary_large_image\" \/>\n<meta name=\"twitter:label1\" content=\"Estimated reading time\" \/>\n\t<meta name=\"twitter:data1\" content=\"1 minute\" \/>\n<script type=\"application\/ld+json\" class=\"yoast-schema-graph\">{\"@context\":\"https:\/\/schema.org\",\"@graph\":[{\"@type\":\"WebPage\",\"@id\":\"https:\/\/vinilozona.lt\/parduotuve\/naujos-lp\/bruce-dickinson-tattooed-millionaire\/\",\"url\":\"https:\/\/vinilozona.lt\/parduotuve\/naujos-lp\/bruce-dickinson-tattooed-millionaire\/\",\"name\":\"Bruce Dickinson \u2013 Tattooed Millionaire Vinilin\u0117 Plok\u0161tel\u0117 | Vinilozona.lt\",\"isPartOf\":{\"@id\":\"https:\/\/vinilozona.lt\/#website\"},\"primaryImageOfPage\":{\"@id\":\"https:\/\/vinilozona.lt\/parduotuve\/naujos-lp\/bruce-dickinson-tattooed-millionaire\/#primaryimage\"},\"image\":{\"@id\":\"https:\/\/vinilozona.lt\/parduotuve\/naujos-lp\/bruce-dickinson-tattooed-millionaire\/#primaryimage\"},\"thumbnailUrl\":\"https:\/\/vinilozona.lt\/wp-content\/uploads\/2022\/08\/R-11065365-1509642052-1345.jpg\",\"datePublished\":\"2024-10-26T02:06:05+00:00\",\"dateModified\":\"2025-02-24T18:29:59+00:00\",\"breadcrumb\":{\"@id\":\"https:\/\/vinilozona.lt\/parduotuve\/naujos-lp\/bruce-dickinson-tattooed-millionaire\/#breadcrumb\"},\"inLanguage\":\"en-GB\",\"potentialAction\":[{\"@type\":\"ReadAction\",\"target\":[\"https:\/\/vinilozona.lt\/parduotuve\/naujos-lp\/bruce-dickinson-tattooed-millionaire\/\"]}]},{\"@type\":\"ImageObject\",\"inLanguage\":\"en-GB\",\"@id\":\"https:\/\/vinilozona.lt\/parduotuve\/naujos-lp\/bruce-dickinson-tattooed-millionaire\/#primaryimage\",\"url\":\"https:\/\/vinilozona.lt\/wp-content\/uploads\/2022\/08\/R-11065365-1509642052-1345.jpg\",\"contentUrl\":\"https:\/\/vinilozona.lt\/wp-content\/uploads\/2022\/08\/R-11065365-1509642052-1345.jpg\",\"width\":600,\"height\":600},{\"@type\":\"BreadcrumbList\",\"@id\":\"https:\/\/vinilozona.lt\/parduotuve\/naujos-lp\/bruce-dickinson-tattooed-millionaire\/#breadcrumb\",\"itemListElement\":[{\"@type\":\"ListItem\",\"position\":1,\"name\":\"Home\",\"item\":\"https:\/\/vinilozona.lt\/\"},{\"@type\":\"ListItem\",\"position\":2,\"name\":\"Parduotuv\u0117\",\"item\":\"https:\/\/vinilozona.lt\/parduotuve\/\"},{\"@type\":\"ListItem\",\"position\":3,\"name\":\"Bruce Dickinson \u2013 Tattooed Millionaire\"}]},{\"@type\":\"WebSite\",\"@id\":\"https:\/\/vinilozona.lt\/#website\",\"url\":\"https:\/\/vinilozona.lt\/\",\"name\":\"Vinilo Zona\",\"description\":\"Nup\u016bsk dulkes ir klausyk LP\",\"potentialAction\":[{\"@type\":\"SearchAction\",\"target\":{\"@type\":\"EntryPoint\",\"urlTemplate\":\"https:\/\/vinilozona.lt\/?s={search_term_string}\"},\"query-input\":{\"@type\":\"PropertyValueSpecification\",\"valueRequired\":true,\"valueName\":\"search_term_string\"}}],\"inLanguage\":\"en-GB\"}]}<\/script>\n<!-- \/ Yoast SEO plugin. -->","yoast_head_json":{"title":"Bruce Dickinson \u2013 Tattooed Millionaire Vinilin\u0117 Plok\u0161tel\u0117 | Vinilozona.lt","robots":{"index":"index","follow":"follow","max-snippet":"max-snippet:-1","max-image-preview":"max-image-preview:large","max-video-preview":"max-video-preview:-1"},"canonical":"https:\/\/vinilozona.lt\/en\/parduotuve\/naujos-lp\/bruce-dickinson-tattooed-millionaire\/","og_locale":"en_GB","og_type":"article","og_title":"Bruce Dickinson \u2013 Tattooed Millionaire Vinilin\u0117 Plok\u0161tel\u0117 | Vinilozona.lt","og_description":"BMG \u2013 BMGCAT107LP, Sanctuary Records \u2013 BMGCAT107LP Format:  Vinyl, LP, Album, Reissue, Gatefold Sleeve Country: Europe Released: Oct 27, 2017","og_url":"https:\/\/vinilozona.lt\/en\/parduotuve\/naujos-lp\/bruce-dickinson-tattooed-millionaire\/","og_site_name":"Vinilo Zona","article_modified_time":"2025-02-24T18:29:59+00:00","og_image":[{"width":600,"height":600,"url":"https:\/\/vinilozona.lt\/wp-content\/uploads\/2022\/08\/R-11065365-1509642052-1345.jpg","type":"image\/jpeg"}],"twitter_card":"summary_large_image","twitter_misc":{"Estimated reading time":"1 minute"},"schema":{"@context":"https:\/\/schema.org","@graph":[{"@type":"WebPage","@id":"https:\/\/vinilozona.lt\/parduotuve\/naujos-lp\/bruce-dickinson-tattooed-millionaire\/","url":"https:\/\/vinilozona.lt\/parduotuve\/naujos-lp\/bruce-dickinson-tattooed-millionaire\/","name":"Bruce Dickinson \u2013 Tattooed Millionaire Vinilin\u0117 Plok\u0161tel\u0117 | Vinilozona.lt","isPartOf":{"@id":"https:\/\/vinilozona.lt\/#website"},"primaryImageOfPage":{"@id":"https:\/\/vinilozona.lt\/parduotuve\/naujos-lp\/bruce-dickinson-tattooed-millionaire\/#primaryimage"},"image":{"@id":"https:\/\/vinilozona.lt\/parduotuve\/naujos-lp\/bruce-dickinson-tattooed-millionaire\/#primaryimage"},"thumbnailUrl":"https:\/\/vinilozona.lt\/wp-content\/uploads\/2022\/08\/R-11065365-1509642052-1345.jpg","datePublished":"2024-10-26T02:06:05+00:00","dateModified":"2025-02-24T18:29:59+00:00","breadcrumb":{"@id":"https:\/\/vinilozona.lt\/parduotuve\/naujos-lp\/bruce-dickinson-tattooed-millionaire\/#breadcrumb"},"inLanguage":"en-GB","potentialAction":[{"@type":"ReadAction","target":["https:\/\/vinilozona.lt\/parduotuve\/naujos-lp\/bruce-dickinson-tattooed-millionaire\/"]}]},{"@type":"ImageObject","inLanguage":"en-GB","@id":"https:\/\/vinilozona.lt\/parduotuve\/naujos-lp\/bruce-dickinson-tattooed-millionaire\/#primaryimage","url":"https:\/\/vinilozona.lt\/wp-content\/uploads\/2022\/08\/R-11065365-1509642052-1345.jpg","contentUrl":"https:\/\/vinilozona.lt\/wp-content\/uploads\/2022\/08\/R-11065365-1509642052-1345.jpg","width":600,"height":600},{"@type":"BreadcrumbList","@id":"https:\/\/vinilozona.lt\/parduotuve\/naujos-lp\/bruce-dickinson-tattooed-millionaire\/#breadcrumb","itemListElement":[{"@type":"ListItem","position":1,"name":"Home","item":"https:\/\/vinilozona.lt\/"},{"@type":"ListItem","position":2,"name":"Parduotuv\u0117","item":"https:\/\/vinilozona.lt\/parduotuve\/"},{"@type":"ListItem","position":3,"name":"Bruce Dickinson \u2013 Tattooed Millionaire"}]},{"@type":"WebSite","@id":"https:\/\/vinilozona.lt\/#website","url":"https:\/\/vinilozona.lt\/","name":"Vinilo Zona","description":"Nup\u016bsk dulkes ir klausyk LP","potentialAction":[{"@type":"SearchAction","target":{"@type":"EntryPoint","urlTemplate":"https:\/\/vinilozona.lt\/?s={search_term_string}"},"query-input":{"@type":"PropertyValueSpecification","valueRequired":true,"valueName":"search_term_string"}}],"inLanguage":"en-GB"}]}},"_links":{"self":[{"href":"https:\/\/vinilozona.lt\/en\/wp-json\/wp\/v2\/product\/20108"}],"collection":[{"href":"https:\/\/vinilozona.lt\/en\/wp-json\/wp\/v2\/product"}],"about":[{"href":"https:\/\/vinilozona.lt\/en\/wp-json\/wp\/v2\/types\/product"}],"wp:featuredmedia":[{"embeddable":true,"href":"https:\/\/vinilozona.lt\/en\/wp-json\/wp\/v2\/media\/20109"}],"wp:attachment":[{"href":"https:\/\/vinilozona.lt\/en\/wp-json\/wp\/v2\/media?parent=20108"}],"wp:term":[{"taxonomy":"product_cat","embeddable":true,"href":"https:\/\/vinilozona.lt\/en\/wp-json\/wp\/v2\/product_cat?post=20108"},{"taxonomy":"product_tag","embeddable":true,"href":"https:\/\/vinilozona.lt\/en\/wp-json\/wp\/v2\/product_tag?post=20108"}],"curies":[{"name":"wp","href":"https:\/\/api.w.org\/{rel}","templated":true}]}}