{"id":20093,"date":"2022-11-02T11:28:04","date_gmt":"2022-11-02T09:28:04","guid":{"rendered":"https:\/\/vinilozona.lt\/?post_type=product&#038;p=20093"},"modified":"2024-09-03T17:28:13","modified_gmt":"2024-09-03T14:28:13","slug":"rainbow-live-in-munich-1977-3lp","status":"publish","type":"product","link":"https:\/\/vinilozona.lt\/en\/parduotuve\/naujos-lp\/rainbow-live-in-munich-1977-3lp\/","title":{"rendered":"Rainbow \u2013 Live In Munich 1977  3LP"},"content":{"rendered":"<p>A1\t\tIntroduction\t1:45<br \/>\nA2\t\tKill The King\t5:09<br \/>\nA3\t\tMistreated\t11:46<br \/>\nA4\t\tSixteenth Century Greensleeves\t8:56<br \/>\nB1\t\tCatch The Rainbow\t18:15<br \/>\nB2\t\tLong Live Rock &#8216;N&#8217; Roll\t7:43<br \/>\nC1\t\tMan On The Silver Mountain\t16:26<br \/>\nD1\t\tStill I&#8217;m Sad\t27:32<br \/>\nE1\t\tDo You Close Your Eyes\t15:36<\/p>","protected":false},"excerpt":{"rendered":"<p>Ear Music \u2013 0214271EMX<br \/>\nFormat:<br \/>\nVinyl, LP<br \/>\nVinyl, LP<br \/>\nVinyl, LP, Single Sided, Etched<br \/>\nAll Media, Limited Edition, Reissue, 180 gr.<br \/>\nCountry:\tEurope<br \/>\nReleased:\tSep 18, 2020<\/p>","protected":false},"featured_media":20094,"template":"","meta":[],"product_cat":[23],"product_tag":[44],"yoast_head":"<!-- This site is optimized with the Yoast SEO plugin v23.5 - https:\/\/yoast.com\/wordpress\/plugins\/seo\/ -->\n<title>Rainbow \u2013 Live In Munich 1977 3LP Vinilin\u0117 Plok\u0161tel\u0117 | Vinilozona.lt<\/title>\n<meta name=\"robots\" content=\"index, follow, max-snippet:-1, max-image-preview:large, max-video-preview:-1\" \/>\n<link rel=\"canonical\" href=\"https:\/\/vinilozona.lt\/en\/parduotuve\/naujos-lp\/rainbow-live-in-munich-1977-3lp\/\" \/>\n<meta property=\"og:locale\" content=\"en_GB\" \/>\n<meta property=\"og:type\" content=\"article\" \/>\n<meta property=\"og:title\" content=\"Rainbow \u2013 Live In Munich 1977 3LP Vinilin\u0117 Plok\u0161tel\u0117 | Vinilozona.lt\" \/>\n<meta property=\"og:description\" content=\"Ear Music \u2013 0214271EMX Format:  Vinyl, LP Vinyl, LP Vinyl, LP, Single Sided, Etched All Media, Limited Edition, Reissue, 180 gr. Country: Europe Released: Sep 18, 2020\" \/>\n<meta property=\"og:url\" content=\"https:\/\/vinilozona.lt\/en\/parduotuve\/naujos-lp\/rainbow-live-in-munich-1977-3lp\/\" \/>\n<meta property=\"og:site_name\" content=\"Vinilo Zona\" \/>\n<meta property=\"article:modified_time\" content=\"2024-09-03T14:28:13+00:00\" \/>\n<meta property=\"og:image\" content=\"https:\/\/vinilozona.lt\/wp-content\/uploads\/2022\/08\/R-15930649-1600467072-4721.jpg\" \/>\n\t<meta property=\"og:image:width\" content=\"600\" \/>\n\t<meta property=\"og:image:height\" content=\"600\" \/>\n\t<meta property=\"og:image:type\" content=\"image\/jpeg\" \/>\n<meta name=\"twitter:card\" content=\"summary_large_image\" \/>\n<script type=\"application\/ld+json\" class=\"yoast-schema-graph\">{\"@context\":\"https:\/\/schema.org\",\"@graph\":[{\"@type\":\"WebPage\",\"@id\":\"https:\/\/vinilozona.lt\/parduotuve\/naujos-lp\/rainbow-live-in-munich-1977-3lp\/\",\"url\":\"https:\/\/vinilozona.lt\/parduotuve\/naujos-lp\/rainbow-live-in-munich-1977-3lp\/\",\"name\":\"Rainbow \u2013 Live In Munich 1977 3LP Vinilin\u0117 Plok\u0161tel\u0117 | Vinilozona.lt\",\"isPartOf\":{\"@id\":\"https:\/\/vinilozona.lt\/#website\"},\"primaryImageOfPage\":{\"@id\":\"https:\/\/vinilozona.lt\/parduotuve\/naujos-lp\/rainbow-live-in-munich-1977-3lp\/#primaryimage\"},\"image\":{\"@id\":\"https:\/\/vinilozona.lt\/parduotuve\/naujos-lp\/rainbow-live-in-munich-1977-3lp\/#primaryimage\"},\"thumbnailUrl\":\"https:\/\/vinilozona.lt\/wp-content\/uploads\/2022\/08\/R-15930649-1600467072-4721.jpg\",\"datePublished\":\"2022-11-02T09:28:04+00:00\",\"dateModified\":\"2024-09-03T14:28:13+00:00\",\"breadcrumb\":{\"@id\":\"https:\/\/vinilozona.lt\/parduotuve\/naujos-lp\/rainbow-live-in-munich-1977-3lp\/#breadcrumb\"},\"inLanguage\":\"en-GB\",\"potentialAction\":[{\"@type\":\"ReadAction\",\"target\":[\"https:\/\/vinilozona.lt\/parduotuve\/naujos-lp\/rainbow-live-in-munich-1977-3lp\/\"]}]},{\"@type\":\"ImageObject\",\"inLanguage\":\"en-GB\",\"@id\":\"https:\/\/vinilozona.lt\/parduotuve\/naujos-lp\/rainbow-live-in-munich-1977-3lp\/#primaryimage\",\"url\":\"https:\/\/vinilozona.lt\/wp-content\/uploads\/2022\/08\/R-15930649-1600467072-4721.jpg\",\"contentUrl\":\"https:\/\/vinilozona.lt\/wp-content\/uploads\/2022\/08\/R-15930649-1600467072-4721.jpg\",\"width\":600,\"height\":600},{\"@type\":\"BreadcrumbList\",\"@id\":\"https:\/\/vinilozona.lt\/parduotuve\/naujos-lp\/rainbow-live-in-munich-1977-3lp\/#breadcrumb\",\"itemListElement\":[{\"@type\":\"ListItem\",\"position\":1,\"name\":\"Home\",\"item\":\"https:\/\/vinilozona.lt\/\"},{\"@type\":\"ListItem\",\"position\":2,\"name\":\"Parduotuv\u0117\",\"item\":\"https:\/\/vinilozona.lt\/parduotuve\/\"},{\"@type\":\"ListItem\",\"position\":3,\"name\":\"Rainbow \u2013 Live In Munich 1977 3LP\"}]},{\"@type\":\"WebSite\",\"@id\":\"https:\/\/vinilozona.lt\/#website\",\"url\":\"https:\/\/vinilozona.lt\/\",\"name\":\"Vinilo Zona\",\"description\":\"Nup\u016bsk dulkes ir klausyk LP\",\"potentialAction\":[{\"@type\":\"SearchAction\",\"target\":{\"@type\":\"EntryPoint\",\"urlTemplate\":\"https:\/\/vinilozona.lt\/?s={search_term_string}\"},\"query-input\":{\"@type\":\"PropertyValueSpecification\",\"valueRequired\":true,\"valueName\":\"search_term_string\"}}],\"inLanguage\":\"en-GB\"}]}<\/script>\n<!-- \/ Yoast SEO plugin. -->","yoast_head_json":{"title":"Rainbow \u2013 Live In Munich 1977 3LP Vinilin\u0117 Plok\u0161tel\u0117 | Vinilozona.lt","robots":{"index":"index","follow":"follow","max-snippet":"max-snippet:-1","max-image-preview":"max-image-preview:large","max-video-preview":"max-video-preview:-1"},"canonical":"https:\/\/vinilozona.lt\/en\/parduotuve\/naujos-lp\/rainbow-live-in-munich-1977-3lp\/","og_locale":"en_GB","og_type":"article","og_title":"Rainbow \u2013 Live In Munich 1977 3LP Vinilin\u0117 Plok\u0161tel\u0117 | Vinilozona.lt","og_description":"Ear Music \u2013 0214271EMX Format:  Vinyl, LP Vinyl, LP Vinyl, LP, Single Sided, Etched All Media, Limited Edition, Reissue, 180 gr. Country: Europe Released: Sep 18, 2020","og_url":"https:\/\/vinilozona.lt\/en\/parduotuve\/naujos-lp\/rainbow-live-in-munich-1977-3lp\/","og_site_name":"Vinilo Zona","article_modified_time":"2024-09-03T14:28:13+00:00","og_image":[{"width":600,"height":600,"url":"https:\/\/vinilozona.lt\/wp-content\/uploads\/2022\/08\/R-15930649-1600467072-4721.jpg","type":"image\/jpeg"}],"twitter_card":"summary_large_image","schema":{"@context":"https:\/\/schema.org","@graph":[{"@type":"WebPage","@id":"https:\/\/vinilozona.lt\/parduotuve\/naujos-lp\/rainbow-live-in-munich-1977-3lp\/","url":"https:\/\/vinilozona.lt\/parduotuve\/naujos-lp\/rainbow-live-in-munich-1977-3lp\/","name":"Rainbow \u2013 Live In Munich 1977 3LP Vinilin\u0117 Plok\u0161tel\u0117 | Vinilozona.lt","isPartOf":{"@id":"https:\/\/vinilozona.lt\/#website"},"primaryImageOfPage":{"@id":"https:\/\/vinilozona.lt\/parduotuve\/naujos-lp\/rainbow-live-in-munich-1977-3lp\/#primaryimage"},"image":{"@id":"https:\/\/vinilozona.lt\/parduotuve\/naujos-lp\/rainbow-live-in-munich-1977-3lp\/#primaryimage"},"thumbnailUrl":"https:\/\/vinilozona.lt\/wp-content\/uploads\/2022\/08\/R-15930649-1600467072-4721.jpg","datePublished":"2022-11-02T09:28:04+00:00","dateModified":"2024-09-03T14:28:13+00:00","breadcrumb":{"@id":"https:\/\/vinilozona.lt\/parduotuve\/naujos-lp\/rainbow-live-in-munich-1977-3lp\/#breadcrumb"},"inLanguage":"en-GB","potentialAction":[{"@type":"ReadAction","target":["https:\/\/vinilozona.lt\/parduotuve\/naujos-lp\/rainbow-live-in-munich-1977-3lp\/"]}]},{"@type":"ImageObject","inLanguage":"en-GB","@id":"https:\/\/vinilozona.lt\/parduotuve\/naujos-lp\/rainbow-live-in-munich-1977-3lp\/#primaryimage","url":"https:\/\/vinilozona.lt\/wp-content\/uploads\/2022\/08\/R-15930649-1600467072-4721.jpg","contentUrl":"https:\/\/vinilozona.lt\/wp-content\/uploads\/2022\/08\/R-15930649-1600467072-4721.jpg","width":600,"height":600},{"@type":"BreadcrumbList","@id":"https:\/\/vinilozona.lt\/parduotuve\/naujos-lp\/rainbow-live-in-munich-1977-3lp\/#breadcrumb","itemListElement":[{"@type":"ListItem","position":1,"name":"Home","item":"https:\/\/vinilozona.lt\/"},{"@type":"ListItem","position":2,"name":"Parduotuv\u0117","item":"https:\/\/vinilozona.lt\/parduotuve\/"},{"@type":"ListItem","position":3,"name":"Rainbow \u2013 Live In Munich 1977 3LP"}]},{"@type":"WebSite","@id":"https:\/\/vinilozona.lt\/#website","url":"https:\/\/vinilozona.lt\/","name":"Vinilo Zona","description":"Nup\u016bsk dulkes ir klausyk LP","potentialAction":[{"@type":"SearchAction","target":{"@type":"EntryPoint","urlTemplate":"https:\/\/vinilozona.lt\/?s={search_term_string}"},"query-input":{"@type":"PropertyValueSpecification","valueRequired":true,"valueName":"search_term_string"}}],"inLanguage":"en-GB"}]}},"_links":{"self":[{"href":"https:\/\/vinilozona.lt\/en\/wp-json\/wp\/v2\/product\/20093"}],"collection":[{"href":"https:\/\/vinilozona.lt\/en\/wp-json\/wp\/v2\/product"}],"about":[{"href":"https:\/\/vinilozona.lt\/en\/wp-json\/wp\/v2\/types\/product"}],"wp:featuredmedia":[{"embeddable":true,"href":"https:\/\/vinilozona.lt\/en\/wp-json\/wp\/v2\/media\/20094"}],"wp:attachment":[{"href":"https:\/\/vinilozona.lt\/en\/wp-json\/wp\/v2\/media?parent=20093"}],"wp:term":[{"taxonomy":"product_cat","embeddable":true,"href":"https:\/\/vinilozona.lt\/en\/wp-json\/wp\/v2\/product_cat?post=20093"},{"taxonomy":"product_tag","embeddable":true,"href":"https:\/\/vinilozona.lt\/en\/wp-json\/wp\/v2\/product_tag?post=20093"}],"curies":[{"name":"wp","href":"https:\/\/api.w.org\/{rel}","templated":true}]}}