{"id":20091,"date":"2026-02-28T05:11:10","date_gmt":"2026-02-28T03:11:10","guid":{"rendered":"https:\/\/vinilozona.lt\/?post_type=product&#038;p=20091"},"modified":"2026-02-28T07:15:32","modified_gmt":"2026-02-28T05:15:32","slug":"muse-will-of-the-people","status":"publish","type":"product","link":"https:\/\/vinilozona.lt\/en\/parduotuve\/naujos-lp\/muse-will-of-the-people\/","title":{"rendered":"Muse \u2013 Will Of The People"},"content":{"rendered":"<p>A1\t\tWill Of The People\t3:18<br \/>\nA2\t\tCompliance\t4:10<br \/>\nA3\t\tLiberation\t3:06<br \/>\nA4\t\tWon\u2019t Stand Down\t3:29<br \/>\nA5\t\tGhosts (How Can I Move On)\t3:37<br \/>\nB1\t\tYou Make Me Feel Like It\u2019s Halloween\t3:00<br \/>\nB2\t\tKill Or Be Killed\t4:59<br \/>\nB3\t\tVerona\t4:57<br \/>\nB4\t\tEuphoria\t3:23<br \/>\nB5\t\tWe Are Fucking Fucked\t3:36<\/p>","protected":false},"excerpt":{"rendered":"<p>Helium  \u2013 0190296383861, Warner Records \u2013 0190296383861<br \/>\nFormat:<br \/>\nVinyl, LP, Album<br \/>\nCountry:\tEurope<br \/>\nReleased:\tAug 26, 2022<\/p>","protected":false},"featured_media":20092,"template":"","meta":[],"product_cat":[23],"product_tag":[44],"yoast_head":"<!-- This site is optimized with the Yoast SEO plugin v23.5 - https:\/\/yoast.com\/wordpress\/plugins\/seo\/ -->\n<title>Muse \u2013 Will Of The People Vinilin\u0117 Plok\u0161tel\u0117 | Vinilozona.lt<\/title>\n<meta name=\"robots\" content=\"index, follow, max-snippet:-1, max-image-preview:large, max-video-preview:-1\" \/>\n<link rel=\"canonical\" href=\"https:\/\/vinilozona.lt\/en\/parduotuve\/naujos-lp\/muse-will-of-the-people\/\" \/>\n<meta property=\"og:locale\" content=\"en_GB\" \/>\n<meta property=\"og:type\" content=\"article\" \/>\n<meta property=\"og:title\" content=\"Muse \u2013 Will Of The People Vinilin\u0117 Plok\u0161tel\u0117 | Vinilozona.lt\" \/>\n<meta property=\"og:description\" content=\"Helium \u2013 0190296383861, Warner Records \u2013 0190296383861 Format:  Vinyl, LP, Album Country: Europe Released: Aug 26, 2022\" \/>\n<meta property=\"og:url\" content=\"https:\/\/vinilozona.lt\/en\/parduotuve\/naujos-lp\/muse-will-of-the-people\/\" \/>\n<meta property=\"og:site_name\" content=\"Vinilo Zona\" \/>\n<meta property=\"article:modified_time\" content=\"2026-02-28T05:15:32+00:00\" \/>\n<meta property=\"og:image\" content=\"https:\/\/vinilozona.lt\/wp-content\/uploads\/2022\/08\/R-24246320-1661370841-7961.jpg\" \/>\n\t<meta property=\"og:image:width\" content=\"582\" \/>\n\t<meta property=\"og:image:height\" content=\"599\" \/>\n\t<meta property=\"og:image:type\" content=\"image\/jpeg\" \/>\n<meta name=\"twitter:card\" content=\"summary_large_image\" \/>\n<script type=\"application\/ld+json\" class=\"yoast-schema-graph\">{\"@context\":\"https:\/\/schema.org\",\"@graph\":[{\"@type\":\"WebPage\",\"@id\":\"https:\/\/vinilozona.lt\/parduotuve\/naujos-lp\/muse-will-of-the-people\/\",\"url\":\"https:\/\/vinilozona.lt\/parduotuve\/naujos-lp\/muse-will-of-the-people\/\",\"name\":\"Muse \u2013 Will Of The People Vinilin\u0117 Plok\u0161tel\u0117 | Vinilozona.lt\",\"isPartOf\":{\"@id\":\"https:\/\/vinilozona.lt\/#website\"},\"primaryImageOfPage\":{\"@id\":\"https:\/\/vinilozona.lt\/parduotuve\/naujos-lp\/muse-will-of-the-people\/#primaryimage\"},\"image\":{\"@id\":\"https:\/\/vinilozona.lt\/parduotuve\/naujos-lp\/muse-will-of-the-people\/#primaryimage\"},\"thumbnailUrl\":\"https:\/\/vinilozona.lt\/wp-content\/uploads\/2022\/08\/R-24246320-1661370841-7961.jpg\",\"datePublished\":\"2026-02-28T03:11:10+00:00\",\"dateModified\":\"2026-02-28T05:15:32+00:00\",\"breadcrumb\":{\"@id\":\"https:\/\/vinilozona.lt\/parduotuve\/naujos-lp\/muse-will-of-the-people\/#breadcrumb\"},\"inLanguage\":\"en-GB\",\"potentialAction\":[{\"@type\":\"ReadAction\",\"target\":[\"https:\/\/vinilozona.lt\/parduotuve\/naujos-lp\/muse-will-of-the-people\/\"]}]},{\"@type\":\"ImageObject\",\"inLanguage\":\"en-GB\",\"@id\":\"https:\/\/vinilozona.lt\/parduotuve\/naujos-lp\/muse-will-of-the-people\/#primaryimage\",\"url\":\"https:\/\/vinilozona.lt\/wp-content\/uploads\/2022\/08\/R-24246320-1661370841-7961.jpg\",\"contentUrl\":\"https:\/\/vinilozona.lt\/wp-content\/uploads\/2022\/08\/R-24246320-1661370841-7961.jpg\",\"width\":582,\"height\":599},{\"@type\":\"BreadcrumbList\",\"@id\":\"https:\/\/vinilozona.lt\/parduotuve\/naujos-lp\/muse-will-of-the-people\/#breadcrumb\",\"itemListElement\":[{\"@type\":\"ListItem\",\"position\":1,\"name\":\"Home\",\"item\":\"https:\/\/vinilozona.lt\/\"},{\"@type\":\"ListItem\",\"position\":2,\"name\":\"Parduotuv\u0117\",\"item\":\"https:\/\/vinilozona.lt\/parduotuve\/\"},{\"@type\":\"ListItem\",\"position\":3,\"name\":\"Muse \u2013 Will Of The People\"}]},{\"@type\":\"WebSite\",\"@id\":\"https:\/\/vinilozona.lt\/#website\",\"url\":\"https:\/\/vinilozona.lt\/\",\"name\":\"Vinilo Zona\",\"description\":\"Nup\u016bsk dulkes ir klausyk LP\",\"potentialAction\":[{\"@type\":\"SearchAction\",\"target\":{\"@type\":\"EntryPoint\",\"urlTemplate\":\"https:\/\/vinilozona.lt\/?s={search_term_string}\"},\"query-input\":{\"@type\":\"PropertyValueSpecification\",\"valueRequired\":true,\"valueName\":\"search_term_string\"}}],\"inLanguage\":\"en-GB\"}]}<\/script>\n<!-- \/ Yoast SEO plugin. -->","yoast_head_json":{"title":"Muse \u2013 Will Of The People Vinilin\u0117 Plok\u0161tel\u0117 | Vinilozona.lt","robots":{"index":"index","follow":"follow","max-snippet":"max-snippet:-1","max-image-preview":"max-image-preview:large","max-video-preview":"max-video-preview:-1"},"canonical":"https:\/\/vinilozona.lt\/en\/parduotuve\/naujos-lp\/muse-will-of-the-people\/","og_locale":"en_GB","og_type":"article","og_title":"Muse \u2013 Will Of The People Vinilin\u0117 Plok\u0161tel\u0117 | Vinilozona.lt","og_description":"Helium \u2013 0190296383861, Warner Records \u2013 0190296383861 Format:  Vinyl, LP, Album Country: Europe Released: Aug 26, 2022","og_url":"https:\/\/vinilozona.lt\/en\/parduotuve\/naujos-lp\/muse-will-of-the-people\/","og_site_name":"Vinilo Zona","article_modified_time":"2026-02-28T05:15:32+00:00","og_image":[{"width":582,"height":599,"url":"https:\/\/vinilozona.lt\/wp-content\/uploads\/2022\/08\/R-24246320-1661370841-7961.jpg","type":"image\/jpeg"}],"twitter_card":"summary_large_image","schema":{"@context":"https:\/\/schema.org","@graph":[{"@type":"WebPage","@id":"https:\/\/vinilozona.lt\/parduotuve\/naujos-lp\/muse-will-of-the-people\/","url":"https:\/\/vinilozona.lt\/parduotuve\/naujos-lp\/muse-will-of-the-people\/","name":"Muse \u2013 Will Of The People Vinilin\u0117 Plok\u0161tel\u0117 | Vinilozona.lt","isPartOf":{"@id":"https:\/\/vinilozona.lt\/#website"},"primaryImageOfPage":{"@id":"https:\/\/vinilozona.lt\/parduotuve\/naujos-lp\/muse-will-of-the-people\/#primaryimage"},"image":{"@id":"https:\/\/vinilozona.lt\/parduotuve\/naujos-lp\/muse-will-of-the-people\/#primaryimage"},"thumbnailUrl":"https:\/\/vinilozona.lt\/wp-content\/uploads\/2022\/08\/R-24246320-1661370841-7961.jpg","datePublished":"2026-02-28T03:11:10+00:00","dateModified":"2026-02-28T05:15:32+00:00","breadcrumb":{"@id":"https:\/\/vinilozona.lt\/parduotuve\/naujos-lp\/muse-will-of-the-people\/#breadcrumb"},"inLanguage":"en-GB","potentialAction":[{"@type":"ReadAction","target":["https:\/\/vinilozona.lt\/parduotuve\/naujos-lp\/muse-will-of-the-people\/"]}]},{"@type":"ImageObject","inLanguage":"en-GB","@id":"https:\/\/vinilozona.lt\/parduotuve\/naujos-lp\/muse-will-of-the-people\/#primaryimage","url":"https:\/\/vinilozona.lt\/wp-content\/uploads\/2022\/08\/R-24246320-1661370841-7961.jpg","contentUrl":"https:\/\/vinilozona.lt\/wp-content\/uploads\/2022\/08\/R-24246320-1661370841-7961.jpg","width":582,"height":599},{"@type":"BreadcrumbList","@id":"https:\/\/vinilozona.lt\/parduotuve\/naujos-lp\/muse-will-of-the-people\/#breadcrumb","itemListElement":[{"@type":"ListItem","position":1,"name":"Home","item":"https:\/\/vinilozona.lt\/"},{"@type":"ListItem","position":2,"name":"Parduotuv\u0117","item":"https:\/\/vinilozona.lt\/parduotuve\/"},{"@type":"ListItem","position":3,"name":"Muse \u2013 Will Of The People"}]},{"@type":"WebSite","@id":"https:\/\/vinilozona.lt\/#website","url":"https:\/\/vinilozona.lt\/","name":"Vinilo Zona","description":"Nup\u016bsk dulkes ir klausyk LP","potentialAction":[{"@type":"SearchAction","target":{"@type":"EntryPoint","urlTemplate":"https:\/\/vinilozona.lt\/?s={search_term_string}"},"query-input":{"@type":"PropertyValueSpecification","valueRequired":true,"valueName":"search_term_string"}}],"inLanguage":"en-GB"}]}},"_links":{"self":[{"href":"https:\/\/vinilozona.lt\/en\/wp-json\/wp\/v2\/product\/20091"}],"collection":[{"href":"https:\/\/vinilozona.lt\/en\/wp-json\/wp\/v2\/product"}],"about":[{"href":"https:\/\/vinilozona.lt\/en\/wp-json\/wp\/v2\/types\/product"}],"wp:featuredmedia":[{"embeddable":true,"href":"https:\/\/vinilozona.lt\/en\/wp-json\/wp\/v2\/media\/20092"}],"wp:attachment":[{"href":"https:\/\/vinilozona.lt\/en\/wp-json\/wp\/v2\/media?parent=20091"}],"wp:term":[{"taxonomy":"product_cat","embeddable":true,"href":"https:\/\/vinilozona.lt\/en\/wp-json\/wp\/v2\/product_cat?post=20091"},{"taxonomy":"product_tag","embeddable":true,"href":"https:\/\/vinilozona.lt\/en\/wp-json\/wp\/v2\/product_tag?post=20091"}],"curies":[{"name":"wp","href":"https:\/\/api.w.org\/{rel}","templated":true}]}}