{"id":20077,"date":"2022-08-26T11:46:51","date_gmt":"2022-08-26T08:46:51","guid":{"rendered":"https:\/\/vinilozona.lt\/?post_type=product&#038;p=20077"},"modified":"2022-08-27T14:24:45","modified_gmt":"2022-08-27T11:24:45","slug":"john-mayall-the-bluesbreakers-stories","status":"publish","type":"product","link":"https:\/\/vinilozona.lt\/en\/parduotuve\/rock-pop\/john-mayall-the-bluesbreakers-stories\/","title":{"rendered":"John Mayall &#038; The Bluesbreakers \u2013 Stories"},"content":{"rendered":"<p>Southside Story\t4:43<br \/>\nDirty Water\t5:53<br \/>\nFeels Just Like Home\t4:55<br \/>\nKids Got The Blues\t4:00<br \/>\nThe Witchinghour\t4:23<br \/>\nOh, Leadbelly\t3:07<br \/>\nDemons In The Night\t5:51<br \/>\nPride And Faith\t4:50<br \/>\nKokomo\t4:42<br \/>\nRomance Classified\t3:23<br \/>\nI Wished I Had\t4:33<br \/>\nPieces And Parts\t4:46<br \/>\nI Thought I Heard The Devil\t3:59<br \/>\nThe Mists Of Time\t7:56<\/p>","protected":false},"excerpt":{"rendered":"<p>Ear Music \u2013 0215234EMX<br \/>\nFormat:<br \/>\n2 x Vinyl, LP, Album, Reissue, Stereo<br \/>\nCountry:\tGermany<br \/>\nReleased:\t2021<\/p>","protected":false},"featured_media":20078,"template":"","meta":[],"product_cat":[15,23],"product_tag":[44],"yoast_head":"<!-- This site is optimized with the Yoast SEO plugin v23.5 - https:\/\/yoast.com\/wordpress\/plugins\/seo\/ -->\n<title>John Mayall &amp; The Bluesbreakers \u2013 Stories Vinilin\u0117 Plok\u0161tel\u0117 | Vinilozona.lt<\/title>\n<meta name=\"robots\" content=\"index, follow, max-snippet:-1, max-image-preview:large, max-video-preview:-1\" \/>\n<link rel=\"canonical\" href=\"https:\/\/vinilozona.lt\/en\/parduotuve\/rock-pop\/john-mayall-the-bluesbreakers-stories\/\" \/>\n<meta property=\"og:locale\" content=\"en_GB\" \/>\n<meta property=\"og:type\" content=\"article\" \/>\n<meta property=\"og:title\" content=\"John Mayall &amp; The Bluesbreakers \u2013 Stories Vinilin\u0117 Plok\u0161tel\u0117 | Vinilozona.lt\" \/>\n<meta property=\"og:description\" content=\"Ear Music \u2013 0215234EMX Format:  2 x Vinyl, LP, Album, Reissue, Stereo Country: Germany Released: 2021\" \/>\n<meta property=\"og:url\" content=\"https:\/\/vinilozona.lt\/en\/parduotuve\/rock-pop\/john-mayall-the-bluesbreakers-stories\/\" \/>\n<meta property=\"og:site_name\" content=\"Vinilo Zona\" \/>\n<meta property=\"article:modified_time\" content=\"2022-08-27T11:24:45+00:00\" \/>\n<meta property=\"og:image\" content=\"https:\/\/vinilozona.lt\/wp-content\/uploads\/2022\/08\/R-20483206-1633454231-9077.jpg\" \/>\n\t<meta property=\"og:image:width\" content=\"306\" \/>\n\t<meta property=\"og:image:height\" content=\"306\" \/>\n\t<meta property=\"og:image:type\" content=\"image\/jpeg\" \/>\n<meta name=\"twitter:card\" content=\"summary_large_image\" \/>\n<script type=\"application\/ld+json\" class=\"yoast-schema-graph\">{\"@context\":\"https:\/\/schema.org\",\"@graph\":[{\"@type\":\"WebPage\",\"@id\":\"https:\/\/vinilozona.lt\/parduotuve\/rock-pop\/john-mayall-the-bluesbreakers-stories\/\",\"url\":\"https:\/\/vinilozona.lt\/parduotuve\/rock-pop\/john-mayall-the-bluesbreakers-stories\/\",\"name\":\"John Mayall & The Bluesbreakers \u2013 Stories Vinilin\u0117 Plok\u0161tel\u0117 | Vinilozona.lt\",\"isPartOf\":{\"@id\":\"https:\/\/vinilozona.lt\/#website\"},\"primaryImageOfPage\":{\"@id\":\"https:\/\/vinilozona.lt\/parduotuve\/rock-pop\/john-mayall-the-bluesbreakers-stories\/#primaryimage\"},\"image\":{\"@id\":\"https:\/\/vinilozona.lt\/parduotuve\/rock-pop\/john-mayall-the-bluesbreakers-stories\/#primaryimage\"},\"thumbnailUrl\":\"https:\/\/vinilozona.lt\/wp-content\/uploads\/2022\/08\/R-20483206-1633454231-9077.jpg\",\"datePublished\":\"2022-08-26T08:46:51+00:00\",\"dateModified\":\"2022-08-27T11:24:45+00:00\",\"breadcrumb\":{\"@id\":\"https:\/\/vinilozona.lt\/parduotuve\/rock-pop\/john-mayall-the-bluesbreakers-stories\/#breadcrumb\"},\"inLanguage\":\"en-GB\",\"potentialAction\":[{\"@type\":\"ReadAction\",\"target\":[\"https:\/\/vinilozona.lt\/parduotuve\/rock-pop\/john-mayall-the-bluesbreakers-stories\/\"]}]},{\"@type\":\"ImageObject\",\"inLanguage\":\"en-GB\",\"@id\":\"https:\/\/vinilozona.lt\/parduotuve\/rock-pop\/john-mayall-the-bluesbreakers-stories\/#primaryimage\",\"url\":\"https:\/\/vinilozona.lt\/wp-content\/uploads\/2022\/08\/R-20483206-1633454231-9077.jpg\",\"contentUrl\":\"https:\/\/vinilozona.lt\/wp-content\/uploads\/2022\/08\/R-20483206-1633454231-9077.jpg\",\"width\":306,\"height\":306},{\"@type\":\"BreadcrumbList\",\"@id\":\"https:\/\/vinilozona.lt\/parduotuve\/rock-pop\/john-mayall-the-bluesbreakers-stories\/#breadcrumb\",\"itemListElement\":[{\"@type\":\"ListItem\",\"position\":1,\"name\":\"Home\",\"item\":\"https:\/\/vinilozona.lt\/\"},{\"@type\":\"ListItem\",\"position\":2,\"name\":\"Parduotuv\u0117\",\"item\":\"https:\/\/vinilozona.lt\/parduotuve\/\"},{\"@type\":\"ListItem\",\"position\":3,\"name\":\"John Mayall &#038; The Bluesbreakers \u2013 Stories\"}]},{\"@type\":\"WebSite\",\"@id\":\"https:\/\/vinilozona.lt\/#website\",\"url\":\"https:\/\/vinilozona.lt\/\",\"name\":\"Vinilo Zona\",\"description\":\"Nup\u016bsk dulkes ir klausyk LP\",\"potentialAction\":[{\"@type\":\"SearchAction\",\"target\":{\"@type\":\"EntryPoint\",\"urlTemplate\":\"https:\/\/vinilozona.lt\/?s={search_term_string}\"},\"query-input\":{\"@type\":\"PropertyValueSpecification\",\"valueRequired\":true,\"valueName\":\"search_term_string\"}}],\"inLanguage\":\"en-GB\"}]}<\/script>\n<!-- \/ Yoast SEO plugin. -->","yoast_head_json":{"title":"John Mayall & The Bluesbreakers \u2013 Stories Vinilin\u0117 Plok\u0161tel\u0117 | Vinilozona.lt","robots":{"index":"index","follow":"follow","max-snippet":"max-snippet:-1","max-image-preview":"max-image-preview:large","max-video-preview":"max-video-preview:-1"},"canonical":"https:\/\/vinilozona.lt\/en\/parduotuve\/rock-pop\/john-mayall-the-bluesbreakers-stories\/","og_locale":"en_GB","og_type":"article","og_title":"John Mayall & The Bluesbreakers \u2013 Stories Vinilin\u0117 Plok\u0161tel\u0117 | Vinilozona.lt","og_description":"Ear Music \u2013 0215234EMX Format:  2 x Vinyl, LP, Album, Reissue, Stereo Country: Germany Released: 2021","og_url":"https:\/\/vinilozona.lt\/en\/parduotuve\/rock-pop\/john-mayall-the-bluesbreakers-stories\/","og_site_name":"Vinilo Zona","article_modified_time":"2022-08-27T11:24:45+00:00","og_image":[{"width":306,"height":306,"url":"https:\/\/vinilozona.lt\/wp-content\/uploads\/2022\/08\/R-20483206-1633454231-9077.jpg","type":"image\/jpeg"}],"twitter_card":"summary_large_image","schema":{"@context":"https:\/\/schema.org","@graph":[{"@type":"WebPage","@id":"https:\/\/vinilozona.lt\/parduotuve\/rock-pop\/john-mayall-the-bluesbreakers-stories\/","url":"https:\/\/vinilozona.lt\/parduotuve\/rock-pop\/john-mayall-the-bluesbreakers-stories\/","name":"John Mayall & The Bluesbreakers \u2013 Stories Vinilin\u0117 Plok\u0161tel\u0117 | Vinilozona.lt","isPartOf":{"@id":"https:\/\/vinilozona.lt\/#website"},"primaryImageOfPage":{"@id":"https:\/\/vinilozona.lt\/parduotuve\/rock-pop\/john-mayall-the-bluesbreakers-stories\/#primaryimage"},"image":{"@id":"https:\/\/vinilozona.lt\/parduotuve\/rock-pop\/john-mayall-the-bluesbreakers-stories\/#primaryimage"},"thumbnailUrl":"https:\/\/vinilozona.lt\/wp-content\/uploads\/2022\/08\/R-20483206-1633454231-9077.jpg","datePublished":"2022-08-26T08:46:51+00:00","dateModified":"2022-08-27T11:24:45+00:00","breadcrumb":{"@id":"https:\/\/vinilozona.lt\/parduotuve\/rock-pop\/john-mayall-the-bluesbreakers-stories\/#breadcrumb"},"inLanguage":"en-GB","potentialAction":[{"@type":"ReadAction","target":["https:\/\/vinilozona.lt\/parduotuve\/rock-pop\/john-mayall-the-bluesbreakers-stories\/"]}]},{"@type":"ImageObject","inLanguage":"en-GB","@id":"https:\/\/vinilozona.lt\/parduotuve\/rock-pop\/john-mayall-the-bluesbreakers-stories\/#primaryimage","url":"https:\/\/vinilozona.lt\/wp-content\/uploads\/2022\/08\/R-20483206-1633454231-9077.jpg","contentUrl":"https:\/\/vinilozona.lt\/wp-content\/uploads\/2022\/08\/R-20483206-1633454231-9077.jpg","width":306,"height":306},{"@type":"BreadcrumbList","@id":"https:\/\/vinilozona.lt\/parduotuve\/rock-pop\/john-mayall-the-bluesbreakers-stories\/#breadcrumb","itemListElement":[{"@type":"ListItem","position":1,"name":"Home","item":"https:\/\/vinilozona.lt\/"},{"@type":"ListItem","position":2,"name":"Parduotuv\u0117","item":"https:\/\/vinilozona.lt\/parduotuve\/"},{"@type":"ListItem","position":3,"name":"John Mayall &#038; The Bluesbreakers \u2013 Stories"}]},{"@type":"WebSite","@id":"https:\/\/vinilozona.lt\/#website","url":"https:\/\/vinilozona.lt\/","name":"Vinilo Zona","description":"Nup\u016bsk dulkes ir klausyk LP","potentialAction":[{"@type":"SearchAction","target":{"@type":"EntryPoint","urlTemplate":"https:\/\/vinilozona.lt\/?s={search_term_string}"},"query-input":{"@type":"PropertyValueSpecification","valueRequired":true,"valueName":"search_term_string"}}],"inLanguage":"en-GB"}]}},"_links":{"self":[{"href":"https:\/\/vinilozona.lt\/en\/wp-json\/wp\/v2\/product\/20077"}],"collection":[{"href":"https:\/\/vinilozona.lt\/en\/wp-json\/wp\/v2\/product"}],"about":[{"href":"https:\/\/vinilozona.lt\/en\/wp-json\/wp\/v2\/types\/product"}],"wp:featuredmedia":[{"embeddable":true,"href":"https:\/\/vinilozona.lt\/en\/wp-json\/wp\/v2\/media\/20078"}],"wp:attachment":[{"href":"https:\/\/vinilozona.lt\/en\/wp-json\/wp\/v2\/media?parent=20077"}],"wp:term":[{"taxonomy":"product_cat","embeddable":true,"href":"https:\/\/vinilozona.lt\/en\/wp-json\/wp\/v2\/product_cat?post=20077"},{"taxonomy":"product_tag","embeddable":true,"href":"https:\/\/vinilozona.lt\/en\/wp-json\/wp\/v2\/product_tag?post=20077"}],"curies":[{"name":"wp","href":"https:\/\/api.w.org\/{rel}","templated":true}]}}