{"id":20075,"date":"2023-02-16T06:30:13","date_gmt":"2023-02-16T04:30:13","guid":{"rendered":"https:\/\/vinilozona.lt\/?post_type=product&#038;p=20075"},"modified":"2023-02-16T06:38:10","modified_gmt":"2023-02-16T04:38:10","slug":"john-mayall-the-bluesbreakers-padlock-on-the-blues","status":"publish","type":"product","link":"https:\/\/vinilozona.lt\/en\/parduotuve\/rock-pop\/john-mayall-the-bluesbreakers-padlock-on-the-blues\/","title":{"rendered":"John Mayall &#038; The Bluesbreakers \u2013 Padlock On The Blues"},"content":{"rendered":"<p>A1\t\tDon&#8217;t Turn Your Back\t5:13<br \/>\nA2\t\tPadlock On The Blues\t6:59<br \/>\nA3\t\tA Hard Road\t5:04<br \/>\nB1\t\tSomebody&#8217;s Watching\t4:09<br \/>\nB2\t\tAlways A Brand New Road\t4:07<br \/>\nB3\t\tMy Country Girl\t5:17<br \/>\nC1\t\tThe Strip\t4:46<br \/>\nC2\t\tI&#8217;ve Got To Talk To You\t5:05<br \/>\nC3\t\tDancing Shoes\t5:03<br \/>\nD1\t\tBad Dream Catcher\t3:05<br \/>\nD2\t\tWhen The Blues Are Bad\t3:37<br \/>\nD3\t\tAin&#8217;t No Surrender\t4:03<br \/>\nD4\t\tWhite Line Fever\t3:21<\/p>","protected":false},"excerpt":{"rendered":"<p>Ear Music \u2013 0214899EMX<br \/>\nFormat:<br \/>\n2 x Vinyl, LP, Album, Reissue, Remastered<br \/>\nCountry:\tEurope<br \/>\nReleased:\tMay 22, 2020<\/p>","protected":false},"featured_media":20076,"template":"","meta":[],"product_cat":[15],"product_tag":[44],"yoast_head":"<!-- This site is optimized with the Yoast SEO plugin v23.5 - https:\/\/yoast.com\/wordpress\/plugins\/seo\/ -->\n<title>John Mayall &amp; The Bluesbreakers \u2013 Padlock On The Blues Vinilin\u0117 Plok\u0161tel\u0117 | Vinilozona.lt<\/title>\n<meta name=\"robots\" content=\"index, follow, max-snippet:-1, max-image-preview:large, max-video-preview:-1\" \/>\n<link rel=\"canonical\" href=\"https:\/\/vinilozona.lt\/en\/parduotuve\/rock-pop\/john-mayall-the-bluesbreakers-padlock-on-the-blues\/\" \/>\n<meta property=\"og:locale\" content=\"en_GB\" \/>\n<meta property=\"og:type\" content=\"article\" \/>\n<meta property=\"og:title\" content=\"John Mayall &amp; The Bluesbreakers \u2013 Padlock On The Blues Vinilin\u0117 Plok\u0161tel\u0117 | Vinilozona.lt\" \/>\n<meta property=\"og:description\" content=\"Ear Music \u2013 0214899EMX Format:  2 x Vinyl, LP, Album, Reissue, Remastered Country: Europe Released: May 22, 2020\" \/>\n<meta property=\"og:url\" content=\"https:\/\/vinilozona.lt\/en\/parduotuve\/rock-pop\/john-mayall-the-bluesbreakers-padlock-on-the-blues\/\" \/>\n<meta property=\"og:site_name\" content=\"Vinilo Zona\" \/>\n<meta property=\"article:modified_time\" content=\"2023-02-16T04:38:10+00:00\" \/>\n<meta property=\"og:image\" content=\"https:\/\/vinilozona.lt\/wp-content\/uploads\/2022\/08\/R-15355290-1594812279-4723.jpg\" \/>\n\t<meta property=\"og:image:width\" content=\"600\" \/>\n\t<meta property=\"og:image:height\" content=\"589\" \/>\n\t<meta property=\"og:image:type\" content=\"image\/jpeg\" \/>\n<meta name=\"twitter:card\" content=\"summary_large_image\" \/>\n<script type=\"application\/ld+json\" class=\"yoast-schema-graph\">{\"@context\":\"https:\/\/schema.org\",\"@graph\":[{\"@type\":\"WebPage\",\"@id\":\"https:\/\/vinilozona.lt\/parduotuve\/rock-pop\/john-mayall-the-bluesbreakers-padlock-on-the-blues\/\",\"url\":\"https:\/\/vinilozona.lt\/parduotuve\/rock-pop\/john-mayall-the-bluesbreakers-padlock-on-the-blues\/\",\"name\":\"John Mayall & The Bluesbreakers \u2013 Padlock On The Blues Vinilin\u0117 Plok\u0161tel\u0117 | Vinilozona.lt\",\"isPartOf\":{\"@id\":\"https:\/\/vinilozona.lt\/#website\"},\"primaryImageOfPage\":{\"@id\":\"https:\/\/vinilozona.lt\/parduotuve\/rock-pop\/john-mayall-the-bluesbreakers-padlock-on-the-blues\/#primaryimage\"},\"image\":{\"@id\":\"https:\/\/vinilozona.lt\/parduotuve\/rock-pop\/john-mayall-the-bluesbreakers-padlock-on-the-blues\/#primaryimage\"},\"thumbnailUrl\":\"https:\/\/vinilozona.lt\/wp-content\/uploads\/2022\/08\/R-15355290-1594812279-4723.jpg\",\"datePublished\":\"2023-02-16T04:30:13+00:00\",\"dateModified\":\"2023-02-16T04:38:10+00:00\",\"breadcrumb\":{\"@id\":\"https:\/\/vinilozona.lt\/parduotuve\/rock-pop\/john-mayall-the-bluesbreakers-padlock-on-the-blues\/#breadcrumb\"},\"inLanguage\":\"en-GB\",\"potentialAction\":[{\"@type\":\"ReadAction\",\"target\":[\"https:\/\/vinilozona.lt\/parduotuve\/rock-pop\/john-mayall-the-bluesbreakers-padlock-on-the-blues\/\"]}]},{\"@type\":\"ImageObject\",\"inLanguage\":\"en-GB\",\"@id\":\"https:\/\/vinilozona.lt\/parduotuve\/rock-pop\/john-mayall-the-bluesbreakers-padlock-on-the-blues\/#primaryimage\",\"url\":\"https:\/\/vinilozona.lt\/wp-content\/uploads\/2022\/08\/R-15355290-1594812279-4723.jpg\",\"contentUrl\":\"https:\/\/vinilozona.lt\/wp-content\/uploads\/2022\/08\/R-15355290-1594812279-4723.jpg\",\"width\":600,\"height\":589},{\"@type\":\"BreadcrumbList\",\"@id\":\"https:\/\/vinilozona.lt\/parduotuve\/rock-pop\/john-mayall-the-bluesbreakers-padlock-on-the-blues\/#breadcrumb\",\"itemListElement\":[{\"@type\":\"ListItem\",\"position\":1,\"name\":\"Home\",\"item\":\"https:\/\/vinilozona.lt\/\"},{\"@type\":\"ListItem\",\"position\":2,\"name\":\"Parduotuv\u0117\",\"item\":\"https:\/\/vinilozona.lt\/parduotuve\/\"},{\"@type\":\"ListItem\",\"position\":3,\"name\":\"John Mayall &#038; The Bluesbreakers \u2013 Padlock On The Blues\"}]},{\"@type\":\"WebSite\",\"@id\":\"https:\/\/vinilozona.lt\/#website\",\"url\":\"https:\/\/vinilozona.lt\/\",\"name\":\"Vinilo Zona\",\"description\":\"Nup\u016bsk dulkes ir klausyk LP\",\"potentialAction\":[{\"@type\":\"SearchAction\",\"target\":{\"@type\":\"EntryPoint\",\"urlTemplate\":\"https:\/\/vinilozona.lt\/?s={search_term_string}\"},\"query-input\":{\"@type\":\"PropertyValueSpecification\",\"valueRequired\":true,\"valueName\":\"search_term_string\"}}],\"inLanguage\":\"en-GB\"}]}<\/script>\n<!-- \/ Yoast SEO plugin. -->","yoast_head_json":{"title":"John Mayall & The Bluesbreakers \u2013 Padlock On The Blues Vinilin\u0117 Plok\u0161tel\u0117 | Vinilozona.lt","robots":{"index":"index","follow":"follow","max-snippet":"max-snippet:-1","max-image-preview":"max-image-preview:large","max-video-preview":"max-video-preview:-1"},"canonical":"https:\/\/vinilozona.lt\/en\/parduotuve\/rock-pop\/john-mayall-the-bluesbreakers-padlock-on-the-blues\/","og_locale":"en_GB","og_type":"article","og_title":"John Mayall & The Bluesbreakers \u2013 Padlock On The Blues Vinilin\u0117 Plok\u0161tel\u0117 | Vinilozona.lt","og_description":"Ear Music \u2013 0214899EMX Format:  2 x Vinyl, LP, Album, Reissue, Remastered Country: Europe Released: May 22, 2020","og_url":"https:\/\/vinilozona.lt\/en\/parduotuve\/rock-pop\/john-mayall-the-bluesbreakers-padlock-on-the-blues\/","og_site_name":"Vinilo Zona","article_modified_time":"2023-02-16T04:38:10+00:00","og_image":[{"width":600,"height":589,"url":"https:\/\/vinilozona.lt\/wp-content\/uploads\/2022\/08\/R-15355290-1594812279-4723.jpg","type":"image\/jpeg"}],"twitter_card":"summary_large_image","schema":{"@context":"https:\/\/schema.org","@graph":[{"@type":"WebPage","@id":"https:\/\/vinilozona.lt\/parduotuve\/rock-pop\/john-mayall-the-bluesbreakers-padlock-on-the-blues\/","url":"https:\/\/vinilozona.lt\/parduotuve\/rock-pop\/john-mayall-the-bluesbreakers-padlock-on-the-blues\/","name":"John Mayall & The Bluesbreakers \u2013 Padlock On The Blues Vinilin\u0117 Plok\u0161tel\u0117 | Vinilozona.lt","isPartOf":{"@id":"https:\/\/vinilozona.lt\/#website"},"primaryImageOfPage":{"@id":"https:\/\/vinilozona.lt\/parduotuve\/rock-pop\/john-mayall-the-bluesbreakers-padlock-on-the-blues\/#primaryimage"},"image":{"@id":"https:\/\/vinilozona.lt\/parduotuve\/rock-pop\/john-mayall-the-bluesbreakers-padlock-on-the-blues\/#primaryimage"},"thumbnailUrl":"https:\/\/vinilozona.lt\/wp-content\/uploads\/2022\/08\/R-15355290-1594812279-4723.jpg","datePublished":"2023-02-16T04:30:13+00:00","dateModified":"2023-02-16T04:38:10+00:00","breadcrumb":{"@id":"https:\/\/vinilozona.lt\/parduotuve\/rock-pop\/john-mayall-the-bluesbreakers-padlock-on-the-blues\/#breadcrumb"},"inLanguage":"en-GB","potentialAction":[{"@type":"ReadAction","target":["https:\/\/vinilozona.lt\/parduotuve\/rock-pop\/john-mayall-the-bluesbreakers-padlock-on-the-blues\/"]}]},{"@type":"ImageObject","inLanguage":"en-GB","@id":"https:\/\/vinilozona.lt\/parduotuve\/rock-pop\/john-mayall-the-bluesbreakers-padlock-on-the-blues\/#primaryimage","url":"https:\/\/vinilozona.lt\/wp-content\/uploads\/2022\/08\/R-15355290-1594812279-4723.jpg","contentUrl":"https:\/\/vinilozona.lt\/wp-content\/uploads\/2022\/08\/R-15355290-1594812279-4723.jpg","width":600,"height":589},{"@type":"BreadcrumbList","@id":"https:\/\/vinilozona.lt\/parduotuve\/rock-pop\/john-mayall-the-bluesbreakers-padlock-on-the-blues\/#breadcrumb","itemListElement":[{"@type":"ListItem","position":1,"name":"Home","item":"https:\/\/vinilozona.lt\/"},{"@type":"ListItem","position":2,"name":"Parduotuv\u0117","item":"https:\/\/vinilozona.lt\/parduotuve\/"},{"@type":"ListItem","position":3,"name":"John Mayall &#038; The Bluesbreakers \u2013 Padlock On The Blues"}]},{"@type":"WebSite","@id":"https:\/\/vinilozona.lt\/#website","url":"https:\/\/vinilozona.lt\/","name":"Vinilo Zona","description":"Nup\u016bsk dulkes ir klausyk LP","potentialAction":[{"@type":"SearchAction","target":{"@type":"EntryPoint","urlTemplate":"https:\/\/vinilozona.lt\/?s={search_term_string}"},"query-input":{"@type":"PropertyValueSpecification","valueRequired":true,"valueName":"search_term_string"}}],"inLanguage":"en-GB"}]}},"_links":{"self":[{"href":"https:\/\/vinilozona.lt\/en\/wp-json\/wp\/v2\/product\/20075"}],"collection":[{"href":"https:\/\/vinilozona.lt\/en\/wp-json\/wp\/v2\/product"}],"about":[{"href":"https:\/\/vinilozona.lt\/en\/wp-json\/wp\/v2\/types\/product"}],"wp:featuredmedia":[{"embeddable":true,"href":"https:\/\/vinilozona.lt\/en\/wp-json\/wp\/v2\/media\/20076"}],"wp:attachment":[{"href":"https:\/\/vinilozona.lt\/en\/wp-json\/wp\/v2\/media?parent=20075"}],"wp:term":[{"taxonomy":"product_cat","embeddable":true,"href":"https:\/\/vinilozona.lt\/en\/wp-json\/wp\/v2\/product_cat?post=20075"},{"taxonomy":"product_tag","embeddable":true,"href":"https:\/\/vinilozona.lt\/en\/wp-json\/wp\/v2\/product_tag?post=20075"}],"curies":[{"name":"wp","href":"https:\/\/api.w.org\/{rel}","templated":true}]}}