{"id":20068,"date":"2022-08-26T11:06:58","date_gmt":"2022-08-26T08:06:58","guid":{"rendered":"https:\/\/vinilozona.lt\/?post_type=product&#038;p=20068"},"modified":"2022-08-26T11:06:58","modified_gmt":"2022-08-26T08:06:58","slug":"lovin-spoonful-golden-hour-of-the-lovin-spoonful","status":"publish","type":"product","link":"https:\/\/vinilozona.lt\/en\/parduotuve\/rock-pop\/lovin-spoonful-golden-hour-of-the-lovin-spoonful\/","title":{"rendered":"Lovin&#8217; Spoonful \u2013 Golden Hour Of The Lovin&#8217; Spoonful"},"content":{"rendered":"<p>Do You Believe In Magic\t2:02<br \/>\nDaydream\t2:18<br \/>\nSummer In The City\t2:39<br \/>\nNight Owl Blues\t3:00<br \/>\nRain On The Roof\t2:13<br \/>\nShe Is Still A Mystery\t3:00<br \/>\nWild About My Lovin&#8217;\t2:38<br \/>\nBlues In The Bottle\t2:10<br \/>\nMoney\t2:01<br \/>\nSix O&#8217;Clock\t2:38<br \/>\nJug Band Music\t2:49<br \/>\nDarling Be Home Soon\t2:48<br \/>\nNashville Cats\t2:34<br \/>\nDidn&#8217;t Want To Have To Do It\t2:06<br \/>\nYou&#8217;re A Big Boy Now\t2:28<br \/>\nNever Goin&#8217; Back (To Nashville Anymore)\t2:48<br \/>\nDarlin&#8217; Companion\t2:22<br \/>\nOther Side Of This Life\t2:30<br \/>\nYou Didn&#8217;t Have To Be So Nice\t2:29<br \/>\nCoconut Grove\t2:38<br \/>\nYounger Girl\t2:23<br \/>\nFull Measure\t2:40<br \/>\nYounger Generation\t2:43<br \/>\nDid You Ever Have To Make Up Your Mind\t2:00<\/p>","protected":false},"excerpt":{"rendered":"<p>Golden Hour \u2013 GH 838<br \/>\nFormat:<br \/>\nVinyl, LP, Compilation, Stereo, Embossed Sleeve<br \/>\nCountry:\tUK<br \/>\nReleased:\t1977<\/p>","protected":false},"featured_media":20069,"template":"","meta":[],"product_cat":[15],"product_tag":[44],"yoast_head":"<!-- This site is optimized with the Yoast SEO plugin v23.5 - https:\/\/yoast.com\/wordpress\/plugins\/seo\/ -->\n<title>Lovin&#039; Spoonful \u2013 Golden Hour Of The Lovin&#039; Spoonful Vinilin\u0117 Plok\u0161tel\u0117 | Vinilozona.lt<\/title>\n<meta name=\"robots\" content=\"index, follow, max-snippet:-1, max-image-preview:large, max-video-preview:-1\" \/>\n<link rel=\"canonical\" href=\"https:\/\/vinilozona.lt\/en\/parduotuve\/rock-pop\/lovin-spoonful-golden-hour-of-the-lovin-spoonful\/\" \/>\n<meta property=\"og:locale\" content=\"en_GB\" \/>\n<meta property=\"og:type\" content=\"article\" \/>\n<meta property=\"og:title\" content=\"Lovin&#039; Spoonful \u2013 Golden Hour Of The Lovin&#039; Spoonful Vinilin\u0117 Plok\u0161tel\u0117 | Vinilozona.lt\" \/>\n<meta property=\"og:description\" content=\"Golden Hour \u2013 GH 838 Format:  Vinyl, LP, Compilation, Stereo, Embossed Sleeve Country: UK Released: 1977\" \/>\n<meta property=\"og:url\" content=\"https:\/\/vinilozona.lt\/en\/parduotuve\/rock-pop\/lovin-spoonful-golden-hour-of-the-lovin-spoonful\/\" \/>\n<meta property=\"og:site_name\" content=\"Vinilo Zona\" \/>\n<meta property=\"og:image\" content=\"https:\/\/vinilozona.lt\/wp-content\/uploads\/2022\/08\/R-2022124-1608309861-5988.jpg\" \/>\n\t<meta property=\"og:image:width\" content=\"598\" \/>\n\t<meta property=\"og:image:height\" content=\"599\" \/>\n\t<meta property=\"og:image:type\" content=\"image\/jpeg\" \/>\n<meta name=\"twitter:card\" content=\"summary_large_image\" \/>\n<script type=\"application\/ld+json\" class=\"yoast-schema-graph\">{\"@context\":\"https:\/\/schema.org\",\"@graph\":[{\"@type\":\"WebPage\",\"@id\":\"https:\/\/vinilozona.lt\/en\/parduotuve\/rock-pop\/lovin-spoonful-golden-hour-of-the-lovin-spoonful\/\",\"url\":\"https:\/\/vinilozona.lt\/en\/parduotuve\/rock-pop\/lovin-spoonful-golden-hour-of-the-lovin-spoonful\/\",\"name\":\"Lovin' Spoonful \u2013 Golden Hour Of The Lovin' Spoonful Vinilin\u0117 Plok\u0161tel\u0117 | Vinilozona.lt\",\"isPartOf\":{\"@id\":\"https:\/\/vinilozona.lt\/#website\"},\"primaryImageOfPage\":{\"@id\":\"https:\/\/vinilozona.lt\/en\/parduotuve\/rock-pop\/lovin-spoonful-golden-hour-of-the-lovin-spoonful\/#primaryimage\"},\"image\":{\"@id\":\"https:\/\/vinilozona.lt\/en\/parduotuve\/rock-pop\/lovin-spoonful-golden-hour-of-the-lovin-spoonful\/#primaryimage\"},\"thumbnailUrl\":\"https:\/\/vinilozona.lt\/wp-content\/uploads\/2022\/08\/R-2022124-1608309861-5988.jpg\",\"datePublished\":\"2022-08-26T08:06:58+00:00\",\"dateModified\":\"2022-08-26T08:06:58+00:00\",\"breadcrumb\":{\"@id\":\"https:\/\/vinilozona.lt\/en\/parduotuve\/rock-pop\/lovin-spoonful-golden-hour-of-the-lovin-spoonful\/#breadcrumb\"},\"inLanguage\":\"en-GB\",\"potentialAction\":[{\"@type\":\"ReadAction\",\"target\":[\"https:\/\/vinilozona.lt\/en\/parduotuve\/rock-pop\/lovin-spoonful-golden-hour-of-the-lovin-spoonful\/\"]}]},{\"@type\":\"ImageObject\",\"inLanguage\":\"en-GB\",\"@id\":\"https:\/\/vinilozona.lt\/en\/parduotuve\/rock-pop\/lovin-spoonful-golden-hour-of-the-lovin-spoonful\/#primaryimage\",\"url\":\"https:\/\/vinilozona.lt\/wp-content\/uploads\/2022\/08\/R-2022124-1608309861-5988.jpg\",\"contentUrl\":\"https:\/\/vinilozona.lt\/wp-content\/uploads\/2022\/08\/R-2022124-1608309861-5988.jpg\",\"width\":598,\"height\":599},{\"@type\":\"BreadcrumbList\",\"@id\":\"https:\/\/vinilozona.lt\/en\/parduotuve\/rock-pop\/lovin-spoonful-golden-hour-of-the-lovin-spoonful\/#breadcrumb\",\"itemListElement\":[{\"@type\":\"ListItem\",\"position\":1,\"name\":\"Home\",\"item\":\"https:\/\/vinilozona.lt\/\"},{\"@type\":\"ListItem\",\"position\":2,\"name\":\"Parduotuv\u0117\",\"item\":\"https:\/\/vinilozona.lt\/parduotuve\/\"},{\"@type\":\"ListItem\",\"position\":3,\"name\":\"Lovin&#8217; Spoonful \u2013 Golden Hour Of The Lovin&#8217; Spoonful\"}]},{\"@type\":\"WebSite\",\"@id\":\"https:\/\/vinilozona.lt\/#website\",\"url\":\"https:\/\/vinilozona.lt\/\",\"name\":\"Vinilo Zona\",\"description\":\"Nup\u016bsk dulkes ir klausyk LP\",\"potentialAction\":[{\"@type\":\"SearchAction\",\"target\":{\"@type\":\"EntryPoint\",\"urlTemplate\":\"https:\/\/vinilozona.lt\/?s={search_term_string}\"},\"query-input\":{\"@type\":\"PropertyValueSpecification\",\"valueRequired\":true,\"valueName\":\"search_term_string\"}}],\"inLanguage\":\"en-GB\"}]}<\/script>\n<!-- \/ Yoast SEO plugin. -->","yoast_head_json":{"title":"Lovin' Spoonful \u2013 Golden Hour Of The Lovin' Spoonful Vinilin\u0117 Plok\u0161tel\u0117 | Vinilozona.lt","robots":{"index":"index","follow":"follow","max-snippet":"max-snippet:-1","max-image-preview":"max-image-preview:large","max-video-preview":"max-video-preview:-1"},"canonical":"https:\/\/vinilozona.lt\/en\/parduotuve\/rock-pop\/lovin-spoonful-golden-hour-of-the-lovin-spoonful\/","og_locale":"en_GB","og_type":"article","og_title":"Lovin' Spoonful \u2013 Golden Hour Of The Lovin' Spoonful Vinilin\u0117 Plok\u0161tel\u0117 | Vinilozona.lt","og_description":"Golden Hour \u2013 GH 838 Format:  Vinyl, LP, Compilation, Stereo, Embossed Sleeve Country: UK Released: 1977","og_url":"https:\/\/vinilozona.lt\/en\/parduotuve\/rock-pop\/lovin-spoonful-golden-hour-of-the-lovin-spoonful\/","og_site_name":"Vinilo Zona","og_image":[{"width":598,"height":599,"url":"https:\/\/vinilozona.lt\/wp-content\/uploads\/2022\/08\/R-2022124-1608309861-5988.jpg","type":"image\/jpeg"}],"twitter_card":"summary_large_image","schema":{"@context":"https:\/\/schema.org","@graph":[{"@type":"WebPage","@id":"https:\/\/vinilozona.lt\/en\/parduotuve\/rock-pop\/lovin-spoonful-golden-hour-of-the-lovin-spoonful\/","url":"https:\/\/vinilozona.lt\/en\/parduotuve\/rock-pop\/lovin-spoonful-golden-hour-of-the-lovin-spoonful\/","name":"Lovin' Spoonful \u2013 Golden Hour Of The Lovin' Spoonful Vinilin\u0117 Plok\u0161tel\u0117 | Vinilozona.lt","isPartOf":{"@id":"https:\/\/vinilozona.lt\/#website"},"primaryImageOfPage":{"@id":"https:\/\/vinilozona.lt\/en\/parduotuve\/rock-pop\/lovin-spoonful-golden-hour-of-the-lovin-spoonful\/#primaryimage"},"image":{"@id":"https:\/\/vinilozona.lt\/en\/parduotuve\/rock-pop\/lovin-spoonful-golden-hour-of-the-lovin-spoonful\/#primaryimage"},"thumbnailUrl":"https:\/\/vinilozona.lt\/wp-content\/uploads\/2022\/08\/R-2022124-1608309861-5988.jpg","datePublished":"2022-08-26T08:06:58+00:00","dateModified":"2022-08-26T08:06:58+00:00","breadcrumb":{"@id":"https:\/\/vinilozona.lt\/en\/parduotuve\/rock-pop\/lovin-spoonful-golden-hour-of-the-lovin-spoonful\/#breadcrumb"},"inLanguage":"en-GB","potentialAction":[{"@type":"ReadAction","target":["https:\/\/vinilozona.lt\/en\/parduotuve\/rock-pop\/lovin-spoonful-golden-hour-of-the-lovin-spoonful\/"]}]},{"@type":"ImageObject","inLanguage":"en-GB","@id":"https:\/\/vinilozona.lt\/en\/parduotuve\/rock-pop\/lovin-spoonful-golden-hour-of-the-lovin-spoonful\/#primaryimage","url":"https:\/\/vinilozona.lt\/wp-content\/uploads\/2022\/08\/R-2022124-1608309861-5988.jpg","contentUrl":"https:\/\/vinilozona.lt\/wp-content\/uploads\/2022\/08\/R-2022124-1608309861-5988.jpg","width":598,"height":599},{"@type":"BreadcrumbList","@id":"https:\/\/vinilozona.lt\/en\/parduotuve\/rock-pop\/lovin-spoonful-golden-hour-of-the-lovin-spoonful\/#breadcrumb","itemListElement":[{"@type":"ListItem","position":1,"name":"Home","item":"https:\/\/vinilozona.lt\/"},{"@type":"ListItem","position":2,"name":"Parduotuv\u0117","item":"https:\/\/vinilozona.lt\/parduotuve\/"},{"@type":"ListItem","position":3,"name":"Lovin&#8217; Spoonful \u2013 Golden Hour Of The Lovin&#8217; Spoonful"}]},{"@type":"WebSite","@id":"https:\/\/vinilozona.lt\/#website","url":"https:\/\/vinilozona.lt\/","name":"Vinilo Zona","description":"Nup\u016bsk dulkes ir klausyk LP","potentialAction":[{"@type":"SearchAction","target":{"@type":"EntryPoint","urlTemplate":"https:\/\/vinilozona.lt\/?s={search_term_string}"},"query-input":{"@type":"PropertyValueSpecification","valueRequired":true,"valueName":"search_term_string"}}],"inLanguage":"en-GB"}]}},"_links":{"self":[{"href":"https:\/\/vinilozona.lt\/en\/wp-json\/wp\/v2\/product\/20068"}],"collection":[{"href":"https:\/\/vinilozona.lt\/en\/wp-json\/wp\/v2\/product"}],"about":[{"href":"https:\/\/vinilozona.lt\/en\/wp-json\/wp\/v2\/types\/product"}],"wp:featuredmedia":[{"embeddable":true,"href":"https:\/\/vinilozona.lt\/en\/wp-json\/wp\/v2\/media\/20069"}],"wp:attachment":[{"href":"https:\/\/vinilozona.lt\/en\/wp-json\/wp\/v2\/media?parent=20068"}],"wp:term":[{"taxonomy":"product_cat","embeddable":true,"href":"https:\/\/vinilozona.lt\/en\/wp-json\/wp\/v2\/product_cat?post=20068"},{"taxonomy":"product_tag","embeddable":true,"href":"https:\/\/vinilozona.lt\/en\/wp-json\/wp\/v2\/product_tag?post=20068"}],"curies":[{"name":"wp","href":"https:\/\/api.w.org\/{rel}","templated":true}]}}