{"id":20050,"date":"2024-12-21T05:14:42","date_gmt":"2024-12-21T03:14:42","guid":{"rendered":"https:\/\/vinilozona.lt\/?post_type=product&#038;p=20050"},"modified":"2024-12-21T12:04:51","modified_gmt":"2024-12-21T10:04:51","slug":"supertramp-die-songs-einer-supergruppe","status":"publish","type":"product","link":"https:\/\/vinilozona.lt\/en\/parduotuve\/rock-pop\/supertramp-die-songs-einer-supergruppe\/","title":{"rendered":"Supertramp \u2013 Die Songs Einer Supergruppe"},"content":{"rendered":"<p>A1\t\tSchool\t5:35<br \/>\nA2\t\tThe Logical Song\t3:45<br \/>\nA3\t\tBreakfast In America\t2:37<br \/>\nA4\t\tDreamer\t3:15<br \/>\nA5\t\tIt&#8217;s Raining Again\t4:25<br \/>\nA6\t\tGive A Little Bit\t3:32<br \/>\nA7\t\tTake The Long Way Home\t4:03<br \/>\nB1\t\tMy Kind Of Lady\t4:12<br \/>\nB2\t\tBloody Well Right\t4:28<br \/>\nB3\t\tGoodbye Stranger\t4:25<br \/>\nB4\t\tAin&#8217;t Nobody But Me\t3:36<br \/>\nB5\t\tOh Darling\t4:01<br \/>\nB6\t\tCrime Of The Century\t5:20<\/p>","protected":false},"excerpt":{"rendered":"<p>A&#038;M Records \u2013 A&#038;MCL 40 796 5, A&#038;M Records \u2013 AMTV 4<br \/>\nFormat:<br \/>\nVinyl, LP, Compilation, Club Edition<br \/>\nCountry:\tEU<br \/>\nReleased:\t1984<\/p>","protected":false},"featured_media":20051,"template":"","meta":[],"product_cat":[15],"product_tag":[44],"yoast_head":"<!-- This site is optimized with the Yoast SEO plugin v23.5 - https:\/\/yoast.com\/wordpress\/plugins\/seo\/ -->\n<title>Supertramp \u2013 Die Songs Einer Supergruppe Vinilin\u0117 Plok\u0161tel\u0117 | Vinilozona.lt<\/title>\n<meta name=\"robots\" content=\"index, follow, max-snippet:-1, max-image-preview:large, max-video-preview:-1\" \/>\n<link rel=\"canonical\" href=\"https:\/\/vinilozona.lt\/en\/parduotuve\/rock-pop\/supertramp-die-songs-einer-supergruppe\/\" \/>\n<meta property=\"og:locale\" content=\"en_GB\" \/>\n<meta property=\"og:type\" content=\"article\" \/>\n<meta property=\"og:title\" content=\"Supertramp \u2013 Die Songs Einer Supergruppe Vinilin\u0117 Plok\u0161tel\u0117 | Vinilozona.lt\" \/>\n<meta property=\"og:description\" content=\"A&amp;M Records \u2013 A&amp;MCL 40 796 5, A&amp;M Records \u2013 AMTV 4 Format:  Vinyl, LP, Compilation, Club Edition Country: EU Released: 1984\" \/>\n<meta property=\"og:url\" content=\"https:\/\/vinilozona.lt\/en\/parduotuve\/rock-pop\/supertramp-die-songs-einer-supergruppe\/\" \/>\n<meta property=\"og:site_name\" content=\"Vinilo Zona\" \/>\n<meta property=\"article:modified_time\" content=\"2024-12-21T10:04:51+00:00\" \/>\n<meta property=\"og:image\" content=\"https:\/\/vinilozona.lt\/wp-content\/uploads\/2022\/08\/R-11369608-1515170570-4118.jpg\" \/>\n\t<meta property=\"og:image:width\" content=\"478\" \/>\n\t<meta property=\"og:image:height\" content=\"474\" \/>\n\t<meta property=\"og:image:type\" content=\"image\/jpeg\" \/>\n<meta name=\"twitter:card\" content=\"summary_large_image\" \/>\n<meta name=\"twitter:label1\" content=\"Estimated reading time\" \/>\n\t<meta name=\"twitter:data1\" content=\"1 minute\" \/>\n<script type=\"application\/ld+json\" class=\"yoast-schema-graph\">{\"@context\":\"https:\/\/schema.org\",\"@graph\":[{\"@type\":\"WebPage\",\"@id\":\"https:\/\/vinilozona.lt\/parduotuve\/rock-pop\/supertramp-die-songs-einer-supergruppe\/\",\"url\":\"https:\/\/vinilozona.lt\/parduotuve\/rock-pop\/supertramp-die-songs-einer-supergruppe\/\",\"name\":\"Supertramp \u2013 Die Songs Einer Supergruppe Vinilin\u0117 Plok\u0161tel\u0117 | Vinilozona.lt\",\"isPartOf\":{\"@id\":\"https:\/\/vinilozona.lt\/#website\"},\"primaryImageOfPage\":{\"@id\":\"https:\/\/vinilozona.lt\/parduotuve\/rock-pop\/supertramp-die-songs-einer-supergruppe\/#primaryimage\"},\"image\":{\"@id\":\"https:\/\/vinilozona.lt\/parduotuve\/rock-pop\/supertramp-die-songs-einer-supergruppe\/#primaryimage\"},\"thumbnailUrl\":\"https:\/\/vinilozona.lt\/wp-content\/uploads\/2022\/08\/R-11369608-1515170570-4118.jpg\",\"datePublished\":\"2024-12-21T03:14:42+00:00\",\"dateModified\":\"2024-12-21T10:04:51+00:00\",\"breadcrumb\":{\"@id\":\"https:\/\/vinilozona.lt\/parduotuve\/rock-pop\/supertramp-die-songs-einer-supergruppe\/#breadcrumb\"},\"inLanguage\":\"en-GB\",\"potentialAction\":[{\"@type\":\"ReadAction\",\"target\":[\"https:\/\/vinilozona.lt\/parduotuve\/rock-pop\/supertramp-die-songs-einer-supergruppe\/\"]}]},{\"@type\":\"ImageObject\",\"inLanguage\":\"en-GB\",\"@id\":\"https:\/\/vinilozona.lt\/parduotuve\/rock-pop\/supertramp-die-songs-einer-supergruppe\/#primaryimage\",\"url\":\"https:\/\/vinilozona.lt\/wp-content\/uploads\/2022\/08\/R-11369608-1515170570-4118.jpg\",\"contentUrl\":\"https:\/\/vinilozona.lt\/wp-content\/uploads\/2022\/08\/R-11369608-1515170570-4118.jpg\",\"width\":478,\"height\":474},{\"@type\":\"BreadcrumbList\",\"@id\":\"https:\/\/vinilozona.lt\/parduotuve\/rock-pop\/supertramp-die-songs-einer-supergruppe\/#breadcrumb\",\"itemListElement\":[{\"@type\":\"ListItem\",\"position\":1,\"name\":\"Home\",\"item\":\"https:\/\/vinilozona.lt\/\"},{\"@type\":\"ListItem\",\"position\":2,\"name\":\"Parduotuv\u0117\",\"item\":\"https:\/\/vinilozona.lt\/parduotuve\/\"},{\"@type\":\"ListItem\",\"position\":3,\"name\":\"Supertramp \u2013 Die Songs Einer Supergruppe\"}]},{\"@type\":\"WebSite\",\"@id\":\"https:\/\/vinilozona.lt\/#website\",\"url\":\"https:\/\/vinilozona.lt\/\",\"name\":\"Vinilo Zona\",\"description\":\"Nup\u016bsk dulkes ir klausyk LP\",\"potentialAction\":[{\"@type\":\"SearchAction\",\"target\":{\"@type\":\"EntryPoint\",\"urlTemplate\":\"https:\/\/vinilozona.lt\/?s={search_term_string}\"},\"query-input\":{\"@type\":\"PropertyValueSpecification\",\"valueRequired\":true,\"valueName\":\"search_term_string\"}}],\"inLanguage\":\"en-GB\"}]}<\/script>\n<!-- \/ Yoast SEO plugin. -->","yoast_head_json":{"title":"Supertramp \u2013 Die Songs Einer Supergruppe Vinilin\u0117 Plok\u0161tel\u0117 | Vinilozona.lt","robots":{"index":"index","follow":"follow","max-snippet":"max-snippet:-1","max-image-preview":"max-image-preview:large","max-video-preview":"max-video-preview:-1"},"canonical":"https:\/\/vinilozona.lt\/en\/parduotuve\/rock-pop\/supertramp-die-songs-einer-supergruppe\/","og_locale":"en_GB","og_type":"article","og_title":"Supertramp \u2013 Die Songs Einer Supergruppe Vinilin\u0117 Plok\u0161tel\u0117 | Vinilozona.lt","og_description":"A&M Records \u2013 A&MCL 40 796 5, A&M Records \u2013 AMTV 4 Format:  Vinyl, LP, Compilation, Club Edition Country: EU Released: 1984","og_url":"https:\/\/vinilozona.lt\/en\/parduotuve\/rock-pop\/supertramp-die-songs-einer-supergruppe\/","og_site_name":"Vinilo Zona","article_modified_time":"2024-12-21T10:04:51+00:00","og_image":[{"width":478,"height":474,"url":"https:\/\/vinilozona.lt\/wp-content\/uploads\/2022\/08\/R-11369608-1515170570-4118.jpg","type":"image\/jpeg"}],"twitter_card":"summary_large_image","twitter_misc":{"Estimated reading time":"1 minute"},"schema":{"@context":"https:\/\/schema.org","@graph":[{"@type":"WebPage","@id":"https:\/\/vinilozona.lt\/parduotuve\/rock-pop\/supertramp-die-songs-einer-supergruppe\/","url":"https:\/\/vinilozona.lt\/parduotuve\/rock-pop\/supertramp-die-songs-einer-supergruppe\/","name":"Supertramp \u2013 Die Songs Einer Supergruppe Vinilin\u0117 Plok\u0161tel\u0117 | Vinilozona.lt","isPartOf":{"@id":"https:\/\/vinilozona.lt\/#website"},"primaryImageOfPage":{"@id":"https:\/\/vinilozona.lt\/parduotuve\/rock-pop\/supertramp-die-songs-einer-supergruppe\/#primaryimage"},"image":{"@id":"https:\/\/vinilozona.lt\/parduotuve\/rock-pop\/supertramp-die-songs-einer-supergruppe\/#primaryimage"},"thumbnailUrl":"https:\/\/vinilozona.lt\/wp-content\/uploads\/2022\/08\/R-11369608-1515170570-4118.jpg","datePublished":"2024-12-21T03:14:42+00:00","dateModified":"2024-12-21T10:04:51+00:00","breadcrumb":{"@id":"https:\/\/vinilozona.lt\/parduotuve\/rock-pop\/supertramp-die-songs-einer-supergruppe\/#breadcrumb"},"inLanguage":"en-GB","potentialAction":[{"@type":"ReadAction","target":["https:\/\/vinilozona.lt\/parduotuve\/rock-pop\/supertramp-die-songs-einer-supergruppe\/"]}]},{"@type":"ImageObject","inLanguage":"en-GB","@id":"https:\/\/vinilozona.lt\/parduotuve\/rock-pop\/supertramp-die-songs-einer-supergruppe\/#primaryimage","url":"https:\/\/vinilozona.lt\/wp-content\/uploads\/2022\/08\/R-11369608-1515170570-4118.jpg","contentUrl":"https:\/\/vinilozona.lt\/wp-content\/uploads\/2022\/08\/R-11369608-1515170570-4118.jpg","width":478,"height":474},{"@type":"BreadcrumbList","@id":"https:\/\/vinilozona.lt\/parduotuve\/rock-pop\/supertramp-die-songs-einer-supergruppe\/#breadcrumb","itemListElement":[{"@type":"ListItem","position":1,"name":"Home","item":"https:\/\/vinilozona.lt\/"},{"@type":"ListItem","position":2,"name":"Parduotuv\u0117","item":"https:\/\/vinilozona.lt\/parduotuve\/"},{"@type":"ListItem","position":3,"name":"Supertramp \u2013 Die Songs Einer Supergruppe"}]},{"@type":"WebSite","@id":"https:\/\/vinilozona.lt\/#website","url":"https:\/\/vinilozona.lt\/","name":"Vinilo Zona","description":"Nup\u016bsk dulkes ir klausyk LP","potentialAction":[{"@type":"SearchAction","target":{"@type":"EntryPoint","urlTemplate":"https:\/\/vinilozona.lt\/?s={search_term_string}"},"query-input":{"@type":"PropertyValueSpecification","valueRequired":true,"valueName":"search_term_string"}}],"inLanguage":"en-GB"}]}},"_links":{"self":[{"href":"https:\/\/vinilozona.lt\/en\/wp-json\/wp\/v2\/product\/20050"}],"collection":[{"href":"https:\/\/vinilozona.lt\/en\/wp-json\/wp\/v2\/product"}],"about":[{"href":"https:\/\/vinilozona.lt\/en\/wp-json\/wp\/v2\/types\/product"}],"wp:featuredmedia":[{"embeddable":true,"href":"https:\/\/vinilozona.lt\/en\/wp-json\/wp\/v2\/media\/20051"}],"wp:attachment":[{"href":"https:\/\/vinilozona.lt\/en\/wp-json\/wp\/v2\/media?parent=20050"}],"wp:term":[{"taxonomy":"product_cat","embeddable":true,"href":"https:\/\/vinilozona.lt\/en\/wp-json\/wp\/v2\/product_cat?post=20050"},{"taxonomy":"product_tag","embeddable":true,"href":"https:\/\/vinilozona.lt\/en\/wp-json\/wp\/v2\/product_tag?post=20050"}],"curies":[{"name":"wp","href":"https:\/\/api.w.org\/{rel}","templated":true}]}}