{"id":20034,"date":"2022-08-19T16:26:01","date_gmt":"2022-08-19T13:26:01","guid":{"rendered":"https:\/\/vinilozona.lt\/?post_type=product&#038;p=20034"},"modified":"2022-09-16T17:05:51","modified_gmt":"2022-09-16T14:05:51","slug":"bad-boys-blue-continued","status":"publish","type":"product","link":"https:\/\/vinilozona.lt\/en\/parduotuve\/naujos-lp\/bad-boys-blue-continued\/","title":{"rendered":"Bad Boys Blue \u2013 &#8230; Continued"},"content":{"rendered":"<p>A1\t\tJungle in my heart &#8217;99\t3:58<br \/>\nA2\t\tI Totally Miss you &#8217;99\t3:48<br \/>\nA3\t\tNever Never (X-Tended Version)\t5:09<br \/>\nA4\t\tBaby Don&#8217;t Miss Me\t3:49<br \/>\nA5\t\tSave Your Love &#8217;99\t3:55<br \/>\nB1\t\tThe Power Of The Night\t3:30<br \/>\nB2\t\tHow I need You &#8217;99\t3:38<br \/>\nB3\t\tLady Of Hearts\t3:25<br \/>\nB4\t\tA Kiss In The Night\t3:19<br \/>\nB5\t\tI&#8217;m Your Believer &#8217;99\t3:00<\/p>","protected":false},"excerpt":{"rendered":"<p>Lastafroz S.r.o. \u2013 LMP22-01<br \/>\nFormat:<br \/>\nVinyl, LP, Album, Limited Edition<br \/>\nCountry:\tSlovakia<br \/>\nReleased:\tJun 10, 2022<\/p>","protected":false},"featured_media":20035,"template":"","meta":[],"product_cat":[23],"product_tag":[74],"yoast_head":"<!-- This site is optimized with the Yoast SEO plugin v23.5 - https:\/\/yoast.com\/wordpress\/plugins\/seo\/ -->\n<title>Bad Boys Blue \u2013 ... Continued Vinilin\u0117 Plok\u0161tel\u0117 | Vinilozona.lt<\/title>\n<meta name=\"robots\" content=\"index, follow, max-snippet:-1, max-image-preview:large, max-video-preview:-1\" \/>\n<link rel=\"canonical\" href=\"https:\/\/vinilozona.lt\/en\/parduotuve\/naujos-lp\/bad-boys-blue-continued\/\" \/>\n<meta property=\"og:locale\" content=\"en_GB\" \/>\n<meta property=\"og:type\" content=\"article\" \/>\n<meta property=\"og:title\" content=\"Bad Boys Blue \u2013 ... Continued Vinilin\u0117 Plok\u0161tel\u0117 | Vinilozona.lt\" \/>\n<meta property=\"og:description\" content=\"Lastafroz S.r.o. \u2013 LMP22-01 Format:  Vinyl, LP, Album, Limited Edition Country: Slovakia Released: Jun 10, 2022\" \/>\n<meta property=\"og:url\" content=\"https:\/\/vinilozona.lt\/en\/parduotuve\/naujos-lp\/bad-boys-blue-continued\/\" \/>\n<meta property=\"og:site_name\" content=\"Vinilo Zona\" \/>\n<meta property=\"article:modified_time\" content=\"2022-09-16T14:05:51+00:00\" \/>\n<meta property=\"og:image\" content=\"https:\/\/vinilozona.lt\/wp-content\/uploads\/2022\/08\/R-23646674-1656520458-8453.jpg\" \/>\n\t<meta property=\"og:image:width\" content=\"598\" \/>\n\t<meta property=\"og:image:height\" content=\"597\" \/>\n\t<meta property=\"og:image:type\" content=\"image\/jpeg\" \/>\n<meta name=\"twitter:card\" content=\"summary_large_image\" \/>\n<script type=\"application\/ld+json\" class=\"yoast-schema-graph\">{\"@context\":\"https:\/\/schema.org\",\"@graph\":[{\"@type\":\"WebPage\",\"@id\":\"https:\/\/vinilozona.lt\/parduotuve\/naujos-lp\/bad-boys-blue-continued\/\",\"url\":\"https:\/\/vinilozona.lt\/parduotuve\/naujos-lp\/bad-boys-blue-continued\/\",\"name\":\"Bad Boys Blue \u2013 ... Continued Vinilin\u0117 Plok\u0161tel\u0117 | Vinilozona.lt\",\"isPartOf\":{\"@id\":\"https:\/\/vinilozona.lt\/#website\"},\"primaryImageOfPage\":{\"@id\":\"https:\/\/vinilozona.lt\/parduotuve\/naujos-lp\/bad-boys-blue-continued\/#primaryimage\"},\"image\":{\"@id\":\"https:\/\/vinilozona.lt\/parduotuve\/naujos-lp\/bad-boys-blue-continued\/#primaryimage\"},\"thumbnailUrl\":\"https:\/\/vinilozona.lt\/wp-content\/uploads\/2022\/08\/R-23646674-1656520458-8453.jpg\",\"datePublished\":\"2022-08-19T13:26:01+00:00\",\"dateModified\":\"2022-09-16T14:05:51+00:00\",\"breadcrumb\":{\"@id\":\"https:\/\/vinilozona.lt\/parduotuve\/naujos-lp\/bad-boys-blue-continued\/#breadcrumb\"},\"inLanguage\":\"en-GB\",\"potentialAction\":[{\"@type\":\"ReadAction\",\"target\":[\"https:\/\/vinilozona.lt\/parduotuve\/naujos-lp\/bad-boys-blue-continued\/\"]}]},{\"@type\":\"ImageObject\",\"inLanguage\":\"en-GB\",\"@id\":\"https:\/\/vinilozona.lt\/parduotuve\/naujos-lp\/bad-boys-blue-continued\/#primaryimage\",\"url\":\"https:\/\/vinilozona.lt\/wp-content\/uploads\/2022\/08\/R-23646674-1656520458-8453.jpg\",\"contentUrl\":\"https:\/\/vinilozona.lt\/wp-content\/uploads\/2022\/08\/R-23646674-1656520458-8453.jpg\",\"width\":598,\"height\":597},{\"@type\":\"BreadcrumbList\",\"@id\":\"https:\/\/vinilozona.lt\/parduotuve\/naujos-lp\/bad-boys-blue-continued\/#breadcrumb\",\"itemListElement\":[{\"@type\":\"ListItem\",\"position\":1,\"name\":\"Home\",\"item\":\"https:\/\/vinilozona.lt\/\"},{\"@type\":\"ListItem\",\"position\":2,\"name\":\"Parduotuv\u0117\",\"item\":\"https:\/\/vinilozona.lt\/parduotuve\/\"},{\"@type\":\"ListItem\",\"position\":3,\"name\":\"Bad Boys Blue \u2013 &#8230; Continued\"}]},{\"@type\":\"WebSite\",\"@id\":\"https:\/\/vinilozona.lt\/#website\",\"url\":\"https:\/\/vinilozona.lt\/\",\"name\":\"Vinilo Zona\",\"description\":\"Nup\u016bsk dulkes ir klausyk LP\",\"potentialAction\":[{\"@type\":\"SearchAction\",\"target\":{\"@type\":\"EntryPoint\",\"urlTemplate\":\"https:\/\/vinilozona.lt\/?s={search_term_string}\"},\"query-input\":{\"@type\":\"PropertyValueSpecification\",\"valueRequired\":true,\"valueName\":\"search_term_string\"}}],\"inLanguage\":\"en-GB\"}]}<\/script>\n<!-- \/ Yoast SEO plugin. -->","yoast_head_json":{"title":"Bad Boys Blue \u2013 ... Continued Vinilin\u0117 Plok\u0161tel\u0117 | Vinilozona.lt","robots":{"index":"index","follow":"follow","max-snippet":"max-snippet:-1","max-image-preview":"max-image-preview:large","max-video-preview":"max-video-preview:-1"},"canonical":"https:\/\/vinilozona.lt\/en\/parduotuve\/naujos-lp\/bad-boys-blue-continued\/","og_locale":"en_GB","og_type":"article","og_title":"Bad Boys Blue \u2013 ... Continued Vinilin\u0117 Plok\u0161tel\u0117 | Vinilozona.lt","og_description":"Lastafroz S.r.o. \u2013 LMP22-01 Format:  Vinyl, LP, Album, Limited Edition Country: Slovakia Released: Jun 10, 2022","og_url":"https:\/\/vinilozona.lt\/en\/parduotuve\/naujos-lp\/bad-boys-blue-continued\/","og_site_name":"Vinilo Zona","article_modified_time":"2022-09-16T14:05:51+00:00","og_image":[{"width":598,"height":597,"url":"https:\/\/vinilozona.lt\/wp-content\/uploads\/2022\/08\/R-23646674-1656520458-8453.jpg","type":"image\/jpeg"}],"twitter_card":"summary_large_image","schema":{"@context":"https:\/\/schema.org","@graph":[{"@type":"WebPage","@id":"https:\/\/vinilozona.lt\/parduotuve\/naujos-lp\/bad-boys-blue-continued\/","url":"https:\/\/vinilozona.lt\/parduotuve\/naujos-lp\/bad-boys-blue-continued\/","name":"Bad Boys Blue \u2013 ... Continued Vinilin\u0117 Plok\u0161tel\u0117 | Vinilozona.lt","isPartOf":{"@id":"https:\/\/vinilozona.lt\/#website"},"primaryImageOfPage":{"@id":"https:\/\/vinilozona.lt\/parduotuve\/naujos-lp\/bad-boys-blue-continued\/#primaryimage"},"image":{"@id":"https:\/\/vinilozona.lt\/parduotuve\/naujos-lp\/bad-boys-blue-continued\/#primaryimage"},"thumbnailUrl":"https:\/\/vinilozona.lt\/wp-content\/uploads\/2022\/08\/R-23646674-1656520458-8453.jpg","datePublished":"2022-08-19T13:26:01+00:00","dateModified":"2022-09-16T14:05:51+00:00","breadcrumb":{"@id":"https:\/\/vinilozona.lt\/parduotuve\/naujos-lp\/bad-boys-blue-continued\/#breadcrumb"},"inLanguage":"en-GB","potentialAction":[{"@type":"ReadAction","target":["https:\/\/vinilozona.lt\/parduotuve\/naujos-lp\/bad-boys-blue-continued\/"]}]},{"@type":"ImageObject","inLanguage":"en-GB","@id":"https:\/\/vinilozona.lt\/parduotuve\/naujos-lp\/bad-boys-blue-continued\/#primaryimage","url":"https:\/\/vinilozona.lt\/wp-content\/uploads\/2022\/08\/R-23646674-1656520458-8453.jpg","contentUrl":"https:\/\/vinilozona.lt\/wp-content\/uploads\/2022\/08\/R-23646674-1656520458-8453.jpg","width":598,"height":597},{"@type":"BreadcrumbList","@id":"https:\/\/vinilozona.lt\/parduotuve\/naujos-lp\/bad-boys-blue-continued\/#breadcrumb","itemListElement":[{"@type":"ListItem","position":1,"name":"Home","item":"https:\/\/vinilozona.lt\/"},{"@type":"ListItem","position":2,"name":"Parduotuv\u0117","item":"https:\/\/vinilozona.lt\/parduotuve\/"},{"@type":"ListItem","position":3,"name":"Bad Boys Blue \u2013 &#8230; Continued"}]},{"@type":"WebSite","@id":"https:\/\/vinilozona.lt\/#website","url":"https:\/\/vinilozona.lt\/","name":"Vinilo Zona","description":"Nup\u016bsk dulkes ir klausyk LP","potentialAction":[{"@type":"SearchAction","target":{"@type":"EntryPoint","urlTemplate":"https:\/\/vinilozona.lt\/?s={search_term_string}"},"query-input":{"@type":"PropertyValueSpecification","valueRequired":true,"valueName":"search_term_string"}}],"inLanguage":"en-GB"}]}},"_links":{"self":[{"href":"https:\/\/vinilozona.lt\/en\/wp-json\/wp\/v2\/product\/20034"}],"collection":[{"href":"https:\/\/vinilozona.lt\/en\/wp-json\/wp\/v2\/product"}],"about":[{"href":"https:\/\/vinilozona.lt\/en\/wp-json\/wp\/v2\/types\/product"}],"wp:featuredmedia":[{"embeddable":true,"href":"https:\/\/vinilozona.lt\/en\/wp-json\/wp\/v2\/media\/20035"}],"wp:attachment":[{"href":"https:\/\/vinilozona.lt\/en\/wp-json\/wp\/v2\/media?parent=20034"}],"wp:term":[{"taxonomy":"product_cat","embeddable":true,"href":"https:\/\/vinilozona.lt\/en\/wp-json\/wp\/v2\/product_cat?post=20034"},{"taxonomy":"product_tag","embeddable":true,"href":"https:\/\/vinilozona.lt\/en\/wp-json\/wp\/v2\/product_tag?post=20034"}],"curies":[{"name":"wp","href":"https:\/\/api.w.org\/{rel}","templated":true}]}}