{"id":20028,"date":"2026-02-07T05:07:14","date_gmt":"2026-02-07T03:07:14","guid":{"rendered":"https:\/\/vinilozona.lt\/?post_type=product&#038;p=20028"},"modified":"2026-02-07T07:43:31","modified_gmt":"2026-02-07T05:43:31","slug":"erasure-day-glo-based-on-a-true-story","status":"publish","type":"product","link":"https:\/\/vinilozona.lt\/en\/parduotuve\/naujos-lp\/erasure-day-glo-based-on-a-true-story\/","title":{"rendered":"Erasure \u2013 Day-Glo (Based On A True Story)"},"content":{"rendered":"<p>A1\t\tBased On A True Story<br \/>\nA2\t\tBop Beat<br \/>\nA3\t\tPin-Prick<br \/>\nA4\t\tThe Conman<br \/>\nA5\t\tNow<br \/>\nB1\t\tInside Out<br \/>\nB2\t\tHarbour Of My Heart<br \/>\nB3\t\t3 Strikes And You&#8217;re Out<br \/>\nB4\t\tThe Shape Of Things<br \/>\nB5\t\tThe End<\/p>","protected":false},"excerpt":{"rendered":"<p>Mute \u2013 STUMM485, Mute \u2013 5400863072896<br \/>\nFormat:<br \/>\nVinyl, LP, Album, Limited Edition, Green neon<br \/>\nCountry:\tEU<br \/>\nReleased:\tAug 12, 2022<\/p>","protected":false},"featured_media":20029,"template":"","meta":[],"product_cat":[23],"product_tag":[74],"yoast_head":"<!-- This site is optimized with the Yoast SEO plugin v23.5 - https:\/\/yoast.com\/wordpress\/plugins\/seo\/ -->\n<title>Erasure \u2013 Day-Glo (Based On A True Story) Vinilin\u0117 Plok\u0161tel\u0117 | Vinilozona.lt<\/title>\n<meta name=\"robots\" content=\"index, follow, max-snippet:-1, max-image-preview:large, max-video-preview:-1\" \/>\n<link rel=\"canonical\" href=\"https:\/\/vinilozona.lt\/en\/parduotuve\/naujos-lp\/erasure-day-glo-based-on-a-true-story\/\" \/>\n<meta property=\"og:locale\" content=\"en_GB\" \/>\n<meta property=\"og:type\" content=\"article\" \/>\n<meta property=\"og:title\" content=\"Erasure \u2013 Day-Glo (Based On A True Story) Vinilin\u0117 Plok\u0161tel\u0117 | Vinilozona.lt\" \/>\n<meta property=\"og:description\" content=\"Mute \u2013 STUMM485, Mute \u2013 5400863072896 Format:  Vinyl, LP, Album, Limited Edition, Green neon Country: EU Released: Aug 12, 2022\" \/>\n<meta property=\"og:url\" content=\"https:\/\/vinilozona.lt\/en\/parduotuve\/naujos-lp\/erasure-day-glo-based-on-a-true-story\/\" \/>\n<meta property=\"og:site_name\" content=\"Vinilo Zona\" \/>\n<meta property=\"article:modified_time\" content=\"2026-02-07T05:43:31+00:00\" \/>\n<meta property=\"og:image\" content=\"https:\/\/vinilozona.lt\/wp-content\/uploads\/2022\/08\/R-24167498-1660216636-9925.jpg\" \/>\n\t<meta property=\"og:image:width\" content=\"600\" \/>\n\t<meta property=\"og:image:height\" content=\"600\" \/>\n\t<meta property=\"og:image:type\" content=\"image\/jpeg\" \/>\n<meta name=\"twitter:card\" content=\"summary_large_image\" \/>\n<script type=\"application\/ld+json\" class=\"yoast-schema-graph\">{\"@context\":\"https:\/\/schema.org\",\"@graph\":[{\"@type\":\"WebPage\",\"@id\":\"https:\/\/vinilozona.lt\/parduotuve\/naujos-lp\/erasure-day-glo-based-on-a-true-story\/\",\"url\":\"https:\/\/vinilozona.lt\/parduotuve\/naujos-lp\/erasure-day-glo-based-on-a-true-story\/\",\"name\":\"Erasure \u2013 Day-Glo (Based On A True Story) Vinilin\u0117 Plok\u0161tel\u0117 | Vinilozona.lt\",\"isPartOf\":{\"@id\":\"https:\/\/vinilozona.lt\/#website\"},\"primaryImageOfPage\":{\"@id\":\"https:\/\/vinilozona.lt\/parduotuve\/naujos-lp\/erasure-day-glo-based-on-a-true-story\/#primaryimage\"},\"image\":{\"@id\":\"https:\/\/vinilozona.lt\/parduotuve\/naujos-lp\/erasure-day-glo-based-on-a-true-story\/#primaryimage\"},\"thumbnailUrl\":\"https:\/\/vinilozona.lt\/wp-content\/uploads\/2022\/08\/R-24167498-1660216636-9925.jpg\",\"datePublished\":\"2026-02-07T03:07:14+00:00\",\"dateModified\":\"2026-02-07T05:43:31+00:00\",\"breadcrumb\":{\"@id\":\"https:\/\/vinilozona.lt\/parduotuve\/naujos-lp\/erasure-day-glo-based-on-a-true-story\/#breadcrumb\"},\"inLanguage\":\"en-GB\",\"potentialAction\":[{\"@type\":\"ReadAction\",\"target\":[\"https:\/\/vinilozona.lt\/parduotuve\/naujos-lp\/erasure-day-glo-based-on-a-true-story\/\"]}]},{\"@type\":\"ImageObject\",\"inLanguage\":\"en-GB\",\"@id\":\"https:\/\/vinilozona.lt\/parduotuve\/naujos-lp\/erasure-day-glo-based-on-a-true-story\/#primaryimage\",\"url\":\"https:\/\/vinilozona.lt\/wp-content\/uploads\/2022\/08\/R-24167498-1660216636-9925.jpg\",\"contentUrl\":\"https:\/\/vinilozona.lt\/wp-content\/uploads\/2022\/08\/R-24167498-1660216636-9925.jpg\",\"width\":600,\"height\":600},{\"@type\":\"BreadcrumbList\",\"@id\":\"https:\/\/vinilozona.lt\/parduotuve\/naujos-lp\/erasure-day-glo-based-on-a-true-story\/#breadcrumb\",\"itemListElement\":[{\"@type\":\"ListItem\",\"position\":1,\"name\":\"Home\",\"item\":\"https:\/\/vinilozona.lt\/\"},{\"@type\":\"ListItem\",\"position\":2,\"name\":\"Parduotuv\u0117\",\"item\":\"https:\/\/vinilozona.lt\/parduotuve\/\"},{\"@type\":\"ListItem\",\"position\":3,\"name\":\"Erasure \u2013 Day-Glo (Based On A True Story)\"}]},{\"@type\":\"WebSite\",\"@id\":\"https:\/\/vinilozona.lt\/#website\",\"url\":\"https:\/\/vinilozona.lt\/\",\"name\":\"Vinilo Zona\",\"description\":\"Nup\u016bsk dulkes ir klausyk LP\",\"potentialAction\":[{\"@type\":\"SearchAction\",\"target\":{\"@type\":\"EntryPoint\",\"urlTemplate\":\"https:\/\/vinilozona.lt\/?s={search_term_string}\"},\"query-input\":{\"@type\":\"PropertyValueSpecification\",\"valueRequired\":true,\"valueName\":\"search_term_string\"}}],\"inLanguage\":\"en-GB\"}]}<\/script>\n<!-- \/ Yoast SEO plugin. -->","yoast_head_json":{"title":"Erasure \u2013 Day-Glo (Based On A True Story) Vinilin\u0117 Plok\u0161tel\u0117 | Vinilozona.lt","robots":{"index":"index","follow":"follow","max-snippet":"max-snippet:-1","max-image-preview":"max-image-preview:large","max-video-preview":"max-video-preview:-1"},"canonical":"https:\/\/vinilozona.lt\/en\/parduotuve\/naujos-lp\/erasure-day-glo-based-on-a-true-story\/","og_locale":"en_GB","og_type":"article","og_title":"Erasure \u2013 Day-Glo (Based On A True Story) Vinilin\u0117 Plok\u0161tel\u0117 | Vinilozona.lt","og_description":"Mute \u2013 STUMM485, Mute \u2013 5400863072896 Format:  Vinyl, LP, Album, Limited Edition, Green neon Country: EU Released: Aug 12, 2022","og_url":"https:\/\/vinilozona.lt\/en\/parduotuve\/naujos-lp\/erasure-day-glo-based-on-a-true-story\/","og_site_name":"Vinilo Zona","article_modified_time":"2026-02-07T05:43:31+00:00","og_image":[{"width":600,"height":600,"url":"https:\/\/vinilozona.lt\/wp-content\/uploads\/2022\/08\/R-24167498-1660216636-9925.jpg","type":"image\/jpeg"}],"twitter_card":"summary_large_image","schema":{"@context":"https:\/\/schema.org","@graph":[{"@type":"WebPage","@id":"https:\/\/vinilozona.lt\/parduotuve\/naujos-lp\/erasure-day-glo-based-on-a-true-story\/","url":"https:\/\/vinilozona.lt\/parduotuve\/naujos-lp\/erasure-day-glo-based-on-a-true-story\/","name":"Erasure \u2013 Day-Glo (Based On A True Story) Vinilin\u0117 Plok\u0161tel\u0117 | Vinilozona.lt","isPartOf":{"@id":"https:\/\/vinilozona.lt\/#website"},"primaryImageOfPage":{"@id":"https:\/\/vinilozona.lt\/parduotuve\/naujos-lp\/erasure-day-glo-based-on-a-true-story\/#primaryimage"},"image":{"@id":"https:\/\/vinilozona.lt\/parduotuve\/naujos-lp\/erasure-day-glo-based-on-a-true-story\/#primaryimage"},"thumbnailUrl":"https:\/\/vinilozona.lt\/wp-content\/uploads\/2022\/08\/R-24167498-1660216636-9925.jpg","datePublished":"2026-02-07T03:07:14+00:00","dateModified":"2026-02-07T05:43:31+00:00","breadcrumb":{"@id":"https:\/\/vinilozona.lt\/parduotuve\/naujos-lp\/erasure-day-glo-based-on-a-true-story\/#breadcrumb"},"inLanguage":"en-GB","potentialAction":[{"@type":"ReadAction","target":["https:\/\/vinilozona.lt\/parduotuve\/naujos-lp\/erasure-day-glo-based-on-a-true-story\/"]}]},{"@type":"ImageObject","inLanguage":"en-GB","@id":"https:\/\/vinilozona.lt\/parduotuve\/naujos-lp\/erasure-day-glo-based-on-a-true-story\/#primaryimage","url":"https:\/\/vinilozona.lt\/wp-content\/uploads\/2022\/08\/R-24167498-1660216636-9925.jpg","contentUrl":"https:\/\/vinilozona.lt\/wp-content\/uploads\/2022\/08\/R-24167498-1660216636-9925.jpg","width":600,"height":600},{"@type":"BreadcrumbList","@id":"https:\/\/vinilozona.lt\/parduotuve\/naujos-lp\/erasure-day-glo-based-on-a-true-story\/#breadcrumb","itemListElement":[{"@type":"ListItem","position":1,"name":"Home","item":"https:\/\/vinilozona.lt\/"},{"@type":"ListItem","position":2,"name":"Parduotuv\u0117","item":"https:\/\/vinilozona.lt\/parduotuve\/"},{"@type":"ListItem","position":3,"name":"Erasure \u2013 Day-Glo (Based On A True Story)"}]},{"@type":"WebSite","@id":"https:\/\/vinilozona.lt\/#website","url":"https:\/\/vinilozona.lt\/","name":"Vinilo Zona","description":"Nup\u016bsk dulkes ir klausyk LP","potentialAction":[{"@type":"SearchAction","target":{"@type":"EntryPoint","urlTemplate":"https:\/\/vinilozona.lt\/?s={search_term_string}"},"query-input":{"@type":"PropertyValueSpecification","valueRequired":true,"valueName":"search_term_string"}}],"inLanguage":"en-GB"}]}},"_links":{"self":[{"href":"https:\/\/vinilozona.lt\/en\/wp-json\/wp\/v2\/product\/20028"}],"collection":[{"href":"https:\/\/vinilozona.lt\/en\/wp-json\/wp\/v2\/product"}],"about":[{"href":"https:\/\/vinilozona.lt\/en\/wp-json\/wp\/v2\/types\/product"}],"wp:featuredmedia":[{"embeddable":true,"href":"https:\/\/vinilozona.lt\/en\/wp-json\/wp\/v2\/media\/20029"}],"wp:attachment":[{"href":"https:\/\/vinilozona.lt\/en\/wp-json\/wp\/v2\/media?parent=20028"}],"wp:term":[{"taxonomy":"product_cat","embeddable":true,"href":"https:\/\/vinilozona.lt\/en\/wp-json\/wp\/v2\/product_cat?post=20028"},{"taxonomy":"product_tag","embeddable":true,"href":"https:\/\/vinilozona.lt\/en\/wp-json\/wp\/v2\/product_tag?post=20028"}],"curies":[{"name":"wp","href":"https:\/\/api.w.org\/{rel}","templated":true}]}}