{"id":20012,"date":"2022-08-19T11:00:01","date_gmt":"2022-08-19T08:00:01","guid":{"rendered":"https:\/\/vinilozona.lt\/?post_type=product&#038;p=20012"},"modified":"2022-08-31T10:24:26","modified_gmt":"2022-08-31T07:24:26","slug":"black-sabbath-master-of-reality","status":"publish","type":"product","link":"https:\/\/vinilozona.lt\/en\/parduotuve\/naujos-lp\/black-sabbath-master-of-reality\/","title":{"rendered":"Black Sabbath \u2013 Master Of Reality"},"content":{"rendered":"<p>A1\t\tSweet Leaf<br \/>\nA2\t\tAfter Forever<br \/>\nA3\t\tEmbryo (Instrumental)<br \/>\nA4\t\tChildren Of The Grave<br \/>\nB1\t\tOrchid (Instrumental)<br \/>\nB2\t\tLord Of This World<br \/>\nB3\t\tSolitude<br \/>\nB4\t\tInto The Void<\/p>","protected":false},"excerpt":{"rendered":"<p>Label:\tBMG \u2013 BMGCAT481, Sanctuary Records \u2013 BMGCAT481, Vertigo \u2013 BMGCAT481<br \/>\nFormat:\tVinyl, LP, Album, Reissue, Embossed cover<br \/>\nCountry:\tEurope<br \/>\nReleased:\tOct 2020<\/p>","protected":false},"featured_media":20013,"template":"","meta":[],"product_cat":[23],"product_tag":[55],"yoast_head":"<!-- This site is optimized with the Yoast SEO plugin v23.5 - https:\/\/yoast.com\/wordpress\/plugins\/seo\/ -->\n<title>Black Sabbath \u2013 Master Of Reality Vinilin\u0117 Plok\u0161tel\u0117 | Vinilozona.lt<\/title>\n<meta name=\"robots\" content=\"index, follow, max-snippet:-1, max-image-preview:large, max-video-preview:-1\" \/>\n<link rel=\"canonical\" href=\"https:\/\/vinilozona.lt\/en\/parduotuve\/naujos-lp\/black-sabbath-master-of-reality\/\" \/>\n<meta property=\"og:locale\" content=\"en_GB\" \/>\n<meta property=\"og:type\" content=\"article\" \/>\n<meta property=\"og:title\" content=\"Black Sabbath \u2013 Master Of Reality Vinilin\u0117 Plok\u0161tel\u0117 | Vinilozona.lt\" \/>\n<meta property=\"og:description\" content=\"Label: BMG \u2013 BMGCAT481, Sanctuary Records \u2013 BMGCAT481, Vertigo \u2013 BMGCAT481 Format: Vinyl, LP, Album, Reissue, Embossed cover Country: Europe Released: Oct 2020\" \/>\n<meta property=\"og:url\" content=\"https:\/\/vinilozona.lt\/en\/parduotuve\/naujos-lp\/black-sabbath-master-of-reality\/\" \/>\n<meta property=\"og:site_name\" content=\"Vinilo Zona\" \/>\n<meta property=\"article:modified_time\" content=\"2022-08-31T07:24:26+00:00\" \/>\n<meta property=\"og:image\" content=\"https:\/\/vinilozona.lt\/wp-content\/uploads\/2022\/08\/R-16102672-1622762809-4887.jpg\" \/>\n\t<meta property=\"og:image:width\" content=\"599\" \/>\n\t<meta property=\"og:image:height\" content=\"592\" \/>\n\t<meta property=\"og:image:type\" content=\"image\/jpeg\" \/>\n<meta name=\"twitter:card\" content=\"summary_large_image\" \/>\n<script type=\"application\/ld+json\" class=\"yoast-schema-graph\">{\"@context\":\"https:\/\/schema.org\",\"@graph\":[{\"@type\":\"WebPage\",\"@id\":\"https:\/\/vinilozona.lt\/parduotuve\/naujos-lp\/black-sabbath-master-of-reality\/\",\"url\":\"https:\/\/vinilozona.lt\/parduotuve\/naujos-lp\/black-sabbath-master-of-reality\/\",\"name\":\"Black Sabbath \u2013 Master Of Reality Vinilin\u0117 Plok\u0161tel\u0117 | Vinilozona.lt\",\"isPartOf\":{\"@id\":\"https:\/\/vinilozona.lt\/#website\"},\"primaryImageOfPage\":{\"@id\":\"https:\/\/vinilozona.lt\/parduotuve\/naujos-lp\/black-sabbath-master-of-reality\/#primaryimage\"},\"image\":{\"@id\":\"https:\/\/vinilozona.lt\/parduotuve\/naujos-lp\/black-sabbath-master-of-reality\/#primaryimage\"},\"thumbnailUrl\":\"https:\/\/vinilozona.lt\/wp-content\/uploads\/2022\/08\/R-16102672-1622762809-4887.jpg\",\"datePublished\":\"2022-08-19T08:00:01+00:00\",\"dateModified\":\"2022-08-31T07:24:26+00:00\",\"breadcrumb\":{\"@id\":\"https:\/\/vinilozona.lt\/parduotuve\/naujos-lp\/black-sabbath-master-of-reality\/#breadcrumb\"},\"inLanguage\":\"en-GB\",\"potentialAction\":[{\"@type\":\"ReadAction\",\"target\":[\"https:\/\/vinilozona.lt\/parduotuve\/naujos-lp\/black-sabbath-master-of-reality\/\"]}]},{\"@type\":\"ImageObject\",\"inLanguage\":\"en-GB\",\"@id\":\"https:\/\/vinilozona.lt\/parduotuve\/naujos-lp\/black-sabbath-master-of-reality\/#primaryimage\",\"url\":\"https:\/\/vinilozona.lt\/wp-content\/uploads\/2022\/08\/R-16102672-1622762809-4887.jpg\",\"contentUrl\":\"https:\/\/vinilozona.lt\/wp-content\/uploads\/2022\/08\/R-16102672-1622762809-4887.jpg\",\"width\":599,\"height\":592},{\"@type\":\"BreadcrumbList\",\"@id\":\"https:\/\/vinilozona.lt\/parduotuve\/naujos-lp\/black-sabbath-master-of-reality\/#breadcrumb\",\"itemListElement\":[{\"@type\":\"ListItem\",\"position\":1,\"name\":\"Home\",\"item\":\"https:\/\/vinilozona.lt\/\"},{\"@type\":\"ListItem\",\"position\":2,\"name\":\"Parduotuv\u0117\",\"item\":\"https:\/\/vinilozona.lt\/parduotuve\/\"},{\"@type\":\"ListItem\",\"position\":3,\"name\":\"Black Sabbath \u2013 Master Of Reality\"}]},{\"@type\":\"WebSite\",\"@id\":\"https:\/\/vinilozona.lt\/#website\",\"url\":\"https:\/\/vinilozona.lt\/\",\"name\":\"Vinilo Zona\",\"description\":\"Nup\u016bsk dulkes ir klausyk LP\",\"potentialAction\":[{\"@type\":\"SearchAction\",\"target\":{\"@type\":\"EntryPoint\",\"urlTemplate\":\"https:\/\/vinilozona.lt\/?s={search_term_string}\"},\"query-input\":{\"@type\":\"PropertyValueSpecification\",\"valueRequired\":true,\"valueName\":\"search_term_string\"}}],\"inLanguage\":\"en-GB\"}]}<\/script>\n<!-- \/ Yoast SEO plugin. -->","yoast_head_json":{"title":"Black Sabbath \u2013 Master Of Reality Vinilin\u0117 Plok\u0161tel\u0117 | Vinilozona.lt","robots":{"index":"index","follow":"follow","max-snippet":"max-snippet:-1","max-image-preview":"max-image-preview:large","max-video-preview":"max-video-preview:-1"},"canonical":"https:\/\/vinilozona.lt\/en\/parduotuve\/naujos-lp\/black-sabbath-master-of-reality\/","og_locale":"en_GB","og_type":"article","og_title":"Black Sabbath \u2013 Master Of Reality Vinilin\u0117 Plok\u0161tel\u0117 | Vinilozona.lt","og_description":"Label: BMG \u2013 BMGCAT481, Sanctuary Records \u2013 BMGCAT481, Vertigo \u2013 BMGCAT481 Format: Vinyl, LP, Album, Reissue, Embossed cover Country: Europe Released: Oct 2020","og_url":"https:\/\/vinilozona.lt\/en\/parduotuve\/naujos-lp\/black-sabbath-master-of-reality\/","og_site_name":"Vinilo Zona","article_modified_time":"2022-08-31T07:24:26+00:00","og_image":[{"width":599,"height":592,"url":"https:\/\/vinilozona.lt\/wp-content\/uploads\/2022\/08\/R-16102672-1622762809-4887.jpg","type":"image\/jpeg"}],"twitter_card":"summary_large_image","schema":{"@context":"https:\/\/schema.org","@graph":[{"@type":"WebPage","@id":"https:\/\/vinilozona.lt\/parduotuve\/naujos-lp\/black-sabbath-master-of-reality\/","url":"https:\/\/vinilozona.lt\/parduotuve\/naujos-lp\/black-sabbath-master-of-reality\/","name":"Black Sabbath \u2013 Master Of Reality Vinilin\u0117 Plok\u0161tel\u0117 | Vinilozona.lt","isPartOf":{"@id":"https:\/\/vinilozona.lt\/#website"},"primaryImageOfPage":{"@id":"https:\/\/vinilozona.lt\/parduotuve\/naujos-lp\/black-sabbath-master-of-reality\/#primaryimage"},"image":{"@id":"https:\/\/vinilozona.lt\/parduotuve\/naujos-lp\/black-sabbath-master-of-reality\/#primaryimage"},"thumbnailUrl":"https:\/\/vinilozona.lt\/wp-content\/uploads\/2022\/08\/R-16102672-1622762809-4887.jpg","datePublished":"2022-08-19T08:00:01+00:00","dateModified":"2022-08-31T07:24:26+00:00","breadcrumb":{"@id":"https:\/\/vinilozona.lt\/parduotuve\/naujos-lp\/black-sabbath-master-of-reality\/#breadcrumb"},"inLanguage":"en-GB","potentialAction":[{"@type":"ReadAction","target":["https:\/\/vinilozona.lt\/parduotuve\/naujos-lp\/black-sabbath-master-of-reality\/"]}]},{"@type":"ImageObject","inLanguage":"en-GB","@id":"https:\/\/vinilozona.lt\/parduotuve\/naujos-lp\/black-sabbath-master-of-reality\/#primaryimage","url":"https:\/\/vinilozona.lt\/wp-content\/uploads\/2022\/08\/R-16102672-1622762809-4887.jpg","contentUrl":"https:\/\/vinilozona.lt\/wp-content\/uploads\/2022\/08\/R-16102672-1622762809-4887.jpg","width":599,"height":592},{"@type":"BreadcrumbList","@id":"https:\/\/vinilozona.lt\/parduotuve\/naujos-lp\/black-sabbath-master-of-reality\/#breadcrumb","itemListElement":[{"@type":"ListItem","position":1,"name":"Home","item":"https:\/\/vinilozona.lt\/"},{"@type":"ListItem","position":2,"name":"Parduotuv\u0117","item":"https:\/\/vinilozona.lt\/parduotuve\/"},{"@type":"ListItem","position":3,"name":"Black Sabbath \u2013 Master Of Reality"}]},{"@type":"WebSite","@id":"https:\/\/vinilozona.lt\/#website","url":"https:\/\/vinilozona.lt\/","name":"Vinilo Zona","description":"Nup\u016bsk dulkes ir klausyk LP","potentialAction":[{"@type":"SearchAction","target":{"@type":"EntryPoint","urlTemplate":"https:\/\/vinilozona.lt\/?s={search_term_string}"},"query-input":{"@type":"PropertyValueSpecification","valueRequired":true,"valueName":"search_term_string"}}],"inLanguage":"en-GB"}]}},"_links":{"self":[{"href":"https:\/\/vinilozona.lt\/en\/wp-json\/wp\/v2\/product\/20012"}],"collection":[{"href":"https:\/\/vinilozona.lt\/en\/wp-json\/wp\/v2\/product"}],"about":[{"href":"https:\/\/vinilozona.lt\/en\/wp-json\/wp\/v2\/types\/product"}],"wp:featuredmedia":[{"embeddable":true,"href":"https:\/\/vinilozona.lt\/en\/wp-json\/wp\/v2\/media\/20013"}],"wp:attachment":[{"href":"https:\/\/vinilozona.lt\/en\/wp-json\/wp\/v2\/media?parent=20012"}],"wp:term":[{"taxonomy":"product_cat","embeddable":true,"href":"https:\/\/vinilozona.lt\/en\/wp-json\/wp\/v2\/product_cat?post=20012"},{"taxonomy":"product_tag","embeddable":true,"href":"https:\/\/vinilozona.lt\/en\/wp-json\/wp\/v2\/product_tag?post=20012"}],"curies":[{"name":"wp","href":"https:\/\/api.w.org\/{rel}","templated":true}]}}