{"id":20007,"date":"2022-08-19T11:00:36","date_gmt":"2022-08-19T08:00:36","guid":{"rendered":"https:\/\/vinilozona.lt\/?post_type=product&#038;p=20007"},"modified":"2023-04-07T20:42:08","modified_gmt":"2023-04-07T17:42:08","slug":"transatlantic-bridge-across-forever-2lpcd","status":"publish","type":"product","link":"https:\/\/vinilozona.lt\/en\/parduotuve\/naujos-lp\/transatlantic-bridge-across-forever-2lpcd\/","title":{"rendered":"TransAtlantic \u2013 Bridge Across Forever 2LP+CD"},"content":{"rendered":"<p>\t\tDuel With The Devil<br \/>\nA1\t\tI. Motherless Children<br \/>\nA2\t\tII. Walk Away<br \/>\nA3\t\tIII. Silence Of The Night<br \/>\nA4\t\tIV. You&#8217;re Not Alone<br \/>\nA5\t\tV. Almost Home<br \/>\nSuite Charlotte Pike<br \/>\nB1\t\tI. If She Runs<br \/>\nB2\t\tII. Mr. Wonderful<br \/>\nB3\t\tIII. Lost And Found Pt. 1<br \/>\nB4\t\tIV. Temple Of The Gods<br \/>\nB5\t\tV. Motherless Children \/ If She Runs (Reprise)<br \/>\nC1\t\tBridge Across Forever<br \/>\nStranger In Your Soul<br \/>\nD1\t\tI. Sleeping Wide Awake<br \/>\nD2\t\tII. Hanging In The Balance<br \/>\nD3\t\tIII. Lost And Found Pt. 2<br \/>\nD4\t\tIV. Awakening The Stranger<br \/>\nD5\t\tV. Slide<br \/>\nD6\t\tVI. Stranger In Your Soul<br \/>\nDuel With The Devil<br \/>\n(26:44)<br \/>\nCD-1-I.\t\tMotherless Children<br \/>\nCD-1-II.\t\tWalk Away<br \/>\nCD-1-III.\t\tSilence Of The Night<br \/>\nCD-1-IV.\t\tYou&#8217;re Not Alone<br \/>\nCD-1-V.\t\tV. Almost Home<br \/>\nSuite Charlotte Pike<br \/>\n(14:33)<br \/>\nCD-2-I.\t\tIf She Runs<br \/>\nCD-2-II.\t\tMr. Wonderful<br \/>\nCD-2-III.\t\tLost And Found Pt. 1<br \/>\nCD-2-IV.\t\tTemple Of The Gods<br \/>\nCD-2-V.\t\tMotherless Children \/ If She Runs (Reprise)<br \/>\nCD-3\t\tBridge Across Forever<br \/>\n5:32<br \/>\nStranger In Your Soul<br \/>\n(30:00)<br \/>\nCD-4-I.\t\tSleeping Wide Awake<br \/>\nCD-4-II.\t\tHanging In The Balance<br \/>\nCD-4-III.\t\tLost And Found Pt. 2<br \/>\nCD-4-IV.\t\tAwakening The Stranger<br \/>\nCD-4-V.\t\tSlide<br \/>\nCD-4-VI.\t\tStranger In Your Soul<\/p>","protected":false},"excerpt":{"rendered":"<p>Label:\tInside Out Music \u2013 IOMLP 597, Sony Music \u2013 19439889421<br \/>\nFormat:\t2 x Vinyl, LP, Album, 180g<br \/>\nCD, Album<br \/>\nAll Media, Limited Edition, Reissue<br \/>\nCountry:\tEurope<br \/>\nReleased:\tAug 6, 2021<\/p>","protected":false},"featured_media":20008,"template":"","meta":[],"product_cat":[23],"product_tag":[55],"yoast_head":"<!-- This site is optimized with the Yoast SEO plugin v23.5 - https:\/\/yoast.com\/wordpress\/plugins\/seo\/ -->\n<title>TransAtlantic \u2013 Bridge Across Forever 2LP+CD Vinilin\u0117 Plok\u0161tel\u0117 | Vinilozona.lt<\/title>\n<meta name=\"robots\" content=\"index, follow, max-snippet:-1, max-image-preview:large, max-video-preview:-1\" \/>\n<link rel=\"canonical\" href=\"https:\/\/vinilozona.lt\/en\/parduotuve\/naujos-lp\/transatlantic-bridge-across-forever-2lpcd\/\" \/>\n<meta property=\"og:locale\" content=\"en_GB\" \/>\n<meta property=\"og:type\" content=\"article\" \/>\n<meta property=\"og:title\" content=\"TransAtlantic \u2013 Bridge Across Forever 2LP+CD Vinilin\u0117 Plok\u0161tel\u0117 | Vinilozona.lt\" \/>\n<meta property=\"og:description\" content=\"Label: Inside Out Music \u2013 IOMLP 597, Sony Music \u2013 19439889421 Format: 2 x Vinyl, LP, Album, 180g CD, Album All Media, Limited Edition, Reissue Country: Europe Released: Aug 6, 2021\" \/>\n<meta property=\"og:url\" content=\"https:\/\/vinilozona.lt\/en\/parduotuve\/naujos-lp\/transatlantic-bridge-across-forever-2lpcd\/\" \/>\n<meta property=\"og:site_name\" content=\"Vinilo Zona\" \/>\n<meta property=\"article:modified_time\" content=\"2023-04-07T17:42:08+00:00\" \/>\n<meta property=\"og:image\" content=\"https:\/\/vinilozona.lt\/wp-content\/uploads\/2022\/08\/R-19784428-1628556650-6420.jpg\" \/>\n\t<meta property=\"og:image:width\" content=\"600\" \/>\n\t<meta property=\"og:image:height\" content=\"600\" \/>\n\t<meta property=\"og:image:type\" content=\"image\/jpeg\" \/>\n<meta name=\"twitter:card\" content=\"summary_large_image\" \/>\n<meta name=\"twitter:label1\" content=\"Estimated reading time\" \/>\n\t<meta name=\"twitter:data1\" content=\"1 minute\" \/>\n<script type=\"application\/ld+json\" class=\"yoast-schema-graph\">{\"@context\":\"https:\/\/schema.org\",\"@graph\":[{\"@type\":\"WebPage\",\"@id\":\"https:\/\/vinilozona.lt\/parduotuve\/naujos-lp\/transatlantic-bridge-across-forever-2lpcd\/\",\"url\":\"https:\/\/vinilozona.lt\/parduotuve\/naujos-lp\/transatlantic-bridge-across-forever-2lpcd\/\",\"name\":\"TransAtlantic \u2013 Bridge Across Forever 2LP+CD Vinilin\u0117 Plok\u0161tel\u0117 | Vinilozona.lt\",\"isPartOf\":{\"@id\":\"https:\/\/vinilozona.lt\/#website\"},\"primaryImageOfPage\":{\"@id\":\"https:\/\/vinilozona.lt\/parduotuve\/naujos-lp\/transatlantic-bridge-across-forever-2lpcd\/#primaryimage\"},\"image\":{\"@id\":\"https:\/\/vinilozona.lt\/parduotuve\/naujos-lp\/transatlantic-bridge-across-forever-2lpcd\/#primaryimage\"},\"thumbnailUrl\":\"https:\/\/vinilozona.lt\/wp-content\/uploads\/2022\/08\/R-19784428-1628556650-6420.jpg\",\"datePublished\":\"2022-08-19T08:00:36+00:00\",\"dateModified\":\"2023-04-07T17:42:08+00:00\",\"breadcrumb\":{\"@id\":\"https:\/\/vinilozona.lt\/parduotuve\/naujos-lp\/transatlantic-bridge-across-forever-2lpcd\/#breadcrumb\"},\"inLanguage\":\"en-GB\",\"potentialAction\":[{\"@type\":\"ReadAction\",\"target\":[\"https:\/\/vinilozona.lt\/parduotuve\/naujos-lp\/transatlantic-bridge-across-forever-2lpcd\/\"]}]},{\"@type\":\"ImageObject\",\"inLanguage\":\"en-GB\",\"@id\":\"https:\/\/vinilozona.lt\/parduotuve\/naujos-lp\/transatlantic-bridge-across-forever-2lpcd\/#primaryimage\",\"url\":\"https:\/\/vinilozona.lt\/wp-content\/uploads\/2022\/08\/R-19784428-1628556650-6420.jpg\",\"contentUrl\":\"https:\/\/vinilozona.lt\/wp-content\/uploads\/2022\/08\/R-19784428-1628556650-6420.jpg\",\"width\":600,\"height\":600},{\"@type\":\"BreadcrumbList\",\"@id\":\"https:\/\/vinilozona.lt\/parduotuve\/naujos-lp\/transatlantic-bridge-across-forever-2lpcd\/#breadcrumb\",\"itemListElement\":[{\"@type\":\"ListItem\",\"position\":1,\"name\":\"Home\",\"item\":\"https:\/\/vinilozona.lt\/\"},{\"@type\":\"ListItem\",\"position\":2,\"name\":\"Parduotuv\u0117\",\"item\":\"https:\/\/vinilozona.lt\/parduotuve\/\"},{\"@type\":\"ListItem\",\"position\":3,\"name\":\"TransAtlantic \u2013 Bridge Across Forever 2LP+CD\"}]},{\"@type\":\"WebSite\",\"@id\":\"https:\/\/vinilozona.lt\/#website\",\"url\":\"https:\/\/vinilozona.lt\/\",\"name\":\"Vinilo Zona\",\"description\":\"Nup\u016bsk dulkes ir klausyk LP\",\"potentialAction\":[{\"@type\":\"SearchAction\",\"target\":{\"@type\":\"EntryPoint\",\"urlTemplate\":\"https:\/\/vinilozona.lt\/?s={search_term_string}\"},\"query-input\":{\"@type\":\"PropertyValueSpecification\",\"valueRequired\":true,\"valueName\":\"search_term_string\"}}],\"inLanguage\":\"en-GB\"}]}<\/script>\n<!-- \/ Yoast SEO plugin. -->","yoast_head_json":{"title":"TransAtlantic \u2013 Bridge Across Forever 2LP+CD Vinilin\u0117 Plok\u0161tel\u0117 | Vinilozona.lt","robots":{"index":"index","follow":"follow","max-snippet":"max-snippet:-1","max-image-preview":"max-image-preview:large","max-video-preview":"max-video-preview:-1"},"canonical":"https:\/\/vinilozona.lt\/en\/parduotuve\/naujos-lp\/transatlantic-bridge-across-forever-2lpcd\/","og_locale":"en_GB","og_type":"article","og_title":"TransAtlantic \u2013 Bridge Across Forever 2LP+CD Vinilin\u0117 Plok\u0161tel\u0117 | Vinilozona.lt","og_description":"Label: Inside Out Music \u2013 IOMLP 597, Sony Music \u2013 19439889421 Format: 2 x Vinyl, LP, Album, 180g CD, Album All Media, Limited Edition, Reissue Country: Europe Released: Aug 6, 2021","og_url":"https:\/\/vinilozona.lt\/en\/parduotuve\/naujos-lp\/transatlantic-bridge-across-forever-2lpcd\/","og_site_name":"Vinilo Zona","article_modified_time":"2023-04-07T17:42:08+00:00","og_image":[{"width":600,"height":600,"url":"https:\/\/vinilozona.lt\/wp-content\/uploads\/2022\/08\/R-19784428-1628556650-6420.jpg","type":"image\/jpeg"}],"twitter_card":"summary_large_image","twitter_misc":{"Estimated reading time":"1 minute"},"schema":{"@context":"https:\/\/schema.org","@graph":[{"@type":"WebPage","@id":"https:\/\/vinilozona.lt\/parduotuve\/naujos-lp\/transatlantic-bridge-across-forever-2lpcd\/","url":"https:\/\/vinilozona.lt\/parduotuve\/naujos-lp\/transatlantic-bridge-across-forever-2lpcd\/","name":"TransAtlantic \u2013 Bridge Across Forever 2LP+CD Vinilin\u0117 Plok\u0161tel\u0117 | Vinilozona.lt","isPartOf":{"@id":"https:\/\/vinilozona.lt\/#website"},"primaryImageOfPage":{"@id":"https:\/\/vinilozona.lt\/parduotuve\/naujos-lp\/transatlantic-bridge-across-forever-2lpcd\/#primaryimage"},"image":{"@id":"https:\/\/vinilozona.lt\/parduotuve\/naujos-lp\/transatlantic-bridge-across-forever-2lpcd\/#primaryimage"},"thumbnailUrl":"https:\/\/vinilozona.lt\/wp-content\/uploads\/2022\/08\/R-19784428-1628556650-6420.jpg","datePublished":"2022-08-19T08:00:36+00:00","dateModified":"2023-04-07T17:42:08+00:00","breadcrumb":{"@id":"https:\/\/vinilozona.lt\/parduotuve\/naujos-lp\/transatlantic-bridge-across-forever-2lpcd\/#breadcrumb"},"inLanguage":"en-GB","potentialAction":[{"@type":"ReadAction","target":["https:\/\/vinilozona.lt\/parduotuve\/naujos-lp\/transatlantic-bridge-across-forever-2lpcd\/"]}]},{"@type":"ImageObject","inLanguage":"en-GB","@id":"https:\/\/vinilozona.lt\/parduotuve\/naujos-lp\/transatlantic-bridge-across-forever-2lpcd\/#primaryimage","url":"https:\/\/vinilozona.lt\/wp-content\/uploads\/2022\/08\/R-19784428-1628556650-6420.jpg","contentUrl":"https:\/\/vinilozona.lt\/wp-content\/uploads\/2022\/08\/R-19784428-1628556650-6420.jpg","width":600,"height":600},{"@type":"BreadcrumbList","@id":"https:\/\/vinilozona.lt\/parduotuve\/naujos-lp\/transatlantic-bridge-across-forever-2lpcd\/#breadcrumb","itemListElement":[{"@type":"ListItem","position":1,"name":"Home","item":"https:\/\/vinilozona.lt\/"},{"@type":"ListItem","position":2,"name":"Parduotuv\u0117","item":"https:\/\/vinilozona.lt\/parduotuve\/"},{"@type":"ListItem","position":3,"name":"TransAtlantic \u2013 Bridge Across Forever 2LP+CD"}]},{"@type":"WebSite","@id":"https:\/\/vinilozona.lt\/#website","url":"https:\/\/vinilozona.lt\/","name":"Vinilo Zona","description":"Nup\u016bsk dulkes ir klausyk LP","potentialAction":[{"@type":"SearchAction","target":{"@type":"EntryPoint","urlTemplate":"https:\/\/vinilozona.lt\/?s={search_term_string}"},"query-input":{"@type":"PropertyValueSpecification","valueRequired":true,"valueName":"search_term_string"}}],"inLanguage":"en-GB"}]}},"_links":{"self":[{"href":"https:\/\/vinilozona.lt\/en\/wp-json\/wp\/v2\/product\/20007"}],"collection":[{"href":"https:\/\/vinilozona.lt\/en\/wp-json\/wp\/v2\/product"}],"about":[{"href":"https:\/\/vinilozona.lt\/en\/wp-json\/wp\/v2\/types\/product"}],"wp:featuredmedia":[{"embeddable":true,"href":"https:\/\/vinilozona.lt\/en\/wp-json\/wp\/v2\/media\/20008"}],"wp:attachment":[{"href":"https:\/\/vinilozona.lt\/en\/wp-json\/wp\/v2\/media?parent=20007"}],"wp:term":[{"taxonomy":"product_cat","embeddable":true,"href":"https:\/\/vinilozona.lt\/en\/wp-json\/wp\/v2\/product_cat?post=20007"},{"taxonomy":"product_tag","embeddable":true,"href":"https:\/\/vinilozona.lt\/en\/wp-json\/wp\/v2\/product_tag?post=20007"}],"curies":[{"name":"wp","href":"https:\/\/api.w.org\/{rel}","templated":true}]}}